{"id":292,"date":"2017-09-03T01:53:58","date_gmt":"2017-09-03T04:53:58","guid":{"rendered":"https:\/\/wp.ufpel.edu.br\/producao\/?page_id=292"},"modified":"2025-06-30T12:54:35","modified_gmt":"2025-06-30T15:54:35","slug":"pesquisa","status":"publish","type":"page","link":"https:\/\/wp.ufpel.edu.br\/producao\/pesquisa\/","title":{"rendered":"Pesquisa"},"content":{"rendered":"<p><a href=\"https:\/\/wp.ufpel.edu.br\/nipep\/\" target=\"_blank\" rel=\"noopener noreferrer\"><span style=\"color: #0000ff;\">N\u00facleo de Inova\u00e7\u00e3o e Pesquisa em Engenharia de Produ\u00e7\u00e3o &#8211; NIPEP<\/span><\/a><\/p>\n<p><span style=\"color: #0000ff;\"><a style=\"color: #0000ff;\" href=\"https:\/\/wp.ufpel.edu.br\/neai\/\" target=\"_blank\" rel=\"noopener noreferrer\">N\u00facleo de Estudos Aplicados em Ind\u00fastria 4.0 &#8211; NEAI 4.0<\/a><\/span><\/p>\n<p><span style=\"color: #0000ff;\"><a style=\"color: #0000ff;\" title=\"N\u00facleo de Estudos, Pesquisa e Extens\u00e3o em Acessibilidade \u2013 NEPEA\" href=\"https:\/\/wp.ufpel.edu.br\/acessiarq\/\" target=\"_blank\" rel=\"home noopener noreferrer\">N\u00facleo de Estudos, Pesquisa e Extens\u00e3o em Acessibilidade \u2013 NEPEA<\/a><\/span><\/p>\n<p><span style=\"color: #0000ff;\"><a style=\"color: #0000ff;\" href=\"https:\/\/wp.ufpel.edu.br\/numesa\/\" target=\"_blank\" rel=\"noopener noreferrer\">N\u00facleo Multidisciplinar em Ergonomia, Seguran\u00e7a e Acessibilidade &#8211; NUMESA<\/a><\/span><\/p>\n<p>&nbsp;<\/p>\n","protected":false},"excerpt":{"rendered":"<p>N\u00facleo de Inova\u00e7\u00e3o e Pesquisa em Engenharia de Produ\u00e7\u00e3o &#8211; NIPEP N\u00facleo de Estudos Aplicados em Ind\u00fastria 4.0 &#8211; NEAI 4.0 N\u00facleo de Estudos, Pesquisa e Extens\u00e3o em Acessibilidade \u2013 NEPEA N\u00facleo Multidisciplinar em Ergonomia, Seguran\u00e7a e Acessibilidade &#8211; NUMESA &nbsp;<\/p>\n","protected":false},"author":62,"featured_media":0,"parent":0,"menu_order":9,"comment_status":"closed","ping_status":"closed","template":"","meta":{"footnotes":""},"class_list":["post-292","page","type-page","status-publish","hentry"],"_links":{"self":[{"href":"https:\/\/wp.ufpel.edu.br\/producao\/wp-json\/wp\/v2\/pages\/292","targetHints":{"allow":["GET"]}}],"collection":[{"href":"https:\/\/wp.ufpel.edu.br\/producao\/wp-json\/wp\/v2\/pages"}],"about":[{"href":"https:\/\/wp.ufpel.edu.br\/producao\/wp-json\/wp\/v2\/types\/page"}],"author":[{"embeddable":true,"href":"https:\/\/wp.ufpel.edu.br\/producao\/wp-json\/wp\/v2\/users\/62"}],"replies":[{"embeddable":true,"href":"https:\/\/wp.ufpel.edu.br\/producao\/wp-json\/wp\/v2\/comments?post=292"}],"version-history":[{"count":9,"href":"https:\/\/wp.ufpel.edu.br\/producao\/wp-json\/wp\/v2\/pages\/292\/revisions"}],"predecessor-version":[{"id":4148,"href":"https:\/\/wp.ufpel.edu.br\/producao\/wp-json\/wp\/v2\/pages\/292\/revisions\/4148"}],"wp:attachment":[{"href":"https:\/\/wp.ufpel.edu.br\/producao\/wp-json\/wp\/v2\/media?parent=292"}],"curies":[{"name":"wp","href":"https:\/\/api.w.org\/{rel}","templated":true}]}}