{"id":2556,"date":"2021-10-07T18:09:53","date_gmt":"2021-10-07T21:09:53","guid":{"rendered":"https:\/\/wp.ufpel.edu.br\/producao\/?page_id=2556"},"modified":"2021-10-07T18:56:52","modified_gmt":"2021-10-07T21:56:52","slug":"biblioteca","status":"publish","type":"page","link":"https:\/\/wp.ufpel.edu.br\/producao\/biblioteca\/","title":{"rendered":"Biblioteca"},"content":{"rendered":"<p><span style=\"color: #000000\">O curso de Engenharia de Produ\u00e7\u00e3o possui o seu acervo de livros disponibilizado na Biblioteca da UFPel que est\u00e1 localizada no Campus Porto (veja foto abaixo).<\/span><\/p>\n<p><span style=\"color: #000000\">Para utilizar a <strong>Biblioteca Digital<\/strong> voc\u00ea precisa acessar o sistema <span style=\"color: #0000ff\"><em><a style=\"color: #0000ff\" href=\"https:\/\/pergamum.ufpel.edu.br\/pergamum\/biblioteca\/\" target=\"_blank\" rel=\"noopener\">Pergamun<\/a><\/em><\/span>, utilizando o seu Login e Senha. <\/span><span style=\"color: #000000\">Caso voc\u00ea tenha problemas com o cadastro do Login e Senha, poder\u00e1 <em><strong>(i)<\/strong><\/em> c<\/span><span style=\"color: #000000\">onsultar o <span style=\"color: #0000ff\"><em><a style=\"color: #0000ff\" href=\"https:\/\/wp.ufpel.edu.br\/sisbi\/files\/2021\/03\/TUTORIAL-Gerenciamento-de-senha-Pergamum.pdf\" target=\"_blank\" rel=\"noopener\">Tutorial de Gerenciamento de Senha do Pergamun<\/a><\/em><\/span><\/span><span style=\"color: #000000\">, ou <em><strong>(ii)<\/strong><\/em> enviar os dados (nome completo e matr\u00edcula) para o <em>e-mail<\/em> da biblioteca (<em><a style=\"color: #000000\" href=\"mailto:atendimento.bcp@ufpel.edu.br\" target=\"_blank\" rel=\"noopener\"><span style=\"color: #0000ff\">atendimento.bcp@ufpel.edu.br<\/span>)<\/a><\/em>, solicitando a senha para acesso.<\/span><\/p>\n<p><a href=\"https:\/\/wp.ufpel.edu.br\/producao\/files\/2021\/10\/bibliotecaufpel.jpg\"><img class=\"aligncenter  wp-image-2570\" src=\"https:\/\/wp.ufpel.edu.br\/producao\/files\/2021\/10\/bibliotecaufpel.jpg\" alt=\"\" width=\"423\" height=\"318\" srcset=\"https:\/\/wp.ufpel.edu.br\/producao\/files\/2021\/10\/bibliotecaufpel.jpg 657w, https:\/\/wp.ufpel.edu.br\/producao\/files\/2021\/10\/bibliotecaufpel-400x301.jpg 400w\" sizes=\"(max-width: 423px) 100vw, 423px\" \/><\/a><\/p>\n<p><span style=\"color: #000000\">Para compreender como se utiliza a <strong>Biblioteca Digital<\/strong> da UFPel, realize a leitura do <span style=\"color: #0000ff\"><em><a style=\"color: #0000ff\" href=\"https:\/\/wp.ufpel.edu.br\/bibcp\/files\/2020\/07\/tutorial_MB_online.pdf\" target=\"_blank\" rel=\"noopener\">Tutorial da Biblioteca Digital<\/a><\/em><\/span> e\/ou assista o\u00a0 <em><a style=\"color: #000000\" href=\"https:\/\/youtu.be\/-szA0WGwBIY\" target=\"_blank\" rel=\"noopener\"><span style=\"color: #0000ff\">V\u00eddeo<\/span><\/a><\/em> explicativo de como utilizar a Biblioteca Digital.<\/span><\/p>\n<p><span style=\"color: #000000\"><strong>Consultem tamb\u00e9m os seguintes sites do Sistemas de Bibliotecas da UFPel:<\/strong><\/span><\/p>\n<ul>\n<li><span style=\"color: #000000\"><span style=\"color: #0000ff\"><em><a style=\"color: #0000ff\" href=\"https:\/\/wp.ufpel.edu.br\/sisbi\/\" target=\"_blank\" rel=\"noopener\">Sistemas de Bibliotecas da UFPel<\/a><\/em><\/span><\/span><\/li>\n<li><span style=\"color: #000000\"><span style=\"color: #0000ff\"><em><a style=\"color: #0000ff\" href=\"https:\/\/wp.ufpel.edu.br\/bibcp\/\" target=\"_blank\" rel=\"noopener\">Biblioteca do Campus Porto<\/a><\/em><\/span><\/span><\/li>\n<\/ul>\n<p><a href=\"https:\/\/wp.ufpel.edu.br\/producao\/files\/2021\/10\/bibporto.png\"><img class=\"aligncenter size-full wp-image-2558\" src=\"https:\/\/wp.ufpel.edu.br\/producao\/files\/2021\/10\/bibporto.png\" alt=\"\" width=\"797\" height=\"412\" srcset=\"https:\/\/wp.ufpel.edu.br\/producao\/files\/2021\/10\/bibporto.png 797w, https:\/\/wp.ufpel.edu.br\/producao\/files\/2021\/10\/bibporto-400x207.png 400w, https:\/\/wp.ufpel.edu.br\/producao\/files\/2021\/10\/bibporto-768x397.png 768w\" sizes=\"(max-width: 797px) 100vw, 797px\" \/><\/a><\/p>\n","protected":false},"excerpt":{"rendered":"<p>O curso de Engenharia de Produ\u00e7\u00e3o possui o seu acervo de livros disponibilizado na Biblioteca da UFPel que est\u00e1 localizada no Campus Porto (veja foto abaixo). Para utilizar a Biblioteca Digital voc\u00ea precisa acessar o sistema Pergamun, utilizando o seu Login e Senha. Caso voc\u00ea tenha problemas com o cadastro do Login e Senha, poder\u00e1 [&hellip;]<\/p>\n","protected":false},"author":62,"featured_media":0,"parent":0,"menu_order":7,"comment_status":"closed","ping_status":"closed","template":"","meta":{"footnotes":""},"class_list":["post-2556","page","type-page","status-publish","hentry"],"_links":{"self":[{"href":"https:\/\/wp.ufpel.edu.br\/producao\/wp-json\/wp\/v2\/pages\/2556","targetHints":{"allow":["GET"]}}],"collection":[{"href":"https:\/\/wp.ufpel.edu.br\/producao\/wp-json\/wp\/v2\/pages"}],"about":[{"href":"https:\/\/wp.ufpel.edu.br\/producao\/wp-json\/wp\/v2\/types\/page"}],"author":[{"embeddable":true,"href":"https:\/\/wp.ufpel.edu.br\/producao\/wp-json\/wp\/v2\/users\/62"}],"replies":[{"embeddable":true,"href":"https:\/\/wp.ufpel.edu.br\/producao\/wp-json\/wp\/v2\/comments?post=2556"}],"version-history":[{"count":10,"href":"https:\/\/wp.ufpel.edu.br\/producao\/wp-json\/wp\/v2\/pages\/2556\/revisions"}],"predecessor-version":[{"id":2571,"href":"https:\/\/wp.ufpel.edu.br\/producao\/wp-json\/wp\/v2\/pages\/2556\/revisions\/2571"}],"wp:attachment":[{"href":"https:\/\/wp.ufpel.edu.br\/producao\/wp-json\/wp\/v2\/media?parent=2556"}],"curies":[{"name":"wp","href":"https:\/\/api.w.org\/{rel}","templated":true}]}}