{"id":24,"date":"2017-08-28T20:40:44","date_gmt":"2017-08-28T23:40:44","guid":{"rendered":"https:\/\/wp.ufpel.edu.br\/producao\/?page_id=24"},"modified":"2025-07-15T14:35:14","modified_gmt":"2025-07-15T17:35:14","slug":"portal-do-aluno","status":"publish","type":"page","link":"https:\/\/wp.ufpel.edu.br\/producao\/portal-do-aluno\/","title":{"rendered":"Portal do Aluno"},"content":{"rendered":"<p style=\"text-align: justify;\"><span style=\"color: #000000;\">No <strong>portal do aluno<\/strong> voc\u00ea encontrar\u00e1 informa\u00e7\u00f5es importantes sobre as <strong>diretrizes educacionais<\/strong> da Universidade Federal de Pelotas (UFPel) e do Curso de Engenharia de Produ\u00e7\u00e3o. Recomenda-se fortemente que todo discente consulte o <strong>fluxograma do curso<\/strong>, de forma a elaborar um planejamento adequado do seu percurso no curso durante a sua vida acad\u00eamica.<\/span><\/p>\n<p style=\"text-align: justify;\"><span style=\"color: #000000;\">Consulte nas abas sobre como deve se encaminhar as solicita\u00e7\u00f5es relacionadas ao <strong>Aproveitamento de Disciplinas<\/strong>, a <strong>Quebra de Pr\u00e9-requisitos<\/strong>, a realiza\u00e7\u00e3o de<strong> Segunda Chamada, <\/strong>de<strong> Exerc\u00edcio Domiciliar e Abono de Faltas<\/strong>.\u00a0Tamb\u00e9m consulte as informa\u00e7\u00f5es disponibilizadas para a realiza\u00e7\u00e3o do <strong>Trabalho de Conclus\u00e3o de Curso (TCC)<\/strong> e para a contabiliza\u00e7\u00e3o e o encaminhamento do registro das <strong>Atividades Complementares<\/strong> e <strong>Atividades Livres.<\/strong><\/span><\/p>\n","protected":false},"excerpt":{"rendered":"<p>No portal do aluno voc\u00ea encontrar\u00e1 informa\u00e7\u00f5es importantes sobre as diretrizes educacionais da Universidade Federal de Pelotas (UFPel) e do Curso de Engenharia de Produ\u00e7\u00e3o. Recomenda-se fortemente que todo discente consulte o fluxograma do curso, de forma a elaborar um planejamento adequado do seu percurso no curso durante a sua vida acad\u00eamica. Consulte nas abas [&hellip;]<\/p>\n","protected":false},"author":62,"featured_media":0,"parent":0,"menu_order":5,"comment_status":"closed","ping_status":"closed","template":"","meta":{"footnotes":""},"class_list":["post-24","page","type-page","status-publish","hentry"],"_links":{"self":[{"href":"https:\/\/wp.ufpel.edu.br\/producao\/wp-json\/wp\/v2\/pages\/24","targetHints":{"allow":["GET"]}}],"collection":[{"href":"https:\/\/wp.ufpel.edu.br\/producao\/wp-json\/wp\/v2\/pages"}],"about":[{"href":"https:\/\/wp.ufpel.edu.br\/producao\/wp-json\/wp\/v2\/types\/page"}],"author":[{"embeddable":true,"href":"https:\/\/wp.ufpel.edu.br\/producao\/wp-json\/wp\/v2\/users\/62"}],"replies":[{"embeddable":true,"href":"https:\/\/wp.ufpel.edu.br\/producao\/wp-json\/wp\/v2\/comments?post=24"}],"version-history":[{"count":6,"href":"https:\/\/wp.ufpel.edu.br\/producao\/wp-json\/wp\/v2\/pages\/24\/revisions"}],"predecessor-version":[{"id":4177,"href":"https:\/\/wp.ufpel.edu.br\/producao\/wp-json\/wp\/v2\/pages\/24\/revisions\/4177"}],"wp:attachment":[{"href":"https:\/\/wp.ufpel.edu.br\/producao\/wp-json\/wp\/v2\/media?parent=24"}],"curies":[{"name":"wp","href":"https:\/\/api.w.org\/{rel}","templated":true}]}}