{"id":2335,"date":"2021-07-06T17:02:05","date_gmt":"2021-07-06T20:02:05","guid":{"rendered":"https:\/\/wp.ufpel.edu.br\/producao\/?page_id=2335"},"modified":"2021-07-06T17:02:05","modified_gmt":"2021-07-06T20:02:05","slug":"redes-sociais","status":"publish","type":"page","link":"https:\/\/wp.ufpel.edu.br\/producao\/curso\/redes-sociais\/","title":{"rendered":"Redes Sociais"},"content":{"rendered":"<p style=\"text-align: justify\"><span style=\"color: #000000\">Adicione as redes sociais do Curso de Engenharia de Produ\u00e7\u00e3o para ficar atualizado sobre todas as informa\u00e7\u00f5es sobre o curso.<\/span><\/p>\n<p><a href=\"https:\/\/wp.ufpel.edu.br\/producao\/files\/2021\/07\/RedesSociais.jpg\"><img class=\"aligncenter size-full wp-image-2332\" src=\"https:\/\/wp.ufpel.edu.br\/producao\/files\/2021\/07\/RedesSociais.jpg\" alt=\"\" width=\"984\" height=\"220\" srcset=\"https:\/\/wp.ufpel.edu.br\/producao\/files\/2021\/07\/RedesSociais.jpg 984w, https:\/\/wp.ufpel.edu.br\/producao\/files\/2021\/07\/RedesSociais-400x89.jpg 400w, https:\/\/wp.ufpel.edu.br\/producao\/files\/2021\/07\/RedesSociais-768x172.jpg 768w\" sizes=\"(max-width: 984px) 100vw, 984px\" \/><\/a><\/p>\n<p><span style=\"color: #000000\"><strong>Facebook:<\/strong> <span style=\"color: #0000ff\"><em><a style=\"color: #0000ff\" href=\"https:\/\/www.facebook.com\/engeproufpel\" target=\"_blank\" rel=\"noopener\">https:\/\/www.facebook.com\/engeproufpel<\/a><\/em><\/span><\/span><\/p>\n<p><span style=\"color: #000000\"><strong>Instagram:<\/strong> <span style=\"color: #0000ff\"><em><a style=\"color: #0000ff\" href=\"https:\/\/www.instagram.com\/engeproufpel\/\" target=\"_blank\" rel=\"noopener\">https:\/\/www.instagram.com\/engeproufpel\/<\/a><\/em><\/span><\/span><\/p>\n<p><span style=\"color: #000000\"><strong>e-mail:<\/strong> <span style=\"color: #0000ff\"><em><a style=\"color: #0000ff\" href=\"mailto:engepro.ufpel@gmail.com\" target=\"_blank\" rel=\"noopener\">engepro.ufpel@gmail.com<\/a><\/em><\/span><\/span><\/p>\n","protected":false},"excerpt":{"rendered":"<p>Adicione as redes sociais do Curso de Engenharia de Produ\u00e7\u00e3o para ficar atualizado sobre todas as informa\u00e7\u00f5es sobre o curso. Facebook: https:\/\/www.facebook.com\/engeproufpel Instagram: https:\/\/www.instagram.com\/engeproufpel\/ e-mail: engepro.ufpel@gmail.com<\/p>\n","protected":false},"author":62,"featured_media":0,"parent":2,"menu_order":8,"comment_status":"closed","ping_status":"closed","template":"","meta":{"footnotes":""},"class_list":["post-2335","page","type-page","status-publish","hentry"],"_links":{"self":[{"href":"https:\/\/wp.ufpel.edu.br\/producao\/wp-json\/wp\/v2\/pages\/2335","targetHints":{"allow":["GET"]}}],"collection":[{"href":"https:\/\/wp.ufpel.edu.br\/producao\/wp-json\/wp\/v2\/pages"}],"about":[{"href":"https:\/\/wp.ufpel.edu.br\/producao\/wp-json\/wp\/v2\/types\/page"}],"author":[{"embeddable":true,"href":"https:\/\/wp.ufpel.edu.br\/producao\/wp-json\/wp\/v2\/users\/62"}],"replies":[{"embeddable":true,"href":"https:\/\/wp.ufpel.edu.br\/producao\/wp-json\/wp\/v2\/comments?post=2335"}],"version-history":[{"count":1,"href":"https:\/\/wp.ufpel.edu.br\/producao\/wp-json\/wp\/v2\/pages\/2335\/revisions"}],"predecessor-version":[{"id":2338,"href":"https:\/\/wp.ufpel.edu.br\/producao\/wp-json\/wp\/v2\/pages\/2335\/revisions\/2338"}],"up":[{"embeddable":true,"href":"https:\/\/wp.ufpel.edu.br\/producao\/wp-json\/wp\/v2\/pages\/2"}],"wp:attachment":[{"href":"https:\/\/wp.ufpel.edu.br\/producao\/wp-json\/wp\/v2\/media?parent=2335"}],"curies":[{"name":"wp","href":"https:\/\/api.w.org\/{rel}","templated":true}]}}