{"id":2231,"date":"2021-05-14T10:38:18","date_gmt":"2021-05-14T13:38:18","guid":{"rendered":"https:\/\/wp.ufpel.edu.br\/producao\/?page_id=2231"},"modified":"2021-05-14T10:49:59","modified_gmt":"2021-05-14T13:49:59","slug":"neai-4-0","status":"publish","type":"page","link":"https:\/\/wp.ufpel.edu.br\/producao\/pesquisa\/neai-4-0\/","title":{"rendered":"N\u00facleo de Estudos Aplicados em Ind\u00fastria 4.0 &#8211; NEAI 4.0"},"content":{"rendered":"<p style=\"text-align: justify\"><a href=\"https:\/\/wp.ufpel.edu.br\/neai\/\" target=\"_blank\" rel=\"noopener noreferrer\"><span style=\"color: #0000ff\"><strong>N\u00facleo de Estudos Aplicados em Ind\u00fastria 4.0 (NEAI 4.0)<\/strong><\/span><\/a><\/p>\n<p style=\"text-align: justify\"><span style=\"color: #000000\">A expans\u00e3o do mercado internacional e as constantes mudan\u00e7as no ambiente externo fazem com que as organiza\u00e7\u00f5es busquem incorporar no seu dia a dia sistemas e processos inovadores para torn\u00e1-las mais flex\u00edveis e competitivas. No mundo globalizado um dos sistemas mais difundidos para gerar competitividade, atualmente, \u00e9 chamada de quarta revolu\u00e7\u00e3o industrial ou ind\u00fastria 4.0. Sendo assim, o presente projeto apresenta uma proposta para investigar as iniciativas da ind\u00fastria 4.0 no Brasil e no Sul <\/span><span style=\"color: #000000\">do Rio Grande do Sul.<\/span><\/p>\n<p style=\"text-align: justify\"><span style=\"color: #000000\">A motiva\u00e7\u00e3o deste projeto est\u00e1 em pesquisar conceitos sobre o sistema atual de produ\u00e7\u00e3o e constatar na pr\u00e1tica como as organiza\u00e7\u00f5es trabalham com esses conceitos no seu dia-a-dia.<\/span><\/p>\n<p style=\"text-align: justify\"><span style=\"color: #000000\">Um projeto da Universidade Federal de Pelotas.<\/span><\/p>\n<p><span style=\"color: #000000\">Mais informa\u00e7\u00f5es no site do NEAI 4.0:\u00a0<\/span><em><span style=\"color: #0000ff\"><a style=\"color: #0000ff\" href=\"https:\/\/wp.ufpel.edu.br\/neai\/\" target=\"_blank\" rel=\"noopener noreferrer\">https:\/\/wp.ufpel.edu.br\/neai\/<\/a><\/span><\/em><\/p>\n","protected":false},"excerpt":{"rendered":"<p>N\u00facleo de Estudos Aplicados em Ind\u00fastria 4.0 (NEAI 4.0) A expans\u00e3o do mercado internacional e as constantes mudan\u00e7as no ambiente externo fazem com que as organiza\u00e7\u00f5es busquem incorporar no seu dia a dia sistemas e processos inovadores para torn\u00e1-las mais flex\u00edveis e competitivas. No mundo globalizado um dos sistemas mais difundidos para gerar competitividade, atualmente, [&hellip;]<\/p>\n","protected":false},"author":62,"featured_media":0,"parent":292,"menu_order":2,"comment_status":"closed","ping_status":"closed","template":"","meta":{"footnotes":""},"class_list":["post-2231","page","type-page","status-publish","hentry"],"_links":{"self":[{"href":"https:\/\/wp.ufpel.edu.br\/producao\/wp-json\/wp\/v2\/pages\/2231","targetHints":{"allow":["GET"]}}],"collection":[{"href":"https:\/\/wp.ufpel.edu.br\/producao\/wp-json\/wp\/v2\/pages"}],"about":[{"href":"https:\/\/wp.ufpel.edu.br\/producao\/wp-json\/wp\/v2\/types\/page"}],"author":[{"embeddable":true,"href":"https:\/\/wp.ufpel.edu.br\/producao\/wp-json\/wp\/v2\/users\/62"}],"replies":[{"embeddable":true,"href":"https:\/\/wp.ufpel.edu.br\/producao\/wp-json\/wp\/v2\/comments?post=2231"}],"version-history":[{"count":3,"href":"https:\/\/wp.ufpel.edu.br\/producao\/wp-json\/wp\/v2\/pages\/2231\/revisions"}],"predecessor-version":[{"id":2239,"href":"https:\/\/wp.ufpel.edu.br\/producao\/wp-json\/wp\/v2\/pages\/2231\/revisions\/2239"}],"up":[{"embeddable":true,"href":"https:\/\/wp.ufpel.edu.br\/producao\/wp-json\/wp\/v2\/pages\/292"}],"wp:attachment":[{"href":"https:\/\/wp.ufpel.edu.br\/producao\/wp-json\/wp\/v2\/media?parent=2231"}],"curies":[{"name":"wp","href":"https:\/\/api.w.org\/{rel}","templated":true}]}}