{"id":2166,"date":"2021-03-31T18:34:18","date_gmt":"2021-03-31T21:34:18","guid":{"rendered":"https:\/\/wp.ufpel.edu.br\/producao\/?page_id=2166"},"modified":"2025-06-30T14:47:52","modified_gmt":"2025-06-30T17:47:52","slug":"videocursoep","status":"publish","type":"page","link":"https:\/\/wp.ufpel.edu.br\/producao\/curso\/videocursoep\/","title":{"rendered":"V\u00eddeo do Curso de Engenharia de Produ\u00e7\u00e3o"},"content":{"rendered":"<p style=\"text-align: justify;\"><span style=\"color: #000000;\">O curso de Engenharia de Produ\u00e7\u00e3o da UFPel disponibiliza um v\u00eddeo para apresentar o curso para alunos egressos do ensino m\u00e9dio que estejam interessados em ingressar na universidade e conhecer um pouco sobre a profiss\u00e3o do &#8220;<strong>Engenheiro de Produ\u00e7\u00e3o<\/strong>&#8220;.\u00a0<\/span><span style=\"color: #000000;\">Clique para assistir o <span style=\"color: #0000ff;\"><a style=\"color: #0000ff;\" href=\"https:\/\/www.youtube.com\/watch?v=zEHhGp9rTYk\" target=\"_blank\" rel=\"noopener noreferrer\">V\u00eddeo do Curso de Engenharia de Produ\u00e7\u00e3o<\/a><\/span><\/span><\/p>\n<p><iframe title=\"Engenharia de Produ\u00e7\u00e3o\" width=\"500\" height=\"281\" src=\"https:\/\/www.youtube.com\/embed\/zEHhGp9rTYk?feature=oembed\" frameborder=\"0\" allow=\"accelerometer; autoplay; clipboard-write; encrypted-media; gyroscope; picture-in-picture; web-share\" referrerpolicy=\"strict-origin-when-cross-origin\" allowfullscreen><\/iframe><\/p>\n<p style=\"text-align: justify;\"><span style=\"color: #000000;\">O V\u00eddeo foi elaborado pelo curso de Engenharia de Produ\u00e7\u00e3o atrav\u00e9s de uma &#8220;<em><strong>A\u00e7\u00e3o de Ensino<\/strong><\/em>&#8221; inclu\u00edda no Projeto Unificado intitulado &#8220;<em><strong>Ciclo de Atividades Acad\u00eamicas do Curso de Engenharia de Produ\u00e7\u00e3o da UFPel<\/strong><\/em>&#8220;, que foi coordenado pelo professor <strong>Dr. Rog\u00e9rio Royer<\/strong> e pela professora <strong>Dra. Ariane Ferreira Porto Rosa<\/strong>, com a participa\u00e7\u00e3o dos discentes<strong> Alesson Iven Mielke<\/strong>,\u00a0<strong>Roberta Oliveira de Andrade<\/strong>, e\u00a0<strong>Guilherme Sch\u00e4fer Maron<\/strong>.<\/span><\/p>\n<p style=\"text-align: justify;\"><span style=\"color: #000000;\">Se desejar consultar mais sobre os cursos ofertados na UFPel, entre no site <span style=\"color: #0000ff;\"><a style=\"color: #0000ff;\" href=\"https:\/\/wp.ufpel.edu.br\/mostradecursos\/\" target=\"_blank\" rel=\"noopener noreferrer\">Mostra de Cursos 2020 da UFPel<\/a><\/span>.<\/span><\/p>\n","protected":false},"excerpt":{"rendered":"<p>O curso de Engenharia de Produ\u00e7\u00e3o da UFPel disponibiliza um v\u00eddeo para apresentar o curso para alunos egressos do ensino m\u00e9dio que estejam interessados em ingressar na universidade e conhecer um pouco sobre a profiss\u00e3o do &#8220;Engenheiro de Produ\u00e7\u00e3o&#8220;.\u00a0Clique para assistir o V\u00eddeo do Curso de Engenharia de Produ\u00e7\u00e3o O V\u00eddeo foi elaborado pelo curso [&hellip;]<\/p>\n","protected":false},"author":62,"featured_media":0,"parent":2,"menu_order":1,"comment_status":"closed","ping_status":"closed","template":"","meta":{"footnotes":""},"class_list":["post-2166","page","type-page","status-publish","hentry"],"_links":{"self":[{"href":"https:\/\/wp.ufpel.edu.br\/producao\/wp-json\/wp\/v2\/pages\/2166","targetHints":{"allow":["GET"]}}],"collection":[{"href":"https:\/\/wp.ufpel.edu.br\/producao\/wp-json\/wp\/v2\/pages"}],"about":[{"href":"https:\/\/wp.ufpel.edu.br\/producao\/wp-json\/wp\/v2\/types\/page"}],"author":[{"embeddable":true,"href":"https:\/\/wp.ufpel.edu.br\/producao\/wp-json\/wp\/v2\/users\/62"}],"replies":[{"embeddable":true,"href":"https:\/\/wp.ufpel.edu.br\/producao\/wp-json\/wp\/v2\/comments?post=2166"}],"version-history":[{"count":6,"href":"https:\/\/wp.ufpel.edu.br\/producao\/wp-json\/wp\/v2\/pages\/2166\/revisions"}],"predecessor-version":[{"id":4149,"href":"https:\/\/wp.ufpel.edu.br\/producao\/wp-json\/wp\/v2\/pages\/2166\/revisions\/4149"}],"up":[{"embeddable":true,"href":"https:\/\/wp.ufpel.edu.br\/producao\/wp-json\/wp\/v2\/pages\/2"}],"wp:attachment":[{"href":"https:\/\/wp.ufpel.edu.br\/producao\/wp-json\/wp\/v2\/media?parent=2166"}],"curies":[{"name":"wp","href":"https:\/\/api.w.org\/{rel}","templated":true}]}}