{"id":2105,"date":"2021-03-28T16:37:10","date_gmt":"2021-03-28T19:37:10","guid":{"rendered":"https:\/\/wp.ufpel.edu.br\/producao\/?page_id=2105"},"modified":"2024-01-30T15:23:52","modified_gmt":"2024-01-30T18:23:52","slug":"representacoes-do-curso","status":"publish","type":"page","link":"https:\/\/wp.ufpel.edu.br\/producao\/curso\/representacoes-do-curso\/","title":{"rendered":"Representa\u00e7\u00f5es do Curso"},"content":{"rendered":"<p style=\"text-align: justify;\"><span style=\"color: #000000;\">O Curso de Engenharia de Produ\u00e7\u00e3o possui representa\u00e7\u00e3o no Conselho de Centro do Centro de Engenharias, assim como nas C\u00e2maras de Ensino, Pesquisa e Extens\u00e3o.\u00a0Para consultar as portarias atualizadas das representa\u00e7\u00f5es do curso, consulte os links a seguir:<\/span><\/p>\n<p style=\"text-align: justify;\"><span style=\"color: #000000;\"><strong>Representa\u00e7\u00e3o no Conselho do Centro de Engenharias:<\/strong> \u00e9 realizada pelo(a) coordenador(a) do curso, e no seu impedimento pelo(a) coordenador(a) adjunto(a) do curso. <\/span><\/p>\n<p style=\"padding-left: 40px;\"><span style=\"color: #000000;\">P<\/span><span style=\"color: #000000; font-family: var(--fonte-corpo);\">rof. Gilson Sim\u00f5es Porci\u00fancula<\/span><span style=\"color: #000000; font-family: var(--fonte-corpo);\">\u00a0&#8211; Titular<\/span><\/p>\n<p style=\"padding-left: 40px;\"><span style=\"color: #000000; font-family: var(--fonte-corpo);\">Prof\u00aa Patr\u00edcia Costa Duarte<\/span><span style=\"color: #000000; font-family: var(--fonte-corpo);\">\u00a0&#8211; Suplente<\/span><\/p>\n<p style=\"padding-left: 40px;\"><span style=\"color: #000000;\">Mandato: de 14 de novembro de 2023 a 14 de novembro de 2025<\/span><\/p>\n<p style=\"text-align: justify;\"><span style=\"color: #000000;\"><strong>Representa\u00e7\u00e3o na C\u00e2mara de Ensino do CEng:<\/strong> \u00e9 realizada pelo(a) coordenador(a) do curso, e no seu impedimento pelo(a) coordenador(a) adjunto(a) do curso.<\/span><\/p>\n<p style=\"padding-left: 40px;\"><span style=\"color: #000000; font-family: var(--fonte-corpo);\">Prof. Gilson Sim\u00f5es Porci\u00fancula<\/span><span style=\"color: #000000; font-family: var(--fonte-corpo);\">\u00a0&#8211; Titular<\/span><\/p>\n<p style=\"padding-left: 40px;\"><span style=\"color: #000000; font-family: var(--fonte-corpo);\">Prof\u00aa Patr\u00edcia Costa Duarte<\/span><span style=\"color: #000000; font-family: var(--fonte-corpo);\">\u00a0&#8211; Suplente<\/span><\/p>\n<p style=\"padding-left: 40px;\"><span style=\"color: #000000;\">Mandato: Mandato: de 14 de novembro de 2023 a 14 de novembro de 2025<\/span><\/p>\n<p style=\"text-align: justify;\"><span style=\"color: #000000;\"><strong>Representa\u00e7\u00e3o na C\u00e2mara de Pesquisa do CEng:<\/strong> \u00e9 realizada por representante eleito no Colegiado do Curso de Engenharia de Produ\u00e7\u00e3o, sendo a elei\u00e7\u00e3o composta de um representante titular e um representante suplente. <span style=\"color: #0000ff;\"><a style=\"color: #0000ff;\" href=\"https:\/\/wp.ufpel.edu.br\/producao\/files\/2021\/03\/Camara-de-Pesquisa-SEI_UFPel-0981870-Portaria-Interna.pdf\" target=\"_blank\" rel=\"noopener noreferrer\">Consulte aqui a portaria atual da C\u00e2mara de Pesquisa<\/a><\/span>.<\/span><\/p>\n<p style=\"padding-left: 40px;\"><span style=\"color: #000000;\"><span style=\"font-family: var(--fonte-corpo);\">Prof\u00aa. Renata Heidtmann Bemvenuti &#8211; <\/span><\/span><span style=\"color: #000000; font-family: var(--fonte-corpo);\">Titular<\/span><\/p>\n<p style=\"padding-left: 40px;\"><span style=\"color: #000000; font-family: var(--fonte-corpo);\">Prof.\u00a0<\/span><span style=\"color: #000000; font-family: var(--fonte-corpo);\">Luis Ant\u00f4nio dos Santos Franz &#8211; Suplente<\/span><\/p>\n<p style=\"padding-left: 40px;\"><span style=\"color: #000000;\">Mandato: xxxxx<\/span><\/p>\n<p style=\"text-align: justify;\"><span style=\"color: #000000;\"><strong>Representa\u00e7\u00e3o na C\u00e2mara de Extens\u00e3o do CEng:<\/strong> \u00e9 realizada por representante eleito no Colegiado do Curso de Engenharia de Produ\u00e7\u00e3o, sendo a elei\u00e7\u00e3o composta de um representante titular e um representante suplente. <span style=\"color: #0000ff;\"><a style=\"color: #0000ff;\" href=\"https:\/\/wp.ufpel.edu.br\/producao\/files\/2021\/03\/Camara-de-Extensao-SEI_UFPel-1228186-Portaria-Interna.pdf\" target=\"_blank\" rel=\"noopener noreferrer\">Consulte aqui a portaria atual da C\u00e2mara de Extens\u00e3o<\/a><\/span>.<\/span><\/p>\n<p style=\"padding-left: 40px;\"><span style=\"color: #000000;\">Titular: Prof. <span style=\"color: #000000; font-family: var(--fonte-corpo);\">Gilson Sim\u00f5es Porci\u00fancula<\/span><span style=\"color: #000000; font-family: var(--fonte-corpo);\">\u00a0&#8211; Titular<\/span><\/span><\/p>\n<p style=\"padding-left: 40px;\"><span style=\"color: #000000;\">Suplente: Prof. Alejandro Martins<\/span><\/p>\n<p style=\"padding-left: 40px;\"><span style=\"color: #000000;\">Mandato: xxxx<\/span><\/p>\n<p><span style=\"color: #000000;\"><strong>Representa\u00e7\u00e3o no N\u00facleo de Bacharelados, Tecnologias e Est\u00e1gios (NUBATEC):<\/strong> \u00e9 realizada por representante indicado pelo Colegiado do Curso de Engenharia de Produ\u00e7\u00e3o, sendo a elei\u00e7\u00e3o composta de um representante titular e um representante suplente.<\/span><\/p>\n<p><a href=\"https:\/\/wp.ufpel.edu.br\/producao\/files\/2021\/03\/Portaria-NUBATEC.pdf\" target=\"_blank\" rel=\"noopener noreferrer\"><span style=\"color: #0000ff;\">Consulte aqui a portaria atual do NUBATEC<\/span><\/a><span style=\"color: #000000;\">, e consulte tamb\u00e9m o <em><span style=\"color: #0000ff;\"><a style=\"color: #0000ff;\" href=\"https:\/\/wp.ufpel.edu.br\/cec\/coordenacao-de-ensino-e-curriculo\/nubatec\/\" target=\"_blank\" rel=\"noopener noreferrer\">site do NUBATEC<\/a><\/span><\/em>.<\/span><\/p>\n<p style=\"padding-left: 40px;\"><span style=\"color: #000000;\">Titular: xxxxx<\/span><\/p>\n<p style=\"padding-left: 40px;\"><span style=\"color: #000000;\">Suplente: xxxx<\/span><\/p>\n","protected":false},"excerpt":{"rendered":"<p>O Curso de Engenharia de Produ\u00e7\u00e3o possui representa\u00e7\u00e3o no Conselho de Centro do Centro de Engenharias, assim como nas C\u00e2maras de Ensino, Pesquisa e Extens\u00e3o.\u00a0Para consultar as portarias atualizadas das representa\u00e7\u00f5es do curso, consulte os links a seguir: Representa\u00e7\u00e3o no Conselho do Centro de Engenharias: \u00e9 realizada pelo(a) coordenador(a) do curso, e no seu impedimento [&hellip;]<\/p>\n","protected":false},"author":62,"featured_media":0,"parent":2,"menu_order":6,"comment_status":"closed","ping_status":"closed","template":"","meta":{"footnotes":""},"class_list":["post-2105","page","type-page","status-publish","hentry"],"_links":{"self":[{"href":"https:\/\/wp.ufpel.edu.br\/producao\/wp-json\/wp\/v2\/pages\/2105","targetHints":{"allow":["GET"]}}],"collection":[{"href":"https:\/\/wp.ufpel.edu.br\/producao\/wp-json\/wp\/v2\/pages"}],"about":[{"href":"https:\/\/wp.ufpel.edu.br\/producao\/wp-json\/wp\/v2\/types\/page"}],"author":[{"embeddable":true,"href":"https:\/\/wp.ufpel.edu.br\/producao\/wp-json\/wp\/v2\/users\/62"}],"replies":[{"embeddable":true,"href":"https:\/\/wp.ufpel.edu.br\/producao\/wp-json\/wp\/v2\/comments?post=2105"}],"version-history":[{"count":14,"href":"https:\/\/wp.ufpel.edu.br\/producao\/wp-json\/wp\/v2\/pages\/2105\/revisions"}],"predecessor-version":[{"id":3826,"href":"https:\/\/wp.ufpel.edu.br\/producao\/wp-json\/wp\/v2\/pages\/2105\/revisions\/3826"}],"up":[{"embeddable":true,"href":"https:\/\/wp.ufpel.edu.br\/producao\/wp-json\/wp\/v2\/pages\/2"}],"wp:attachment":[{"href":"https:\/\/wp.ufpel.edu.br\/producao\/wp-json\/wp\/v2\/media?parent=2105"}],"curies":[{"name":"wp","href":"https:\/\/api.w.org\/{rel}","templated":true}]}}