{"id":21,"date":"2017-08-28T20:40:02","date_gmt":"2017-08-28T23:40:02","guid":{"rendered":"https:\/\/wp.ufpel.edu.br\/producao\/?page_id=21"},"modified":"2025-06-30T12:31:05","modified_gmt":"2025-06-30T15:31:05","slug":"laboratorios","status":"publish","type":"page","link":"https:\/\/wp.ufpel.edu.br\/producao\/curso\/laboratorios\/","title":{"rendered":"Laborat\u00f3rios"},"content":{"rendered":"<p style=\"text-align: justify;\"><span style=\"color: #000000;\">Os laborat\u00f3rios do Curso de Engenharia de Produ\u00e7\u00e3o da UFPel atendem as recomenda\u00e7\u00f5es da Associa\u00e7\u00e3o Brasileira da Engenharia de Produ\u00e7\u00e3o (ABEPRO) que busca a padroniza\u00e7\u00e3o dos requisitos necess\u00e1rios para os laborat\u00f3rios de Engenharia de Produ\u00e7\u00e3o.<\/span><\/p>\n<p style=\"text-align: justify;\"><span style=\"color: #000000;\">O Curso utiliza <strong>nove laborat\u00f3rios<\/strong> localizados no Centro de Engenharias de forma a desenvolver as atividades pedag\u00f3gicas destinadas ao ensino dos <strong>conte\u00fados<\/strong> <strong>Profissionalizantes e Espec\u00edficos da Engenharia de Produ\u00e7\u00e3o<\/strong>.<\/span><\/p>\n<p style=\"text-align: justify;\"><span style=\"color: #000000;\">Estes laborat\u00f3rios s\u00e3o o (<em>i<\/em>) Laborat\u00f3rio de An\u00e1lise e Controle Estat\u00edstico de Processos; o (<em>ii<\/em>) Laborat\u00f3rio de Design e Layout Produtivo; o (<em>iii<\/em>) Laborat\u00f3rio de Seguran\u00e7a e Ergonomia; o (<em>iv<\/em>) Laborat\u00f3rio de Automa\u00e7\u00e3o Industrial; o (<em>v<\/em>) Laborat\u00f3rio de Materiais e T\u00e9cnicas Construtivas; o (<em>vi<\/em>) N\u00facleo de Estudos e Materiais Comp\u00f3sitos; o (<em>vii<\/em>) Laborat\u00f3rio de Inform\u00e1tica da Gradua\u00e7\u00e3o; o (<em>viii<\/em>) Laborat\u00f3rio de Eletrot\u00e9cnica; e o (<em>ix<\/em>) Laborat\u00f3rio de Processos Mec\u00e2nicos.<\/span><\/p>\n<p><span style=\"color: #0000ff;\"><a style=\"color: #0000ff;\" href=\"https:\/\/wp.ufpel.edu.br\/nulab\/laboratorio-de-analise-e-controle-estatistico-de-processos\/\" target=\"_blank\" rel=\"noopener noreferrer\">Laborat\u00f3rio de An\u00e1lise e Controle Estat\u00edstico de Processos<\/a><\/span><\/p>\n<p><span style=\"color: #0000ff;\"><a style=\"color: #0000ff;\" href=\"https:\/\/wp.ufpel.edu.br\/nulab\/laboratorio-de-design-e-layout-produtivo\/\" target=\"_blank\" rel=\"noopener noreferrer\">Laborat\u00f3rio de Design e Layout Produtivo<\/a><\/span><\/p>\n<p><span style=\"color: #0000ff;\"><a style=\"color: #0000ff;\" href=\"https:\/\/wp.ufpel.edu.br\/nulab\/labserg\/\" target=\"_blank\" rel=\"noopener noreferrer\">Laborat\u00f3rio de Seguran\u00e7a e Ergonomia (LABSERG)<\/a><\/span><\/p>\n<p><span style=\"color: #0000ff;\"><a style=\"color: #0000ff;\" href=\"https:\/\/wp.ufpel.edu.br\/nulab\/laboratorio-de-automacao-industrial\/\" target=\"_blank\" rel=\"noopener noreferrer\">Laborat\u00f3rio de Automa\u00e7\u00e3o Industrial<\/a><\/span><\/p>\n<p><span style=\"color: #0000ff;\"><a style=\"color: #0000ff;\" href=\"https:\/\/wp.ufpel.edu.br\/nulab\/laboratorio-de-materiais-e-tecnicas-construtivas\/\" target=\"_blank\" rel=\"noopener noreferrer\">Laborat\u00f3rio de Materiais e T\u00e9cnicas Construtivas<\/a><\/span><\/p>\n<p><span style=\"color: #0000ff;\"><a style=\"color: #0000ff;\" href=\"https:\/\/wp.ufpel.edu.br\/nulab\/nemc\/\" target=\"_blank\" rel=\"noopener noreferrer\">N\u00facleo de Estudos de Materiais Comp\u00f3sitos (NEMC)<\/a><\/span><\/p>\n<p><span style=\"color: #0000ff;\"><a style=\"color: #0000ff;\" href=\"https:\/\/wp.ufpel.edu.br\/nulab\/laboratorio-de-informatica-da-graduacao-ceng1\/\" target=\"_blank\" rel=\"noopener noreferrer\">Laborat\u00f3rio de Inform\u00e1tica da Gradua\u00e7\u00e3o (LIG)<\/a><\/span><\/p>\n<p><span style=\"color: #0000ff;\"><a style=\"color: #0000ff;\" href=\"https:\/\/wp.ufpel.edu.br\/nulab\/laboratorio-de-eletrotecnica\/\" target=\"_blank\" rel=\"noopener noreferrer\">Laborat\u00f3rio de Eletrot\u00e9cnica<\/a><\/span><\/p>\n<p><span style=\"color: #0000ff;\"><a style=\"color: #0000ff;\" href=\"https:\/\/wp.ufpel.edu.br\/producao\/laboratorios\/processos-mecanicos\/\">Laborat\u00f3rio de Processos Mec\u00e2nicos<\/a><\/span><\/p>\n<p><span style=\"color: #000000;\">O Curso tamb\u00e9m utiliza <strong>oito\u00a0laborat\u00f3rios<\/strong> localizados em outras unidades da UFPel de forma a desenvolver as atividades pedag\u00f3gicas destinadas ao ensino das componentes curriculares de (<em>i<\/em>) F\u00edsica B\u00e1sica Experimental I, (<em>ii<\/em>) F\u00edsica Experimental III, (<em>iii<\/em>) Qu\u00edmica Geral, e (<em>iv<\/em>)Algoritmos e Programa\u00e7\u00e3o.<\/span><\/p>\n<p><span style=\"color: #000000;\">Estes laborat\u00f3rios s\u00e3o listados a seguir:<\/span><\/p>\n<p style=\"text-align: left;\"><span style=\"color: #0000ff;\"><a style=\"color: #0000ff;\" href=\"https:\/\/wp.ufpel.edu.br\/nulab\/laboratorio-de-ensino-de-fisica-1\/\">Laborat\u00f3rio de Ensino de F\u00edsica 1<\/a><\/span><\/p>\n<p style=\"text-align: left;\"><span style=\"color: #0000ff;\"><a style=\"color: #0000ff;\" href=\"https:\/\/wp.ufpel.edu.br\/nulab\/laboratorio-de-mecanica-1\/\">Laborat\u00f3rio de Mec\u00e2nica 1<\/a><\/span><\/p>\n<p style=\"text-align: left;\"><span style=\"color: #0000ff;\"><a style=\"color: #0000ff;\" href=\"https:\/\/wp.ufpel.edu.br\/nulab\/laboratorio-de-mecanica-fisica-moderna-e-contemporanea\/\">Laborat\u00f3rio de Mec\u00e2nica, F\u00edsica Moderna e Contempor\u00e2nea<\/a><\/span><\/p>\n<p style=\"text-align: left;\"><span style=\"color: #0000ff;\"><a style=\"color: #0000ff;\" href=\"https:\/\/wp.ufpel.edu.br\/nulab\/laboratorio-de-mecanica-dos-fluidos-e-termodinamica\/\">Laborat\u00f3rio de Mec\u00e2nica dos Flu\u00eddos e Termodin\u00e2mica<\/a><\/span><\/p>\n<p style=\"text-align: left;\"><span style=\"color: #0000ff;\"><a style=\"color: #0000ff;\" href=\"https:\/\/wp.ufpel.edu.br\/nulab\/laboratorio-de-eletricidade-magnetismo-e-optica-1\/\">Laborat\u00f3rio de Eletricidade, Magnetismo e \u00d3ptica 1<\/a><\/span><\/p>\n<p style=\"text-align: left;\"><span style=\"color: #0000ff;\"><a style=\"color: #0000ff;\" href=\"https:\/\/wp.ufpel.edu.br\/nulab\/laboratorio-de-eletricidade-magnetismo-e-optica-2\/\">Laborat\u00f3rio de Eletricidade, Magnetismo e \u00d3ptica 2<\/a><\/span><\/p>\n<p style=\"text-align: left;\"><span style=\"color: #0000ff;\"><a style=\"color: #0000ff;\" href=\"https:\/\/wp.ufpel.edu.br\/nulab\/ccqfa\/\">Centro de Ci\u00eancias Qu\u00edmicas, Farmac\u00eauticas e de Alimentos (CCQFA)<\/a><\/span><\/p>\n<p style=\"text-align: left;\"><span style=\"color: #0000ff;\"><a style=\"color: #0000ff;\" href=\"https:\/\/wp.ufpel.edu.br\/nulab\/laboratorio-de-programacao-de-computadores-1\/\">Laborat\u00f3rio de Programa\u00e7\u00e3o de Computadores 1<\/a><\/span><\/p>\n<hr \/>\n<p style=\"text-align: justify;\"><span style=\"color: #000000;\">Os Regimentos dos Laborat\u00f3rios do Centro de Engenharias (CEng) est\u00e3o descritos de forma ampla (geral) pela portaria de regulamenta\u00e7\u00e3o No 115, de 16 de outubro de 2019. Alguns laborat\u00f3rios do CEng j\u00e1 estabeleceram regimentos espec\u00edficos, assim como, j\u00e1 possuem um Coordenador de Laborat\u00f3rio.<\/span><\/p>\n<p><span style=\"color: #0000ff;\"><a style=\"color: #0000ff;\" href=\"https:\/\/wp.ufpel.edu.br\/ceng\/files\/2019\/10\/Portaria-de-Regulamenta%C3%A7%C3%A3o-115_2019-CENG.pdf\" target=\"_blank\" rel=\"noopener noreferrer\">Regimento Interno dos Laborat\u00f3rios no Centro de Engenharia (Geral)<\/a><\/span><\/p>\n<p><span style=\"color: #0000ff;\"><a style=\"color: #0000ff;\" href=\"https:\/\/wp.ufpel.edu.br\/ceng\/regimentos-laboratorios\/\" target=\"_blank\" rel=\"noopener noreferrer\">Regimentos dos Laborat\u00f3rios do Centro de Engenharia (espec\u00edficos)<\/a><\/span><\/p>\n<p><span style=\"color: #0000ff;\"><a style=\"color: #0000ff;\" href=\"https:\/\/docs.google.com\/spreadsheets\/d\/1-f-LntHvs1wr34kqMS7QGK2LOqWeU7oYgag17uCsgrQ\/edit?usp=sharing\">Listagem de Laborat\u00f3rios com Coordenadores do Centro de Engenharias<\/a><\/span><\/p>\n<p><span style=\"color: #000000;\">Com rela\u00e7\u00e3o ao <strong>Regimento Geral de Laborat\u00f3rios de Ensino, Pesquisa e Extens\u00e3o da UFPel<\/strong>, recomenda-se consultar o site do<\/span> <span style=\"color: #0000ff;\"><a style=\"color: #0000ff;\" href=\"https:\/\/wp.ufpel.edu.br\/nulab\/regimento-geral-de-laboratorios-ufpel\/\" target=\"_blank\" rel=\"noopener noreferrer\"><strong>N\u00facleo Geral de Laborat\u00f3rios da UFPel<\/strong><\/a><\/span>.<\/p>\n","protected":false},"excerpt":{"rendered":"<p>Os laborat\u00f3rios do Curso de Engenharia de Produ\u00e7\u00e3o da UFPel atendem as recomenda\u00e7\u00f5es da Associa\u00e7\u00e3o Brasileira da Engenharia de Produ\u00e7\u00e3o (ABEPRO) que busca a padroniza\u00e7\u00e3o dos requisitos necess\u00e1rios para os laborat\u00f3rios de Engenharia de Produ\u00e7\u00e3o. O Curso utiliza nove laborat\u00f3rios localizados no Centro de Engenharias de forma a desenvolver as atividades pedag\u00f3gicas destinadas ao ensino [&hellip;]<\/p>\n","protected":false},"author":62,"featured_media":0,"parent":2,"menu_order":8,"comment_status":"closed","ping_status":"closed","template":"","meta":{"footnotes":""},"class_list":["post-21","page","type-page","status-publish","hentry"],"_links":{"self":[{"href":"https:\/\/wp.ufpel.edu.br\/producao\/wp-json\/wp\/v2\/pages\/21","targetHints":{"allow":["GET"]}}],"collection":[{"href":"https:\/\/wp.ufpel.edu.br\/producao\/wp-json\/wp\/v2\/pages"}],"about":[{"href":"https:\/\/wp.ufpel.edu.br\/producao\/wp-json\/wp\/v2\/types\/page"}],"author":[{"embeddable":true,"href":"https:\/\/wp.ufpel.edu.br\/producao\/wp-json\/wp\/v2\/users\/62"}],"replies":[{"embeddable":true,"href":"https:\/\/wp.ufpel.edu.br\/producao\/wp-json\/wp\/v2\/comments?post=21"}],"version-history":[{"count":12,"href":"https:\/\/wp.ufpel.edu.br\/producao\/wp-json\/wp\/v2\/pages\/21\/revisions"}],"predecessor-version":[{"id":4137,"href":"https:\/\/wp.ufpel.edu.br\/producao\/wp-json\/wp\/v2\/pages\/21\/revisions\/4137"}],"up":[{"embeddable":true,"href":"https:\/\/wp.ufpel.edu.br\/producao\/wp-json\/wp\/v2\/pages\/2"}],"wp:attachment":[{"href":"https:\/\/wp.ufpel.edu.br\/producao\/wp-json\/wp\/v2\/media?parent=21"}],"curies":[{"name":"wp","href":"https:\/\/api.w.org\/{rel}","templated":true}]}}