{"id":2,"date":"2017-08-27T12:53:56","date_gmt":"2017-08-27T15:53:56","guid":{"rendered":"https:\/\/wp.ufpel.edu.br\/producao\/?page_id=2"},"modified":"2025-06-30T12:52:05","modified_gmt":"2025-06-30T15:52:05","slug":"curso","status":"publish","type":"page","link":"https:\/\/wp.ufpel.edu.br\/producao\/curso\/","title":{"rendered":"O Curso"},"content":{"rendered":"<p><span style=\"color: #000000;\">O curso de Bacharelado em Engenharia de Produ\u00e7\u00e3o da UFPel come\u00e7ou as suas atividades no ano de 2010, atrav\u00e9s da Portaria do MEC, N\u00b0 407 de 30 de agosto de 2013 (EP-UFPEL, 2015). A autoriza\u00e7\u00e3o do curso pode ser verificada atrav\u00e9s do site do Minist\u00e9rio da Educa\u00e7\u00e3o. No segundo semestre do ano de 2014 o curso teve os seus primeiros egressos.<\/span><\/p>\n<p><strong><span style=\"color: #000000;\">IDENTIFICA\u00c7\u00c3O DO CURSO<\/span><\/strong><\/p>\n<ul>\n<li><span style=\"color: #000000;\">Denomina\u00e7\u00e3o: Engenharia de Produ\u00e7\u00e3o<\/span><\/li>\n<li><span style=\"color: #000000;\">C\u00f3digo e-mec: 1102178<\/span><\/li>\n<li><span style=\"color: #000000;\">Modalidade de Ensino: Presencial<\/span><\/li>\n<li><span style=\"color: #000000;\">Natureza do N\u00edvel: Bacharelado<\/span><\/li>\n<li><span style=\"color: #000000;\">Titula\u00e7\u00e3o conferida: Engenheiro de Produ\u00e7\u00e3o<\/span><\/li>\n<li><span style=\"color: #000000;\">Regime Acad\u00eamico: Semestral<\/span><\/li>\n<li><span style=\"color: #000000;\">Ato de Autoriza\u00e7\u00e3o do Curso: PORTARIA n\u00ba 1.566, de 06 de outubro de 2010 \u2013 Gabinete do Reitor.<\/span><\/li>\n<li><span style=\"color: #000000;\">Ato de Reconhecimento: PORTARIA n\u00b0 407 de 30 de agosto de 2013 &#8211; Minist\u00e9rio da Educa\u00e7\u00e3o.<\/span><\/li>\n<li><span style=\"color: #000000;\">Ato de Renova\u00e7\u00e3o do Reconhecimento: PORTARIA n<sup>o<\/sup> 1097, de 24 de dezembro de 2015 &#8211; MEC<\/span><\/li>\n<li><span style=\"color: #000000;\">Ato de Renova\u00e7\u00e3o do Reconhecimento: PORTARIA n<sup>o<\/sup> 921, de 27 de dezembro de 2018 &#8211; MEC<\/span><\/li>\n<li><span style=\"color: #000000;\">Ato de Renova\u00e7\u00e3o do Reconhecimento: <span style=\"color: #0000ff;\"><a style=\"color: #0000ff;\" href=\"https:\/\/wp.ufpel.edu.br\/producao\/files\/2021\/03\/PORTARIA_NA__111__DE_4_DE_FEVEREIRO_DE_2021___RenovaA_A_es_Enade_2019___DOU___Imprensa_Nacional.pdf\" target=\"_blank\" rel=\"noopener noreferrer\">PORTARIA n\u00b0 111, de 4 de fevereiro de 2021 &#8211; MEC<\/a><\/span><\/span><span style=\"color: #000000;\"> (Publicada no D.O.U em 05\/02\/2021)<\/span><\/li>\n<li><span style=\"color: #000000;\">Conceito ENADE (Exame Nacional de Desempenho dos Estudantes &#8211; Ciclo avaliativo 2019): 3<\/span><\/li>\n<li><span style=\"color: #000000;\">IDD (Indicador de Diferen\u00e7a entre os Desempenhos Observado e Esperado): 3<\/span><\/li>\n<li><strong><span style=\"color: #000000;\">CPC (Conceito Preliminar de Curso): 4<\/span><\/strong><\/li>\n<li><span style=\"color: #000000;\">Vagas autorizadas por ano: 55 (cinquenta e cinco)<\/span><\/li>\n<li><span style=\"color: #000000;\">Dura\u00e7\u00e3o: 5 anos<\/span><\/li>\n<li><span style=\"color: #000000;\">Carga Hor\u00e1ria Total: 3.609 horas<\/span><\/li>\n<li><span style=\"color: #000000;\">Turno de funcionamento: Noite<\/span><\/li>\n<li><span style=\"color: #000000;\">Formas de Ingresso: Sistema de Sele\u00e7\u00e3o Unificada (SiSU); Programa de Avalia\u00e7\u00e3o da Vida Escolar (PAVE); Reingresso, Reop\u00e7\u00e3o, Transfer\u00eancia Volunt\u00e1ria, Transfer\u00eancia Compuls\u00f3ria, Portador de Diploma de Curso Superior e Atividades Isoladas.<\/span><\/li>\n<\/ul>\n","protected":false},"excerpt":{"rendered":"<p>O curso de Bacharelado em Engenharia de Produ\u00e7\u00e3o da UFPel come\u00e7ou as suas atividades no ano de 2010, atrav\u00e9s da Portaria do MEC, N\u00b0 407 de 30 de agosto de 2013 (EP-UFPEL, 2015). A autoriza\u00e7\u00e3o do curso pode ser verificada atrav\u00e9s do site do Minist\u00e9rio da Educa\u00e7\u00e3o. No segundo semestre do ano de 2014 o [&hellip;]<\/p>\n","protected":false},"author":62,"featured_media":0,"parent":0,"menu_order":1,"comment_status":"closed","ping_status":"closed","template":"","meta":{"footnotes":""},"class_list":["post-2","page","type-page","status-publish","hentry"],"_links":{"self":[{"href":"https:\/\/wp.ufpel.edu.br\/producao\/wp-json\/wp\/v2\/pages\/2","targetHints":{"allow":["GET"]}}],"collection":[{"href":"https:\/\/wp.ufpel.edu.br\/producao\/wp-json\/wp\/v2\/pages"}],"about":[{"href":"https:\/\/wp.ufpel.edu.br\/producao\/wp-json\/wp\/v2\/types\/page"}],"author":[{"embeddable":true,"href":"https:\/\/wp.ufpel.edu.br\/producao\/wp-json\/wp\/v2\/users\/62"}],"replies":[{"embeddable":true,"href":"https:\/\/wp.ufpel.edu.br\/producao\/wp-json\/wp\/v2\/comments?post=2"}],"version-history":[{"count":10,"href":"https:\/\/wp.ufpel.edu.br\/producao\/wp-json\/wp\/v2\/pages\/2\/revisions"}],"predecessor-version":[{"id":4144,"href":"https:\/\/wp.ufpel.edu.br\/producao\/wp-json\/wp\/v2\/pages\/2\/revisions\/4144"}],"wp:attachment":[{"href":"https:\/\/wp.ufpel.edu.br\/producao\/wp-json\/wp\/v2\/media?parent=2"}],"curies":[{"name":"wp","href":"https:\/\/api.w.org\/{rel}","templated":true}]}}