{"id":1880,"date":"2020-11-27T11:06:18","date_gmt":"2020-11-27T14:06:18","guid":{"rendered":"https:\/\/wp.ufpel.edu.br\/producao\/?page_id=1880"},"modified":"2025-07-15T14:56:56","modified_gmt":"2025-07-15T17:56:56","slug":"segundachamada","status":"publish","type":"page","link":"https:\/\/wp.ufpel.edu.br\/producao\/portal-do-aluno\/segundachamada\/","title":{"rendered":"Solicita\u00e7\u00e3o de Segunda Chamada, Exerc\u00edcio Domiciliar e Abono de faltas"},"content":{"rendered":"<p class=\"has-16-undefined-undefined-font-size\"><strong>Defini\u00e7\u00e3o de Segunda Chamada<\/strong><\/p>\n<p class=\"has-16-undefined-undefined-font-size\">O discente que, por impedimento legal, doen\u00e7a atestada por servi\u00e7o m\u00e9dico de sa\u00fade ou motivo de for\u00e7a maior, devidamente comprovado, faltar a uma avalia\u00e7\u00e3o, poder\u00e1 realiz\u00e1-la em outro momento, desde que requeira ao Colegiado de Curso at\u00e9 3 (tr\u00eas) dias \u00fateis ap\u00f3s a realiza\u00e7\u00e3o da avalia\u00e7\u00e3o anterior.:<\/p>\n<p class=\"has-16-undefined-undefined-font-size\">I \u2013 Caber\u00e1 ao colegiado de curso deliberar sobre a solicita\u00e7\u00e3o do aluno, encaminhando-a ao Departamento ou C\u00e2mara de Ensino respons\u00e1vel pelo componente curricular em at\u00e9 3 dias \u00fateis, para defini\u00e7\u00e3o de nova data para a avalia\u00e7\u00e3o.<\/p>\n<p class=\"has-16-undefined-undefined-font-size\">II \u2013 Considera-se motivo para solicita\u00e7\u00e3o de nova data para realiza\u00e7\u00e3o de avalia\u00e7\u00e3o:<br \/>\na) acidentes \u2013 mediante apresenta\u00e7\u00e3o de boletim de ocorr\u00eancia policial;<br \/>\nb) assalto \u2013 mediante apresenta\u00e7\u00e3o de boletim de ocorr\u00eancia policial;<br \/>\nc) casamento \u2013 mediante apresenta\u00e7\u00e3o de certid\u00e3o de casamento do discente ocorrido em at\u00e9 8 (oito) dias de anteced\u00eancia da data da avalia\u00e7\u00e3o.<br \/>\nd) sa\u00fade \u2013 mediante apresenta\u00e7\u00e3o de atestado m\u00e9dico, com carimbo (contendo o CRM) e assinatura do m\u00e9dico.<br \/>\ne) trabalho \u2013 apresenta\u00e7\u00e3o de declara\u00e7\u00e3o de exerc\u00edcio de atividade profissional excepcional com identifica\u00e7\u00e3o do empregador;<br \/>\nf) cat\u00e1strofes naturais que impe\u00e7am o deslocamento para os locais da avalia\u00e7\u00e3o;<br \/>\ng) situa\u00e7\u00f5es geradas por terceiros, como greves de transporte p\u00fablico, obstru\u00e7\u00e3o de vias e demais situa\u00e7\u00f5es, condicionadas a aceita\u00e7\u00e3o do colegiado, alheias a vontade do discente.<br \/>\nh) participa\u00e7\u00e3o em eventos cient\u00edficos, quando o discente estiver apresentando trabalho, mediante comprova\u00e7\u00e3o de participa\u00e7\u00e3o.<\/p>\n<p class=\"has-16-undefined-undefined-font-size\"><strong>Como solicitar<\/strong><br \/>\nA solicita\u00e7\u00e3o dever\u00e1 ser realizada no Sistema Acad\u00eamico Cobalto, no menu \u201cAluno \u2013 Cadastro \u2013 Solicita\u00e7\u00e3o de segunda chamada\u201d. Na solicita\u00e7\u00e3o dever\u00e1 ser encaminhado o comprovante da justificativa (Ex. atestado m\u00e9dico).<\/p>\n<p class=\"has-16-undefined-undefined-font-size\"><strong>Fluxograma<\/strong><\/p>\n<figure class=\"wp-block-table is-style-stripes\">\n<table>\n<tbody>\n<tr>\n<td>Respons\u00e1vel<\/td>\n<td>Procedimento<\/td>\n<\/tr>\n<tr>\n<td>Discente<\/td>\n<td>\u2013 Solicitar via Cobalto;<\/td>\n<\/tr>\n<tr>\n<td>Colegiado de curso<\/td>\n<td>\u2013 Avaliar a solicita\u00e7\u00e3o;<br \/>\nSe desfavor\u00e1vel:<br \/>\n\u2013 Informar o discente e arquivar o processo;<br \/>\nSe favor\u00e1vel:<br \/>\n\u2013 Encaminhar ao docente respons\u00e1vel pela turma;<\/td>\n<\/tr>\n<tr>\n<td>Docente respons\u00e1vel pela turma<\/td>\n<td>\u2013 Realizar nova avalia\u00e7\u00e3o;<\/td>\n<\/tr>\n<\/tbody>\n<\/table>\n<\/figure>\n<pre class=\"wp-block-preformatted\"><\/pre>\n<p><strong>Defini\u00e7\u00e3o de Exerc\u00edcio Domiciliar<\/strong><\/p>\n<p class=\"has-16-undefined-undefined-font-size\">Exerc\u00edcio Domiciliar \u00e9 a possibilidade de substitui\u00e7\u00e3o da frequ\u00eancia \u00e0s aulas por atividades orientadas fora do ambiente acad\u00eamico.<\/p>\n<p class=\"has-16-undefined-undefined-font-size\">\u00c9 permitido substituir a frequ\u00eancia \u00e0s aulas por exerc\u00edcios domiciliares, resguardada a qualidade do trabalho acad\u00eamico, nos seguintes casos:<\/p>\n<p class=\"has-16-undefined-undefined-font-size\">a) \u00e0 aluna gestante que, por ordem m\u00e9dica, esteja impedida de frequentar as atividades acad\u00eamicas;<br \/>\nb) licen\u00e7a maternidade e paternidade, em prazo condizente com a legisla\u00e7\u00e3o vigente;<br \/>\nc) ao discente com afec\u00e7\u00f5es cong\u00eanitas ou adquiridas, infec\u00e7\u00f5es, traumatismos, doen\u00e7as infectocontagiosas ou outras condi\u00e7\u00f5es caracterizadas por incapacidade f\u00edsica, incompat\u00edvel com a frequ\u00eancia normal \u00e0s atividades acad\u00eamicas;<br \/>\nd) ao discente com defici\u00eancia, quando n\u00e3o for poss\u00edvel sua integra\u00e7\u00e3o ao ambiente acad\u00eamico. Neste caso a solicita\u00e7\u00e3o de tratamento excepcional dever\u00e1 ser renovada a cada per\u00edodo letivo, mediante a apresenta\u00e7\u00e3o de laudos m\u00e9dicos.<\/p>\n<p class=\"has-16-undefined-undefined-font-size\">A concess\u00e3o de tratamento excepcional fica condicionada \u00e0 possibilidade de garantia de continuidade do processo did\u00e1tico-pedag\u00f3gico.<\/p>\n<p class=\"has-16-undefined-undefined-font-size\">N\u00e3o ser\u00e1 concedido exerc\u00edcio domiciliar ao discente matriculado em regime especial, e ao discente matriculado nos componentes curriculares que ofere\u00e7am:<\/p>\n<p class=\"has-16-undefined-undefined-font-size\">I \u2013 est\u00e1gio curricular;<br \/>\nII \u2013 pr\u00e1ticas laboratoriais ou ambulatoriais;<br \/>\nIII \u2013 atividades cuja execu\u00e7\u00e3o n\u00e3o possa ocorrer fora do ambiente acad\u00eamico;<br \/>\nIV \u2013 demais atividades cuja natureza seja incompat\u00edvel como exerc\u00edcio domiciliar.<\/p>\n<p class=\"has-16-undefined-undefined-font-size\"><strong>Como solicitar<\/strong><br \/>\nA solicita\u00e7\u00e3o deve ser feita via sistema acad\u00eamico, menu:\u00a0<strong>Aluno &gt; Cadastro &gt; Solicita\u00e7\u00e3o de exerc\u00edcios domiciliares<\/strong>.\u00a0Da seguinte forma:<\/p>\n<p class=\"has-16-undefined-undefined-font-size\">I \u2013 Deve ser protocolada at\u00e9 o quinto dia posterior ao in\u00edcio da ocorr\u00eancia\u00a0do fato impeditivo;<br \/>\nII \u2013 Deve ser informado o motivo e inclu\u00eddo o atestado de sa\u00fade;<br \/>\nIII \u2013 Deve salvar a solicita\u00e7\u00e3o e acompanhar o resultado pelo\u00a0Cobalto.<\/p>\n<p class=\"has-16-undefined-undefined-font-size\">A per\u00edcia ir\u00e1 registrar o parecer no sistema acad\u00eamico. Com base no parecer da per\u00edcia, o Colegiado do curso, dever\u00e1 avaliar e registrar a possibilidade pedag\u00f3gica de realiza\u00e7\u00e3o das atividades em regime domiciliar.<\/p>\n<p>Na impossibilidade de realiza\u00e7\u00e3o dos exerc\u00edcios domiciliares o colegiado dever\u00e1 encaminhar a recomenda\u00e7\u00e3o de trancamento da matr\u00edcula.<\/p>\n<p>Em caso de deferimento, o professor do componente receber\u00e1 uma mensagem para cadastrar as atividades que dever\u00e3o ser desenvolvidas pelo aluno durante o per\u00edodo de exerc\u00edcios domiciliares.<\/p>\n<p class=\"has-16-undefined-undefined-font-size\"><strong>\u00a0<\/strong><strong>Fluxograma<\/strong><\/p>\n<figure class=\"wp-block-table is-style-stripes\">\n<table>\n<tbody>\n<tr>\n<td>Respons\u00e1vel<\/td>\n<td>Procedimento<\/td>\n<\/tr>\n<tr>\n<td>Discente<\/td>\n<td>\u2013\u00a0Cadastrar a solicita\u00e7\u00e3o de Exerc\u00edcios domiciliares e enviar atestado de sa\u00fade no Cobalto;<br \/>\nMenu: Aluno &gt; Cadastro &gt; Solicita\u00e7\u00e3o de Exerc\u00edcios Domiciliares<\/td>\n<\/tr>\n<tr>\n<td>Per\u00edcia M\u00e9dica<\/td>\n<td>\u2013 Emitir parecer no Cobalto;<br \/>\nMenu: Gest\u00e3o acad\u00eamica &gt; Processos &gt; Solicita\u00e7\u00e3o de Exerc\u00edcios Domiciliares<\/td>\n<\/tr>\n<tr>\n<td>Colegiado de curso<\/td>\n<td>\u2013 Avaliar a condi\u00e7\u00e3o pedag\u00f3gica do exerc\u00edcio domiciliar;<br \/>\n\u2013 Registrar o deferimento ou indeferimento no Cobalto.<br \/>\nMenu: Gest\u00e3o Acad\u00eamica &gt; Processos &gt; Homologar exerc\u00edcios domiciliares<\/td>\n<\/tr>\n<tr>\n<td>Docente<\/td>\n<td>\u2013 Registrar as atividades que dever\u00e3o ser realizadas pelo discente durante o per\u00edodo de Exerc\u00edcios domiciliares.<br \/>\nMenu: Professor &gt; Cadastros &gt; Exerc\u00edcios domiciliares &gt; atividades<\/td>\n<\/tr>\n<tr>\n<td>Discente<\/td>\n<td>\u2013 Verificar as atividades registradas pelo Professor no Cobalto;<br \/>\nMenu: Aluno &gt; Cadastro &gt; Solicita\u00e7\u00e3o de Exerc\u00edcios Domiciliares<\/td>\n<\/tr>\n<tr>\n<td>Docente<\/td>\n<td>\n<p>\u2013\u00a0Nos casos em que n\u00e3o for poss\u00edvel ao docente informar o aproveitamento acad\u00eamico\u00a0 e frequ\u00eancia no fechamento da turma, dever\u00e1 ser informado por meio do FPIN eletr\u00f4nico no Sistema COBALTO.<\/p>\n<p>OBS: N\u00e3o deve ser registrada presen\u00e7a se o aluno n\u00e3o estiver em aula. Na FPIN dever\u00e1 ser preenchido o campo N\u00ba de faltas (conforme registrado no di\u00e1rio de classe); N\u00ba de faltas abonadas (referente ao per\u00edodo do afastamento justificado); e o campo Justificativa (marcar a op\u00e7\u00e3o dispon\u00edvel, nesse caso, exerc\u00edcios domiciliares).<\/td>\n<\/tr>\n<\/tbody>\n<\/table>\n<\/figure>\n<p class=\"has-16-undefined-undefined-font-size\"><strong>Defini\u00e7\u00e3o de abono de faltas<\/strong><\/p>\n<p class=\"has-16-undefined-undefined-font-size\">\nO abono de faltas ser\u00e1 concedido, mediante comprova\u00e7\u00e3o, conforme legisla\u00e7\u00e3o vigente, nos seguintes casos:<\/p>\n<p class=\"has-16-undefined-undefined-font-size\">I \u2013 ao discente matriculado em \u00d3rg\u00e3o de Forma\u00e7\u00e3o de Reserva (Servi\u00e7o Militar) que seja obrigado a faltar em suas atividades civis por for\u00e7a de exerc\u00edcios ou manobras, ou reservista convocado para apresenta\u00e7\u00f5es ou cerim\u00f4nias c\u00edvicas;<br \/>\nII \u2013 ao discente contemplado com a possibilidade de Exerc\u00edcios Domiciliares, nos termos da se\u00e7\u00e3o V, do Cap. I do Regulamento de Ensino de Gradua\u00e7\u00e3o;<br \/>\nIII \u2013 ao discente designado membro da CONAES \u2013 Comiss\u00e3o Nacional de Avalia\u00e7\u00e3o da Educa\u00e7\u00e3o Superior, que tenha participado de reuni\u00f5es em hor\u00e1rios coincidentes com os das atividades acad\u00eamicas;<br \/>\nIV \u2013 ao discente que integrar representa\u00e7\u00e3o desportiva nacional, conforme Lei 9.615 de 1998, Artigo 85;<br \/>\nV \u2013 ao discente representante em inst\u00e2ncias superiores institucionais da UFPel, mediante portaria.<br \/>\n<strong>\u00a0<\/strong><br \/>\n<strong>Como solicitar<\/strong><br \/>\nO discente dever\u00e1 entregar documento que comprove as situa\u00e7\u00f5es previstas para o abono de faltas no colegiado do curso.<\/p>\n<p class=\"has-16-undefined-undefined-font-size\"><strong>Fluxograma<\/strong><\/p>\n<figure class=\"wp-block-table is-style-stripes\">\n<table>\n<tbody>\n<tr>\n<td class=\"has-text-align-center\" data-align=\"center\">Respons\u00e1vel<\/td>\n<td class=\"has-text-align-left\" data-align=\"left\">Procedimento<\/td>\n<\/tr>\n<tr>\n<td class=\"has-text-align-center\" data-align=\"center\">Discente<\/td>\n<td class=\"has-text-align-left\" data-align=\"left\">\u2013 Entregar documenta\u00e7\u00e3o no colegiado do curso<\/td>\n<\/tr>\n<tr>\n<td class=\"has-text-align-center\" data-align=\"center\">Colegiado<\/td>\n<td class=\"has-text-align-left\" data-align=\"left\">\u2013 Avaliar e emitir o parecer;<br \/>\n\u2013 Encaminhar ao docente para ci\u00eancia.<\/td>\n<\/tr>\n<tr>\n<td class=\"has-text-align-center\" data-align=\"center\">Docente<\/td>\n<td class=\"has-text-align-left\" data-align=\"left\">\u2013 Informar o aproveitamento acad\u00eamico (no fechamento da turma ou por FPIN)<\/td>\n<\/tr>\n<\/tbody>\n<\/table>\n<\/figure>\n<p class=\"has-16-undefined-undefined-font-size\"><strong>Legisla\u00e7\u00e3o espec\u00edfica:<\/strong><\/p>\n<p class=\"has-16-undefined-undefined-font-size\"><a href=\"http:\/\/www.planalto.gov.br\/ccivil_03\/LEIS\/L9394.htm\">Lei Federal N\u00b0 9.394\/1996<\/a><br \/>\n<a href=\"https:\/\/www.planalto.gov.br\/ccivil_03\/decreto-lei\/Del1044.htm\">Decreto-lei N\u00b0 1.044\/1969<\/a><br \/>\n<a href=\"http:\/\/www.planalto.gov.br\/ccivil_03\/leis\/L9615consol.htm\">Lei Federal N\u00b0 9.615\/1998<\/a><br \/>\n<a href=\"http:\/\/www.planalto.gov.br\/ccivil_03\/leis\/L4375.htm\">Lei Federal N\u00b0 4.375\/1964<\/a><\/p>\n","protected":false},"excerpt":{"rendered":"<p>Defini\u00e7\u00e3o de Segunda Chamada O discente que, por impedimento legal, doen\u00e7a atestada por servi\u00e7o m\u00e9dico de sa\u00fade ou motivo de for\u00e7a maior, devidamente comprovado, faltar a uma avalia\u00e7\u00e3o, poder\u00e1 realiz\u00e1-la em outro momento, desde que requeira ao Colegiado de Curso at\u00e9 3 (tr\u00eas) dias \u00fateis ap\u00f3s a realiza\u00e7\u00e3o da avalia\u00e7\u00e3o anterior.: I \u2013 Caber\u00e1 ao [&hellip;]<\/p>\n","protected":false},"author":62,"featured_media":0,"parent":24,"menu_order":5,"comment_status":"closed","ping_status":"closed","template":"","meta":{"footnotes":""},"class_list":["post-1880","page","type-page","status-publish","hentry"],"_links":{"self":[{"href":"https:\/\/wp.ufpel.edu.br\/producao\/wp-json\/wp\/v2\/pages\/1880","targetHints":{"allow":["GET"]}}],"collection":[{"href":"https:\/\/wp.ufpel.edu.br\/producao\/wp-json\/wp\/v2\/pages"}],"about":[{"href":"https:\/\/wp.ufpel.edu.br\/producao\/wp-json\/wp\/v2\/types\/page"}],"author":[{"embeddable":true,"href":"https:\/\/wp.ufpel.edu.br\/producao\/wp-json\/wp\/v2\/users\/62"}],"replies":[{"embeddable":true,"href":"https:\/\/wp.ufpel.edu.br\/producao\/wp-json\/wp\/v2\/comments?post=1880"}],"version-history":[{"count":6,"href":"https:\/\/wp.ufpel.edu.br\/producao\/wp-json\/wp\/v2\/pages\/1880\/revisions"}],"predecessor-version":[{"id":4196,"href":"https:\/\/wp.ufpel.edu.br\/producao\/wp-json\/wp\/v2\/pages\/1880\/revisions\/4196"}],"up":[{"embeddable":true,"href":"https:\/\/wp.ufpel.edu.br\/producao\/wp-json\/wp\/v2\/pages\/24"}],"wp:attachment":[{"href":"https:\/\/wp.ufpel.edu.br\/producao\/wp-json\/wp\/v2\/media?parent=1880"}],"curies":[{"name":"wp","href":"https:\/\/api.w.org\/{rel}","templated":true}]}}