{"id":18,"date":"2017-08-28T20:39:35","date_gmt":"2017-08-28T23:39:35","guid":{"rendered":"https:\/\/wp.ufpel.edu.br\/producao\/?page_id=18"},"modified":"2024-10-03T11:46:59","modified_gmt":"2024-10-03T14:46:59","slug":"tcc","status":"publish","type":"page","link":"https:\/\/wp.ufpel.edu.br\/producao\/portal-do-aluno\/tcc\/","title":{"rendered":"Trabalho de Conclus\u00e3o de Curso"},"content":{"rendered":"<p style=\"text-align: justify;\"><span style=\"color: #000000;\">O <strong>Trabalho de Conclus\u00e3o de Curso (TCC)<\/strong> \u00e9 obrigat\u00f3rio para a integraliza\u00e7\u00e3o do curso de Engenharia de Produ\u00e7\u00e3o e n\u00e3o pode ser substitu\u00eddo por outra atividade.<\/span><\/p>\n<p style=\"text-align: justify;\"><span style=\"color: #000000;\"><strong>Objetivos da Componente Curricular<\/strong><\/span><\/p>\n<p style=\"text-align: justify;\"><span style=\"color: #000000;\">Oferecer suporte para que o aluno realize um projeto de monografia que demonstre a integra\u00e7\u00e3o dos conhecimentos adquiridos ao longo do curso de Engenharia de Produ\u00e7\u00e3o.<\/span><\/p>\n<p style=\"text-align: justify;\"><span style=\"color: #000000;\">O Trabalho de Conclus\u00e3o de Curso da Engenharia de Produ\u00e7\u00e3o se divide em <strong>Trabalho de Conclus\u00e3o de Curso 1<\/strong> (15000460) e o <strong>Trabalho de Conclus\u00e3o de Curso 2 <\/strong>(15000531). Em ambos os casos, o aluno deve solicitar a matr\u00edcula como procede com as demais disciplinas do curso.<\/span><\/p>\n<p style=\"text-align: justify;\"><span style=\"color: #000000;\"><strong>Como ocorre a escolha do orientador de TCC?\u00a0<\/strong><\/span><\/p>\n<p style=\"text-align: justify;\"><span style=\"color: #000000;\">Logo ao in\u00edcio do TCC 1 se faz necess\u00e1rio estabelecer quem ser\u00e1 o orientador que acompanhar\u00e1 o discente durante o TCC 1 e o TCC 2. Conforme o <span style=\"color: #0000ff;\"><a style=\"color: #0000ff;\" href=\"https:\/\/wp.ufpel.edu.br\/producao\/files\/2017\/08\/Regulamenta%C3%A7%C3%A3o-TCC.pdf\">Regulamento de TCC<\/a><\/span>, em seu Cap\u00edtulo VII , Art. 11<sup>o<\/sup>, &#8220;<em>A orienta\u00e7\u00e3o do Trabalho de Conclus\u00e3o de Curso de Engenharia de Produ\u00e7\u00e3o \u00e9 exercida por um docente respons\u00e1vel da UFPel que tenha ministrado pelo menos uma disciplina no curso ou cuja \u00e1rea de atua\u00e7\u00e3o tenha uma afinidade com o curso de Engenharia de Produ\u00e7\u00e3o<\/em>&#8220;.<\/span><br \/>\n<span style=\"color: #000000;\">Para facilitar o processo de escolha por parte dos discentes, apresenta-se abaixo um quadro que indica alguns dos professores do colegiado mais diretamente ligados \u00e0s disciplinas da \u00e1rea espec\u00edfica do curso, com as \u00e1reas de concentra\u00e7\u00e3o em que esses realizam suas orienta\u00e7\u00f5es.<\/span><a href=\"https:\/\/wp.ufpel.edu.br\/producao\/files\/2020\/11\/orientacoes-tcc.jpg\"><img class=\"size-full wp-image-1816 aligncenter\" src=\"https:\/\/wp.ufpel.edu.br\/producao\/files\/2020\/11\/orientacoes-tcc.jpg\" alt=\"\" width=\"567\" height=\"382\" srcset=\"https:\/\/wp.ufpel.edu.br\/producao\/files\/2020\/11\/orientacoes-tcc.jpg 567w, https:\/\/wp.ufpel.edu.br\/producao\/files\/2020\/11\/orientacoes-tcc-400x269.jpg 400w\" sizes=\"(max-width: 567px) 100vw, 567px\" \/><\/a><\/p>\n<p style=\"text-align: justify;\"><span style=\"color: #000000;\"><strong>Quais os direitos e deveres dos alunos em fase de elabora\u00e7\u00e3o de TCC?<\/strong><\/span><\/p>\n<p style=\"padding-left: 40px; text-align: justify;\"><em><span style=\"color: #000000;\">Art. 13\u00ba &#8211; S\u00e3o direitos do Orientando:\u00a0<\/span><\/em><\/p>\n<p style=\"padding-left: 40px;\"><em><span style=\"color: #000000;\">I. ter um professor orientador.\u00a0<\/span><\/em><\/p>\n<p style=\"padding-left: 40px;\"><em><span style=\"color: #000000;\">II. ser informado sobre a normaliza\u00e7\u00e3o de trabalhos acad\u00eamicos da UFPel.\u00a0<\/span><\/em><\/p>\n<p style=\"padding-left: 40px;\"><em><span style=\"color: #000000;\">III. receber orienta\u00e7\u00f5es necess\u00e1rias para a realiza\u00e7\u00e3o das atividades curriculares previstas.<\/span><\/em><\/p>\n<p style=\"padding-left: 40px;\"><em><span style=\"color: #000000;\">\u00a7 Par\u00e1grafo \u00fanico: Em caso do aluno n\u00e3o encontrar um professor orientador, o mesmo dever\u00e1 procurar o Coordenador de Trabalho de Conclus\u00e3o de Curso para que este em conjunto com colegiado do Curso designe um orientador.\u00a0<\/span><\/em><\/p>\n<p style=\"padding-left: 40px; text-align: justify;\"><em><span style=\"color: #000000;\">Art. 14\u00ba &#8211; S\u00e3o deveres do Orientando:\u00a0<\/span><\/em><\/p>\n<p style=\"padding-left: 40px;\"><em><span style=\"color: #000000;\">I. comparecer \u00e0s reuni\u00f5es acertadas com seu orientador.\u00a0<\/span><\/em><\/p>\n<p style=\"padding-left: 40px;\"><em><span style=\"color: #000000;\">II. estabelecer o projeto de Trabalho de Conclus\u00e3o de Curso em conjunto com o orientador, e apresent\u00e1-lo conforme o calend\u00e1rio definido pelo Coordenador do Trabalho de Conclus\u00e3o de Curso.\u00a0<\/span><\/em><\/p>\n<p style=\"text-align: justify; padding-left: 40px;\"><em><span style=\"color: #000000;\">III. cumprir o plano e o cronograma estabelecidos.\u00a0<\/span><\/em><\/p>\n<p style=\"padding-left: 40px;\"><em><span style=\"color: #000000;\">IV. cumprir com a normaliza\u00e7\u00e3o de trabalhos acad\u00eamicos da UFPel.<\/span><\/em><\/p>\n<p style=\"text-align: justify;\"><span style=\"color: #000000;\"><strong>Seguem alguns links \u00fateis relacionados ao TCC:<\/strong><\/span><\/p>\n<p style=\"text-align: left;\"><span style=\"color: #000000;\">1 \u2013 <span style=\"color: #0000ff;\"><a style=\"color: #0000ff;\" href=\"https:\/\/wp.ufpel.edu.br\/producao\/files\/2017\/08\/Regulamenta%C3%A7%C3%A3o-TCC.pdf\">Regulamento de TCC<\/a><\/span> da Eng. de Produ\u00e7\u00e3o UFPel;<\/span><\/p>\n<p style=\"text-align: left;\"><span style=\"color: #000000;\">2 \u2013 <span style=\"color: #0000ff;\"><a style=\"color: #0000ff;\" href=\"https:\/\/wp.ufpel.edu.br\/producao\/files\/2020\/11\/Modelo-para-TCC.docx\">Modelo para TCC<\/a><\/span>, \u00fatil para o desenvolvimento TCC;<span style=\"color: #ff0000;\"><strong><br \/>\n<\/strong><\/span><\/span><\/p>\n<p style=\"text-align: left;\"><span style=\"color: #000000;\">3 \u2013 <span style=\"color: #0000ff;\"><a style=\"color: #0000ff;\" href=\"https:\/\/wp.ufpel.edu.br\/producao\/files\/2020\/11\/Solicitacao-de-Mudanca-de-Orientador.docx\">Solicita\u00e7\u00e3o de Mudan\u00e7a de Orientador<\/a><\/span> (Deve ser encaminhada \u00e0 coordena\u00e7\u00e3o de curso).<\/span><\/p>\n<p style=\"text-align: left;\">4 &#8211;<a href=\"https:\/\/docs.google.com\/spreadsheets\/d\/1gfFg0azOiD2gmoROdXf9UHoDQYn8PNAmWNUBMWQMgJE\/edit?gid=0#gid=0\"> Cronograma<\/a> permanente de bancas de TCC.<\/p>\n<p>&nbsp;<\/p>\n","protected":false},"excerpt":{"rendered":"<p>O Trabalho de Conclus\u00e3o de Curso (TCC) \u00e9 obrigat\u00f3rio para a integraliza\u00e7\u00e3o do curso de Engenharia de Produ\u00e7\u00e3o e n\u00e3o pode ser substitu\u00eddo por outra atividade. Objetivos da Componente Curricular Oferecer suporte para que o aluno realize um projeto de monografia que demonstre a integra\u00e7\u00e3o dos conhecimentos adquiridos ao longo do curso de Engenharia de [&hellip;]<\/p>\n","protected":false},"author":62,"featured_media":0,"parent":24,"menu_order":5,"comment_status":"closed","ping_status":"closed","template":"","meta":{"footnotes":""},"class_list":["post-18","page","type-page","status-publish","hentry"],"_links":{"self":[{"href":"https:\/\/wp.ufpel.edu.br\/producao\/wp-json\/wp\/v2\/pages\/18","targetHints":{"allow":["GET"]}}],"collection":[{"href":"https:\/\/wp.ufpel.edu.br\/producao\/wp-json\/wp\/v2\/pages"}],"about":[{"href":"https:\/\/wp.ufpel.edu.br\/producao\/wp-json\/wp\/v2\/types\/page"}],"author":[{"embeddable":true,"href":"https:\/\/wp.ufpel.edu.br\/producao\/wp-json\/wp\/v2\/users\/62"}],"replies":[{"embeddable":true,"href":"https:\/\/wp.ufpel.edu.br\/producao\/wp-json\/wp\/v2\/comments?post=18"}],"version-history":[{"count":27,"href":"https:\/\/wp.ufpel.edu.br\/producao\/wp-json\/wp\/v2\/pages\/18\/revisions"}],"predecessor-version":[{"id":3985,"href":"https:\/\/wp.ufpel.edu.br\/producao\/wp-json\/wp\/v2\/pages\/18\/revisions\/3985"}],"up":[{"embeddable":true,"href":"https:\/\/wp.ufpel.edu.br\/producao\/wp-json\/wp\/v2\/pages\/24"}],"wp:attachment":[{"href":"https:\/\/wp.ufpel.edu.br\/producao\/wp-json\/wp\/v2\/media?parent=18"}],"curies":[{"name":"wp","href":"https:\/\/api.w.org\/{rel}","templated":true}]}}