{"id":15,"date":"2017-08-28T20:39:05","date_gmt":"2017-08-28T23:39:05","guid":{"rendered":"https:\/\/wp.ufpel.edu.br\/producao\/?page_id=15"},"modified":"2024-07-04T10:26:31","modified_gmt":"2024-07-04T13:26:31","slug":"estagios","status":"publish","type":"page","link":"https:\/\/wp.ufpel.edu.br\/producao\/estagios\/","title":{"rendered":"Est\u00e1gio"},"content":{"rendered":"<p style=\"text-align: justify;\"><span style=\"color: #000000;\">A atividade de Est\u00e1gio de discentes do Curso de Engenharia de Produ\u00e7\u00e3o pode acontecer em duas modalidades, o <strong>Est\u00e1gio n\u00e3o Obrigat\u00f3rio<\/strong> e o <strong>Est\u00e1gio Supervisionado<\/strong> <strong>Obrigat\u00f3rio<\/strong> (ESO). Para melhor entender essas modalidades, leia o REGULAMENTO de EST\u00c1GIO, que\u00a0 integra o Projeto Pedag\u00f3gico do Curso (PPC), dispon\u00edvel no web site do Curso.<br \/>\n<\/span><\/p>\n<p>No web site voc\u00ea vai encontrar todas as informa\u00e7\u00f5es e modelos de documentos necess\u00e1rios para o correto desenvolvimento do est\u00e1gio.\u00a0 Leia todas as informa\u00e7\u00f5es com aten\u00e7\u00e3o e procure a coordena\u00e7\u00e3o de est\u00e1gios caso restar alguma d\u00favida.<\/p>\n<p>O professor coordenador de est\u00e1gios possui uma listagem com contatos de diversas empresas e organiza\u00e7\u00f5es que j\u00e1 ofereceram est\u00e1gio a alunos do Curso. Procure ele caso voc\u00ea deseje obter essa listagem.<\/p>\n<p><strong>Toda documenta\u00e7\u00e3o e\/ou solicita\u00e7\u00e3o de informa\u00e7\u00f5es<\/strong> sobre est\u00e1gios deve ser encaminhada por e-mail \u00e0 coordena\u00e7\u00e3o do curso: <strong>engepro.ufpel@gmail.com<\/strong> e ao coordenador de est\u00e1gios: <strong>wiriondo@gmail.com<\/strong><\/p>\n<p>&nbsp;<\/p>\n","protected":false},"excerpt":{"rendered":"<p>A atividade de Est\u00e1gio de discentes do Curso de Engenharia de Produ\u00e7\u00e3o pode acontecer em duas modalidades, o Est\u00e1gio n\u00e3o Obrigat\u00f3rio e o Est\u00e1gio Supervisionado Obrigat\u00f3rio (ESO). Para melhor entender essas modalidades, leia o REGULAMENTO de EST\u00c1GIO, que\u00a0 integra o Projeto Pedag\u00f3gico do Curso (PPC), dispon\u00edvel no web site do Curso. No web site voc\u00ea [&hellip;]<\/p>\n","protected":false},"author":62,"featured_media":0,"parent":0,"menu_order":4,"comment_status":"closed","ping_status":"closed","template":"","meta":{"footnotes":""},"class_list":["post-15","page","type-page","status-publish","hentry"],"_links":{"self":[{"href":"https:\/\/wp.ufpel.edu.br\/producao\/wp-json\/wp\/v2\/pages\/15","targetHints":{"allow":["GET"]}}],"collection":[{"href":"https:\/\/wp.ufpel.edu.br\/producao\/wp-json\/wp\/v2\/pages"}],"about":[{"href":"https:\/\/wp.ufpel.edu.br\/producao\/wp-json\/wp\/v2\/types\/page"}],"author":[{"embeddable":true,"href":"https:\/\/wp.ufpel.edu.br\/producao\/wp-json\/wp\/v2\/users\/62"}],"replies":[{"embeddable":true,"href":"https:\/\/wp.ufpel.edu.br\/producao\/wp-json\/wp\/v2\/comments?post=15"}],"version-history":[{"count":15,"href":"https:\/\/wp.ufpel.edu.br\/producao\/wp-json\/wp\/v2\/pages\/15\/revisions"}],"predecessor-version":[{"id":3928,"href":"https:\/\/wp.ufpel.edu.br\/producao\/wp-json\/wp\/v2\/pages\/15\/revisions\/3928"}],"wp:attachment":[{"href":"https:\/\/wp.ufpel.edu.br\/producao\/wp-json\/wp\/v2\/media?parent=15"}],"curies":[{"name":"wp","href":"https:\/\/api.w.org\/{rel}","templated":true}]}}