{"id":12,"date":"2017-08-28T20:38:13","date_gmt":"2017-08-28T23:38:13","guid":{"rendered":"https:\/\/wp.ufpel.edu.br\/producao\/?page_id=12"},"modified":"2021-10-07T18:12:36","modified_gmt":"2021-10-07T21:12:36","slug":"corpo-docente","status":"publish","type":"page","link":"https:\/\/wp.ufpel.edu.br\/producao\/corpo-docente\/","title":{"rendered":"Docentes"},"content":{"rendered":"<p><span style=\"color: #000000\">O Corpo Docente de Engenharia de Produ\u00e7\u00e3o \u00e9 composto por professores do Centro de Engenharias (CEng) e de outras Unidades Acad\u00eamicas da UFPel.\u00a0Estes Docentes atuam e um ou mais N\u00facleos de Conte\u00fados do curso, os quais encontram-se relacionados a seguir:<\/span><\/p>\n<ul>\n<li><span style=\"color: #000000\">\u00c1rea Profissionalizante Espec\u00edfica<\/span><\/li>\n<li><span style=\"color: #000000\">\u00c1rea Profissionalizante<\/span><\/li>\n<li><span style=\"color: #000000\">\u00c1rea B\u00e1sica<\/span><\/li>\n<\/ul>\n<p><span style=\"color: #000000\">Aqui no site do curso, voc\u00ea pode consultar a rela\u00e7\u00e3o dos professores, consultando a forma de contato (e-mail), a forma\u00e7\u00e3o acad\u00eamica, e as disciplinas que cada docente oferta no curso de Engenharia de Produ\u00e7\u00e3o. Para visualizar a lista de docentes, consulte uma das seguintes rela\u00e7\u00f5es a seguir:<\/span><\/p>\n<ul>\n<li><span style=\"color: #0000ff\"><a style=\"color: #0000ff\" href=\"https:\/\/wp.ufpel.edu.br\/producao\/corpo-docente\/professoresep\/\" target=\"_blank\" rel=\"noopener noreferrer\">Professores do Curso de Engenharia de Produ\u00e7\u00e3o do CEng<\/a><\/span><\/li>\n<li><span style=\"color: #0000ff\"><a style=\"color: #0000ff\" href=\"https:\/\/wp.ufpel.edu.br\/producao\/corpo-docente\/professoresceng\/\" target=\"_blank\" rel=\"noopener noreferrer\">Professores de disciplinas compartilhadas com outros cursos do CEng<\/a><\/span><\/li>\n<li><span style=\"color: #0000ff\"><a style=\"color: #0000ff\" href=\"https:\/\/wp.ufpel.edu.br\/producao\/corpo-docente\/professoresufpel\/\" target=\"_blank\" rel=\"noopener noreferrer\">Professores de outras unidades da UFPel<\/a><\/span><\/li>\n<\/ul>\n","protected":false},"excerpt":{"rendered":"<p>O Corpo Docente de Engenharia de Produ\u00e7\u00e3o \u00e9 composto por professores do Centro de Engenharias (CEng) e de outras Unidades Acad\u00eamicas da UFPel.\u00a0Estes Docentes atuam e um ou mais N\u00facleos de Conte\u00fados do curso, os quais encontram-se relacionados a seguir: \u00c1rea Profissionalizante Espec\u00edfica \u00c1rea Profissionalizante \u00c1rea B\u00e1sica Aqui no site do curso, voc\u00ea pode consultar [&hellip;]<\/p>\n","protected":false},"author":62,"featured_media":0,"parent":0,"menu_order":3,"comment_status":"closed","ping_status":"closed","template":"","meta":{"footnotes":""},"class_list":["post-12","page","type-page","status-publish","hentry"],"_links":{"self":[{"href":"https:\/\/wp.ufpel.edu.br\/producao\/wp-json\/wp\/v2\/pages\/12","targetHints":{"allow":["GET"]}}],"collection":[{"href":"https:\/\/wp.ufpel.edu.br\/producao\/wp-json\/wp\/v2\/pages"}],"about":[{"href":"https:\/\/wp.ufpel.edu.br\/producao\/wp-json\/wp\/v2\/types\/page"}],"author":[{"embeddable":true,"href":"https:\/\/wp.ufpel.edu.br\/producao\/wp-json\/wp\/v2\/users\/62"}],"replies":[{"embeddable":true,"href":"https:\/\/wp.ufpel.edu.br\/producao\/wp-json\/wp\/v2\/comments?post=12"}],"version-history":[{"count":7,"href":"https:\/\/wp.ufpel.edu.br\/producao\/wp-json\/wp\/v2\/pages\/12\/revisions"}],"predecessor-version":[{"id":2560,"href":"https:\/\/wp.ufpel.edu.br\/producao\/wp-json\/wp\/v2\/pages\/12\/revisions\/2560"}],"wp:attachment":[{"href":"https:\/\/wp.ufpel.edu.br\/producao\/wp-json\/wp\/v2\/media?parent=12"}],"curies":[{"name":"wp","href":"https:\/\/api.w.org\/{rel}","templated":true}]}}