{"id":107,"date":"2017-08-28T22:10:02","date_gmt":"2017-08-29T01:10:02","guid":{"rendered":"https:\/\/wp.ufpel.edu.br\/producao\/?page_id=107"},"modified":"2023-09-26T17:58:42","modified_gmt":"2023-09-26T20:58:42","slug":"quebraprerequisito","status":"publish","type":"page","link":"https:\/\/wp.ufpel.edu.br\/producao\/portal-do-aluno\/quebraprerequisito\/","title":{"rendered":"Solicita\u00e7\u00e3o de Quebra de Pr\u00e9-requisito"},"content":{"rendered":"<p><span style=\"color: #000000;\">O Conselho Coordenador de Ensino, Pesquisa e Extens\u00e3o (COCEPE) da UFpel, em 06 de julho de 2017, lan\u00e7ou nota sobre a quebra de Pr\u00e9-requisitos nos Cursos de Gradua\u00e7\u00e3o:<\/span><\/p>\n<p><span style=\"color: #000000;\"><a style=\"color: #000000;\" href=\"https:\/\/wp.ufpel.edu.br\/producao\/files\/2017\/08\/Nota-03.2017-COCEPE_quebra_prerequisito.pdf\"><span style=\"color: #0000ff;\">Nota 03\/2017- COCEPE &#8211; Quebra Pre-requisito<\/span><\/a><\/span><\/p>\n<p><span style=\"color: #000000;\">Em reuni\u00e3o de Colegiado de Curso de Engenharia de Produ\u00e7\u00e3o foi definido que a solicita\u00e7\u00e3o de quebra de pr\u00e9-requisito ser\u00e1 solicitada na secret\u00e1ria do Colegiado do Curso (engepro.ufpel@gmail.com), por meio do <span style=\"color: #0000ff;\"><a style=\"color: #0000ff;\" href=\"https:\/\/wp.ufpel.edu.br\/producao\/files\/2017\/08\/Formulario-Solicita\u00e7\u00e3o-Pr\u00e9-Requisito.docx\">Formul\u00e1rio de Solicita\u00e7\u00e3o de Quebra de Pr\u00e9 Requisito<\/a> <\/span>e ter\u00e1 os seguintes tr\u00e2mites:<\/span><\/p>\n<p><a href=\"https:\/\/wp.ufpel.edu.br\/producao\/files\/2017\/08\/Processo-solicita\u00e7\u00e3o-quebra-de-Pr\u00e9-requsito.png\"><img class=\"size-full wp-image-258 alignnone\" src=\"https:\/\/wp.ufpel.edu.br\/producao\/files\/2017\/08\/Processo-solicita\u00e7\u00e3o-quebra-de-Pr\u00e9-requsito.png\" alt=\"\" width=\"1216\" height=\"205\" srcset=\"https:\/\/wp.ufpel.edu.br\/producao\/files\/2017\/08\/Processo-solicita\u00e7\u00e3o-quebra-de-Pr\u00e9-requsito.png 1216w, https:\/\/wp.ufpel.edu.br\/producao\/files\/2017\/08\/Processo-solicita\u00e7\u00e3o-quebra-de-Pr\u00e9-requsito-400x67.png 400w, https:\/\/wp.ufpel.edu.br\/producao\/files\/2017\/08\/Processo-solicita\u00e7\u00e3o-quebra-de-Pr\u00e9-requsito-768x129.png 768w, https:\/\/wp.ufpel.edu.br\/producao\/files\/2017\/08\/Processo-solicita\u00e7\u00e3o-quebra-de-Pr\u00e9-requsito-1024x173.png 1024w\" sizes=\"(max-width: 1216px) 100vw, 1216px\" \/><\/a><\/p>\n<p><span style=\"color: #000000;\">A aprecia\u00e7\u00e3o do Colegiado ser\u00e1 por meio da an\u00e1lise que considere os itens abaixo:<\/span><\/p>\n<ul>\n<li><span style=\"color: #000000;\">O percurso acad\u00eamico do aluno, com vistas a subsidiar sua condi\u00e7\u00e3o de cursar a disciplina requerida em condi\u00e7\u00f5es de aprova\u00e7\u00e3o;<\/span><\/li>\n<li><span style=\"color: #000000;\">\u00a0 A realiza\u00e7\u00e3o de an\u00e1lise do impacto na minora\u00e7\u00e3o do tempo de perman\u00eancia do aluno no curso;<\/span><\/li>\n<li><span style=\"color: #000000;\">\u00a0 A realiza\u00e7\u00e3o de an\u00e1lise das dificuldades do aluno de integraliza\u00e7\u00e3o do curr\u00edculo;<\/span><\/li>\n<li><span style=\"color: #000000;\">\u00a0 A realiza\u00e7\u00e3o de an\u00e1lise das implica\u00e7\u00f5es de um eventual indeferimento sobre o prosseguimento dos estudos;<\/span><\/li>\n<li><span style=\"color: #000000;\">\u00a0 A realiza\u00e7\u00e3o de an\u00e1lise das situa\u00e7\u00f5es particulares que justifiquem atrasos no cumprimento do curr\u00edculo do curso pelo aluno.<\/span><\/li>\n<\/ul>\n","protected":false},"excerpt":{"rendered":"<p>O Conselho Coordenador de Ensino, Pesquisa e Extens\u00e3o (COCEPE) da UFpel, em 06 de julho de 2017, lan\u00e7ou nota sobre a quebra de Pr\u00e9-requisitos nos Cursos de Gradua\u00e7\u00e3o: Nota 03\/2017- COCEPE &#8211; Quebra Pre-requisito Em reuni\u00e3o de Colegiado de Curso de Engenharia de Produ\u00e7\u00e3o foi definido que a solicita\u00e7\u00e3o de quebra de pr\u00e9-requisito ser\u00e1 solicitada [&hellip;]<\/p>\n","protected":false},"author":62,"featured_media":0,"parent":24,"menu_order":4,"comment_status":"closed","ping_status":"closed","template":"","meta":{"footnotes":""},"class_list":["post-107","page","type-page","status-publish","hentry"],"_links":{"self":[{"href":"https:\/\/wp.ufpel.edu.br\/producao\/wp-json\/wp\/v2\/pages\/107","targetHints":{"allow":["GET"]}}],"collection":[{"href":"https:\/\/wp.ufpel.edu.br\/producao\/wp-json\/wp\/v2\/pages"}],"about":[{"href":"https:\/\/wp.ufpel.edu.br\/producao\/wp-json\/wp\/v2\/types\/page"}],"author":[{"embeddable":true,"href":"https:\/\/wp.ufpel.edu.br\/producao\/wp-json\/wp\/v2\/users\/62"}],"replies":[{"embeddable":true,"href":"https:\/\/wp.ufpel.edu.br\/producao\/wp-json\/wp\/v2\/comments?post=107"}],"version-history":[{"count":5,"href":"https:\/\/wp.ufpel.edu.br\/producao\/wp-json\/wp\/v2\/pages\/107\/revisions"}],"predecessor-version":[{"id":3683,"href":"https:\/\/wp.ufpel.edu.br\/producao\/wp-json\/wp\/v2\/pages\/107\/revisions\/3683"}],"up":[{"embeddable":true,"href":"https:\/\/wp.ufpel.edu.br\/producao\/wp-json\/wp\/v2\/pages\/24"}],"wp:attachment":[{"href":"https:\/\/wp.ufpel.edu.br\/producao\/wp-json\/wp\/v2\/media?parent=107"}],"curies":[{"name":"wp","href":"https:\/\/api.w.org\/{rel}","templated":true}]}}