{"id":104,"date":"2017-08-28T22:09:03","date_gmt":"2017-08-29T01:09:03","guid":{"rendered":"https:\/\/wp.ufpel.edu.br\/producao\/?page_id=104"},"modified":"2020-11-04T11:15:09","modified_gmt":"2020-11-04T14:15:09","slug":"fluxograma","status":"publish","type":"page","link":"https:\/\/wp.ufpel.edu.br\/producao\/portal-do-aluno\/fluxograma\/","title":{"rendered":"Fluxograma do Curso Engenharia de Produ\u00e7\u00e3o"},"content":{"rendered":"<p style=\"text-align: justify\"><span style=\"color: #000000\">O Fluxograma do Curso de Engenharia de Produ\u00e7\u00e3o apresenta, de forma resumida, as disciplinas obrigat\u00f3rias (distribu\u00eddas nos 10 semestres do curso), assim como as disciplinas optativas. O Fluxograma pode ser consultado no seguinte link:<span style=\"color: #0000ff\"><em>\u00a0<a style=\"color: #0000ff\" href=\"https:\/\/wp.ufpel.edu.br\/producao\/curriculo\/fluxograma\/\">https:\/\/wp.ufpel.edu.br\/producao\/curriculo\/fluxograma\/<\/a><\/em><\/span><\/span><\/p>\n","protected":false},"excerpt":{"rendered":"<p>O Fluxograma do Curso de Engenharia de Produ\u00e7\u00e3o apresenta, de forma resumida, as disciplinas obrigat\u00f3rias (distribu\u00eddas nos 10 semestres do curso), assim como as disciplinas optativas. O Fluxograma pode ser consultado no seguinte link:\u00a0https:\/\/wp.ufpel.edu.br\/producao\/curriculo\/fluxograma\/<\/p>\n","protected":false},"author":62,"featured_media":0,"parent":24,"menu_order":2,"comment_status":"closed","ping_status":"closed","template":"","meta":{"footnotes":""},"class_list":["post-104","page","type-page","status-publish","hentry"],"_links":{"self":[{"href":"https:\/\/wp.ufpel.edu.br\/producao\/wp-json\/wp\/v2\/pages\/104","targetHints":{"allow":["GET"]}}],"collection":[{"href":"https:\/\/wp.ufpel.edu.br\/producao\/wp-json\/wp\/v2\/pages"}],"about":[{"href":"https:\/\/wp.ufpel.edu.br\/producao\/wp-json\/wp\/v2\/types\/page"}],"author":[{"embeddable":true,"href":"https:\/\/wp.ufpel.edu.br\/producao\/wp-json\/wp\/v2\/users\/62"}],"replies":[{"embeddable":true,"href":"https:\/\/wp.ufpel.edu.br\/producao\/wp-json\/wp\/v2\/comments?post=104"}],"version-history":[{"count":4,"href":"https:\/\/wp.ufpel.edu.br\/producao\/wp-json\/wp\/v2\/pages\/104\/revisions"}],"predecessor-version":[{"id":1810,"href":"https:\/\/wp.ufpel.edu.br\/producao\/wp-json\/wp\/v2\/pages\/104\/revisions\/1810"}],"up":[{"embeddable":true,"href":"https:\/\/wp.ufpel.edu.br\/producao\/wp-json\/wp\/v2\/pages\/24"}],"wp:attachment":[{"href":"https:\/\/wp.ufpel.edu.br\/producao\/wp-json\/wp\/v2\/media?parent=104"}],"curies":[{"name":"wp","href":"https:\/\/api.w.org\/{rel}","templated":true}]}}