{"id":101,"date":"2017-08-28T22:08:04","date_gmt":"2017-08-29T01:08:04","guid":{"rendered":"https:\/\/wp.ufpel.edu.br\/producao\/?page_id=101"},"modified":"2026-04-14T11:24:04","modified_gmt":"2026-04-14T14:24:04","slug":"documentos","status":"publish","type":"page","link":"https:\/\/wp.ufpel.edu.br\/producao\/portal-do-aluno\/documentos\/","title":{"rendered":"Diretrizes Educacionais"},"content":{"rendered":"<p style=\"text-align: justify;\"><span style=\"color: #000000;\">Na Universidade Federal de Pelotas (UFPel) e no Curso de Engenharia de Produ\u00e7\u00e3o h\u00e1 diversas <strong>diretrizes educacionais<\/strong> importantes que regram como o curso \u00e9 estruturado assim como os procedimentos acad\u00eamicos devem ser realizados. Abaixo voc\u00ea poder\u00e1 consultar os links da <strong>Pr\u00f3-Reitoria de Ensino<\/strong> (PRE), da <strong>Pr\u00f3-Reitoria de Assuntos Estudantis<\/strong> (PRAE) e da <strong>Coordena\u00e7\u00e3o de Registros Acad\u00eamicos<\/strong> (CRA).<\/span><\/p>\n<p style=\"text-align: justify;\"><span style=\"color: #000000;\">Tamb\u00e9m est\u00e3o disponibilizados os links para o <strong>Regulamento de Gradua\u00e7\u00e3o da UFPel<\/strong>, e para o <strong>Projeto Pedag\u00f3gico do Curso de Engenharia de Produ\u00e7\u00e3o<\/strong>.<\/span><\/p>\n<p style=\"text-align: left;\"><span style=\"color: #0000ff;\"><a style=\"color: #0000ff;\" href=\"https:\/\/wp.ufpel.edu.br\/pre\/\">Pr\u00f3-Reitoria de Ensino (PRE)<\/a><\/span><\/p>\n<p style=\"text-align: left;\"><span style=\"color: #0000ff;\"><a style=\"color: #0000ff;\" href=\"https:\/\/wp.ufpel.edu.br\/prae\/\">Pr\u00f3-Reitoria de Assuntos Estudantis (PRAE)<\/a><\/span><\/p>\n<p style=\"text-align: left;\"><span style=\"color: #0000ff;\"><a style=\"color: #0000ff;\" href=\"https:\/\/wp.ufpel.edu.br\/cra\/\">Coordena\u00e7\u00e3o de Registros Acad\u00eamicos (CRA)<\/a><\/span><\/p>\n<p style=\"text-align: left;\"><span style=\"color: #0000ff;\"><a style=\"color: #0000ff;\" href=\"https:\/\/ccs2.ufpel.edu.br\/wp\/wp-content\/uploads\/2018\/09\/Regulamento-Ensino-de-Graduacao.pdf\">Regulamento de Gradua\u00e7\u00e3o da UFPel<\/a><\/span><\/p>\n<p style=\"text-align: left;\"><a href=\"https:\/\/wp.ufpel.edu.br\/producao\/curso\/projeto-pedagogico\/\"><span style=\"color: #0000ff;\">Projeto Pedag\u00f3gico do Curso de Engenharia de Produ\u00e7\u00e3o (PPC da EP)<\/span><\/a><\/p>\n","protected":false},"excerpt":{"rendered":"<p>Na Universidade Federal de Pelotas (UFPel) e no Curso de Engenharia de Produ\u00e7\u00e3o h\u00e1 diversas diretrizes educacionais importantes que regram como o curso \u00e9 estruturado assim como os procedimentos acad\u00eamicos devem ser realizados. Abaixo voc\u00ea poder\u00e1 consultar os links da Pr\u00f3-Reitoria de Ensino (PRE), da Pr\u00f3-Reitoria de Assuntos Estudantis (PRAE) e da Coordena\u00e7\u00e3o de Registros [&hellip;]<\/p>\n","protected":false},"author":62,"featured_media":0,"parent":24,"menu_order":1,"comment_status":"closed","ping_status":"closed","template":"","meta":{"footnotes":""},"class_list":["post-101","page","type-page","status-publish","hentry"],"_links":{"self":[{"href":"https:\/\/wp.ufpel.edu.br\/producao\/wp-json\/wp\/v2\/pages\/101","targetHints":{"allow":["GET"]}}],"collection":[{"href":"https:\/\/wp.ufpel.edu.br\/producao\/wp-json\/wp\/v2\/pages"}],"about":[{"href":"https:\/\/wp.ufpel.edu.br\/producao\/wp-json\/wp\/v2\/types\/page"}],"author":[{"embeddable":true,"href":"https:\/\/wp.ufpel.edu.br\/producao\/wp-json\/wp\/v2\/users\/62"}],"replies":[{"embeddable":true,"href":"https:\/\/wp.ufpel.edu.br\/producao\/wp-json\/wp\/v2\/comments?post=101"}],"version-history":[{"count":4,"href":"https:\/\/wp.ufpel.edu.br\/producao\/wp-json\/wp\/v2\/pages\/101\/revisions"}],"predecessor-version":[{"id":4303,"href":"https:\/\/wp.ufpel.edu.br\/producao\/wp-json\/wp\/v2\/pages\/101\/revisions\/4303"}],"up":[{"embeddable":true,"href":"https:\/\/wp.ufpel.edu.br\/producao\/wp-json\/wp\/v2\/pages\/24"}],"wp:attachment":[{"href":"https:\/\/wp.ufpel.edu.br\/producao\/wp-json\/wp\/v2\/media?parent=101"}],"curies":[{"name":"wp","href":"https:\/\/api.w.org\/{rel}","templated":true}]}}