{"id":61,"date":"2017-05-29T23:26:34","date_gmt":"2017-05-30T02:26:34","guid":{"rendered":"https:\/\/wp.ufpel.edu.br\/prodic\/?page_id=61"},"modified":"2020-05-30T22:36:12","modified_gmt":"2020-05-31T01:36:12","slug":"contato-2","status":"publish","type":"page","link":"https:\/\/wp.ufpel.edu.br\/prodic\/contato-2\/","title":{"rendered":"Contato"},"content":{"rendered":"<p style=\"text-align: center\">Universidade Federal de Pelotas &#8211; UFPel<\/p>\n<p style=\"text-align: center\">Campus Cap\u00e3o do Le\u00e3o<\/p>\n<p style=\"text-align: center\">Hospital de Cl\u00ednicas Veterin\u00e1rias<\/p>\n<p style=\"text-align: center\">E-mail:<a href=\"mailto:prodicufpel@gmail.com\"> <strong>prodicufpel@gmail.com<\/strong><\/a><\/p>\n<p style=\"text-align: center\">Instagram e Facebook: <strong>@prodic.vet<\/strong><\/p>\n<p style=\"text-align: center\">\n","protected":false},"excerpt":{"rendered":"<p>Universidade Federal de Pelotas &#8211; UFPel Campus Cap\u00e3o do Le\u00e3o Hospital de Cl\u00ednicas Veterin\u00e1rias E-mail: prodicufpel@gmail.com Instagram e Facebook: @prodic.vet<\/p>\n","protected":false},"author":549,"featured_media":0,"parent":0,"menu_order":0,"comment_status":"closed","ping_status":"closed","template":"","meta":{"footnotes":""},"class_list":["post-61","page","type-page","status-publish","hentry","nodate","item-wrap"],"_links":{"self":[{"href":"https:\/\/wp.ufpel.edu.br\/prodic\/wp-json\/wp\/v2\/pages\/61","targetHints":{"allow":["GET"]}}],"collection":[{"href":"https:\/\/wp.ufpel.edu.br\/prodic\/wp-json\/wp\/v2\/pages"}],"about":[{"href":"https:\/\/wp.ufpel.edu.br\/prodic\/wp-json\/wp\/v2\/types\/page"}],"author":[{"embeddable":true,"href":"https:\/\/wp.ufpel.edu.br\/prodic\/wp-json\/wp\/v2\/users\/549"}],"replies":[{"embeddable":true,"href":"https:\/\/wp.ufpel.edu.br\/prodic\/wp-json\/wp\/v2\/comments?post=61"}],"version-history":[{"count":4,"href":"https:\/\/wp.ufpel.edu.br\/prodic\/wp-json\/wp\/v2\/pages\/61\/revisions"}],"predecessor-version":[{"id":308,"href":"https:\/\/wp.ufpel.edu.br\/prodic\/wp-json\/wp\/v2\/pages\/61\/revisions\/308"}],"wp:attachment":[{"href":"https:\/\/wp.ufpel.edu.br\/prodic\/wp-json\/wp\/v2\/media?parent=61"}],"curies":[{"name":"wp","href":"https:\/\/api.w.org\/{rel}","templated":true}]}}