{"id":291,"date":"2019-12-27T11:08:42","date_gmt":"2019-12-27T14:08:42","guid":{"rendered":"https:\/\/wp.ufpel.edu.br\/prodic\/?page_id=291"},"modified":"2020-05-30T23:52:30","modified_gmt":"2020-05-31T02:52:30","slug":"sobre","status":"publish","type":"page","link":"https:\/\/wp.ufpel.edu.br\/prodic\/sobre\/","title":{"rendered":"Quem somos?"},"content":{"rendered":"<p style=\"text-align: justify\">O PRODIC \u00e9 o Projeto\u00a0<em>Dioctophyme renale\u00a0<\/em>em c\u00e3es e gatos da Universidade Federal de Pelotas. Com o intuito de estudar o parasito\u00a0<em>Dioctophyme renale<\/em>, causador da doen\u00e7a dioctofimatose, o Grupo vem desde 2012 desempenhando a\u00e7\u00f5es de ensino, pesquisa e extens\u00e3o na Faculdade de Veterin\u00e1ria &#8211; UFPel, sob orienta\u00e7\u00e3o da Professora Dra. Josaine Rappeti.<\/p>\n<p style=\"text-align: justify\">Com a participa\u00e7\u00e3o de professores, t\u00e9cnicos administrativos, p\u00f3s-graduandos e graduandos de diversas \u00e1reas, tanto da UFPel quanto de outras institui\u00e7\u00f5es, o PRODIC tem se consolidado como refer\u00eancia no tratamento dos animais parasitados por\u00a0<em>D. renale<\/em> na regi\u00e3o de Pelotas, no Rio Grande do Sul. O atendimento destes pacientes \u00e9 realizado no Hospital de Cl\u00ednicas Veterin\u00e1rias da Universidade Federal de Pelotas.\u00a0Tal regi\u00e3o \u00e9 end\u00eamica para o parasito, sendo considerada, a n\u00edvel mundial, como a regi\u00e3o de maior ocorr\u00eancia da parasitose em c\u00e3es, gatos e animais silvestres.<\/p>\n","protected":false},"excerpt":{"rendered":"<p>O PRODIC \u00e9 o Projeto\u00a0Dioctophyme renale\u00a0em c\u00e3es e gatos da Universidade Federal de Pelotas. Com o intuito de estudar o parasito\u00a0Dioctophyme renale, causador da doen\u00e7a dioctofimatose, o Grupo vem desde 2012 desempenhando a\u00e7\u00f5es de ensino, pesquisa e extens\u00e3o na Faculdade de Veterin\u00e1ria &#8211; UFPel, sob orienta\u00e7\u00e3o da Professora Dra. Josaine Rappeti. Com a participa\u00e7\u00e3o de &hellip; <\/p>\n<p><a class=\"more-link btn\" href=\"https:\/\/wp.ufpel.edu.br\/prodic\/sobre\/\">Continue lendo<\/a><\/p>\n","protected":false},"author":549,"featured_media":0,"parent":0,"menu_order":0,"comment_status":"closed","ping_status":"closed","template":"","meta":{"footnotes":""},"class_list":["post-291","page","type-page","status-publish","hentry","nodate","item-wrap"],"_links":{"self":[{"href":"https:\/\/wp.ufpel.edu.br\/prodic\/wp-json\/wp\/v2\/pages\/291","targetHints":{"allow":["GET"]}}],"collection":[{"href":"https:\/\/wp.ufpel.edu.br\/prodic\/wp-json\/wp\/v2\/pages"}],"about":[{"href":"https:\/\/wp.ufpel.edu.br\/prodic\/wp-json\/wp\/v2\/types\/page"}],"author":[{"embeddable":true,"href":"https:\/\/wp.ufpel.edu.br\/prodic\/wp-json\/wp\/v2\/users\/549"}],"replies":[{"embeddable":true,"href":"https:\/\/wp.ufpel.edu.br\/prodic\/wp-json\/wp\/v2\/comments?post=291"}],"version-history":[{"count":5,"href":"https:\/\/wp.ufpel.edu.br\/prodic\/wp-json\/wp\/v2\/pages\/291\/revisions"}],"predecessor-version":[{"id":349,"href":"https:\/\/wp.ufpel.edu.br\/prodic\/wp-json\/wp\/v2\/pages\/291\/revisions\/349"}],"wp:attachment":[{"href":"https:\/\/wp.ufpel.edu.br\/prodic\/wp-json\/wp\/v2\/media?parent=291"}],"curies":[{"name":"wp","href":"https:\/\/api.w.org\/{rel}","templated":true}]}}