{"id":947,"date":"2019-04-25T16:23:41","date_gmt":"2019-04-25T19:23:41","guid":{"rendered":"https:\/\/wp.ufpel.edu.br\/processosgerenciais\/?page_id=947"},"modified":"2021-08-16T04:13:48","modified_gmt":"2021-08-16T07:13:48","slug":"instrucoes-sobre-formatura","status":"publish","type":"page","link":"https:\/\/wp.ufpel.edu.br\/processosgerenciais\/instrucoes-sobre-formatura\/","title":{"rendered":"Instru\u00e7\u00f5es Sobre Formatura"},"content":{"rendered":"<p><a href=\"https:\/\/drive.google.com\/open?id=1T3ba4GxmldR0sC4SmZ2zAJsBkffqUUFC\">Instru\u00e7\u00f5es do CRA quanto \u00e0 formaturas a partir de 2019\/1<\/a><\/p>\n","protected":false},"excerpt":{"rendered":"<p>Instru\u00e7\u00f5es do CRA quanto \u00e0 formaturas a partir de 2019\/1<\/p>\n","protected":false},"author":99,"featured_media":0,"parent":0,"menu_order":0,"comment_status":"closed","ping_status":"closed","template":"","meta":{"footnotes":""},"class_list":["post-947","page","type-page","status-publish","hentry"],"_links":{"self":[{"href":"https:\/\/wp.ufpel.edu.br\/processosgerenciais\/wp-json\/wp\/v2\/pages\/947","targetHints":{"allow":["GET"]}}],"collection":[{"href":"https:\/\/wp.ufpel.edu.br\/processosgerenciais\/wp-json\/wp\/v2\/pages"}],"about":[{"href":"https:\/\/wp.ufpel.edu.br\/processosgerenciais\/wp-json\/wp\/v2\/types\/page"}],"author":[{"embeddable":true,"href":"https:\/\/wp.ufpel.edu.br\/processosgerenciais\/wp-json\/wp\/v2\/users\/99"}],"replies":[{"embeddable":true,"href":"https:\/\/wp.ufpel.edu.br\/processosgerenciais\/wp-json\/wp\/v2\/comments?post=947"}],"version-history":[{"count":1,"href":"https:\/\/wp.ufpel.edu.br\/processosgerenciais\/wp-json\/wp\/v2\/pages\/947\/revisions"}],"predecessor-version":[{"id":948,"href":"https:\/\/wp.ufpel.edu.br\/processosgerenciais\/wp-json\/wp\/v2\/pages\/947\/revisions\/948"}],"wp:attachment":[{"href":"https:\/\/wp.ufpel.edu.br\/processosgerenciais\/wp-json\/wp\/v2\/media?parent=947"}],"curies":[{"name":"wp","href":"https:\/\/api.w.org\/{rel}","templated":true}]}}