{"id":440,"date":"2014-10-21T21:10:22","date_gmt":"2014-10-21T23:10:22","guid":{"rendered":"https:\/\/wp.ufpel.edu.br\/processosgerenciais\/?page_id=440"},"modified":"2023-12-08T18:33:18","modified_gmt":"2023-12-08T21:33:18","slug":"projeto-pedagogico-do-curso-e-outros-documentos","status":"publish","type":"page","link":"https:\/\/wp.ufpel.edu.br\/processosgerenciais\/projeto-pedagogico-do-curso-e-outros-documentos\/","title":{"rendered":"Projeto Pedag\u00f3gico e Outros Documentos"},"content":{"rendered":"<p><a href=\"https:\/\/wp.ufpel.edu.br\/processosgerenciais\/files\/2023\/03\/Regimento-Interno-do-NDE-PG.pdf\">Regimento Interno do NDE do Curso<\/a><\/p>\n<p><a href=\"https:\/\/wp.ufpel.edu.br\/processosgerenciais\/files\/2023\/12\/PPC-PROCESSOS-GERENCIAIS-FINAL-COM-SUMARIO-ATUALIZADO-com-ficha-on-line-1.pdf\">PPC Novo (V\u00e1lido a partir de 2022\/1)<\/a><\/p>\n<p><a href=\"https:\/\/drive.google.com\/file\/d\/0B1QwfXmV8VYHSnV4RC01UTRNN0U\/view?usp=sharing\">PPC antigo (v\u00e1lido at\u00e9 o fim do semestre 2021\/2)<\/a><\/p>\n<p><a href=\"https:\/\/wp.ufpel.edu.br\/processosgerenciais\/files\/2022\/08\/fluxograma-PG.pdf\">Fluxograma<\/a><\/p>\n<p><a href=\"https:\/\/wp.ufpel.edu.br\/processosgerenciais\/files\/2019\/02\/curriculo_curso_7300-1.pdf\" target=\"_blank\" rel=\"noopener noreferrer\">Curr\u00edculo do Curso de Processos Gerenciais (AT\u00c9 2021\/2)<\/a><\/p>\n<p><a href=\"https:\/\/wp.ufpel.edu.br\/processosgerenciais\/files\/2022\/06\/curriculo_curso_7300.pdf\">Curr\u00edculo do Curso de Processos Gerenciais (A PARTIR DE 2022\/1)<\/a><\/p>\n<p><a href=\"https:\/\/drive.google.com\/open?id=1YpD86TaWkUf8aRuX90Zbh6L_OrL5FCI6\" target=\"_blank\" rel=\"noopener noreferrer\">Caracteriza\u00e7\u00f5es assinadas e carimbadas<\/a><\/p>\n<p><a href=\"https:\/\/drive.google.com\/file\/d\/1mhw5lXylxjZYsKUrFFKOZg-us4zWe--9\/view?usp=sharing\" rel=\"noopener noreferrer\">Novo Regulamento de Gradua\u00e7\u00e3o UFPEL &#8211; APROVADO EM 13\/09\/2018<\/a><\/p>\n<p><a href=\"https:\/\/wp.ufpel.edu.br\/processosgerenciais\/files\/2021\/04\/Termo_de_autorizacao_para_inserir_TCC_e_TCCP_nas_bases_de_dados_da_UFPel__Novo_.pdf\">Termo de autoriza\u00e7\u00e3o para inserir trabalhos acad\u00eamicos (TCC e TCCP) na base de dados da UFPel<\/a><\/p>\n<p><a href=\"https:\/\/wp.ufpel.edu.br\/processosgerenciais\/files\/2022\/08\/SEI_UFPel-1800803-Parecer-Normativo-COCEPE.pdf\">Regimento do Colegiado do Curso &#8211; PARECER NORMATIVO N\u00ba 75, DE 28\/07\/2022<\/a><\/p>\n<p><a href=\"https:\/\/wp.ufpel.edu.br\/processosgerenciais\/files\/2023\/10\/ACFrOgBhRGk65p2lGjSAeUqJmlGMgU3oONny4NHnngc9sSNTx_cLysqg2dJqGDNp_g_ce16QBCuhZP2aeQujkGeX2irJgZFcvsTbOj1dZhxxhpPC7pRqRmDnxDwFg7BMD7QzwPBwLJlUzq8QXl8A.pdf\">ENUNCIADO N\u00ba 01\/2023, que disp\u00f5es sobre a equival\u00eancia da disciplina de Legisla\u00e7\u00e3o e \u00c9tica Profissional para \u00c9tica e Direitos Humanos<\/a><\/p>\n","protected":false},"excerpt":{"rendered":"<p>Regimento Interno do NDE do Curso PPC Novo (V\u00e1lido a partir de 2022\/1) PPC antigo (v\u00e1lido at\u00e9 o fim do semestre 2021\/2) Fluxograma Curr\u00edculo do Curso de Processos Gerenciais (AT\u00c9 2021\/2) Curr\u00edculo do Curso de Processos Gerenciais (A PARTIR DE 2022\/1) Caracteriza\u00e7\u00f5es assinadas e carimbadas Novo Regulamento de Gradua\u00e7\u00e3o UFPEL &#8211; APROVADO EM 13\/09\/2018 Termo [&hellip;]<\/p>\n","protected":false},"author":99,"featured_media":0,"parent":0,"menu_order":0,"comment_status":"closed","ping_status":"closed","template":"","meta":{"footnotes":""},"class_list":["post-440","page","type-page","status-publish","hentry"],"_links":{"self":[{"href":"https:\/\/wp.ufpel.edu.br\/processosgerenciais\/wp-json\/wp\/v2\/pages\/440","targetHints":{"allow":["GET"]}}],"collection":[{"href":"https:\/\/wp.ufpel.edu.br\/processosgerenciais\/wp-json\/wp\/v2\/pages"}],"about":[{"href":"https:\/\/wp.ufpel.edu.br\/processosgerenciais\/wp-json\/wp\/v2\/types\/page"}],"author":[{"embeddable":true,"href":"https:\/\/wp.ufpel.edu.br\/processosgerenciais\/wp-json\/wp\/v2\/users\/99"}],"replies":[{"embeddable":true,"href":"https:\/\/wp.ufpel.edu.br\/processosgerenciais\/wp-json\/wp\/v2\/comments?post=440"}],"version-history":[{"count":22,"href":"https:\/\/wp.ufpel.edu.br\/processosgerenciais\/wp-json\/wp\/v2\/pages\/440\/revisions"}],"predecessor-version":[{"id":1284,"href":"https:\/\/wp.ufpel.edu.br\/processosgerenciais\/wp-json\/wp\/v2\/pages\/440\/revisions\/1284"}],"wp:attachment":[{"href":"https:\/\/wp.ufpel.edu.br\/processosgerenciais\/wp-json\/wp\/v2\/media?parent=440"}],"curies":[{"name":"wp","href":"https:\/\/api.w.org\/{rel}","templated":true}]}}