{"id":1317,"date":"2025-08-13T14:16:01","date_gmt":"2025-08-13T17:16:01","guid":{"rendered":"https:\/\/wp.ufpel.edu.br\/processosgerenciais\/?page_id=1317"},"modified":"2025-08-13T14:17:51","modified_gmt":"2025-08-13T17:17:51","slug":"enade2025","status":"publish","type":"page","link":"https:\/\/wp.ufpel.edu.br\/processosgerenciais\/enade2025\/","title":{"rendered":"ENADE 2025"},"content":{"rendered":"<h1 class=\"post-title entry-title\">ENADE 2025<\/h1>\n<p style=\"text-align: center;\"><strong>QUEM \u00c9 CONSIDERADO INGRESSANTE PARA O ENADE 2025?<\/strong><\/p>\n<p>Aqueles que tenham iniciado o respectivo curso em 2025, estejam devidamente matriculados e tenham de 0 a 25% da carga hor\u00e1ria m\u00ednima do curr\u00edculo do curso integralizada at\u00e9 o \u00faltimo dia do per\u00edodo de retifica\u00e7\u00e3o de inscri\u00e7\u00f5es dos ingressantes do Enade, que \u00e9 em 30\/10\/2025.<\/p>\n<p style=\"text-align: center;\"><strong>QUEM \u00c9 CONSIDERADO CONCLUINTE PARA O ENADE 2025?<\/strong><\/p>\n<p>Aqueles que tenham previs\u00e3o de integraliza\u00e7\u00e3o de 80% ou mais da carga hor\u00e1ria m\u00ednima do curr\u00edculo do curso definido pela IES e n\u00e3o tenham previs\u00e3o de cola\u00e7\u00e3o de grau at\u00e9 31 de agosto de 2025,\u00a0<strong>OU<\/strong>\u00a0aqueles com previs\u00e3o de integraliza\u00e7\u00e3o de 100% da carga hor\u00e1ria do curso at\u00e9 julho de 2026.<\/p>\n<h3 class=\"section-title text-xl\" style=\"text-align: center;\">FIQUE ATENTO(A) \u00c0S DATAS E INFORMA\u00c7\u00d5ES IMPORTANTES:<\/h3>\n<p style=\"text-align: center;\"><span style=\"color: #ff0000;\"><strong><span class=\"font-bold text-lg text-red-600\">PROVA TE\u00d3RICA:<\/span><\/strong><\/span><br \/>\n<span class=\"text-2xl font-extrabold text-red-700 flex items-center justify-center mt-1\" style=\"color: #ff0000;\"><span class=\"icon\">\ufe0f\u00a0<\/span>23 de novembro de 2025<\/span><\/p>\n<p style=\"text-align: center;\"><strong><span class=\"font-semibold\">Preenchimento do cadastro e question\u00e1rio obrigat\u00f3rio do estudante concluinte:<\/span><\/strong><br \/>\n<span class=\"flex items-center justify-center mt-1\"><span class=\"icon\">\ufe0f\u00a0<\/span>14 de julho a 22 de novembro de 2025<\/span><\/p>\n<p style=\"text-align: center;\"><span style=\"font-size: 18pt;\"><a href=\"https:\/\/enade.inep.gov.br\/enade\/#!\/index\" target=\"_blank\" rel=\"noopener\"><button class=\"mt-2 w-full bg-blue-500 hover:bg-blue-600 text-white font-bold py-2 px-4 rounded-lg transition duration-300 ease-in-out transform hover:scale-105 focus:outline-none focus:ring-2 focus:ring-blue-400 focus:ring-opacity-50\">Preencher Cadastro e Question\u00e1rio<\/button><\/a><\/span><\/p>\n<p>&nbsp;<\/p>\n<p style=\"text-align: center;\"><strong><span class=\"font-semibold\">Solicita\u00e7\u00e3o de atendimento especializado e tratamento pelo nome social pelo estudante concluinte:<\/span><\/strong><br \/>\n<span class=\"flex items-center justify-center mt-1\"><span class=\"icon\">\ufe0f\u00a0<\/span>14 a 25 de julho de 2025<\/span><\/p>\n<p>&nbsp;<\/p>\n<p style=\"text-align: center;\"><strong><span class=\"font-semibold\">Consulta do local de realiza\u00e7\u00e3o das provas:<\/span><\/strong><br \/>\n<span class=\"flex items-center justify-center mt-1\"><span class=\"icon\">\ufe0f\u00a0<\/span>03 a 23 de novembro de 2025<\/span><\/p>\n<p>&nbsp;<\/p>\n<p style=\"text-align: center;\"><strong><span class=\"font-semibold\">Solicita\u00e7\u00e3o de dispensa de participa\u00e7\u00e3o na prova pelo estudante concluinte:<\/span><\/strong><br \/>\n<span class=\"flex items-center justify-center mt-1\"><span class=\"icon\">\ufe0f\u00a0<\/span>14 de janeiro a 6 de fevereiro de 2026<\/span><\/p>\n<p>&nbsp;<\/p>\n<h3 class=\"section-title text-xl\" style=\"text-align: center;\">CANAIS DE APOIO E DOCUMENTOS ESSENCIAIS:<\/h3>\n<p style=\"text-align: center;\"><span class=\"font-semibold\"><strong>ABERTURA DE SOLICITA\u00c7\u00c3O PORTAL MEC \u2013 ENADE 2025:<\/strong><\/span><\/p>\n<p style=\"text-align: center;\"><span style=\"font-size: 18pt;\"><a href=\"https:\/\/mecsp.metasix.solutions\/portal\" target=\"_blank\" rel=\"noopener\"><button class=\"mt-2 w-full bg-blue-500 hover:bg-blue-600 text-white font-bold py-2 px-4 rounded-lg transition duration-300 ease-in-out transform hover:scale-105 focus:outline-none focus:ring-2 focus:ring-blue-400 focus:ring-opacity-50\">Acesse o Portal MEC<\/button><\/a><\/span><\/p>\n<p style=\"text-align: center;\"><strong><span class=\"font-semibold\">DEMANDA FALE CONOSCO INEP:<\/span><\/strong><br \/>\n<span class=\"flex items-center mt-1\"><span class=\"highlight-text\">0800-616161<\/span><\/span><\/p>\n<p style=\"text-align: center;\"><strong><span class=\"font-semibold\">DOCUMENTOS COM LEITURA RECOMENDADA:<\/span><\/strong><\/p>\n<p style=\"text-align: center;\"><span style=\"font-size: 18pt;\"><a href=\"https:\/\/wp.ufpel.edu.br\/cursodeadministracao\/files\/2025\/07\/EDITAL-N-57-DE-29-DE-MAIO-DE-2025.pdf\" target=\"_blank\" rel=\"noopener\"><button class=\"w-full bg-gray-200 hover:bg-gray-300 text-gray-800 font-bold py-2 px-4 rounded-lg transition duration-300 ease-in-out transform hover:scale-105 focus:outline-none focus:ring-2 focus:ring-gray-400 focus:ring-opacity-50 text-left\">\u00a0Edital INEP n\u00ba 57\/2025<\/button><\/a><\/span><\/p>\n<p style=\"text-align: center;\"><span style=\"font-size: 18pt;\"><a href=\"https:\/\/wp.ufpel.edu.br\/cursodeadministracao\/files\/2025\/07\/PORTARIA-N-359-DE-29-DE-MAIO-DE-2025.pdf\" target=\"_blank\" rel=\"noopener\"><button class=\"w-full bg-gray-200 hover:bg-gray-300 text-gray-800 font-bold py-2 px-4 rounded-lg transition duration-300 ease-in-out transform hover:scale-105 focus:outline-none focus:ring-2 focus:ring-gray-400 focus:ring-opacity-50 text-left\">\u00a0Portaria INEP n\u00ba 359\/2025<\/button><\/a><\/span><\/p>\n<p style=\"text-align: center;\"><span style=\"font-size: 18pt;\"><a href=\"https:\/\/wp.ufpel.edu.br\/cursodeadministracao\/files\/2025\/07\/EDITAL-N-60-DE-5-DE-JUNHO-DE-2025.pdf\" target=\"_blank\" rel=\"noopener\"><button class=\"w-full bg-gray-200 hover:bg-gray-300 text-gray-800 font-bold py-2 px-4 rounded-lg transition duration-300 ease-in-out transform hover:scale-105 focus:outline-none focus:ring-2 focus:ring-gray-400 focus:ring-opacity-50 text-left\">\u00a0Edital INEP n\u00ba 60\/2025<\/button><\/a><\/span><\/p>\n<p style=\"text-align: center;\"><strong><span class=\"font-semibold\">PROVAS E GABARITOS ENADE DAS EDI\u00c7\u00d5ES ANTERIORES:<\/span><\/strong><\/p>\n<p style=\"text-align: center;\"><span style=\"font-size: 18pt;\"><a href=\"https:\/\/www.gov.br\/inep\/pt-br\/areas-de-atuacao\/avaliacao-e-exames-educacionais\/enade\/provas-e-gabaritos\" target=\"_blank\" rel=\"noopener\"><button class=\"w-full bg-gray-200 hover:bg-gray-300 text-gray-800 font-bold py-2 px-4 rounded-lg transition duration-300 ease-in-out transform hover:scale-105 focus:outline-none focus:ring-2 focus:ring-gray-400 focus:ring-opacity-50 text-left\">\u00a0Provas e Gabaritos<\/button><\/a><\/span><\/p>\n","protected":false},"excerpt":{"rendered":"<p>ENADE 2025 QUEM \u00c9 CONSIDERADO INGRESSANTE PARA O ENADE 2025? Aqueles que tenham iniciado o respectivo curso em 2025, estejam devidamente matriculados e tenham de 0 a 25% da carga hor\u00e1ria m\u00ednima do curr\u00edculo do curso integralizada at\u00e9 o \u00faltimo dia do per\u00edodo de retifica\u00e7\u00e3o de inscri\u00e7\u00f5es dos ingressantes do Enade, que \u00e9 em 30\/10\/2025. [&hellip;]<\/p>\n","protected":false},"author":99,"featured_media":0,"parent":0,"menu_order":0,"comment_status":"closed","ping_status":"closed","template":"","meta":{"footnotes":""},"class_list":["post-1317","page","type-page","status-publish","hentry"],"_links":{"self":[{"href":"https:\/\/wp.ufpel.edu.br\/processosgerenciais\/wp-json\/wp\/v2\/pages\/1317","targetHints":{"allow":["GET"]}}],"collection":[{"href":"https:\/\/wp.ufpel.edu.br\/processosgerenciais\/wp-json\/wp\/v2\/pages"}],"about":[{"href":"https:\/\/wp.ufpel.edu.br\/processosgerenciais\/wp-json\/wp\/v2\/types\/page"}],"author":[{"embeddable":true,"href":"https:\/\/wp.ufpel.edu.br\/processosgerenciais\/wp-json\/wp\/v2\/users\/99"}],"replies":[{"embeddable":true,"href":"https:\/\/wp.ufpel.edu.br\/processosgerenciais\/wp-json\/wp\/v2\/comments?post=1317"}],"version-history":[{"count":3,"href":"https:\/\/wp.ufpel.edu.br\/processosgerenciais\/wp-json\/wp\/v2\/pages\/1317\/revisions"}],"predecessor-version":[{"id":1320,"href":"https:\/\/wp.ufpel.edu.br\/processosgerenciais\/wp-json\/wp\/v2\/pages\/1317\/revisions\/1320"}],"wp:attachment":[{"href":"https:\/\/wp.ufpel.edu.br\/processosgerenciais\/wp-json\/wp\/v2\/media?parent=1317"}],"curies":[{"name":"wp","href":"https:\/\/api.w.org\/{rel}","templated":true}]}}