{"id":6,"date":"2014-10-06T14:51:46","date_gmt":"2014-10-06T17:51:46","guid":{"rendered":"https:\/\/wp.ufpel.edu.br\/problematicando\/?page_id=6"},"modified":"2014-10-09T15:41:11","modified_gmt":"2014-10-09T18:41:11","slug":"problematicando","status":"publish","type":"page","link":"https:\/\/wp.ufpel.edu.br\/problematicando\/","title":{"rendered":"IN\u00cdCIO"},"content":{"rendered":"<h2 style=\"text-align: justify;\">Pensar Logicamente faz parte do nosso \u201c<span style=\"color: #993366;\">ser humano<\/span>\u201d.<\/h2>\n<h2 style=\"text-align: justify;\">Existimos a partir do momento em que nossa exist\u00eancia impacta, de alguma forma, o mundo no qual vivemos.<\/h2>\n<p style=\"text-align: justify;\"><div class=\"pullquote alignleft\" style=\"width:100%;\"><p><em><span style=\"color: #800080;\"> <span style=\"font-family: trebuchet ms,geneva;\"><strong>Dubito ergo cogito ergo sum<\/strong> <\/span><\/span><\/em><\/p>\n<p style=\"text-align: right;\"><strong><span style=\"color: #800080;\"><span style=\"color: #808080;\"><span style=\"font-size: 11pt;\">Ren\u00e9 Descartes <\/span><\/span><\/span><\/strong><\/p>\n<\/div><\/p>\n<blockquote>\n<address>\u201c<span class=\"st\"><em>Eu duvido , logo penso , logo existo\u201d (tradu\u00e7\u00e3o)<br \/>\n<\/em><\/span><\/address>\n<\/blockquote>\n<h2 style=\"text-align: justify;\">Por\u00e9m, n\u00e3o vivemos s\u00f3s! Precisamos, ent\u00e3o, considerar a exist\u00eancia do pensamento coletivo:<\/h2>\n<p style=\"text-align: justify;\"><div class=\"pullquote alignleft\" style=\"width:100%;\"><p>\n<em><strong><span style=\"color: #800080;\"><span style=\"font-family: trebuchet ms,geneva;\">Formamos uma intelig\u00eancia coletiva, logo existimos como comunidade<\/span><\/span><\/strong><\/em><\/p>\n<p style=\"text-align: right;\"><strong><span style=\"color: #800080;\"><span style=\"color: #808080;\"><span style=\"font-size: 11pt;\">Pierre L\u00e9vy <\/span><\/span><\/span><\/strong><\/p>\n<\/div><\/p>\n<h2 style=\"text-align: justify;\"><span style=\"color: #ffffff;\">.<\/span><\/h2>\n<h2 style=\"text-align: justify;\">Ser cidad\u00e3o \u00e9 ousar pensar de forma cr\u00edtica e respons\u00e1vel. <strong>Duvidar de algo \u00e9 raciocinar logicamente <\/strong>\u2013 a verdade n\u00e3o est\u00e1 pronta, acabada &#8211; Podemos e devemos question\u00e1-la, para, assim, chegarmos a alguma conclus\u00e3o.<\/h2>\n<p>&nbsp;<\/p>\n<h2 style=\"text-align: justify;\"><div class=\"important_block message-block alert alert-success\" role=\"alert\"><p class=\"printonly\"><strong>Important!<\/strong><\/p>Nesta p\u00e1gina voc\u00eas ser\u00e3o os protagonistas.<br \/>\n<span style=\"color: #993366;\"><strong>UNAM-SE E PRODUZAM CONHECIMENTO!<\/strong><\/span><\/div><\/h2>\n<h2 style=\"text-align: justify;\">Voc\u00eas, dotados de racioc\u00ednio l\u00f3gico e criativo, v\u00e3o encontrar aqui desafios que os far\u00e3o questionar, refletir e, assim, existir!<\/h2>\n<h2 style=\"text-align: justify;\"><span class=\"Apple-style-span\"><img loading=\"lazy\" decoding=\"async\" class=\"alignnone size-full wp-image-5\" src=\"https:\/\/wp.ufpel.edu.br\/problematicando\/files\/2014\/09\/1-YcT4KgoUnVkJ4XGxVLJoKA.png\" alt=\"1 YcT4KgoUnVkJ4XGxVLJoKA\" width=\"691\" height=\"347\" srcset=\"https:\/\/wp.ufpel.edu.br\/problematicando\/files\/2014\/09\/1-YcT4KgoUnVkJ4XGxVLJoKA.png 691w, https:\/\/wp.ufpel.edu.br\/problematicando\/files\/2014\/09\/1-YcT4KgoUnVkJ4XGxVLJoKA-212x106.png 212w, https:\/\/wp.ufpel.edu.br\/problematicando\/files\/2014\/09\/1-YcT4KgoUnVkJ4XGxVLJoKA-424x212.png 424w, https:\/\/wp.ufpel.edu.br\/problematicando\/files\/2014\/09\/1-YcT4KgoUnVkJ4XGxVLJoKA-340x170.png 340w\" sizes=\"auto, (max-width: 691px) 100vw, 691px\" \/><\/span><\/h2>\n","protected":false},"excerpt":{"rendered":"<p>Pensar Logicamente faz parte do nosso \u201cser humano\u201d. Existimos a partir do momento em que nossa exist\u00eancia impacta, de alguma forma, o mundo no qual vivemos. \u201cEu duvido , logo penso , logo existo\u201d (tradu\u00e7\u00e3o) Por\u00e9m, n\u00e3o vivemos s\u00f3s! Precisamos, ent\u00e3o, considerar a exist\u00eancia do pensamento coletivo: . Ser cidad\u00e3o \u00e9 ousar pensar de forma &hellip; <\/p>\n<p><a class=\"more-link btn\" href=\"https:\/\/wp.ufpel.edu.br\/problematicando\/\">Continue lendo<\/a><\/p>\n","protected":false},"author":449,"featured_media":0,"parent":0,"menu_order":0,"comment_status":"closed","ping_status":"closed","template":"","meta":{"jetpack_post_was_ever_published":false,"footnotes":""},"class_list":["post-6","page","type-page","status-publish","hentry","nodate","item-wrap"],"jetpack_sharing_enabled":true,"jetpack_shortlink":"https:\/\/wp.me\/P59T5d-6","_links":{"self":[{"href":"https:\/\/wp.ufpel.edu.br\/problematicando\/wp-json\/wp\/v2\/pages\/6","targetHints":{"allow":["GET"]}}],"collection":[{"href":"https:\/\/wp.ufpel.edu.br\/problematicando\/wp-json\/wp\/v2\/pages"}],"about":[{"href":"https:\/\/wp.ufpel.edu.br\/problematicando\/wp-json\/wp\/v2\/types\/page"}],"author":[{"embeddable":true,"href":"https:\/\/wp.ufpel.edu.br\/problematicando\/wp-json\/wp\/v2\/users\/449"}],"replies":[{"embeddable":true,"href":"https:\/\/wp.ufpel.edu.br\/problematicando\/wp-json\/wp\/v2\/comments?post=6"}],"version-history":[{"count":26,"href":"https:\/\/wp.ufpel.edu.br\/problematicando\/wp-json\/wp\/v2\/pages\/6\/revisions"}],"predecessor-version":[{"id":156,"href":"https:\/\/wp.ufpel.edu.br\/problematicando\/wp-json\/wp\/v2\/pages\/6\/revisions\/156"}],"wp:attachment":[{"href":"https:\/\/wp.ufpel.edu.br\/problematicando\/wp-json\/wp\/v2\/media?parent=6"}],"curies":[{"name":"wp","href":"https:\/\/api.w.org\/{rel}","templated":true}]}}