{"id":969,"date":"2013-10-01T11:50:07","date_gmt":"2013-10-01T14:50:07","guid":{"rendered":"https:\/\/wp.ufpel.edu.br\/proben\/?page_id=969"},"modified":"2026-01-31T14:18:47","modified_gmt":"2026-01-31T17:18:47","slug":"museu-do-doce","status":"publish","type":"page","link":"https:\/\/wp.ufpel.edu.br\/proben\/proben-educacao\/transparencia-de-contas-3\/museu-do-doce\/","title":{"rendered":"Casar\u00e3o 8 &#8211; Museu do Doce"},"content":{"rendered":"<p style=\"text-align: center;\"><strong>Casar\u00e3o 8 &#8211; Museu do Doce\u00a0<\/strong><\/p>\n<p><img loading=\"lazy\" decoding=\"async\" class=\"aligncenter size-full wp-image-17037\" src=\"https:\/\/wp.ufpel.edu.br\/proben\/files\/2021\/02\/2021-02-09-2.png\" alt=\"\" width=\"730\" height=\"472\" srcset=\"https:\/\/wp.ufpel.edu.br\/proben\/files\/2021\/02\/2021-02-09-2.png 730w, https:\/\/wp.ufpel.edu.br\/proben\/files\/2021\/02\/2021-02-09-2-400x259.png 400w\" sizes=\"auto, (max-width: 730px) 100vw, 730px\" \/><\/p>\n<p style=\"text-align: center;\"><span style=\"font-size: 8pt;\">Fonte: Google<\/span><\/p>\n<p style=\"text-align: center;\">Pra\u00e7a Coronel Pedro Os\u00f3rio, n\u00b08<\/p>\n<p style=\"text-align: center;\"><em>Utilizado por funci<\/em><em>on\u00e1rios;<\/em><\/p>\n<p style=\"text-align: center;\"><a href=\"https:\/\/wp.ufpel.edu.br\/proben\/acoes-4\/adequacao-do-sistema-tarifario\/\">\u00a0Sistema Tarif\u00e1rio: Baixa Tens\u00e3o<\/a>*<\/p>\n<p style=\"text-align: center;\">N\u00famero de<strong>\u00a0<\/strong>instala\u00e7\u00e3o:\u00a0\u00a0 6457168-8<\/p>\n<p style=\"text-align: center;\">&#8211;<\/p>\n<p style=\"text-align: center;\"><strong>Hist\u00f3rico de cons<\/strong><strong>umo:<\/strong><\/p>\n<p><a href=\"https:\/\/wp.ufpel.edu.br\/proben\/files\/2026\/01\/imagem_2026-01-31_141804957.png\"><img loading=\"lazy\" decoding=\"async\" class=\"alignnone wp-image-29498 size-full\" src=\"https:\/\/wp.ufpel.edu.br\/proben\/files\/2026\/01\/imagem_2026-01-31_141804957.png\" alt=\"\" width=\"1151\" height=\"499\" srcset=\"https:\/\/wp.ufpel.edu.br\/proben\/files\/2026\/01\/imagem_2026-01-31_141804957.png 1151w, https:\/\/wp.ufpel.edu.br\/proben\/files\/2026\/01\/imagem_2026-01-31_141804957-400x173.png 400w, https:\/\/wp.ufpel.edu.br\/proben\/files\/2026\/01\/imagem_2026-01-31_141804957-1024x444.png 1024w, https:\/\/wp.ufpel.edu.br\/proben\/files\/2026\/01\/imagem_2026-01-31_141804957-768x333.png 768w, https:\/\/wp.ufpel.edu.br\/proben\/files\/2026\/01\/imagem_2026-01-31_141804957-600x260.png 600w\" sizes=\"auto, (max-width: 1151px) 100vw, 1151px\" \/><\/a><\/p>\n<p style=\"text-align: center;\"><b>&#8211;\u00a0<\/b><\/p>\n<p style=\"text-align: center;\"><strong>Consumo nos \u00faltimos 12 m<\/strong><strong>eses:<\/strong><\/p>\n<p><a href=\"https:\/\/wp.ufpel.edu.br\/proben\/files\/2025\/12\/imagem_2025-12-19_140014895.png\"><img loading=\"lazy\" decoding=\"async\" class=\"alignnone wp-image-29028 size-full\" src=\"https:\/\/wp.ufpel.edu.br\/proben\/files\/2025\/12\/imagem_2025-12-19_140014895.png\" alt=\"\" width=\"952\" height=\"442\" srcset=\"https:\/\/wp.ufpel.edu.br\/proben\/files\/2025\/12\/imagem_2025-12-19_140014895.png 952w, https:\/\/wp.ufpel.edu.br\/proben\/files\/2025\/12\/imagem_2025-12-19_140014895-400x186.png 400w, https:\/\/wp.ufpel.edu.br\/proben\/files\/2025\/12\/imagem_2025-12-19_140014895-768x357.png 768w, https:\/\/wp.ufpel.edu.br\/proben\/files\/2025\/12\/imagem_2025-12-19_140014895-600x279.png 600w\" sizes=\"auto, (max-width: 952px) 100vw, 952px\" \/><\/a><\/p>\n<p>&nbsp;<\/p>\n<p>&nbsp;<\/p>\n<p style=\"text-align: center;\"><a href=\"https:\/\/wp.ufpel.edu.br\/proben\/files\/2026\/01\/Casarao8_MuseuDoDoce_dez_2025.xlsx\">Casar\u00e3o 8<\/a>&#8211; tabela para download<\/p>\n<p style=\"text-align: center;\">*\u00a0<a href=\"https:\/\/wp.ufpel.edu.br\/proben\/acoes-4\/adequacao-do-sistema-tarifario\/\">clique aqui\u00a0para entender como fazemos a\u00a0adequa\u00e7\u00e3o do sistema \u00a0tarif\u00e1rio<\/a><\/p>\n<p>&nbsp;<\/p>\n<p>&nbsp;<\/p>\n","protected":false},"excerpt":{"rendered":"<p>Casar\u00e3o 8 &#8211; Museu do Doce\u00a0 Fonte: Google Pra\u00e7a Coronel Pedro Os\u00f3rio, n\u00b08 Utilizado por funcion\u00e1rios; \u00a0Sistema Tarif\u00e1rio: Baixa Tens\u00e3o* N\u00famero de\u00a0instala\u00e7\u00e3o:\u00a0\u00a0 6457168-8 &#8211; Hist\u00f3rico de consumo: &#8211;\u00a0 Consumo nos \u00faltimos 12 meses: &nbsp; &nbsp; Casar\u00e3o 8&#8211; tabela para download *\u00a0clique aqui\u00a0para entender como fazemos a\u00a0adequa\u00e7\u00e3o do sistema \u00a0tarif\u00e1rio &nbsp; &nbsp;<\/p>\n","protected":false},"author":303,"featured_media":0,"parent":1056,"menu_order":0,"comment_status":"closed","ping_status":"closed","template":"","meta":{"footnotes":""},"class_list":["post-969","page","type-page","status-publish","hentry"],"jetpack_sharing_enabled":true,"_links":{"self":[{"href":"https:\/\/wp.ufpel.edu.br\/proben\/wp-json\/wp\/v2\/pages\/969","targetHints":{"allow":["GET"]}}],"collection":[{"href":"https:\/\/wp.ufpel.edu.br\/proben\/wp-json\/wp\/v2\/pages"}],"about":[{"href":"https:\/\/wp.ufpel.edu.br\/proben\/wp-json\/wp\/v2\/types\/page"}],"author":[{"embeddable":true,"href":"https:\/\/wp.ufpel.edu.br\/proben\/wp-json\/wp\/v2\/users\/303"}],"replies":[{"embeddable":true,"href":"https:\/\/wp.ufpel.edu.br\/proben\/wp-json\/wp\/v2\/comments?post=969"}],"version-history":[{"count":4,"href":"https:\/\/wp.ufpel.edu.br\/proben\/wp-json\/wp\/v2\/pages\/969\/revisions"}],"predecessor-version":[{"id":29500,"href":"https:\/\/wp.ufpel.edu.br\/proben\/wp-json\/wp\/v2\/pages\/969\/revisions\/29500"}],"up":[{"embeddable":true,"href":"https:\/\/wp.ufpel.edu.br\/proben\/wp-json\/wp\/v2\/pages\/1056"}],"wp:attachment":[{"href":"https:\/\/wp.ufpel.edu.br\/proben\/wp-json\/wp\/v2\/media?parent=969"}],"curies":[{"name":"wp","href":"https:\/\/api.w.org\/{rel}","templated":true}]}}