{"id":927,"date":"2013-10-01T10:30:54","date_gmt":"2013-10-01T13:30:54","guid":{"rendered":"https:\/\/wp.ufpel.edu.br\/proben\/?page_id=927"},"modified":"2026-01-18T22:05:06","modified_gmt":"2026-01-19T01:05:06","slug":"faculdade-de-medicina","status":"publish","type":"page","link":"https:\/\/wp.ufpel.edu.br\/proben\/proben-educacao\/transparencia-de-contas-3\/campi\/faculdade-de-medicina\/","title":{"rendered":"Faculdade de Medicina"},"content":{"rendered":"<p style=\"text-align: center;\"><strong>FAMED &#8211; \u00a0Faculdade de Medicina<\/strong><\/p>\n<p><img loading=\"lazy\" decoding=\"async\" class=\"aligncenter wp-image-14435\" src=\"https:\/\/wp.ufpel.edu.br\/proben\/files\/2019\/09\/Famed2.jpg\" alt=\"\" width=\"823\" height=\"265\" srcset=\"https:\/\/wp.ufpel.edu.br\/proben\/files\/2019\/09\/Famed2.jpg 1438w, https:\/\/wp.ufpel.edu.br\/proben\/files\/2019\/09\/Famed2-400x129.jpg 400w, https:\/\/wp.ufpel.edu.br\/proben\/files\/2019\/09\/Famed2-768x247.jpg 768w, https:\/\/wp.ufpel.edu.br\/proben\/files\/2019\/09\/Famed2-1024x330.jpg 1024w\" sizes=\"auto, (max-width: 823px) 100vw, 823px\" \/><\/p>\n<p style=\"text-align: center;\">Avenida Duque de Caxias, n\u00b0250<\/p>\n<p style=\"text-align: center;\"><em>Utilizado por alunos e funcion\u00e1rios da \u00e1rea de sa\u00fade;<\/em><\/p>\n<p style=\"text-align: center;\"><a href=\"https:\/\/wp.ufpel.edu.br\/proben\/acoes-4\/adequacao-do-sistema-tarifario\/\">Sistema Tarif\u00e1rio: Horossazonal Verde*<\/a><\/p>\n<p style=\"text-align: center;\">N\u00famero de<strong>\u00a0<\/strong>instala\u00e7\u00e3o:\u00a05545498-4 (alta tens\u00e3o)<\/p>\n<p>&nbsp;<\/p>\n<p style=\"text-align: center;\"><strong>Hist\u00f3rico de consumo:<\/strong><\/p>\n<p><a href=\"https:\/\/wp.ufpel.edu.br\/proben\/files\/2026\/01\/FACULDADE-DE-MEDICINA_2025.png\"><img loading=\"lazy\" decoding=\"async\" class=\"size-full wp-image-29174 aligncenter\" src=\"https:\/\/wp.ufpel.edu.br\/proben\/files\/2026\/01\/FACULDADE-DE-MEDICINA_2025.png\" alt=\"\" width=\"894\" height=\"449\" srcset=\"https:\/\/wp.ufpel.edu.br\/proben\/files\/2026\/01\/FACULDADE-DE-MEDICINA_2025.png 894w, https:\/\/wp.ufpel.edu.br\/proben\/files\/2026\/01\/FACULDADE-DE-MEDICINA_2025-400x201.png 400w, https:\/\/wp.ufpel.edu.br\/proben\/files\/2026\/01\/FACULDADE-DE-MEDICINA_2025-768x386.png 768w, https:\/\/wp.ufpel.edu.br\/proben\/files\/2026\/01\/FACULDADE-DE-MEDICINA_2025-597x300.png 597w\" sizes=\"auto, (max-width: 894px) 100vw, 894px\" \/><\/a><\/p>\n<p style=\"text-align: center;\">&#8211;<\/p>\n<p style=\"text-align: center;\"><strong>Consumo dos \u00faltimos 12 meses:<\/strong><\/p>\n<p><a href=\"https:\/\/wp.ufpel.edu.br\/proben\/files\/2026\/01\/FACULDADE-DE-MEDICINA_JANEIRO-2026.png\"><img loading=\"lazy\" decoding=\"async\" class=\"size-full wp-image-29176 aligncenter\" src=\"https:\/\/wp.ufpel.edu.br\/proben\/files\/2026\/01\/FACULDADE-DE-MEDICINA_JANEIRO-2026.png\" alt=\"\" width=\"857\" height=\"487\" srcset=\"https:\/\/wp.ufpel.edu.br\/proben\/files\/2026\/01\/FACULDADE-DE-MEDICINA_JANEIRO-2026.png 857w, https:\/\/wp.ufpel.edu.br\/proben\/files\/2026\/01\/FACULDADE-DE-MEDICINA_JANEIRO-2026-400x227.png 400w, https:\/\/wp.ufpel.edu.br\/proben\/files\/2026\/01\/FACULDADE-DE-MEDICINA_JANEIRO-2026-768x436.png 768w, https:\/\/wp.ufpel.edu.br\/proben\/files\/2026\/01\/FACULDADE-DE-MEDICINA_JANEIRO-2026-528x300.png 528w\" sizes=\"auto, (max-width: 857px) 100vw, 857px\" \/><\/a><\/p>\n<p style=\"text-align: center;\"><a href=\"https:\/\/wp.ufpel.edu.br\/proben\/files\/2026\/01\/FACULDADE-DE-MEDICINA_JANEIRO-2026.xlsx\">Consumo FAMED<\/a>\u00a0&#8211; tabela para download<\/p>\n<p style=\"text-align: center;\">*\u00a0<a style=\"color: #092749;\" href=\"https:\/\/wp.ufpel.edu.br\/proben\/files\/2019\/04\/FAC.-MEDICINA.xlsx\">clique aqui para entender como fazemos a\u00a0adequa\u00e7\u00e3o do sistema \u00a0tarif\u00e1rio<\/a><\/p>\n","protected":false},"excerpt":{"rendered":"<p>FAMED &#8211; \u00a0Faculdade de Medicina Avenida Duque de Caxias, n\u00b0250 Utilizado por alunos e funcion\u00e1rios da \u00e1rea de sa\u00fade; Sistema Tarif\u00e1rio: Horossazonal Verde* N\u00famero de\u00a0instala\u00e7\u00e3o:\u00a05545498-4 (alta tens\u00e3o) &nbsp; Hist\u00f3rico de consumo: &#8211; Consumo dos \u00faltimos 12 meses: Consumo FAMED\u00a0&#8211; tabela para download *\u00a0clique aqui para entender como fazemos a\u00a0adequa\u00e7\u00e3o do sistema \u00a0tarif\u00e1rio<\/p>\n","protected":false},"author":303,"featured_media":0,"parent":27014,"menu_order":0,"comment_status":"closed","ping_status":"closed","template":"","meta":{"footnotes":""},"class_list":["post-927","page","type-page","status-publish","hentry"],"jetpack_sharing_enabled":true,"_links":{"self":[{"href":"https:\/\/wp.ufpel.edu.br\/proben\/wp-json\/wp\/v2\/pages\/927","targetHints":{"allow":["GET"]}}],"collection":[{"href":"https:\/\/wp.ufpel.edu.br\/proben\/wp-json\/wp\/v2\/pages"}],"about":[{"href":"https:\/\/wp.ufpel.edu.br\/proben\/wp-json\/wp\/v2\/types\/page"}],"author":[{"embeddable":true,"href":"https:\/\/wp.ufpel.edu.br\/proben\/wp-json\/wp\/v2\/users\/303"}],"replies":[{"embeddable":true,"href":"https:\/\/wp.ufpel.edu.br\/proben\/wp-json\/wp\/v2\/comments?post=927"}],"version-history":[{"count":4,"href":"https:\/\/wp.ufpel.edu.br\/proben\/wp-json\/wp\/v2\/pages\/927\/revisions"}],"predecessor-version":[{"id":29178,"href":"https:\/\/wp.ufpel.edu.br\/proben\/wp-json\/wp\/v2\/pages\/927\/revisions\/29178"}],"up":[{"embeddable":true,"href":"https:\/\/wp.ufpel.edu.br\/proben\/wp-json\/wp\/v2\/pages\/27014"}],"wp:attachment":[{"href":"https:\/\/wp.ufpel.edu.br\/proben\/wp-json\/wp\/v2\/media?parent=927"}],"curies":[{"name":"wp","href":"https:\/\/api.w.org\/{rel}","templated":true}]}}