{"id":921,"date":"2013-10-01T10:17:18","date_gmt":"2013-10-01T13:17:18","guid":{"rendered":"https:\/\/wp.ufpel.edu.br\/proben\/?page_id=921"},"modified":"2026-01-18T21:12:44","modified_gmt":"2026-01-19T00:12:44","slug":"liceu-2","status":"publish","type":"page","link":"https:\/\/wp.ufpel.edu.br\/proben\/proben-educacao\/transparencia-de-contas-3\/liceu-2\/","title":{"rendered":"Museu de Arte Leopoldo Gotuzzo"},"content":{"rendered":"<p style=\"text-align: center;\"><strong>Museu de Arte Leopoldo Gotuzzo<\/strong><\/p>\n<p><img loading=\"lazy\" decoding=\"async\" class=\"aligncenter wp-image-12828\" src=\"https:\/\/wp.ufpel.edu.br\/proben\/files\/2019\/04\/lyceu-riograndense1.jpg\" alt=\"\" width=\"518\" height=\"346\" srcset=\"https:\/\/wp.ufpel.edu.br\/proben\/files\/2019\/04\/lyceu-riograndense1.jpg 2816w, https:\/\/wp.ufpel.edu.br\/proben\/files\/2019\/04\/lyceu-riograndense1-400x267.jpg 400w, https:\/\/wp.ufpel.edu.br\/proben\/files\/2019\/04\/lyceu-riograndense1-768x513.jpg 768w, https:\/\/wp.ufpel.edu.br\/proben\/files\/2019\/04\/lyceu-riograndense1-1024x684.jpg 1024w\" sizes=\"auto, (max-width: 518px) 100vw, 518px\" \/><\/p>\n<p style=\"text-align: center;\"><span style=\"font-size: 8pt;\">Fonte: Google<\/span><\/p>\n<p style=\"text-align: center;\">Pra\u00e7a Sete de Julho, n\u00b052<\/p>\n<p style=\"text-align: center;\"><a href=\"https:\/\/wp.ufpel.edu.br\/proben\/acoes-4\/adequacao-do-sistema-tarifario\/\">Sistema Tarif\u00e1rio: Baixa Tens\u00e3o<\/a>*<\/p>\n<p style=\"text-align: center;\">N\u00famero de<strong>\u00a0<\/strong>instala\u00e7\u00e3o:\u00a02467444-3<\/p>\n<p style=\"text-align: center;\">&#8211;<\/p>\n<p style=\"text-align: center;\"><strong>Hist\u00f3rico de consumo:<\/strong><\/p>\n<p><a href=\"https:\/\/wp.ufpel.edu.br\/proben\/files\/2026\/01\/MUSEU-DE-ARTE-LEOPOLDO-GOTUZZO_2025.png\"><img loading=\"lazy\" decoding=\"async\" class=\"size-full wp-image-29134 aligncenter\" src=\"https:\/\/wp.ufpel.edu.br\/proben\/files\/2026\/01\/MUSEU-DE-ARTE-LEOPOLDO-GOTUZZO_2025.png\" alt=\"\" width=\"998\" height=\"498\" srcset=\"https:\/\/wp.ufpel.edu.br\/proben\/files\/2026\/01\/MUSEU-DE-ARTE-LEOPOLDO-GOTUZZO_2025.png 998w, https:\/\/wp.ufpel.edu.br\/proben\/files\/2026\/01\/MUSEU-DE-ARTE-LEOPOLDO-GOTUZZO_2025-400x200.png 400w, https:\/\/wp.ufpel.edu.br\/proben\/files\/2026\/01\/MUSEU-DE-ARTE-LEOPOLDO-GOTUZZO_2025-768x383.png 768w, https:\/\/wp.ufpel.edu.br\/proben\/files\/2026\/01\/MUSEU-DE-ARTE-LEOPOLDO-GOTUZZO_2025-600x300.png 600w\" sizes=\"auto, (max-width: 998px) 100vw, 998px\" \/><\/a><\/p>\n<p style=\"text-align: center;\">&#8211;<\/p>\n<p style=\"text-align: center;\"><strong>Consumo nos \u00faltimos 12 meses:<\/strong><\/p>\n<p><a href=\"https:\/\/wp.ufpel.edu.br\/proben\/files\/2026\/01\/MUSEU-DE-ARTE-LEOPOLDO-GOTUZZO_JANEIRO-26.png\"><img loading=\"lazy\" decoding=\"async\" class=\"size-full wp-image-29135 aligncenter\" src=\"https:\/\/wp.ufpel.edu.br\/proben\/files\/2026\/01\/MUSEU-DE-ARTE-LEOPOLDO-GOTUZZO_JANEIRO-26.png\" alt=\"\" width=\"951\" height=\"431\" srcset=\"https:\/\/wp.ufpel.edu.br\/proben\/files\/2026\/01\/MUSEU-DE-ARTE-LEOPOLDO-GOTUZZO_JANEIRO-26.png 951w, https:\/\/wp.ufpel.edu.br\/proben\/files\/2026\/01\/MUSEU-DE-ARTE-LEOPOLDO-GOTUZZO_JANEIRO-26-400x181.png 400w, https:\/\/wp.ufpel.edu.br\/proben\/files\/2026\/01\/MUSEU-DE-ARTE-LEOPOLDO-GOTUZZO_JANEIRO-26-768x348.png 768w, https:\/\/wp.ufpel.edu.br\/proben\/files\/2026\/01\/MUSEU-DE-ARTE-LEOPOLDO-GOTUZZO_JANEIRO-26-600x272.png 600w\" sizes=\"auto, (max-width: 951px) 100vw, 951px\" \/><\/a><\/p>\n<p style=\"text-align: center;\"><a href=\"https:\/\/wp.ufpel.edu.br\/proben\/files\/2026\/01\/MUSEU-DE-ARTE-LEOPOLDO-GOTUZZO_JANEIRO-26.xlsx\">Museu de Arte Leopoldo Gotuzzo <\/a><a href=\"http:\/\/www.ufpel.edu.br\/faurb\/labcee\/site\/adm_\/content\/home\/arquivos\/LICEU_JUNHO_2015.xlsx\">&#8211; <\/a>tabela para download<\/p>\n<p style=\"text-align: center;\">*\u00a0<a href=\"https:\/\/wp.ufpel.edu.br\/proben\/acoes-e-resultados\/adequacao-do-sistema-tarifario\/\">clique aqui\u00a0para entender como fazemos a\u00a0adequa\u00e7\u00e3o do sistema \u00a0tarif\u00e1rio<\/a><\/p>\n","protected":false},"excerpt":{"rendered":"<p>Museu de Arte Leopoldo Gotuzzo Fonte: Google Pra\u00e7a Sete de Julho, n\u00b052 Sistema Tarif\u00e1rio: Baixa Tens\u00e3o* N\u00famero de\u00a0instala\u00e7\u00e3o:\u00a02467444-3 &#8211; Hist\u00f3rico de consumo: &#8211; Consumo nos \u00faltimos 12 meses: Museu de Arte Leopoldo Gotuzzo &#8211; tabela para download *\u00a0clique aqui\u00a0para entender como fazemos a\u00a0adequa\u00e7\u00e3o do sistema \u00a0tarif\u00e1rio<\/p>\n","protected":false},"author":303,"featured_media":0,"parent":1056,"menu_order":0,"comment_status":"closed","ping_status":"closed","template":"","meta":{"footnotes":""},"class_list":["post-921","page","type-page","status-publish","hentry"],"jetpack_sharing_enabled":true,"_links":{"self":[{"href":"https:\/\/wp.ufpel.edu.br\/proben\/wp-json\/wp\/v2\/pages\/921","targetHints":{"allow":["GET"]}}],"collection":[{"href":"https:\/\/wp.ufpel.edu.br\/proben\/wp-json\/wp\/v2\/pages"}],"about":[{"href":"https:\/\/wp.ufpel.edu.br\/proben\/wp-json\/wp\/v2\/types\/page"}],"author":[{"embeddable":true,"href":"https:\/\/wp.ufpel.edu.br\/proben\/wp-json\/wp\/v2\/users\/303"}],"replies":[{"embeddable":true,"href":"https:\/\/wp.ufpel.edu.br\/proben\/wp-json\/wp\/v2\/comments?post=921"}],"version-history":[{"count":4,"href":"https:\/\/wp.ufpel.edu.br\/proben\/wp-json\/wp\/v2\/pages\/921\/revisions"}],"predecessor-version":[{"id":29138,"href":"https:\/\/wp.ufpel.edu.br\/proben\/wp-json\/wp\/v2\/pages\/921\/revisions\/29138"}],"up":[{"embeddable":true,"href":"https:\/\/wp.ufpel.edu.br\/proben\/wp-json\/wp\/v2\/pages\/1056"}],"wp:attachment":[{"href":"https:\/\/wp.ufpel.edu.br\/proben\/wp-json\/wp\/v2\/media?parent=921"}],"curies":[{"name":"wp","href":"https:\/\/api.w.org\/{rel}","templated":true}]}}