{"id":9076,"date":"2024-07-22T10:18:07","date_gmt":"2024-07-22T13:18:07","guid":{"rendered":"https:\/\/wp.ufpel.edu.br\/proben\/?page_id=9076"},"modified":"2026-01-19T20:19:33","modified_gmt":"2026-01-19T23:19:33","slug":"apartamento-601-2","status":"publish","type":"page","link":"https:\/\/wp.ufpel.edu.br\/proben\/proben-educacao\/transparencia-de-contas-3\/condominio-estudantil\/condominio\/apartamento-601-2\/","title":{"rendered":"Apartamento 601"},"content":{"rendered":"<p style=\"text-align: center;\">Apartamento 601<\/p>\n<p style=\"text-align: center;\">Rua Tres de Maio, 1212<\/p>\n<p style=\"text-align: center;\"><em>Usu\u00e1rios;<\/em><\/p>\n<p style=\"text-align: center;\"><a href=\"https:\/\/wp.ufpel.edu.br\/proben\/acoes-e-resultados\/adequacao-do-sistema-tarifario\/\">\u00a0Sistema Tarif\u00e1rio: Baixa Tens\u00e3o*<\/a><\/p>\n<p style=\"text-align: center;\">N\u00famero de<strong>\u00a0<\/strong>instala\u00e7\u00e3o: 99661130-4<\/p>\n<p style=\"text-align: center;\">\u2013<\/p>\n<p style=\"text-align: center;\"><strong>Hist\u00f3rico de consumo:<\/strong><\/p>\n<p><a href=\"https:\/\/wp.ufpel.edu.br\/proben\/files\/2026\/01\/APARTAMENTO-601-2025.png\"><img loading=\"lazy\" decoding=\"async\" class=\"size-full wp-image-29260 aligncenter\" src=\"https:\/\/wp.ufpel.edu.br\/proben\/files\/2026\/01\/APARTAMENTO-601-2025.png\" alt=\"\" width=\"657\" height=\"390\" srcset=\"https:\/\/wp.ufpel.edu.br\/proben\/files\/2026\/01\/APARTAMENTO-601-2025.png 657w, https:\/\/wp.ufpel.edu.br\/proben\/files\/2026\/01\/APARTAMENTO-601-2025-400x237.png 400w, https:\/\/wp.ufpel.edu.br\/proben\/files\/2026\/01\/APARTAMENTO-601-2025-505x300.png 505w\" sizes=\"auto, (max-width: 657px) 100vw, 657px\" \/><\/a><\/p>\n<p style=\"text-align: center;\">&#8211;<\/p>\n<p style=\"text-align: center;\"><strong>Consumo nos \u00faltimos 12 meses:<\/strong><\/p>\n<p><a href=\"https:\/\/wp.ufpel.edu.br\/proben\/files\/2026\/01\/APARTAMENTO-601-JANEIRO-2026.png\"><img loading=\"lazy\" decoding=\"async\" class=\"size-full wp-image-29261 aligncenter\" src=\"https:\/\/wp.ufpel.edu.br\/proben\/files\/2026\/01\/APARTAMENTO-601-JANEIRO-2026.png\" alt=\"\" width=\"727\" height=\"400\" srcset=\"https:\/\/wp.ufpel.edu.br\/proben\/files\/2026\/01\/APARTAMENTO-601-JANEIRO-2026.png 727w, https:\/\/wp.ufpel.edu.br\/proben\/files\/2026\/01\/APARTAMENTO-601-JANEIRO-2026-400x220.png 400w, https:\/\/wp.ufpel.edu.br\/proben\/files\/2026\/01\/APARTAMENTO-601-JANEIRO-2026-545x300.png 545w\" sizes=\"auto, (max-width: 727px) 100vw, 727px\" \/><\/a><\/p>\n<p style=\"text-align: center;\"><a href=\"https:\/\/wp.ufpel.edu.br\/proben\/files\/2026\/01\/APARTAMENTO-601-JANEIRO-2026.xlsx\">Apartamento 601<\/a> \u2013 tabela para download<\/p>\n<p style=\"text-align: center;\">*\u00a0clique aqui\u00a0para entender como fazemos a\u00a0adequa\u00e7\u00e3o do sistema \u00a0tarif\u00e1rio<\/p>\n","protected":false},"excerpt":{"rendered":"<p>Apartamento 601 Rua Tres de Maio, 1212 Usu\u00e1rios; \u00a0Sistema Tarif\u00e1rio: Baixa Tens\u00e3o* N\u00famero de\u00a0instala\u00e7\u00e3o: 99661130-4 \u2013 Hist\u00f3rico de consumo: &#8211; Consumo nos \u00faltimos 12 meses: Apartamento 601 \u2013 tabela para download *\u00a0clique aqui\u00a0para entender como fazemos a\u00a0adequa\u00e7\u00e3o do sistema \u00a0tarif\u00e1rio<\/p>\n","protected":false},"author":303,"featured_media":0,"parent":9332,"menu_order":0,"comment_status":"closed","ping_status":"closed","template":"","meta":{"footnotes":""},"class_list":["post-9076","page","type-page","status-publish","hentry"],"jetpack_sharing_enabled":true,"_links":{"self":[{"href":"https:\/\/wp.ufpel.edu.br\/proben\/wp-json\/wp\/v2\/pages\/9076","targetHints":{"allow":["GET"]}}],"collection":[{"href":"https:\/\/wp.ufpel.edu.br\/proben\/wp-json\/wp\/v2\/pages"}],"about":[{"href":"https:\/\/wp.ufpel.edu.br\/proben\/wp-json\/wp\/v2\/types\/page"}],"author":[{"embeddable":true,"href":"https:\/\/wp.ufpel.edu.br\/proben\/wp-json\/wp\/v2\/users\/303"}],"replies":[{"embeddable":true,"href":"https:\/\/wp.ufpel.edu.br\/proben\/wp-json\/wp\/v2\/comments?post=9076"}],"version-history":[{"count":4,"href":"https:\/\/wp.ufpel.edu.br\/proben\/wp-json\/wp\/v2\/pages\/9076\/revisions"}],"predecessor-version":[{"id":29264,"href":"https:\/\/wp.ufpel.edu.br\/proben\/wp-json\/wp\/v2\/pages\/9076\/revisions\/29264"}],"up":[{"embeddable":true,"href":"https:\/\/wp.ufpel.edu.br\/proben\/wp-json\/wp\/v2\/pages\/9332"}],"wp:attachment":[{"href":"https:\/\/wp.ufpel.edu.br\/proben\/wp-json\/wp\/v2\/media?parent=9076"}],"curies":[{"name":"wp","href":"https:\/\/api.w.org\/{rel}","templated":true}]}}