{"id":8134,"date":"2017-08-18T04:55:49","date_gmt":"2017-08-18T07:55:49","guid":{"rendered":"https:\/\/wp.ufpel.edu.br\/proben\/?page_id=8134"},"modified":"2026-01-20T17:00:59","modified_gmt":"2026-01-20T20:00:59","slug":"bloco-a-ebserh","status":"publish","type":"page","link":"https:\/\/wp.ufpel.edu.br\/proben\/proben-educacao\/transparencia-de-contas-3\/bloco-a-ebserh\/","title":{"rendered":"EBSERH Laneira"},"content":{"rendered":"<p style=\"text-align: center;\"><strong>EBSERH Laneira<\/strong><\/p>\n<p><img loading=\"lazy\" decoding=\"async\" class=\"aligncenter wp-image-12520\" src=\"https:\/\/wp.ufpel.edu.br\/proben\/files\/2019\/03\/fachada-1.png\" alt=\"\" width=\"825\" height=\"341\" srcset=\"https:\/\/wp.ufpel.edu.br\/proben\/files\/2019\/03\/fachada-1.png 1375w, https:\/\/wp.ufpel.edu.br\/proben\/files\/2019\/03\/fachada-1-400x165.png 400w, https:\/\/wp.ufpel.edu.br\/proben\/files\/2019\/03\/fachada-1-768x317.png 768w, https:\/\/wp.ufpel.edu.br\/proben\/files\/2019\/03\/fachada-1-1024x423.png 1024w\" sizes=\"auto, (max-width: 825px) 100vw, 825px\" \/><\/p>\n<p style=\"text-align: center;\">Av Duque de Caxias, 104, Bloco A<\/p>\n<p style=\"text-align: center;\"><a href=\"https:\/\/wp.ufpel.edu.br\/proben\/acoes-e-resultados\/adequacao-do-sistema-tarifario\/\" target=\"_blank\" rel=\"noopener noreferrer\">Sistema tarif\u00e1rio: Horosazonal Verde &#8211; Poder P\u00fablico*<\/a><\/p>\n<p style=\"text-align: center;\">N\u00famero de<strong>\u00a0<\/strong>instala\u00e7\u00e3o: 7162997-1<\/p>\n<p style=\"text-align: center;\">&#8211;<\/p>\n<p style=\"text-align: center;\"><strong>Hist\u00f3rico de consumo:<\/strong><\/p>\n<p><a href=\"https:\/\/wp.ufpel.edu.br\/proben\/files\/2026\/01\/EBSERH_2025.png\"><img loading=\"lazy\" decoding=\"async\" class=\"size-full wp-image-29368 aligncenter\" src=\"https:\/\/wp.ufpel.edu.br\/proben\/files\/2026\/01\/EBSERH_2025.png\" alt=\"\" width=\"936\" height=\"588\" srcset=\"https:\/\/wp.ufpel.edu.br\/proben\/files\/2026\/01\/EBSERH_2025.png 936w, https:\/\/wp.ufpel.edu.br\/proben\/files\/2026\/01\/EBSERH_2025-400x251.png 400w, https:\/\/wp.ufpel.edu.br\/proben\/files\/2026\/01\/EBSERH_2025-768x482.png 768w, https:\/\/wp.ufpel.edu.br\/proben\/files\/2026\/01\/EBSERH_2025-478x300.png 478w\" sizes=\"auto, (max-width: 936px) 100vw, 936px\" \/><\/a><\/p>\n<p style=\"text-align: center;\">&#8211;<\/p>\n<p style=\"text-align: center;\"><strong>Consumo nos \u00faltimos 12 meses:<br \/>\n<\/strong><\/p>\n<p><a href=\"https:\/\/wp.ufpel.edu.br\/proben\/files\/2026\/01\/EBSERH_2026_JAN.png\"><img loading=\"lazy\" decoding=\"async\" class=\"size-full wp-image-29369 aligncenter\" src=\"https:\/\/wp.ufpel.edu.br\/proben\/files\/2026\/01\/EBSERH_2026_JAN.png\" alt=\"\" width=\"1173\" height=\"621\" srcset=\"https:\/\/wp.ufpel.edu.br\/proben\/files\/2026\/01\/EBSERH_2026_JAN.png 1173w, https:\/\/wp.ufpel.edu.br\/proben\/files\/2026\/01\/EBSERH_2026_JAN-400x212.png 400w, https:\/\/wp.ufpel.edu.br\/proben\/files\/2026\/01\/EBSERH_2026_JAN-1024x542.png 1024w, https:\/\/wp.ufpel.edu.br\/proben\/files\/2026\/01\/EBSERH_2026_JAN-768x407.png 768w, https:\/\/wp.ufpel.edu.br\/proben\/files\/2026\/01\/EBSERH_2026_JAN-567x300.png 567w\" sizes=\"auto, (max-width: 1173px) 100vw, 1173px\" \/><\/a><\/p>\n<p style=\"text-align: center;\"><a href=\"https:\/\/wp.ufpel.edu.br\/proben\/files\/2026\/01\/EBSERH_LANEIRA_2026_JAN.xlsx\" target=\"_blank\" rel=\"noopener noreferrer\"><span style=\"color: #0000ff;\">Bloco A &#8211; EBSERH Laneira<\/span><\/a> &#8211; Tabela para Download<\/p>\n<p style=\"text-align: center;\">*<a href=\"https:\/\/wp.ufpel.edu.br\/proben\/acoes-e-resultados\/adequacao-do-sistema-tarifario\/\" target=\"_blank\" rel=\"noopener noreferrer\">clique aqui para entender como fazemos a adequa\u00e7\u00e3o do sistema tarif\u00e1rio<\/a><\/p>\n","protected":false},"excerpt":{"rendered":"<p>EBSERH Laneira Av Duque de Caxias, 104, Bloco A Sistema tarif\u00e1rio: Horosazonal Verde &#8211; Poder P\u00fablico* N\u00famero de\u00a0instala\u00e7\u00e3o: 7162997-1 &#8211; Hist\u00f3rico de consumo: &#8211; Consumo nos \u00faltimos 12 meses: Bloco A &#8211; EBSERH Laneira &#8211; Tabela para Download *clique aqui para entender como fazemos a adequa\u00e7\u00e3o do sistema tarif\u00e1rio<\/p>\n","protected":false},"author":303,"featured_media":0,"parent":1056,"menu_order":0,"comment_status":"closed","ping_status":"closed","template":"","meta":{"footnotes":""},"class_list":["post-8134","page","type-page","status-publish","hentry"],"jetpack_sharing_enabled":true,"_links":{"self":[{"href":"https:\/\/wp.ufpel.edu.br\/proben\/wp-json\/wp\/v2\/pages\/8134","targetHints":{"allow":["GET"]}}],"collection":[{"href":"https:\/\/wp.ufpel.edu.br\/proben\/wp-json\/wp\/v2\/pages"}],"about":[{"href":"https:\/\/wp.ufpel.edu.br\/proben\/wp-json\/wp\/v2\/types\/page"}],"author":[{"embeddable":true,"href":"https:\/\/wp.ufpel.edu.br\/proben\/wp-json\/wp\/v2\/users\/303"}],"replies":[{"embeddable":true,"href":"https:\/\/wp.ufpel.edu.br\/proben\/wp-json\/wp\/v2\/comments?post=8134"}],"version-history":[{"count":4,"href":"https:\/\/wp.ufpel.edu.br\/proben\/wp-json\/wp\/v2\/pages\/8134\/revisions"}],"predecessor-version":[{"id":29371,"href":"https:\/\/wp.ufpel.edu.br\/proben\/wp-json\/wp\/v2\/pages\/8134\/revisions\/29371"}],"up":[{"embeddable":true,"href":"https:\/\/wp.ufpel.edu.br\/proben\/wp-json\/wp\/v2\/pages\/1056"}],"wp:attachment":[{"href":"https:\/\/wp.ufpel.edu.br\/proben\/wp-json\/wp\/v2\/media?parent=8134"}],"curies":[{"name":"wp","href":"https:\/\/api.w.org\/{rel}","templated":true}]}}