{"id":809,"date":"2013-09-27T13:00:41","date_gmt":"2013-09-27T16:00:41","guid":{"rendered":"https:\/\/wp.ufpel.edu.br\/proben\/?page_id=809"},"modified":"2026-01-31T14:20:34","modified_gmt":"2026-01-31T17:20:34","slug":"alfandega","status":"publish","type":"page","link":"https:\/\/wp.ufpel.edu.br\/proben\/proben-educacao\/transparencia-de-contas-3\/alfandega\/","title":{"rendered":"Centro de Engenharias &#8211; Alf\u00e2ndega"},"content":{"rendered":"<p style=\"text-align: center;\"><b>Centro de Engenharias &#8211; Alf\u00e2ndega<\/b><\/p>\n<p><img loading=\"lazy\" decoding=\"async\" class=\"aligncenter wp-image-12447\" src=\"https:\/\/wp.ufpel.edu.br\/proben\/files\/2019\/03\/fachada-16.jpg\" alt=\"\" width=\"623\" height=\"312\" srcset=\"https:\/\/wp.ufpel.edu.br\/proben\/files\/2019\/03\/fachada-16.jpg 1256w, https:\/\/wp.ufpel.edu.br\/proben\/files\/2019\/03\/fachada-16-400x200.jpg 400w, https:\/\/wp.ufpel.edu.br\/proben\/files\/2019\/03\/fachada-16-768x385.jpg 768w, https:\/\/wp.ufpel.edu.br\/proben\/files\/2019\/03\/fachada-16-1024x513.jpg 1024w\" sizes=\"auto, (max-width: 623px) 100vw, 623px\" \/><\/p>\n<p style=\"text-align: center;\"><span style=\"font-size: 8pt;\">Fonte: Google<\/span><\/p>\n<p style=\"text-align: center;\">Pra\u00e7a Domingos Rodrigues, n\u00ba02<\/p>\n<p style=\"text-align: center;\"><em>Utilizado por alunos e\u00a0 funcion\u00e1rios do curso de Engenharia de Petr\u00f3leo e Engenharia Geol\u00f3gica;<\/em><\/p>\n<p style=\"text-align: center;\"><a href=\"https:\/\/wp.ufpel.edu.br\/proben\/acoes-4\/adequacao-do-sistema-tarifario\/\"> Sistema Tarif\u00e1rio:\u00a0<span style=\"text-decoration: underline;\">Baixa Tens\u00e3o<\/span><\/a>*<\/p>\n<p style=\"text-align: center;\">N\u00famero de<strong>\u00a0<\/strong>instala\u00e7\u00e3o:\u00a05269859-9<\/p>\n<p style=\"text-align: center;\">&#8211;<\/p>\n<p style=\"text-align: center;\"><strong>Hist\u00f3rico de consumo:<\/strong><\/p>\n<p><a href=\"https:\/\/wp.ufpel.edu.br\/proben\/files\/2026\/01\/imagem_2026-01-31_141945408.png\"><img loading=\"lazy\" decoding=\"async\" class=\"alignnone wp-image-29501 size-full\" src=\"https:\/\/wp.ufpel.edu.br\/proben\/files\/2026\/01\/imagem_2026-01-31_141945408.png\" alt=\"\" width=\"1263\" height=\"480\" srcset=\"https:\/\/wp.ufpel.edu.br\/proben\/files\/2026\/01\/imagem_2026-01-31_141945408.png 1263w, https:\/\/wp.ufpel.edu.br\/proben\/files\/2026\/01\/imagem_2026-01-31_141945408-400x152.png 400w, https:\/\/wp.ufpel.edu.br\/proben\/files\/2026\/01\/imagem_2026-01-31_141945408-1024x389.png 1024w, https:\/\/wp.ufpel.edu.br\/proben\/files\/2026\/01\/imagem_2026-01-31_141945408-768x292.png 768w, https:\/\/wp.ufpel.edu.br\/proben\/files\/2026\/01\/imagem_2026-01-31_141945408-600x228.png 600w\" sizes=\"auto, (max-width: 1263px) 100vw, 1263px\" \/><\/a><\/p>\n<p style=\"text-align: center;\">&#8211;<\/p>\n<p style=\"text-align: center;\"><strong>\u00a0Consumo nos \u00faltimos 12 meses:<\/strong><\/p>\n<p><a href=\"https:\/\/wp.ufpel.edu.br\/proben\/files\/2026\/01\/imagem_2026-01-31_142009591.png\"><img loading=\"lazy\" decoding=\"async\" class=\"alignnone wp-image-29502 size-full\" src=\"https:\/\/wp.ufpel.edu.br\/proben\/files\/2026\/01\/imagem_2026-01-31_142009591.png\" alt=\"\" width=\"866\" height=\"382\" srcset=\"https:\/\/wp.ufpel.edu.br\/proben\/files\/2026\/01\/imagem_2026-01-31_142009591.png 866w, https:\/\/wp.ufpel.edu.br\/proben\/files\/2026\/01\/imagem_2026-01-31_142009591-400x176.png 400w, https:\/\/wp.ufpel.edu.br\/proben\/files\/2026\/01\/imagem_2026-01-31_142009591-768x339.png 768w, https:\/\/wp.ufpel.edu.br\/proben\/files\/2026\/01\/imagem_2026-01-31_142009591-600x265.png 600w\" sizes=\"auto, (max-width: 866px) 100vw, 866px\" \/><\/a><\/p>\n<p>&nbsp;<\/p>\n<p>&nbsp;<\/p>\n<p style=\"text-align: center;\">\u00a0<a href=\"https:\/\/wp.ufpel.edu.br\/proben\/files\/2026\/01\/CEngAlfandega_dez_2025.xlsx\">Centro de Engenharias Alf\u00e2ndega <\/a>&#8211; Tabela para download<\/p>\n<p style=\"text-align: center;\">* <a href=\"https:\/\/wp.ufpel.edu.br\/proben\/acoes-4\/adequacao-do-sistema-tarifario\/\">clique aqui para entender como fazemos a adequa\u00e7\u00e3o do sistema\u00a0 tarif\u00e1rio<\/a><\/p>\n","protected":false},"excerpt":{"rendered":"<p>Centro de Engenharias &#8211; Alf\u00e2ndega Fonte: Google Pra\u00e7a Domingos Rodrigues, n\u00ba02 Utilizado por alunos e\u00a0 funcion\u00e1rios do curso de Engenharia de Petr\u00f3leo e Engenharia Geol\u00f3gica; Sistema Tarif\u00e1rio:\u00a0Baixa Tens\u00e3o* N\u00famero de\u00a0instala\u00e7\u00e3o:\u00a05269859-9 &#8211; Hist\u00f3rico de consumo: &#8211; \u00a0Consumo nos \u00faltimos 12 meses: &nbsp; &nbsp; \u00a0Centro de Engenharias Alf\u00e2ndega &#8211; Tabela para download * clique aqui para entender&#8230; <\/p>\n<div class=\"link-more\"><a href=\"https:\/\/wp.ufpel.edu.br\/proben\/proben-educacao\/transparencia-de-contas-3\/alfandega\/\">Leia mais<\/a><\/div>\n","protected":false},"author":303,"featured_media":0,"parent":1056,"menu_order":0,"comment_status":"closed","ping_status":"closed","template":"","meta":{"footnotes":""},"class_list":["post-809","page","type-page","status-publish","hentry"],"jetpack_sharing_enabled":true,"_links":{"self":[{"href":"https:\/\/wp.ufpel.edu.br\/proben\/wp-json\/wp\/v2\/pages\/809","targetHints":{"allow":["GET"]}}],"collection":[{"href":"https:\/\/wp.ufpel.edu.br\/proben\/wp-json\/wp\/v2\/pages"}],"about":[{"href":"https:\/\/wp.ufpel.edu.br\/proben\/wp-json\/wp\/v2\/types\/page"}],"author":[{"embeddable":true,"href":"https:\/\/wp.ufpel.edu.br\/proben\/wp-json\/wp\/v2\/users\/303"}],"replies":[{"embeddable":true,"href":"https:\/\/wp.ufpel.edu.br\/proben\/wp-json\/wp\/v2\/comments?post=809"}],"version-history":[{"count":4,"href":"https:\/\/wp.ufpel.edu.br\/proben\/wp-json\/wp\/v2\/pages\/809\/revisions"}],"predecessor-version":[{"id":29504,"href":"https:\/\/wp.ufpel.edu.br\/proben\/wp-json\/wp\/v2\/pages\/809\/revisions\/29504"}],"up":[{"embeddable":true,"href":"https:\/\/wp.ufpel.edu.br\/proben\/wp-json\/wp\/v2\/pages\/1056"}],"wp:attachment":[{"href":"https:\/\/wp.ufpel.edu.br\/proben\/wp-json\/wp\/v2\/media?parent=809"}],"curies":[{"name":"wp","href":"https:\/\/api.w.org\/{rel}","templated":true}]}}