{"id":8078,"date":"2017-07-17T11:54:42","date_gmt":"2017-07-17T14:54:42","guid":{"rendered":"https:\/\/wp.ufpel.edu.br\/proben\/?page_id=8078"},"modified":"2026-01-18T21:30:35","modified_gmt":"2026-01-19T00:30:35","slug":"radio-andrade-neves","status":"publish","type":"page","link":"https:\/\/wp.ufpel.edu.br\/proben\/proben-educacao\/transparencia-de-contas-3\/radio-andrade-neves\/","title":{"rendered":"R\u00e1dio &#8211; Andrade Neves"},"content":{"rendered":"<p style=\"text-align: center;\"><strong>R\u00e1dio &#8211; Andrade Neves<\/strong><\/p>\n<p><img loading=\"lazy\" decoding=\"async\" class=\"aligncenter wp-image-12834\" src=\"https:\/\/wp.ufpel.edu.br\/proben\/files\/2019\/04\/radio-ufpel.jpg\" alt=\"\" width=\"545\" height=\"362\" srcset=\"https:\/\/wp.ufpel.edu.br\/proben\/files\/2019\/04\/radio-ufpel.jpg 1198w, https:\/\/wp.ufpel.edu.br\/proben\/files\/2019\/04\/radio-ufpel-400x266.jpg 400w, https:\/\/wp.ufpel.edu.br\/proben\/files\/2019\/04\/radio-ufpel-768x510.jpg 768w, https:\/\/wp.ufpel.edu.br\/proben\/files\/2019\/04\/radio-ufpel-1024x680.jpg 1024w\" sizes=\"auto, (max-width: 545px) 100vw, 545px\" \/><\/p>\n<p style=\"text-align: center;\"><span style=\"font-size: 8pt;\">Fonte: Google<\/span><\/p>\n<p style=\"text-align: center;\">Rua Andrade Neves, 1550 &#8211; Bloco A<\/p>\n<p style=\"text-align: center;\"><a href=\"https:\/\/wp.ufpel.edu.br\/proben\/acoes-e-resultados\/adequacao-do-sistema-tarifario\/\" target=\"_blank\" rel=\"noopener noreferrer\">Sistema Tarif\u00e1rio: Baixa Tens\u00e3o*<\/a><\/p>\n<p style=\"text-align: center;\">N\u00famero de instala\u00e7\u00e3o:\u00a06598866-3<\/p>\n<p style=\"text-align: center;\">&#8211;<\/p>\n<p style=\"text-align: center;\"><strong>Hist\u00f3rico de consumo (anos):<\/strong><\/p>\n<p><a href=\"https:\/\/wp.ufpel.edu.br\/proben\/files\/2026\/01\/RADIO-ANDRADE-NEVES_2025.png\"><img loading=\"lazy\" decoding=\"async\" class=\"size-full wp-image-29149 aligncenter\" src=\"https:\/\/wp.ufpel.edu.br\/proben\/files\/2026\/01\/RADIO-ANDRADE-NEVES_2025.png\" alt=\"\" width=\"633\" height=\"413\" srcset=\"https:\/\/wp.ufpel.edu.br\/proben\/files\/2026\/01\/RADIO-ANDRADE-NEVES_2025.png 633w, https:\/\/wp.ufpel.edu.br\/proben\/files\/2026\/01\/RADIO-ANDRADE-NEVES_2025-400x261.png 400w, https:\/\/wp.ufpel.edu.br\/proben\/files\/2026\/01\/RADIO-ANDRADE-NEVES_2025-460x300.png 460w\" sizes=\"auto, (max-width: 633px) 100vw, 633px\" \/><\/a><\/p>\n<p style=\"text-align: center;\">&#8211;<\/p>\n<p style=\"text-align: center;\"><strong>Consumo nos \u00faltimos 12 meses:<\/strong><\/p>\n<p><a href=\"https:\/\/wp.ufpel.edu.br\/proben\/files\/2026\/01\/RADIO-ANDRADE-NEVES_JANEIRO-2026.png\"><img loading=\"lazy\" decoding=\"async\" class=\"size-full wp-image-29150 aligncenter\" src=\"https:\/\/wp.ufpel.edu.br\/proben\/files\/2026\/01\/RADIO-ANDRADE-NEVES_JANEIRO-2026.png\" alt=\"\" width=\"792\" height=\"363\" srcset=\"https:\/\/wp.ufpel.edu.br\/proben\/files\/2026\/01\/RADIO-ANDRADE-NEVES_JANEIRO-2026.png 792w, https:\/\/wp.ufpel.edu.br\/proben\/files\/2026\/01\/RADIO-ANDRADE-NEVES_JANEIRO-2026-400x183.png 400w, https:\/\/wp.ufpel.edu.br\/proben\/files\/2026\/01\/RADIO-ANDRADE-NEVES_JANEIRO-2026-768x352.png 768w, https:\/\/wp.ufpel.edu.br\/proben\/files\/2026\/01\/RADIO-ANDRADE-NEVES_JANEIRO-2026-600x275.png 600w\" sizes=\"auto, (max-width: 792px) 100vw, 792px\" \/><\/a><\/p>\n<p style=\"text-align: center;\"><a href=\"https:\/\/wp.ufpel.edu.br\/proben\/files\/2026\/01\/RADIO-ANDRADE-NEVES_JANEIRO-2026.xlsx\">R\u00e1dio Andrade Neves<\/a>\u00a0&#8211; Tabela para Download<\/p>\n<p style=\"text-align: center;\"><a href=\"https:\/\/wp.ufpel.edu.br\/proben\/acoes-e-resultados\/adequacao-do-sistema-tarifario\/\" target=\"_blank\" rel=\"noopener noreferrer\">*clique aqui para entender como fazemos a adequa\u00e7\u00e3o do sistema tarif\u00e1rio<\/a><\/p>\n<p>&nbsp;<\/p>\n","protected":false},"excerpt":{"rendered":"<p>R\u00e1dio &#8211; Andrade Neves Fonte: Google Rua Andrade Neves, 1550 &#8211; Bloco A Sistema Tarif\u00e1rio: Baixa Tens\u00e3o* N\u00famero de instala\u00e7\u00e3o:\u00a06598866-3 &#8211; Hist\u00f3rico de consumo (anos): &#8211; Consumo nos \u00faltimos 12 meses: R\u00e1dio Andrade Neves\u00a0&#8211; Tabela para Download *clique aqui para entender como fazemos a adequa\u00e7\u00e3o do sistema tarif\u00e1rio &nbsp;<\/p>\n","protected":false},"author":303,"featured_media":0,"parent":1056,"menu_order":0,"comment_status":"closed","ping_status":"closed","template":"","meta":{"footnotes":""},"class_list":["post-8078","page","type-page","status-publish","hentry"],"jetpack_sharing_enabled":true,"_links":{"self":[{"href":"https:\/\/wp.ufpel.edu.br\/proben\/wp-json\/wp\/v2\/pages\/8078","targetHints":{"allow":["GET"]}}],"collection":[{"href":"https:\/\/wp.ufpel.edu.br\/proben\/wp-json\/wp\/v2\/pages"}],"about":[{"href":"https:\/\/wp.ufpel.edu.br\/proben\/wp-json\/wp\/v2\/types\/page"}],"author":[{"embeddable":true,"href":"https:\/\/wp.ufpel.edu.br\/proben\/wp-json\/wp\/v2\/users\/303"}],"replies":[{"embeddable":true,"href":"https:\/\/wp.ufpel.edu.br\/proben\/wp-json\/wp\/v2\/comments?post=8078"}],"version-history":[{"count":4,"href":"https:\/\/wp.ufpel.edu.br\/proben\/wp-json\/wp\/v2\/pages\/8078\/revisions"}],"predecessor-version":[{"id":29153,"href":"https:\/\/wp.ufpel.edu.br\/proben\/wp-json\/wp\/v2\/pages\/8078\/revisions\/29153"}],"up":[{"embeddable":true,"href":"https:\/\/wp.ufpel.edu.br\/proben\/wp-json\/wp\/v2\/pages\/1056"}],"wp:attachment":[{"href":"https:\/\/wp.ufpel.edu.br\/proben\/wp-json\/wp\/v2\/media?parent=8078"}],"curies":[{"name":"wp","href":"https:\/\/api.w.org\/{rel}","templated":true}]}}