{"id":8070,"date":"2017-07-17T11:11:12","date_gmt":"2017-07-17T14:11:12","guid":{"rendered":"https:\/\/wp.ufpel.edu.br\/proben\/?page_id=8070"},"modified":"2026-01-20T16:45:33","modified_gmt":"2026-01-20T19:45:33","slug":"crinter-lobo-da-costa","status":"publish","type":"page","link":"https:\/\/wp.ufpel.edu.br\/proben\/proben-educacao\/transparencia-de-contas-3\/crinter-lobo-da-costa\/","title":{"rendered":"CRInter &#8211; Lobo da Costa"},"content":{"rendered":"<p style=\"text-align: center;\"><strong>CRInter &#8211; Lobo da Costa<\/strong><\/p>\n<p><img loading=\"lazy\" decoding=\"async\" class=\"aligncenter wp-image-13519\" src=\"https:\/\/wp.ufpel.edu.br\/proben\/files\/2019\/06\/crinter.png\" alt=\"\" width=\"822\" height=\"438\" srcset=\"https:\/\/wp.ufpel.edu.br\/proben\/files\/2019\/06\/crinter.png 1572w, https:\/\/wp.ufpel.edu.br\/proben\/files\/2019\/06\/crinter-400x213.png 400w, https:\/\/wp.ufpel.edu.br\/proben\/files\/2019\/06\/crinter-768x409.png 768w, https:\/\/wp.ufpel.edu.br\/proben\/files\/2019\/06\/crinter-1024x546.png 1024w\" sizes=\"auto, (max-width: 822px) 100vw, 822px\" \/><\/p>\n<p style=\"text-align: center;\"><span style=\"font-size: 8pt;\">Fonte: Google<\/span><\/p>\n<p style=\"text-align: center;\"><em>Rua Lobo da Costa, n\u00ba859<\/em><\/p>\n<p style=\"text-align: center;\"><a href=\"https:\/\/wp.ufpel.edu.br\/proben\/acoes-e-resultados\/adequacao-do-sistema-tarifario\/\" target=\"_blank\" rel=\"noopener noreferrer\">Sistema Tarif\u00e1rio: Baixa Tens\u00e3o*<\/a><\/p>\n<p style=\"text-align: center;\">N\u00famero de instala\u00e7\u00e3o:\u00a05078533-8<\/p>\n<p>&nbsp;<\/p>\n<p style=\"text-align: center;\"><strong>Hist\u00f3rico de consumo:<\/strong><\/p>\n<p><a href=\"https:\/\/wp.ufpel.edu.br\/proben\/files\/2026\/01\/CRInter_2025.png\"><img loading=\"lazy\" decoding=\"async\" class=\"size-full wp-image-29332 aligncenter\" src=\"https:\/\/wp.ufpel.edu.br\/proben\/files\/2026\/01\/CRInter_2025.png\" alt=\"\" width=\"902\" height=\"567\" srcset=\"https:\/\/wp.ufpel.edu.br\/proben\/files\/2026\/01\/CRInter_2025.png 902w, https:\/\/wp.ufpel.edu.br\/proben\/files\/2026\/01\/CRInter_2025-400x251.png 400w, https:\/\/wp.ufpel.edu.br\/proben\/files\/2026\/01\/CRInter_2025-768x483.png 768w, https:\/\/wp.ufpel.edu.br\/proben\/files\/2026\/01\/CRInter_2025-477x300.png 477w\" sizes=\"auto, (max-width: 902px) 100vw, 902px\" \/><\/a><\/p>\n<p style=\"text-align: center;\">&#8211;<\/p>\n<p style=\"text-align: center;\"><strong>Consumo nos \u00faltimos 12 meses:<\/strong><\/p>\n<p><a href=\"https:\/\/wp.ufpel.edu.br\/proben\/files\/2026\/01\/CRInter_2026_JAN.png\"><img loading=\"lazy\" decoding=\"async\" class=\"size-full wp-image-29330 aligncenter\" src=\"https:\/\/wp.ufpel.edu.br\/proben\/files\/2026\/01\/CRInter_2026_JAN.png\" alt=\"\" width=\"1093\" height=\"568\" srcset=\"https:\/\/wp.ufpel.edu.br\/proben\/files\/2026\/01\/CRInter_2026_JAN.png 1093w, https:\/\/wp.ufpel.edu.br\/proben\/files\/2026\/01\/CRInter_2026_JAN-400x208.png 400w, https:\/\/wp.ufpel.edu.br\/proben\/files\/2026\/01\/CRInter_2026_JAN-1024x532.png 1024w, https:\/\/wp.ufpel.edu.br\/proben\/files\/2026\/01\/CRInter_2026_JAN-768x399.png 768w, https:\/\/wp.ufpel.edu.br\/proben\/files\/2026\/01\/CRInter_2026_JAN-577x300.png 577w\" sizes=\"auto, (max-width: 1093px) 100vw, 1093px\" \/><\/a><\/p>\n<p>&nbsp;<\/p>\n<p style=\"text-align: center;\"><a href=\"https:\/\/wp.ufpel.edu.br\/proben\/files\/2026\/01\/CRInter_2026_JAN.xlsx\">CRInter- Lobo da Costa<\/a>\u00a0&#8211; Tabela para Download<\/p>\n<p style=\"text-align: center;\"><a href=\"https:\/\/wp.ufpel.edu.br\/proben\/acoes-e-resultados\/adequacao-do-sistema-tarifario\/\" target=\"_blank\" rel=\"noopener noreferrer\">*clique aqui para entender como fazemos a adequa\u00e7\u00e3o do sistema tarif\u00e1rio<\/a><\/p>\n<p>&nbsp;<\/p>\n","protected":false},"excerpt":{"rendered":"<p>CRInter &#8211; Lobo da Costa Fonte: Google Rua Lobo da Costa, n\u00ba859 Sistema Tarif\u00e1rio: Baixa Tens\u00e3o* N\u00famero de instala\u00e7\u00e3o:\u00a05078533-8 &nbsp; Hist\u00f3rico de consumo: &#8211; Consumo nos \u00faltimos 12 meses: &nbsp; CRInter- Lobo da Costa\u00a0&#8211; Tabela para Download *clique aqui para entender como fazemos a adequa\u00e7\u00e3o do sistema tarif\u00e1rio &nbsp;<\/p>\n","protected":false},"author":303,"featured_media":0,"parent":1056,"menu_order":0,"comment_status":"closed","ping_status":"closed","template":"","meta":{"footnotes":""},"class_list":["post-8070","page","type-page","status-publish","hentry"],"jetpack_sharing_enabled":true,"_links":{"self":[{"href":"https:\/\/wp.ufpel.edu.br\/proben\/wp-json\/wp\/v2\/pages\/8070","targetHints":{"allow":["GET"]}}],"collection":[{"href":"https:\/\/wp.ufpel.edu.br\/proben\/wp-json\/wp\/v2\/pages"}],"about":[{"href":"https:\/\/wp.ufpel.edu.br\/proben\/wp-json\/wp\/v2\/types\/page"}],"author":[{"embeddable":true,"href":"https:\/\/wp.ufpel.edu.br\/proben\/wp-json\/wp\/v2\/users\/303"}],"replies":[{"embeddable":true,"href":"https:\/\/wp.ufpel.edu.br\/proben\/wp-json\/wp\/v2\/comments?post=8070"}],"version-history":[{"count":4,"href":"https:\/\/wp.ufpel.edu.br\/proben\/wp-json\/wp\/v2\/pages\/8070\/revisions"}],"predecessor-version":[{"id":29333,"href":"https:\/\/wp.ufpel.edu.br\/proben\/wp-json\/wp\/v2\/pages\/8070\/revisions\/29333"}],"up":[{"embeddable":true,"href":"https:\/\/wp.ufpel.edu.br\/proben\/wp-json\/wp\/v2\/pages\/1056"}],"wp:attachment":[{"href":"https:\/\/wp.ufpel.edu.br\/proben\/wp-json\/wp\/v2\/media?parent=8070"}],"curies":[{"name":"wp","href":"https:\/\/api.w.org\/{rel}","templated":true}]}}