{"id":802,"date":"2013-09-27T12:35:15","date_gmt":"2013-09-27T15:35:15","guid":{"rendered":"https:\/\/wp.ufpel.edu.br\/proben\/?page_id=802"},"modified":"2026-01-20T16:49:24","modified_gmt":"2026-01-20T19:49:24","slug":"mercosul-multicultural","status":"publish","type":"page","link":"https:\/\/wp.ufpel.edu.br\/proben\/proben-educacao\/transparencia-de-contas-3\/mercosul-multicultural\/","title":{"rendered":"Espa\u00e7o Cultural UFPel"},"content":{"rendered":"<p style=\"text-align: center;\"><strong>Espa\u00e7o Cultural UFPel (Mercosul Multicultural)<\/strong><\/p>\n<p style=\"text-align: center;\"><img loading=\"lazy\" decoding=\"async\" class=\"aligncenter wp-image-12424\" src=\"https:\/\/wp.ufpel.edu.br\/proben\/files\/2019\/03\/DSC_9915.jpg\" alt=\"\" width=\"525\" height=\"347\" srcset=\"https:\/\/wp.ufpel.edu.br\/proben\/files\/2019\/03\/DSC_9915.jpg 1643w, https:\/\/wp.ufpel.edu.br\/proben\/files\/2019\/03\/DSC_9915-400x265.jpg 400w, https:\/\/wp.ufpel.edu.br\/proben\/files\/2019\/03\/DSC_9915-768x509.jpg 768w, https:\/\/wp.ufpel.edu.br\/proben\/files\/2019\/03\/DSC_9915-1024x678.jpg 1024w\" sizes=\"auto, (max-width: 525px) 100vw, 525px\" \/><span style=\"font-size: 8pt;\">Fonte: UFPel<\/span><\/p>\n<p style=\"text-align: center;\"><em>Rua Benjamin Constant, n\u00b01071<\/em><\/p>\n<p style=\"text-align: center;\"><a href=\"https:\/\/wp.ufpel.edu.br\/proben\/acoes-4\/adequacao-do-sistema-tarifario\/\"> Sistema Tarif\u00e1rio: Baixa Tens\u00e3o<\/a>*<\/p>\n<p style=\"text-align: center;\">N\u00famero de<strong>\u00a0<\/strong>instala\u00e7\u00e3o:\u00a06171984-6<\/p>\n<p style=\"text-align: center;\">&#8211;<\/p>\n<p style=\"text-align: center;\"><strong>Hist\u00f3rico de consumo:<\/strong><\/p>\n<p><a href=\"https:\/\/wp.ufpel.edu.br\/proben\/files\/2026\/01\/Espaco-Cultural_2025.png\"><img loading=\"lazy\" decoding=\"async\" class=\"alignnone size-full wp-image-29340\" src=\"https:\/\/wp.ufpel.edu.br\/proben\/files\/2026\/01\/Espaco-Cultural_2025.png\" alt=\"\" width=\"1222\" height=\"572\" srcset=\"https:\/\/wp.ufpel.edu.br\/proben\/files\/2026\/01\/Espaco-Cultural_2025.png 1222w, https:\/\/wp.ufpel.edu.br\/proben\/files\/2026\/01\/Espaco-Cultural_2025-400x187.png 400w, https:\/\/wp.ufpel.edu.br\/proben\/files\/2026\/01\/Espaco-Cultural_2025-1024x479.png 1024w, https:\/\/wp.ufpel.edu.br\/proben\/files\/2026\/01\/Espaco-Cultural_2025-768x359.png 768w, https:\/\/wp.ufpel.edu.br\/proben\/files\/2026\/01\/Espaco-Cultural_2025-600x281.png 600w\" sizes=\"auto, (max-width: 1222px) 100vw, 1222px\" \/><\/a><\/p>\n<p><strong style=\"text-align: center;\">\u00a0<\/strong><\/p>\n<p style=\"text-align: center;\"><strong>Consumo dos \u00faltimos 12 meses:<\/strong><\/p>\n<p><a href=\"https:\/\/wp.ufpel.edu.br\/proben\/files\/2026\/01\/EspacoCultural_2026_JAN.png\"><img loading=\"lazy\" decoding=\"async\" class=\"alignnone size-full wp-image-29338\" src=\"https:\/\/wp.ufpel.edu.br\/proben\/files\/2026\/01\/EspacoCultural_2026_JAN.png\" alt=\"\" width=\"1101\" height=\"547\" srcset=\"https:\/\/wp.ufpel.edu.br\/proben\/files\/2026\/01\/EspacoCultural_2026_JAN.png 1101w, https:\/\/wp.ufpel.edu.br\/proben\/files\/2026\/01\/EspacoCultural_2026_JAN-400x199.png 400w, https:\/\/wp.ufpel.edu.br\/proben\/files\/2026\/01\/EspacoCultural_2026_JAN-1024x509.png 1024w, https:\/\/wp.ufpel.edu.br\/proben\/files\/2026\/01\/EspacoCultural_2026_JAN-768x382.png 768w, https:\/\/wp.ufpel.edu.br\/proben\/files\/2026\/01\/EspacoCultural_2026_JAN-600x298.png 600w\" sizes=\"auto, (max-width: 1101px) 100vw, 1101px\" \/><\/a><\/p>\n<p>&nbsp;<\/p>\n<p style=\"text-align: center;\"><a href=\"https:\/\/wp.ufpel.edu.br\/proben\/files\/2026\/01\/ESPACO-CULTURAL-UFPEL_24_JAN.xlsx\">Espa\u00e7o Cultural &#8211;<\/a> tabela para download<\/p>\n<p style=\"text-align: center;\">* <a href=\"https:\/\/wp.ufpel.edu.br\/proben\/acoes-e-resultados\/adequacao-do-sistema-tarifario\/\">clique aqui\u00a0para entender como fazemos a adequa\u00e7\u00e3o do sistema\u00a0 tarif\u00e1rio<\/a><\/p>\n","protected":false},"excerpt":{"rendered":"<p>Espa\u00e7o Cultural UFPel (Mercosul Multicultural) Fonte: UFPel Rua Benjamin Constant, n\u00b01071 Sistema Tarif\u00e1rio: Baixa Tens\u00e3o* N\u00famero de\u00a0instala\u00e7\u00e3o:\u00a06171984-6 &#8211; Hist\u00f3rico de consumo: \u00a0 Consumo dos \u00faltimos 12 meses: &nbsp; Espa\u00e7o Cultural &#8211; tabela para download * clique aqui\u00a0para entender como fazemos a adequa\u00e7\u00e3o do sistema\u00a0 tarif\u00e1rio<\/p>\n","protected":false},"author":303,"featured_media":0,"parent":1056,"menu_order":0,"comment_status":"closed","ping_status":"closed","template":"","meta":{"footnotes":""},"class_list":["post-802","page","type-page","status-publish","hentry"],"jetpack_sharing_enabled":true,"_links":{"self":[{"href":"https:\/\/wp.ufpel.edu.br\/proben\/wp-json\/wp\/v2\/pages\/802","targetHints":{"allow":["GET"]}}],"collection":[{"href":"https:\/\/wp.ufpel.edu.br\/proben\/wp-json\/wp\/v2\/pages"}],"about":[{"href":"https:\/\/wp.ufpel.edu.br\/proben\/wp-json\/wp\/v2\/types\/page"}],"author":[{"embeddable":true,"href":"https:\/\/wp.ufpel.edu.br\/proben\/wp-json\/wp\/v2\/users\/303"}],"replies":[{"embeddable":true,"href":"https:\/\/wp.ufpel.edu.br\/proben\/wp-json\/wp\/v2\/comments?post=802"}],"version-history":[{"count":4,"href":"https:\/\/wp.ufpel.edu.br\/proben\/wp-json\/wp\/v2\/pages\/802\/revisions"}],"predecessor-version":[{"id":29341,"href":"https:\/\/wp.ufpel.edu.br\/proben\/wp-json\/wp\/v2\/pages\/802\/revisions\/29341"}],"up":[{"embeddable":true,"href":"https:\/\/wp.ufpel.edu.br\/proben\/wp-json\/wp\/v2\/pages\/1056"}],"wp:attachment":[{"href":"https:\/\/wp.ufpel.edu.br\/proben\/wp-json\/wp\/v2\/media?parent=802"}],"curies":[{"name":"wp","href":"https:\/\/api.w.org\/{rel}","templated":true}]}}