{"id":795,"date":"2013-09-27T12:18:28","date_gmt":"2013-09-27T15:18:28","guid":{"rendered":"https:\/\/wp.ufpel.edu.br\/proben\/?page_id=795"},"modified":"2026-01-18T20:50:57","modified_gmt":"2026-01-18T23:50:57","slug":"grande-hotel","status":"publish","type":"page","link":"https:\/\/wp.ufpel.edu.br\/proben\/proben-educacao\/transparencia-de-contas-3\/grande-hotel\/","title":{"rendered":"Hotelaria &#8211; Grande Hotel"},"content":{"rendered":"<p style=\"text-align: center;\"><strong>\u00a0Hotelaria &#8211; Grande Hotel<\/strong><\/p>\n<p><img loading=\"lazy\" decoding=\"async\" class=\"aligncenter wp-image-14389\" src=\"https:\/\/wp.ufpel.edu.br\/proben\/files\/2019\/09\/Capturar.png\" alt=\"\" width=\"708\" height=\"679\" srcset=\"https:\/\/wp.ufpel.edu.br\/proben\/files\/2019\/09\/Capturar.png 895w, https:\/\/wp.ufpel.edu.br\/proben\/files\/2019\/09\/Capturar-400x383.png 400w, https:\/\/wp.ufpel.edu.br\/proben\/files\/2019\/09\/Capturar-768x736.png 768w\" sizes=\"auto, (max-width: 708px) 100vw, 708px\" \/><\/p>\n<p style=\"text-align: center;\">Fonte: Google<\/p>\n<p style=\"text-align: center;\">\u00a0Pra\u00e7a Cel. Pedro Os\u00f3rio, n\u00b051<\/p>\n<p style=\"text-align: center;\"><a href=\"https:\/\/wp.ufpel.edu.br\/proben\/acoes-4\/adequacao-do-sistema-tarifario\/\"> Sistema Tarif\u00e1rio: Baixa Tens\u00e3o<\/a>*<\/p>\n<p style=\"text-align: center;\">N\u00famero de<strong>\u00a0<\/strong>instala\u00e7\u00e3o:\u00a06140101-3<\/p>\n<p style=\"text-align: center;\">&#8211;<\/p>\n<p style=\"text-align: center;\"><strong>Hist\u00f3rico de consumo:<\/strong><\/p>\n<p>&nbsp;<\/p>\n<p><a href=\"https:\/\/wp.ufpel.edu.br\/proben\/files\/2026\/01\/HOTELARIA-GRANDE-HOTEL_2026.png\"><img loading=\"lazy\" decoding=\"async\" class=\"size-full wp-image-29118 aligncenter\" src=\"https:\/\/wp.ufpel.edu.br\/proben\/files\/2026\/01\/HOTELARIA-GRANDE-HOTEL_2026.png\" alt=\"\" width=\"777\" height=\"461\" srcset=\"https:\/\/wp.ufpel.edu.br\/proben\/files\/2026\/01\/HOTELARIA-GRANDE-HOTEL_2026.png 777w, https:\/\/wp.ufpel.edu.br\/proben\/files\/2026\/01\/HOTELARIA-GRANDE-HOTEL_2026-400x237.png 400w, https:\/\/wp.ufpel.edu.br\/proben\/files\/2026\/01\/HOTELARIA-GRANDE-HOTEL_2026-768x456.png 768w, https:\/\/wp.ufpel.edu.br\/proben\/files\/2026\/01\/HOTELARIA-GRANDE-HOTEL_2026-506x300.png 506w\" sizes=\"auto, (max-width: 777px) 100vw, 777px\" \/><\/a><\/p>\n<p style=\"text-align: center;\">\u00a0&#8211;<\/p>\n<p style=\"text-align: center;\"><strong>Consumo \u00faltimos 12 meses:<\/strong><\/p>\n<p style=\"text-align: center;\"><a href=\"https:\/\/wp.ufpel.edu.br\/proben\/files\/2026\/01\/HOTELARIA-GRANDE-HOTEL_JANEIRO-2026.png\"><img loading=\"lazy\" decoding=\"async\" class=\"alignnone size-full wp-image-29120\" src=\"https:\/\/wp.ufpel.edu.br\/proben\/files\/2026\/01\/HOTELARIA-GRANDE-HOTEL_JANEIRO-2026.png\" alt=\"\" width=\"758\" height=\"364\" srcset=\"https:\/\/wp.ufpel.edu.br\/proben\/files\/2026\/01\/HOTELARIA-GRANDE-HOTEL_JANEIRO-2026.png 758w, https:\/\/wp.ufpel.edu.br\/proben\/files\/2026\/01\/HOTELARIA-GRANDE-HOTEL_JANEIRO-2026-400x192.png 400w, https:\/\/wp.ufpel.edu.br\/proben\/files\/2026\/01\/HOTELARIA-GRANDE-HOTEL_JANEIRO-2026-600x288.png 600w\" sizes=\"auto, (max-width: 758px) 100vw, 758px\" \/><\/a><\/p>\n<p style=\"text-align: center;\"><span style=\"color: #0000ff;\"><a style=\"color: #0000ff;\" href=\"https:\/\/wp.ufpel.edu.br\/proben\/files\/2026\/01\/HOTELARIA-GRANDE-HOTEL_JANEIRO-2026.xlsx\">Hotelaria &#8211; Grande Hotel <\/a>&#8211; Tabela para Download<\/span><\/p>\n<p style=\"text-align: center;\"><span style=\"color: #2c2b2b;\">*\u00a0<\/span><a style=\"color: #092749;\" href=\"https:\/\/wp.ufpel.edu.br\/proben\/acoes-e-resultados\/adequacao-do-sistema-tarifario\/\">clique aqui\u00a0para entender como fazemos a\u00a0adequa\u00e7\u00e3o do sistema \u00a0tarif\u00e1rio<\/a><\/p>\n","protected":false},"excerpt":{"rendered":"<p>\u00a0Hotelaria &#8211; Grande Hotel Fonte: Google \u00a0Pra\u00e7a Cel. Pedro Os\u00f3rio, n\u00b051 Sistema Tarif\u00e1rio: Baixa Tens\u00e3o* N\u00famero de\u00a0instala\u00e7\u00e3o:\u00a06140101-3 &#8211; Hist\u00f3rico de consumo: &nbsp; \u00a0&#8211; Consumo \u00faltimos 12 meses: Hotelaria &#8211; Grande Hotel &#8211; Tabela para Download *\u00a0clique aqui\u00a0para entender como fazemos a\u00a0adequa\u00e7\u00e3o do sistema \u00a0tarif\u00e1rio<\/p>\n","protected":false},"author":303,"featured_media":0,"parent":1056,"menu_order":0,"comment_status":"closed","ping_status":"closed","template":"","meta":{"footnotes":""},"class_list":["post-795","page","type-page","status-publish","hentry"],"jetpack_sharing_enabled":true,"_links":{"self":[{"href":"https:\/\/wp.ufpel.edu.br\/proben\/wp-json\/wp\/v2\/pages\/795","targetHints":{"allow":["GET"]}}],"collection":[{"href":"https:\/\/wp.ufpel.edu.br\/proben\/wp-json\/wp\/v2\/pages"}],"about":[{"href":"https:\/\/wp.ufpel.edu.br\/proben\/wp-json\/wp\/v2\/types\/page"}],"author":[{"embeddable":true,"href":"https:\/\/wp.ufpel.edu.br\/proben\/wp-json\/wp\/v2\/users\/303"}],"replies":[{"embeddable":true,"href":"https:\/\/wp.ufpel.edu.br\/proben\/wp-json\/wp\/v2\/comments?post=795"}],"version-history":[{"count":4,"href":"https:\/\/wp.ufpel.edu.br\/proben\/wp-json\/wp\/v2\/pages\/795\/revisions"}],"predecessor-version":[{"id":29122,"href":"https:\/\/wp.ufpel.edu.br\/proben\/wp-json\/wp\/v2\/pages\/795\/revisions\/29122"}],"up":[{"embeddable":true,"href":"https:\/\/wp.ufpel.edu.br\/proben\/wp-json\/wp\/v2\/pages\/1056"}],"wp:attachment":[{"href":"https:\/\/wp.ufpel.edu.br\/proben\/wp-json\/wp\/v2\/media?parent=795"}],"curies":[{"name":"wp","href":"https:\/\/api.w.org\/{rel}","templated":true}]}}