{"id":7847,"date":"2017-06-29T07:18:59","date_gmt":"2017-06-29T10:18:59","guid":{"rendered":"https:\/\/wp.ufpel.edu.br\/proben\/?page_id=7847"},"modified":"2019-09-18T09:53:56","modified_gmt":"2019-09-18T12:53:56","slug":"quem-esta-usando","status":"publish","type":"page","link":"https:\/\/wp.ufpel.edu.br\/proben\/sice\/quem-esta-usando\/","title":{"rendered":"Quem est\u00e1 capacitado"},"content":{"rendered":"<p>AGU &#8211; Advocacia Geral da Uni\u00e3o;<\/p>\n<p>ANTAQ &#8211; Ag\u00eancia Nacional de Transportes Aquavi\u00e1rios;<\/p>\n<p>ANVISA &#8211; Ag\u00eancia Nacional de Vigil\u00e2ncia Sanit\u00e1ria;<\/p>\n<p>AN &#8211; Arquivo Nacional;<\/p>\n<p>CADE &#8211; Conselho Administrativo de Defesa Econ\u00f4mica;<\/p>\n<p>CNPQ &#8211; Conselho Nacional de Desenvolvimento Cient\u00edfico e Tecnol\u00f3gico;<\/p>\n<p>CONAB \u2013 Companhia Nacional de Abastecimento;<\/p>\n<div class=\"ellip\">CBMDF &#8211; Corpo de Bombeiros Militar do Distrito Federal;<\/div>\n<p>EMBRAPA &#8211; Empresa Brasileira de Pesquisa Agropecu\u00e1ria;<\/p>\n<p>EMBRATUR &#8211; Instituto Brasileiro de Turismo;<\/p>\n<p>FAB &#8211; For\u00e7a A\u00e9rea Brasileira;<\/p>\n<p>FUNASA &#8211; Funda\u00e7\u00e3o Nacional da Sa\u00fade;<\/p>\n<p>IN &#8211; Imprensa Nacional;<\/p>\n<p>IPHAN &#8211; Instituto do Patrim\u00f4nio Hist\u00f3rico e Art\u00edstico Nacional;<\/p>\n<p>MARINHA;<\/p>\n<p>MINIST\u00c9RIO DA AGRICULTURA, PECU\u00c1RIA E ABASTECIMENTO;<\/p>\n<p>MINIST\u00c9RIO DA CI\u00caNCIA, TECNOLOGIA E INOVA\u00c7\u00c3O;<\/p>\n<p>MINIST\u00c9RIO DA DEFESA;<\/p>\n<p>MINIST\u00c9RIO DA FAZENDA;<\/p>\n<p>MINIST\u00c9RIO DA INTEGRA\u00c7\u00c3O NACIONAL;<\/p>\n<p>MINIST\u00c9RIO DA JUSTI\u00c7A;<\/p>\n<p>MINIST\u00c9RIO DAS CIDADES;<\/p>\n<p>MINIST\u00c9RIO DAS COMUNICA\u00c7\u00d5ES;<\/p>\n<p>MINIST\u00c9RIO DE MINAS E ENERGIA;<\/p>\n<p>MINIST\u00c9RIO DO MEIO AMBIENTE;<\/p>\n<p>MINIST\u00c9RIOS DESENVOLVIMENTO SOCIAL;<\/p>\n<p>MMA &#8211; ANA &#8211; Ag\u00eancia Nacional das \u00c1guas;<\/p>\n<p>MMA \u2013 IBAMA &#8211; Instituto Brasileiro do Meio Ambiente e dos Recursos Naturais Renov\u00e1veis;<\/p>\n<p>MME &#8211; DNPM &#8211; Departamento Nacional de Produ\u00e7\u00e3o Mineral;<\/p>\n<p>MPOG \u2013 SOF &#8211; Minist\u00e9rio do Planejamento, Desenvolvimento e Gest\u00e3o &#8211; Secretaria de Or\u00e7amento Federal<\/p>\n<p>SENADO FEDERAL;<\/p>\n<p>SERPRO &#8211; Servi\u00e7o Federal de Processamento de Dados;<\/p>\n<p>SUDECO &#8211; Superintend\u00eancia do Desenvolvimento do Centro-Oeste;<\/p>\n<p>&nbsp;<\/p>\n","protected":false},"excerpt":{"rendered":"<p>AGU &#8211; Advocacia Geral da Uni\u00e3o; ANTAQ &#8211; Ag\u00eancia Nacional de Transportes Aquavi\u00e1rios; ANVISA &#8211; Ag\u00eancia Nacional de Vigil\u00e2ncia Sanit\u00e1ria; AN &#8211; Arquivo Nacional; CADE &#8211; Conselho Administrativo de Defesa Econ\u00f4mica; CNPQ &#8211; Conselho Nacional de Desenvolvimento Cient\u00edfico e Tecnol\u00f3gico; CONAB \u2013 Companhia Nacional de Abastecimento; CBMDF &#8211; Corpo de Bombeiros Militar do Distrito Federal;&#8230; <\/p>\n<div class=\"link-more\"><a href=\"https:\/\/wp.ufpel.edu.br\/proben\/sice\/quem-esta-usando\/\">Leia mais<\/a><\/div>\n","protected":false},"author":303,"featured_media":0,"parent":7022,"menu_order":0,"comment_status":"closed","ping_status":"closed","template":"","meta":{"footnotes":""},"class_list":["post-7847","page","type-page","status-publish","hentry"],"jetpack_sharing_enabled":true,"_links":{"self":[{"href":"https:\/\/wp.ufpel.edu.br\/proben\/wp-json\/wp\/v2\/pages\/7847","targetHints":{"allow":["GET"]}}],"collection":[{"href":"https:\/\/wp.ufpel.edu.br\/proben\/wp-json\/wp\/v2\/pages"}],"about":[{"href":"https:\/\/wp.ufpel.edu.br\/proben\/wp-json\/wp\/v2\/types\/page"}],"author":[{"embeddable":true,"href":"https:\/\/wp.ufpel.edu.br\/proben\/wp-json\/wp\/v2\/users\/303"}],"replies":[{"embeddable":true,"href":"https:\/\/wp.ufpel.edu.br\/proben\/wp-json\/wp\/v2\/comments?post=7847"}],"version-history":[{"count":5,"href":"https:\/\/wp.ufpel.edu.br\/proben\/wp-json\/wp\/v2\/pages\/7847\/revisions"}],"predecessor-version":[{"id":14447,"href":"https:\/\/wp.ufpel.edu.br\/proben\/wp-json\/wp\/v2\/pages\/7847\/revisions\/14447"}],"up":[{"embeddable":true,"href":"https:\/\/wp.ufpel.edu.br\/proben\/wp-json\/wp\/v2\/pages\/7022"}],"wp:attachment":[{"href":"https:\/\/wp.ufpel.edu.br\/proben\/wp-json\/wp\/v2\/media?parent=7847"}],"curies":[{"name":"wp","href":"https:\/\/api.w.org\/{rel}","templated":true}]}}