{"id":779,"date":"2013-09-27T11:57:34","date_gmt":"2013-09-27T14:57:34","guid":{"rendered":"https:\/\/wp.ufpel.edu.br\/proben\/?page_id=779"},"modified":"2026-01-31T14:37:41","modified_gmt":"2026-01-31T17:37:41","slug":"engenharia-industrial-madeireira","status":"publish","type":"page","link":"https:\/\/wp.ufpel.edu.br\/proben\/proben-educacao\/transparencia-de-contas-3\/engenharia-industrial-madeireira\/","title":{"rendered":"Centro de Engenharias &#8211; Engenharia Industrial Madeireira"},"content":{"rendered":"<p style=\"text-align: center;\"><strong>Centro de Engenharias &#8211; Engenharia Industrial Madeireira<\/strong><\/p>\n<p><img loading=\"lazy\" decoding=\"async\" class=\"aligncenter wp-image-14100\" src=\"https:\/\/wp.ufpel.edu.br\/proben\/files\/2019\/08\/fachada.jpg\" alt=\"\" width=\"626\" height=\"265\" srcset=\"https:\/\/wp.ufpel.edu.br\/proben\/files\/2019\/08\/fachada.jpg 1257w, https:\/\/wp.ufpel.edu.br\/proben\/files\/2019\/08\/fachada-400x169.jpg 400w, https:\/\/wp.ufpel.edu.br\/proben\/files\/2019\/08\/fachada-768x325.jpg 768w, https:\/\/wp.ufpel.edu.br\/proben\/files\/2019\/08\/fachada-1024x433.jpg 1024w\" sizes=\"auto, (max-width: 626px) 100vw, 626px\" \/><\/p>\n<p style=\"text-align: center;\"><span style=\"font-size: 8pt;\">Fonte: Google<\/span><\/p>\n<p style=\"text-align: center;\">Rua Conde de Porto Alegre, n\u00b0873<\/p>\n<p style=\"text-align: center;\"><em>Utilizado por cursos de Engenharia Industrial Madeireira<\/em><\/p>\n<p style=\"text-align: center;\"><a href=\"https:\/\/wp.ufpel.edu.br\/proben\/acoes-e-resultados\/acoes-4\/adequacao-do-sistema-tarifario\/\">Sistema Tarif\u00e1rio:\u00a0Horo-Sazonal Verde\u00a0<\/a><\/p>\n<p style=\"text-align: center;\">N\u00famero de<strong>\u00a0<\/strong>instala\u00e7\u00e3o:\u00a06532477-3 (alta tens\u00e3o)<\/p>\n<p style=\"text-align: center;\">&#8211;<\/p>\n<p style=\"text-align: center;\"><strong>Hist\u00f3rico de consumo (anos):<\/strong><\/p>\n<p><a href=\"https:\/\/wp.ufpel.edu.br\/proben\/files\/2026\/01\/imagem_2026-01-31_143628262.png\"><img loading=\"lazy\" decoding=\"async\" class=\"alignnone wp-image-29528 size-full\" src=\"https:\/\/wp.ufpel.edu.br\/proben\/files\/2026\/01\/imagem_2026-01-31_143628262.png\" alt=\"\" width=\"1127\" height=\"488\" srcset=\"https:\/\/wp.ufpel.edu.br\/proben\/files\/2026\/01\/imagem_2026-01-31_143628262.png 1127w, https:\/\/wp.ufpel.edu.br\/proben\/files\/2026\/01\/imagem_2026-01-31_143628262-400x173.png 400w, https:\/\/wp.ufpel.edu.br\/proben\/files\/2026\/01\/imagem_2026-01-31_143628262-1024x443.png 1024w, https:\/\/wp.ufpel.edu.br\/proben\/files\/2026\/01\/imagem_2026-01-31_143628262-768x333.png 768w, https:\/\/wp.ufpel.edu.br\/proben\/files\/2026\/01\/imagem_2026-01-31_143628262-600x260.png 600w\" sizes=\"auto, (max-width: 1127px) 100vw, 1127px\" \/><\/a><\/p>\n<p style=\"text-align: center;\">&#8211;<\/p>\n<p style=\"text-align: center;\"><strong>Consumo nos \u00faltimos 12 meses:<\/strong><\/p>\n<p><a href=\"https:\/\/wp.ufpel.edu.br\/proben\/files\/2026\/01\/imagem_2026-01-31_143650961.png\"><img loading=\"lazy\" decoding=\"async\" class=\"alignnone wp-image-29529 size-full\" src=\"https:\/\/wp.ufpel.edu.br\/proben\/files\/2026\/01\/imagem_2026-01-31_143650961.png\" alt=\"\" width=\"1222\" height=\"437\" srcset=\"https:\/\/wp.ufpel.edu.br\/proben\/files\/2026\/01\/imagem_2026-01-31_143650961.png 1222w, https:\/\/wp.ufpel.edu.br\/proben\/files\/2026\/01\/imagem_2026-01-31_143650961-400x143.png 400w, https:\/\/wp.ufpel.edu.br\/proben\/files\/2026\/01\/imagem_2026-01-31_143650961-1024x366.png 1024w, https:\/\/wp.ufpel.edu.br\/proben\/files\/2026\/01\/imagem_2026-01-31_143650961-768x275.png 768w, https:\/\/wp.ufpel.edu.br\/proben\/files\/2026\/01\/imagem_2026-01-31_143650961-600x215.png 600w\" sizes=\"auto, (max-width: 1222px) 100vw, 1222px\" \/><\/a><\/p>\n<p>&nbsp;<\/p>\n<p style=\"text-align: center;\"><a href=\"https:\/\/wp.ufpel.edu.br\/proben\/files\/2026\/01\/madeireira_dez_2025.xlsx\">Eng. Ind. Madeireira<\/a>\u00a0&#8211;\u00a0Tabela para Download<\/p>\n<p style=\"text-align: center;\">* <a href=\"https:\/\/wp.ufpel.edu.br\/proben\/acoes-4\/adequacao-do-sistema-tarifario\/\">clique aqui\u00a0para entender como fazemos a adequa\u00e7\u00e3o do sistema\u00a0 tarif\u00e1rio<\/a><\/p>\n","protected":false},"excerpt":{"rendered":"<p>Centro de Engenharias &#8211; Engenharia Industrial Madeireira Fonte: Google Rua Conde de Porto Alegre, n\u00b0873 Utilizado por cursos de Engenharia Industrial Madeireira Sistema Tarif\u00e1rio:\u00a0Horo-Sazonal Verde\u00a0 N\u00famero de\u00a0instala\u00e7\u00e3o:\u00a06532477-3 (alta tens\u00e3o) &#8211; Hist\u00f3rico de consumo (anos): &#8211; Consumo nos \u00faltimos 12 meses: &nbsp; Eng. Ind. Madeireira\u00a0&#8211;\u00a0Tabela para Download * clique aqui\u00a0para entender como fazemos a adequa\u00e7\u00e3o do&#8230; <\/p>\n<div class=\"link-more\"><a href=\"https:\/\/wp.ufpel.edu.br\/proben\/proben-educacao\/transparencia-de-contas-3\/engenharia-industrial-madeireira\/\">Leia mais<\/a><\/div>\n","protected":false},"author":303,"featured_media":0,"parent":1056,"menu_order":0,"comment_status":"closed","ping_status":"closed","template":"","meta":{"footnotes":""},"class_list":["post-779","page","type-page","status-publish","hentry"],"jetpack_sharing_enabled":true,"_links":{"self":[{"href":"https:\/\/wp.ufpel.edu.br\/proben\/wp-json\/wp\/v2\/pages\/779","targetHints":{"allow":["GET"]}}],"collection":[{"href":"https:\/\/wp.ufpel.edu.br\/proben\/wp-json\/wp\/v2\/pages"}],"about":[{"href":"https:\/\/wp.ufpel.edu.br\/proben\/wp-json\/wp\/v2\/types\/page"}],"author":[{"embeddable":true,"href":"https:\/\/wp.ufpel.edu.br\/proben\/wp-json\/wp\/v2\/users\/303"}],"replies":[{"embeddable":true,"href":"https:\/\/wp.ufpel.edu.br\/proben\/wp-json\/wp\/v2\/comments?post=779"}],"version-history":[{"count":4,"href":"https:\/\/wp.ufpel.edu.br\/proben\/wp-json\/wp\/v2\/pages\/779\/revisions"}],"predecessor-version":[{"id":29531,"href":"https:\/\/wp.ufpel.edu.br\/proben\/wp-json\/wp\/v2\/pages\/779\/revisions\/29531"}],"up":[{"embeddable":true,"href":"https:\/\/wp.ufpel.edu.br\/proben\/wp-json\/wp\/v2\/pages\/1056"}],"wp:attachment":[{"href":"https:\/\/wp.ufpel.edu.br\/proben\/wp-json\/wp\/v2\/media?parent=779"}],"curies":[{"name":"wp","href":"https:\/\/api.w.org\/{rel}","templated":true}]}}