{"id":757,"date":"2013-09-27T10:53:06","date_gmt":"2013-09-27T13:53:06","guid":{"rendered":"https:\/\/wp.ufpel.edu.br\/proben\/?page_id=757"},"modified":"2026-01-18T21:41:36","modified_gmt":"2026-01-19T00:41:36","slug":"tablado","status":"publish","type":"page","link":"https:\/\/wp.ufpel.edu.br\/proben\/proben-educacao\/transparencia-de-contas-3\/tablado\/","title":{"rendered":"Teatro e Dan\u00e7a 2"},"content":{"rendered":"<p style=\"text-align: center;\"><strong>Teatro e Dan\u00e7a II<br \/>\n<\/strong><\/p>\n<p><img loading=\"lazy\" decoding=\"async\" class=\"aligncenter wp-image-12795\" src=\"https:\/\/wp.ufpel.edu.br\/proben\/files\/2019\/04\/teatro-II.jpg\" alt=\"\" width=\"696\" height=\"361\" srcset=\"https:\/\/wp.ufpel.edu.br\/proben\/files\/2019\/04\/teatro-II.jpg 1155w, https:\/\/wp.ufpel.edu.br\/proben\/files\/2019\/04\/teatro-II-400x207.jpg 400w, https:\/\/wp.ufpel.edu.br\/proben\/files\/2019\/04\/teatro-II-768x398.jpg 768w, https:\/\/wp.ufpel.edu.br\/proben\/files\/2019\/04\/teatro-II-1024x531.jpg 1024w\" sizes=\"auto, (max-width: 696px) 100vw, 696px\" \/><\/p>\n<p style=\"text-align: center;\"><span style=\"font-size: 8pt;\">Fonte: Google<\/span><\/p>\n<p style=\"text-align: center;\">Rua Almirante Tamandar\u00e9, n\u00b0301<\/p>\n<p style=\"text-align: center;\"><em>Utilizado por alunos dos cursos de Teatro e Dan\u00e7a;<\/em><\/p>\n<p style=\"text-align: center;\"><a href=\"https:\/\/wp.ufpel.edu.br\/proben\/acoes-4\/adequacao-do-sistema-tarifario\/\">\u00a0Sistema Tarif\u00e1rio: Baixa Tens\u00e3o<\/a>*<\/p>\n<p style=\"text-align: center;\">N\u00famero de<strong>\u00a0<\/strong>instala\u00e7\u00e3o:\u00a05880496-0<\/p>\n<p style=\"text-align: center;\">&#8211;<\/p>\n<p style=\"text-align: center;\"><strong>Hist\u00f3rico de consumo (anos):<\/strong><\/p>\n<p><a href=\"https:\/\/wp.ufpel.edu.br\/proben\/files\/2026\/01\/TEATRO-E-DANCA-II_2025.png\"><img loading=\"lazy\" decoding=\"async\" class=\"alignnone size-full wp-image-29159\" src=\"https:\/\/wp.ufpel.edu.br\/proben\/files\/2026\/01\/TEATRO-E-DANCA-II_2025.png\" alt=\"\" width=\"994\" height=\"508\" srcset=\"https:\/\/wp.ufpel.edu.br\/proben\/files\/2026\/01\/TEATRO-E-DANCA-II_2025.png 994w, https:\/\/wp.ufpel.edu.br\/proben\/files\/2026\/01\/TEATRO-E-DANCA-II_2025-400x204.png 400w, https:\/\/wp.ufpel.edu.br\/proben\/files\/2026\/01\/TEATRO-E-DANCA-II_2025-768x392.png 768w, https:\/\/wp.ufpel.edu.br\/proben\/files\/2026\/01\/TEATRO-E-DANCA-II_2025-587x300.png 587w\" sizes=\"auto, (max-width: 994px) 100vw, 994px\" \/><\/a><\/p>\n<p>&nbsp;<\/p>\n<p style=\"text-align: center;\">&#8211;<\/p>\n<p style=\"text-align: center;\"><strong>Consumo nos \u00faltimos 12 meses :<\/strong><\/p>\n<p><a href=\"https:\/\/wp.ufpel.edu.br\/proben\/files\/2026\/01\/TEATRO-E-DANCA-II_JANEIRO-2026.png\"><img loading=\"lazy\" decoding=\"async\" class=\"size-full wp-image-29160 aligncenter\" src=\"https:\/\/wp.ufpel.edu.br\/proben\/files\/2026\/01\/TEATRO-E-DANCA-II_JANEIRO-2026.png\" alt=\"\" width=\"757\" height=\"339\" srcset=\"https:\/\/wp.ufpel.edu.br\/proben\/files\/2026\/01\/TEATRO-E-DANCA-II_JANEIRO-2026.png 757w, https:\/\/wp.ufpel.edu.br\/proben\/files\/2026\/01\/TEATRO-E-DANCA-II_JANEIRO-2026-400x179.png 400w, https:\/\/wp.ufpel.edu.br\/proben\/files\/2026\/01\/TEATRO-E-DANCA-II_JANEIRO-2026-600x269.png 600w\" sizes=\"auto, (max-width: 757px) 100vw, 757px\" \/><\/a><\/p>\n<p style=\"text-align: center;\"><a href=\"https:\/\/wp.ufpel.edu.br\/proben\/files\/2026\/01\/TEATRO-E-DANCA-II_JANEIRO-2026.xlsx\">Teatro e Dan\u00e7a II<\/a> &#8211; tabela para download<\/p>\n<p style=\"text-align: center;\">*\u00a0<a href=\"https:\/\/wp.ufpel.edu.br\/proben\/acoes-4\/adequacao-do-sistema-tarifario\/\">clique aqui \u00a0para entender como fazemos a\u00a0adequa\u00e7\u00e3o do sistema \u00a0tarif\u00e1rio<\/a><\/p>\n","protected":false},"excerpt":{"rendered":"<p>Teatro e Dan\u00e7a II Fonte: Google Rua Almirante Tamandar\u00e9, n\u00b0301 Utilizado por alunos dos cursos de Teatro e Dan\u00e7a; \u00a0Sistema Tarif\u00e1rio: Baixa Tens\u00e3o* N\u00famero de\u00a0instala\u00e7\u00e3o:\u00a05880496-0 &#8211; Hist\u00f3rico de consumo (anos): &nbsp; &#8211; Consumo nos \u00faltimos 12 meses : Teatro e Dan\u00e7a II &#8211; tabela para download *\u00a0clique aqui \u00a0para entender como fazemos a\u00a0adequa\u00e7\u00e3o do sistema&#8230; <\/p>\n<div class=\"link-more\"><a href=\"https:\/\/wp.ufpel.edu.br\/proben\/proben-educacao\/transparencia-de-contas-3\/tablado\/\">Leia mais<\/a><\/div>\n","protected":false},"author":303,"featured_media":0,"parent":1056,"menu_order":0,"comment_status":"closed","ping_status":"closed","template":"","meta":{"footnotes":""},"class_list":["post-757","page","type-page","status-publish","hentry"],"jetpack_sharing_enabled":true,"_links":{"self":[{"href":"https:\/\/wp.ufpel.edu.br\/proben\/wp-json\/wp\/v2\/pages\/757","targetHints":{"allow":["GET"]}}],"collection":[{"href":"https:\/\/wp.ufpel.edu.br\/proben\/wp-json\/wp\/v2\/pages"}],"about":[{"href":"https:\/\/wp.ufpel.edu.br\/proben\/wp-json\/wp\/v2\/types\/page"}],"author":[{"embeddable":true,"href":"https:\/\/wp.ufpel.edu.br\/proben\/wp-json\/wp\/v2\/users\/303"}],"replies":[{"embeddable":true,"href":"https:\/\/wp.ufpel.edu.br\/proben\/wp-json\/wp\/v2\/comments?post=757"}],"version-history":[{"count":4,"href":"https:\/\/wp.ufpel.edu.br\/proben\/wp-json\/wp\/v2\/pages\/757\/revisions"}],"predecessor-version":[{"id":29163,"href":"https:\/\/wp.ufpel.edu.br\/proben\/wp-json\/wp\/v2\/pages\/757\/revisions\/29163"}],"up":[{"embeddable":true,"href":"https:\/\/wp.ufpel.edu.br\/proben\/wp-json\/wp\/v2\/pages\/1056"}],"wp:attachment":[{"href":"https:\/\/wp.ufpel.edu.br\/proben\/wp-json\/wp\/v2\/media?parent=757"}],"curies":[{"name":"wp","href":"https:\/\/api.w.org\/{rel}","templated":true}]}}