{"id":7038,"date":"2016-10-18T12:41:00","date_gmt":"2016-10-18T14:41:00","guid":{"rendered":"https:\/\/wp.ufpel.edu.br\/proben\/?page_id=7038"},"modified":"2017-06-20T12:27:12","modified_gmt":"2017-06-20T15:27:12","slug":"o-software","status":"publish","type":"page","link":"https:\/\/wp.ufpel.edu.br\/proben\/sice\/o-software\/","title":{"rendered":"O software"},"content":{"rendered":"<p style=\"text-align: justify\">Administrar as contas de energia el\u00e9trica n\u00e3o \u00e9 uma tarefa f\u00e1cil, mas agora pode ser, contando com a ajuda do Simulador de Contratos de Energia (SiCE).<\/p>\n<p style=\"text-align: justify\">O SiCE atende \u00e0 tr\u00eas\u00a0 incisos\u00a0 do artigo IV do decreto 8.540, sobre a adequa\u00e7\u00e3o dos contratos de energia el\u00e9trica. Ele funciona via web, \u00a0o que significa que voc\u00ea n\u00e3o necessita de qualquer outra unidade remov\u00edvel para a instala\u00e7\u00e3o do mesmo. O acesso pode ser feito de qualquer lugar com uma simples conex\u00e3o de internet, at\u00e9 mesmo das pr\u00f3prias 3G e 4G do seu celular ou tablet.<\/p>\n<p style=\"text-align: justify\">Para utiliz\u00e1-lo, voc\u00ea cadastra sua instala\u00e7\u00e3o de energia el\u00e9trica e poder\u00e1 simul\u00e1-la, obtendo a informa\u00e7\u00e3o de qual seria a melhor estrutura tarif\u00e1ria e demanda a ser contratada. Para isso, voc\u00ea precisa inserir os dados de consumo e demanda de energia da edifica\u00e7\u00e3o. No SiCE isso \u00e9 simples. Voc\u00ea pode importar essas informa\u00e7\u00f5es diretamente de arquivos .txt, que podem ser adquiridos de forma simples, solicitando a concession\u00e1ria, que atualmente podem ser a do estado do Rio Grande do Sul ou de Bras\u00edlia, j\u00e1 cadastradas no programa.<\/p>\n<p style=\"text-align: justify\">Para outras concession\u00e1rias voc\u00ea pode criar tarifas personalizadas, inserindo manualmente \u00a0valores tarif\u00e1rios e os dados de consumo, podendo realizar simula\u00e7\u00f5es e tendo acesso a totalidade de recursos do software.<\/p>\n<p style=\"text-align: justify\">Outro recurso \u00e9 a constru\u00e7\u00e3o de dois tipos de gr\u00e1fico: por per\u00edodos, escolhidos pelo pr\u00f3prio usu\u00e1rio ou concorrentes, com uma sobreposi\u00e7\u00e3o de diversos anos. De acordo com os gr\u00e1ficos s\u00e3o gerados relat\u00f3rios que podem ser salvos no formato pdf, abertos e consultados a qualquer momento.\u00a0\u00a0 Al\u00e9m disso o SiCE mant\u00e9m um hist\u00f3rico das an\u00e1lises de custos realizadas pelo usu\u00e1rio. E o melhor, os arquivos ficam armazenados na pr\u00f3pria plataforma, n\u00e3o ocupando a mem\u00f3ria do seu dispositivo.<\/p>\n<p style=\"text-align: justify\">H\u00e1 tamb\u00e9m uma grande preocupa\u00e7\u00e3o com o suporte. Dificuldades t\u00e9cnicas podem ser solucionadas rapidamente no pr\u00f3prio software, que faz uma liga\u00e7\u00e3o direta entre voc\u00ea e os programadores respons\u00e1veis.<\/p>\n<p style=\"text-align: justify\">O SiCE \u00e9 uma ferramenta incr\u00edvel! Come\u00e7e a economizar a partir de agora!<\/p>\n","protected":false},"excerpt":{"rendered":"<p>Administrar as contas de energia el\u00e9trica n\u00e3o \u00e9 uma tarefa f\u00e1cil, mas agora pode ser, contando com a ajuda do Simulador de Contratos de Energia (SiCE). O SiCE atende \u00e0 tr\u00eas\u00a0 incisos\u00a0 do artigo IV do decreto 8.540, sobre a adequa\u00e7\u00e3o dos contratos de energia el\u00e9trica. Ele funciona via web, \u00a0o que significa que voc\u00ea&#8230; <\/p>\n<div class=\"link-more\"><a href=\"https:\/\/wp.ufpel.edu.br\/proben\/sice\/o-software\/\">Leia mais<\/a><\/div>\n","protected":false},"author":303,"featured_media":0,"parent":7022,"menu_order":0,"comment_status":"closed","ping_status":"closed","template":"","meta":{"footnotes":""},"class_list":["post-7038","page","type-page","status-publish","hentry"],"jetpack_sharing_enabled":true,"_links":{"self":[{"href":"https:\/\/wp.ufpel.edu.br\/proben\/wp-json\/wp\/v2\/pages\/7038","targetHints":{"allow":["GET"]}}],"collection":[{"href":"https:\/\/wp.ufpel.edu.br\/proben\/wp-json\/wp\/v2\/pages"}],"about":[{"href":"https:\/\/wp.ufpel.edu.br\/proben\/wp-json\/wp\/v2\/types\/page"}],"author":[{"embeddable":true,"href":"https:\/\/wp.ufpel.edu.br\/proben\/wp-json\/wp\/v2\/users\/303"}],"replies":[{"embeddable":true,"href":"https:\/\/wp.ufpel.edu.br\/proben\/wp-json\/wp\/v2\/comments?post=7038"}],"version-history":[{"count":3,"href":"https:\/\/wp.ufpel.edu.br\/proben\/wp-json\/wp\/v2\/pages\/7038\/revisions"}],"predecessor-version":[{"id":7143,"href":"https:\/\/wp.ufpel.edu.br\/proben\/wp-json\/wp\/v2\/pages\/7038\/revisions\/7143"}],"up":[{"embeddable":true,"href":"https:\/\/wp.ufpel.edu.br\/proben\/wp-json\/wp\/v2\/pages\/7022"}],"wp:attachment":[{"href":"https:\/\/wp.ufpel.edu.br\/proben\/wp-json\/wp\/v2\/media?parent=7038"}],"curies":[{"name":"wp","href":"https:\/\/api.w.org\/{rel}","templated":true}]}}