{"id":697,"date":"2013-09-26T11:29:13","date_gmt":"2013-09-26T14:29:13","guid":{"rendered":"https:\/\/wp.ufpel.edu.br\/proben\/?page_id=697"},"modified":"2022-05-17T15:40:17","modified_gmt":"2022-05-17T18:40:17","slug":"adequacao-do-sistema-tarifario","status":"publish","type":"page","link":"https:\/\/wp.ufpel.edu.br\/proben\/acoes-e-resultados\/adequacao-do-sistema-tarifario\/","title":{"rendered":"Adequa\u00e7\u00e3o do sistema tarif\u00e1rio"},"content":{"rendered":"<p><span style=\"font-weight: 400;\">Define-se modalidade tarif\u00e1ria como sendo o conjunto de tarifas aplic\u00e1veis aos componentes de consumo de energia el\u00e9trica e\/ou demanda de pot\u00eancia ativa, de acordo com a modalidade de fornecimento. No Brasil, as unidades consumidoras s\u00e3o classificadas em dois grupos tarif\u00e1rios: grupo<\/span><b> A, <\/b><span style=\"font-weight: 400;\">que tem tarifa <\/span><b>bin\u00f4mia <\/b><span style=\"font-weight: 400;\">e grupo <\/span><b>B, <\/b><span style=\"font-weight: 400;\">que tem tarifa <\/span><b>mon\u00f4mia<\/b><span style=\"font-weight: 400;\">. O agrupamento \u00e9 definido, principalmente, em fun\u00e7\u00e3o do n\u00edvel de tens\u00e3o em que s\u00e3o atendidos e, tamb\u00e9m, como consequ\u00eancia, em fun\u00e7\u00e3o da demanda (kW).<\/span><\/p>\n<ul>\n<li style=\"font-weight: 400;\" aria-level=\"1\"><span style=\"font-weight: 400;\">Tarifa Mon\u00f4mia (Grupo B):\u00a0<\/span><\/li>\n<\/ul>\n<p><span style=\"font-weight: 400;\">Tarifa de fornecimento de energia el\u00e9trica, constitu\u00edda por pre\u00e7os aplic\u00e1veis unicamente ao consumo de energia el\u00e9trica ativa (kWh). Esta tarifa \u00e9 aplicada aos consumidores do Grupo B (baixa tens\u00e3o)\u00a0<\/span><\/p>\n<ul>\n<li style=\"font-weight: 400;\" aria-level=\"1\"><span style=\"font-weight: 400;\">Tarifa Bin\u00f4mia (Grupo A)<\/span><\/li>\n<\/ul>\n<p><span style=\"font-weight: 400;\">Conjunto de tarifas de fornecimento, constitu\u00eddo por pre\u00e7os aplic\u00e1veis ao consumo de energia el\u00e9trica ativa (kWh) e \u00e0 demanda fatur\u00e1vel (kW). Esta modalidade \u00e9 aplicada aos consumidores do Grupo A. As tarifas do grupo A s\u00e3o constitu\u00eddas por duas modalidades de fornecimento: estrutura tarif\u00e1ria horo-sazonal verde e estrutura tarif\u00e1ria horo-sazonal azul.\u00a0<\/span><\/p>\n<ul>\n<li style=\"font-weight: 400;\" aria-level=\"1\"><span style=\"font-weight: 400;\">Estrutura Tarif\u00e1ria Horo-sazonal Verde<\/span><\/li>\n<\/ul>\n<p><span style=\"font-weight: 400;\">Essa modalidade tarif\u00e1ria exige um contrato espec\u00edfico com a concession\u00e1ria, no qual se pactua a demanda pretendida pelo consumidor (demanda contratada), independentemente da hora do dia (ponta ou fora de ponta). O consumo de energia, por\u00e9m, tem valores diferenciados para hor\u00e1rio de ponta e fora de ponta.<\/span><\/p>\n<p><span style=\"font-weight: 400;\">A fatura de energia el\u00e9trica desses consumidores \u00e9 composta da soma de parcelas referentes ao consumo (na ponta e fora de ponta), demanda e demanda de ultrapassagem.<\/span><\/p>\n<ul>\n<li style=\"font-weight: 400;\" aria-level=\"1\"><span style=\"font-weight: 400;\">Estrutura Tarif\u00e1ria Horo-sazonal Azul<\/span><\/li>\n<\/ul>\n<p><span style=\"font-weight: 400;\">Essa modalidade tarif\u00e1ria exige um contrato espec\u00edfico com a concession\u00e1ria, no qual se pactua tanto o valor da demanda pretendida pelo consumidor no hor\u00e1rio de ponta quanto o valor pretendido nas horas fora de ponta. O consumo de energia, assim como na tarifa verde, tem valores diferenciados para hor\u00e1rio de ponta e fora de ponta.<\/span><\/p>\n<p><span style=\"font-weight: 400;\">A fatura de energia el\u00e9trica desses consumidores \u00e9 composta da soma de parcelas referentes ao consumo (ponta e fora de ponta), demanda (ponta e fora de ponta) e demanda de ultrapassagem.<\/span><\/p>\n<ul>\n<li style=\"font-weight: 400;\" aria-level=\"1\"><span style=\"font-weight: 400;\">Tarifas da CEEE &#8211; Equatorial (vigentes a partir de 22\/11\/2021)<\/span><\/li>\n<\/ul>\n<h4><img loading=\"lazy\" decoding=\"async\" class=\"aligncenter size-full wp-image-18998\" src=\"https:\/\/wp.ufpel.edu.br\/proben\/files\/2022\/05\/tarifas-e-custos-1.png\" alt=\"\" width=\"716\" height=\"382\" \/><\/h4>\n<p><span style=\"font-weight: 400;\">Tarifa\u00e7\u00e3o rural<\/span><\/p>\n<p><span style=\"font-weight: 400;\">Para\u00a0que a tarifa seja considera como rural, a carga instalada na unidade consumidora dever\u00e1 ser predominantemente destinada \u00e0 atividade agropecu\u00e1ria. (Fonte:\u00a0http:\/\/www.aneel.gov.br\/arquivos\/pdf\/caderno4capa.pdf)<\/span><\/p>\n<p><span style=\"font-weight: 400;\">Por que a UFPel conseguiu se enquadrar nessa modalidade tarif\u00e1ria?<\/span><\/p>\n<p><span style=\"font-weight: 400;\">O Proben obteve exito em enquadrar algumas unidades da UFPel na classe de consumidor rural pois o Campus Cap\u00e3o do Le\u00e3o\u00a0apresenta usos de coletividade rural, incluindo tamb\u00e9m a Barragem Eclusa, Horto Florestal, Fazenda da Palma, Pomar e Barragem Chasqueiro.\u00a0<\/span><b>Dessa forma, foi poss\u00edvel obter uma economia de aproximadamente\u00a0 35% na fatura de energia.<\/b><\/p>\n<p><span style=\"font-weight: 400;\">\u00a0<\/span><\/p>\n<ul>\n<li style=\"font-weight: 400;\" aria-level=\"1\"><span style=\"font-weight: 400;\">Bandeiras Tarif\u00e1rias<\/span><\/li>\n<\/ul>\n<p><span style=\"font-weight: 400;\">As bandeiras tarif\u00e1rias, regulamentada pela ANEEL, atrav\u00e9s da Resolu\u00e7\u00e3o Normativa n\u00ba 547\/2013, refletem os custos atuais sobre a gera\u00e7\u00e3o de energia na regi\u00e3o\/pa\u00eds, considerando todos os custos de gera\u00e7\u00e3o que variam conforme o cen\u00e1rio hidrol\u00f3gico. Vale refor\u00e7ar que n\u00e3o se trata de um custo novo, mas de uma forma mais transparente de apresentar o custo com compra de energia, pois substituiu a tarifa diferenciada, anteriormente existente, em fun\u00e7\u00e3o dos per\u00edodos do ano (seco\/\u00famido).<\/span><\/p>\n<p style=\"text-align: center;\"><img loading=\"lazy\" decoding=\"async\" class=\"aligncenter size-full wp-image-18954\" src=\"https:\/\/wp.ufpel.edu.br\/proben\/files\/2022\/05\/adcionaldabandeira.png\" alt=\"\" width=\"315\" height=\"96\" \/><span style=\"font-weight: 400; font-size: 8pt;\"> valores v\u00e1lidos em abril 2022<\/span><\/p>\n","protected":false},"excerpt":{"rendered":"<p>Define-se modalidade tarif\u00e1ria como sendo o conjunto de tarifas aplic\u00e1veis aos componentes de consumo de energia el\u00e9trica e\/ou demanda de pot\u00eancia ativa, de acordo com a modalidade de fornecimento. No Brasil, as unidades consumidoras s\u00e3o classificadas em dois grupos tarif\u00e1rios: grupo A, que tem tarifa bin\u00f4mia e grupo B, que tem tarifa mon\u00f4mia. O agrupamento&#8230; <\/p>\n<div class=\"link-more\"><a href=\"https:\/\/wp.ufpel.edu.br\/proben\/acoes-e-resultados\/adequacao-do-sistema-tarifario\/\">Leia mais<\/a><\/div>\n","protected":false},"author":303,"featured_media":0,"parent":3682,"menu_order":0,"comment_status":"closed","ping_status":"closed","template":"","meta":{"footnotes":""},"class_list":["post-697","page","type-page","status-publish","hentry"],"jetpack_sharing_enabled":true,"_links":{"self":[{"href":"https:\/\/wp.ufpel.edu.br\/proben\/wp-json\/wp\/v2\/pages\/697","targetHints":{"allow":["GET"]}}],"collection":[{"href":"https:\/\/wp.ufpel.edu.br\/proben\/wp-json\/wp\/v2\/pages"}],"about":[{"href":"https:\/\/wp.ufpel.edu.br\/proben\/wp-json\/wp\/v2\/types\/page"}],"author":[{"embeddable":true,"href":"https:\/\/wp.ufpel.edu.br\/proben\/wp-json\/wp\/v2\/users\/303"}],"replies":[{"embeddable":true,"href":"https:\/\/wp.ufpel.edu.br\/proben\/wp-json\/wp\/v2\/comments?post=697"}],"version-history":[{"count":29,"href":"https:\/\/wp.ufpel.edu.br\/proben\/wp-json\/wp\/v2\/pages\/697\/revisions"}],"predecessor-version":[{"id":18999,"href":"https:\/\/wp.ufpel.edu.br\/proben\/wp-json\/wp\/v2\/pages\/697\/revisions\/18999"}],"up":[{"embeddable":true,"href":"https:\/\/wp.ufpel.edu.br\/proben\/wp-json\/wp\/v2\/pages\/3682"}],"wp:attachment":[{"href":"https:\/\/wp.ufpel.edu.br\/proben\/wp-json\/wp\/v2\/media?parent=697"}],"curies":[{"name":"wp","href":"https:\/\/api.w.org\/{rel}","templated":true}]}}