{"id":634,"date":"2013-09-25T13:01:22","date_gmt":"2013-09-25T16:01:22","guid":{"rendered":"https:\/\/wp.ufpel.edu.br\/proben\/?page_id=634"},"modified":"2026-01-18T22:20:10","modified_gmt":"2026-01-19T01:20:10","slug":"horto-florestal-2","status":"publish","type":"page","link":"https:\/\/wp.ufpel.edu.br\/proben\/proben-educacao\/transparencia-de-contas-3\/horto-florestal-2\/","title":{"rendered":"Fazenda da Palma 1"},"content":{"rendered":"<p style=\"text-align: center;\"><strong>Fazenda da Palma 1<\/strong><\/p>\n<p><img loading=\"lazy\" decoding=\"async\" class=\"aligncenter size-full wp-image-14694\" src=\"https:\/\/wp.ufpel.edu.br\/proben\/files\/2019\/10\/Imagem-Palma.jpg\" alt=\"\" width=\"770\" height=\"569\" srcset=\"https:\/\/wp.ufpel.edu.br\/proben\/files\/2019\/10\/Imagem-Palma.jpg 770w, https:\/\/wp.ufpel.edu.br\/proben\/files\/2019\/10\/Imagem-Palma-400x296.jpg 400w, https:\/\/wp.ufpel.edu.br\/proben\/files\/2019\/10\/Imagem-Palma-768x568.jpg 768w\" sizes=\"auto, (max-width: 770px) 100vw, 770px\" \/><\/p>\n<p style=\"text-align: center;\"><span style=\"font-size: 8pt;\">Fonte: UFPEL<\/span><\/p>\n<p style=\"text-align: center;\">Estrada BR 116, n\u00b03042 &#8211; Cap\u00e3o do Le\u00e3o<\/p>\n<p style=\"text-align: center;\"><a href=\"https:\/\/wp.ufpel.edu.br\/proben\/acoes-e-resultados\/acoes-4\/adequacao-do-sistema-tarifario\/\">Sistema Tarif\u00e1rio: Alta Tens\u00e3o*<\/a><\/p>\n<p style=\"text-align: center;\">N\u00famero de<strong>\u00a0<\/strong>instala\u00e7\u00e3o:\u00a02471368-6 (alta tens\u00e3o)<\/p>\n<p style=\"text-align: center;\">&#8211;<\/p>\n<p style=\"text-align: center;\"><strong>Hist\u00f3rico de consumo :<\/strong><\/p>\n<p><a href=\"https:\/\/wp.ufpel.edu.br\/proben\/files\/2026\/01\/FAZENDA-DA-PALMA-1-2025.png\"><img loading=\"lazy\" decoding=\"async\" class=\"size-full wp-image-29185 aligncenter\" src=\"https:\/\/wp.ufpel.edu.br\/proben\/files\/2026\/01\/FAZENDA-DA-PALMA-1-2025.png\" alt=\"\" width=\"829\" height=\"488\" srcset=\"https:\/\/wp.ufpel.edu.br\/proben\/files\/2026\/01\/FAZENDA-DA-PALMA-1-2025.png 829w, https:\/\/wp.ufpel.edu.br\/proben\/files\/2026\/01\/FAZENDA-DA-PALMA-1-2025-400x235.png 400w, https:\/\/wp.ufpel.edu.br\/proben\/files\/2026\/01\/FAZENDA-DA-PALMA-1-2025-768x452.png 768w, https:\/\/wp.ufpel.edu.br\/proben\/files\/2026\/01\/FAZENDA-DA-PALMA-1-2025-510x300.png 510w\" sizes=\"auto, (max-width: 829px) 100vw, 829px\" \/><\/a><\/p>\n<p style=\"text-align: center;\">&#8211;<\/p>\n<p style=\"text-align: center;\"><strong>Consumo nos \u00faltimos 12 meses:<br \/>\n<\/strong><\/p>\n<p><a href=\"https:\/\/wp.ufpel.edu.br\/proben\/files\/2026\/01\/FAZENDA-DA-PALMA-1-JANEIRO-2026.png\"><img loading=\"lazy\" decoding=\"async\" class=\"size-full wp-image-29187 aligncenter\" src=\"https:\/\/wp.ufpel.edu.br\/proben\/files\/2026\/01\/FAZENDA-DA-PALMA-1-JANEIRO-2026.png\" alt=\"\" width=\"806\" height=\"463\" srcset=\"https:\/\/wp.ufpel.edu.br\/proben\/files\/2026\/01\/FAZENDA-DA-PALMA-1-JANEIRO-2026.png 806w, https:\/\/wp.ufpel.edu.br\/proben\/files\/2026\/01\/FAZENDA-DA-PALMA-1-JANEIRO-2026-400x230.png 400w, https:\/\/wp.ufpel.edu.br\/proben\/files\/2026\/01\/FAZENDA-DA-PALMA-1-JANEIRO-2026-768x441.png 768w, https:\/\/wp.ufpel.edu.br\/proben\/files\/2026\/01\/FAZENDA-DA-PALMA-1-JANEIRO-2026-522x300.png 522w\" sizes=\"auto, (max-width: 806px) 100vw, 806px\" \/><\/a><\/p>\n<p style=\"text-align: center;\"><a href=\"https:\/\/wp.ufpel.edu.br\/proben\/files\/2026\/01\/FAZENDA-DA-PALMA-1-JANEIRO-2026.xlsx\">Fazenda da Palma 1 <\/a>&#8211; tabela para download<\/p>\n<p style=\"text-align: center;\"><span style=\"color: #2c2b2b;\">*\u00a0<\/span><a style=\"color: #092749;\" href=\"https:\/\/wp.ufpel.edu.br\/proben\/files\/2019\/04\/FAZENDA-PALMA1.xlsx\">clique aqui para entender como fazemos a\u00a0adequa\u00e7\u00e3o do sistema \u00a0tarif\u00e1rio<\/a><\/p>\n","protected":false},"excerpt":{"rendered":"<p>Fazenda da Palma 1 Fonte: UFPEL Estrada BR 116, n\u00b03042 &#8211; Cap\u00e3o do Le\u00e3o Sistema Tarif\u00e1rio: Alta Tens\u00e3o* N\u00famero de\u00a0instala\u00e7\u00e3o:\u00a02471368-6 (alta tens\u00e3o) &#8211; Hist\u00f3rico de consumo : &#8211; Consumo nos \u00faltimos 12 meses: Fazenda da Palma 1 &#8211; tabela para download *\u00a0clique aqui para entender como fazemos a\u00a0adequa\u00e7\u00e3o do sistema \u00a0tarif\u00e1rio<\/p>\n","protected":false},"author":303,"featured_media":0,"parent":1056,"menu_order":0,"comment_status":"closed","ping_status":"closed","template":"","meta":{"footnotes":""},"class_list":["post-634","page","type-page","status-publish","hentry"],"jetpack_sharing_enabled":true,"_links":{"self":[{"href":"https:\/\/wp.ufpel.edu.br\/proben\/wp-json\/wp\/v2\/pages\/634","targetHints":{"allow":["GET"]}}],"collection":[{"href":"https:\/\/wp.ufpel.edu.br\/proben\/wp-json\/wp\/v2\/pages"}],"about":[{"href":"https:\/\/wp.ufpel.edu.br\/proben\/wp-json\/wp\/v2\/types\/page"}],"author":[{"embeddable":true,"href":"https:\/\/wp.ufpel.edu.br\/proben\/wp-json\/wp\/v2\/users\/303"}],"replies":[{"embeddable":true,"href":"https:\/\/wp.ufpel.edu.br\/proben\/wp-json\/wp\/v2\/comments?post=634"}],"version-history":[{"count":4,"href":"https:\/\/wp.ufpel.edu.br\/proben\/wp-json\/wp\/v2\/pages\/634\/revisions"}],"predecessor-version":[{"id":29189,"href":"https:\/\/wp.ufpel.edu.br\/proben\/wp-json\/wp\/v2\/pages\/634\/revisions\/29189"}],"up":[{"embeddable":true,"href":"https:\/\/wp.ufpel.edu.br\/proben\/wp-json\/wp\/v2\/pages\/1056"}],"wp:attachment":[{"href":"https:\/\/wp.ufpel.edu.br\/proben\/wp-json\/wp\/v2\/media?parent=634"}],"curies":[{"name":"wp","href":"https:\/\/api.w.org\/{rel}","templated":true}]}}