{"id":620,"date":"2013-09-25T12:15:48","date_gmt":"2013-09-25T15:15:48","guid":{"rendered":"https:\/\/wp.ufpel.edu.br\/proben\/?page_id=620"},"modified":"2026-01-18T22:34:16","modified_gmt":"2026-01-19T01:34:16","slug":"ccs","status":"publish","type":"page","link":"https:\/\/wp.ufpel.edu.br\/proben\/proben-educacao\/transparencia-de-contas-3\/ccs\/","title":{"rendered":"CCHS &#8211; Campus Alberto Rosa"},"content":{"rendered":"<p style=\"text-align: center;\"><strong>CCHS &#8211; Campus Alberto Rosa<\/strong><\/p>\n<p><img loading=\"lazy\" decoding=\"async\" class=\"aligncenter size-full wp-image-14392\" src=\"https:\/\/wp.ufpel.edu.br\/proben\/files\/2019\/09\/Capturar-1.png\" alt=\"\" width=\"1564\" height=\"830\" srcset=\"https:\/\/wp.ufpel.edu.br\/proben\/files\/2019\/09\/Capturar-1.png 1564w, https:\/\/wp.ufpel.edu.br\/proben\/files\/2019\/09\/Capturar-1-400x212.png 400w, https:\/\/wp.ufpel.edu.br\/proben\/files\/2019\/09\/Capturar-1-768x408.png 768w, https:\/\/wp.ufpel.edu.br\/proben\/files\/2019\/09\/Capturar-1-1024x543.png 1024w\" sizes=\"auto, (max-width: 1564px) 100vw, 1564px\" \/><\/p>\n<p style=\"text-align: center;\">Fonte: Google<\/p>\n<p style=\"text-align: center;\">Rua Cel. Alberto Rosa, n\u00b0154<\/p>\n<p style=\"text-align: center;\"><a href=\"https:\/\/wp.ufpel.edu.br\/proben\/acoes-4\/adequacao-do-sistema-tarifario\/\">\u00a0Sistema Tarif\u00e1rio: Horosazonal Verde &#8211; Poder P\u00fablico<\/a>*<\/p>\n<p style=\"text-align: center;\">N\u00famero de<strong>\u00a0<\/strong>instala\u00e7\u00e3o:\u00a06532389-1 \u00a0(<i>alta tens\u00e3o)<\/i><\/p>\n<p style=\"text-align: center;\">&#8211;<\/p>\n<p style=\"text-align: center;\"><strong>Hist\u00f3rico de consumo:<\/strong><\/p>\n<p><a href=\"https:\/\/wp.ufpel.edu.br\/proben\/files\/2026\/01\/CCHS_2025.png\"><img loading=\"lazy\" decoding=\"async\" class=\"size-full wp-image-29195 aligncenter\" src=\"https:\/\/wp.ufpel.edu.br\/proben\/files\/2026\/01\/CCHS_2025.png\" alt=\"\" width=\"784\" height=\"429\" srcset=\"https:\/\/wp.ufpel.edu.br\/proben\/files\/2026\/01\/CCHS_2025.png 784w, https:\/\/wp.ufpel.edu.br\/proben\/files\/2026\/01\/CCHS_2025-400x219.png 400w, https:\/\/wp.ufpel.edu.br\/proben\/files\/2026\/01\/CCHS_2025-768x420.png 768w, https:\/\/wp.ufpel.edu.br\/proben\/files\/2026\/01\/CCHS_2025-548x300.png 548w\" sizes=\"auto, (max-width: 784px) 100vw, 784px\" \/><\/a><\/p>\n<p style=\"text-align: center;\">&#8211;<\/p>\n<p style=\"text-align: center;\"><strong>Consumo nos \u00faltimos 12 meses:<\/strong><\/p>\n<p><a href=\"https:\/\/wp.ufpel.edu.br\/proben\/files\/2026\/01\/CCHS_JANEIRO-2026.png\"><img loading=\"lazy\" decoding=\"async\" class=\"size-full wp-image-29196 aligncenter\" src=\"https:\/\/wp.ufpel.edu.br\/proben\/files\/2026\/01\/CCHS_JANEIRO-2026.png\" alt=\"\" width=\"903\" height=\"419\" srcset=\"https:\/\/wp.ufpel.edu.br\/proben\/files\/2026\/01\/CCHS_JANEIRO-2026.png 903w, https:\/\/wp.ufpel.edu.br\/proben\/files\/2026\/01\/CCHS_JANEIRO-2026-400x186.png 400w, https:\/\/wp.ufpel.edu.br\/proben\/files\/2026\/01\/CCHS_JANEIRO-2026-768x356.png 768w, https:\/\/wp.ufpel.edu.br\/proben\/files\/2026\/01\/CCHS_JANEIRO-2026-600x278.png 600w\" sizes=\"auto, (max-width: 903px) 100vw, 903px\" \/><\/a><\/p>\n<p style=\"text-align: center;\"><span style=\"color: #0000ff;\"><a style=\"color: #0000ff;\" href=\"https:\/\/wp.ufpel.edu.br\/proben\/files\/2026\/01\/CCHS_JANEIRO-2026.xlsx\">CCHS &#8211; Campus Alberto Rosa &#8211;<\/a><\/span>tabela para download<\/p>\n<p style=\"text-align: center;\">*\u00a0<a href=\"https:\/\/wp.ufpel.edu.br\/proben\/acoes-4\/adequacao-do-sistema-tarifario\/\">clique aqui para entender como fazemos a\u00a0adequa\u00e7\u00e3o do sistema \u00a0tarif\u00e1rio<\/a><\/p>\n<p>&nbsp;<\/p>\n<p>&nbsp;<\/p>\n","protected":false},"excerpt":{"rendered":"<p>CCHS &#8211; Campus Alberto Rosa Fonte: Google Rua Cel. Alberto Rosa, n\u00b0154 \u00a0Sistema Tarif\u00e1rio: Horosazonal Verde &#8211; Poder P\u00fablico* N\u00famero de\u00a0instala\u00e7\u00e3o:\u00a06532389-1 \u00a0(alta tens\u00e3o) &#8211; Hist\u00f3rico de consumo: &#8211; Consumo nos \u00faltimos 12 meses: CCHS &#8211; Campus Alberto Rosa &#8211;tabela para download *\u00a0clique aqui para entender como fazemos a\u00a0adequa\u00e7\u00e3o do sistema \u00a0tarif\u00e1rio &nbsp; &nbsp;<\/p>\n","protected":false},"author":303,"featured_media":0,"parent":1056,"menu_order":0,"comment_status":"closed","ping_status":"closed","template":"","meta":{"footnotes":""},"class_list":["post-620","page","type-page","status-publish","hentry"],"jetpack_sharing_enabled":true,"_links":{"self":[{"href":"https:\/\/wp.ufpel.edu.br\/proben\/wp-json\/wp\/v2\/pages\/620","targetHints":{"allow":["GET"]}}],"collection":[{"href":"https:\/\/wp.ufpel.edu.br\/proben\/wp-json\/wp\/v2\/pages"}],"about":[{"href":"https:\/\/wp.ufpel.edu.br\/proben\/wp-json\/wp\/v2\/types\/page"}],"author":[{"embeddable":true,"href":"https:\/\/wp.ufpel.edu.br\/proben\/wp-json\/wp\/v2\/users\/303"}],"replies":[{"embeddable":true,"href":"https:\/\/wp.ufpel.edu.br\/proben\/wp-json\/wp\/v2\/comments?post=620"}],"version-history":[{"count":4,"href":"https:\/\/wp.ufpel.edu.br\/proben\/wp-json\/wp\/v2\/pages\/620\/revisions"}],"predecessor-version":[{"id":29199,"href":"https:\/\/wp.ufpel.edu.br\/proben\/wp-json\/wp\/v2\/pages\/620\/revisions\/29199"}],"up":[{"embeddable":true,"href":"https:\/\/wp.ufpel.edu.br\/proben\/wp-json\/wp\/v2\/pages\/1056"}],"wp:attachment":[{"href":"https:\/\/wp.ufpel.edu.br\/proben\/wp-json\/wp\/v2\/media?parent=620"}],"curies":[{"name":"wp","href":"https:\/\/api.w.org\/{rel}","templated":true}]}}