{"id":462,"date":"2013-09-11T13:37:19","date_gmt":"2013-09-11T16:37:19","guid":{"rendered":"https:\/\/wp.ufpel.edu.br\/proben\/?page_id=462"},"modified":"2026-01-20T16:52:30","modified_gmt":"2026-01-20T19:52:30","slug":"fazenda-da-palma","status":"publish","type":"page","link":"https:\/\/wp.ufpel.edu.br\/proben\/proben-educacao\/transparencia-de-contas-3\/fazenda-da-palma\/","title":{"rendered":"Fazenda da Palma 2"},"content":{"rendered":"<p style=\"text-align: center;\"><strong>Fazenda da Palma 2<\/strong><\/p>\n<p><img loading=\"lazy\" decoding=\"async\" class=\"aligncenter size-full wp-image-14694\" src=\"https:\/\/wp.ufpel.edu.br\/proben\/files\/2019\/10\/Imagem-Palma.jpg\" alt=\"\" width=\"770\" height=\"569\" srcset=\"https:\/\/wp.ufpel.edu.br\/proben\/files\/2019\/10\/Imagem-Palma.jpg 770w, https:\/\/wp.ufpel.edu.br\/proben\/files\/2019\/10\/Imagem-Palma-400x296.jpg 400w, https:\/\/wp.ufpel.edu.br\/proben\/files\/2019\/10\/Imagem-Palma-768x568.jpg 768w\" sizes=\"auto, (max-width: 770px) 100vw, 770px\" \/><\/p>\n<p style=\"text-align: center;\"><span style=\"font-size: 8pt;\">Fonte: UFPEL<\/span><\/p>\n<p style=\"text-align: center;\">Estr BR 116, n\u00b011455\u00a0&#8211; \u00a0Cap\u00e3o do Le\u00e3o<\/p>\n<p style=\"text-align: center;\"><a href=\"https:\/\/wp.ufpel.edu.br\/proben\/acoes-e-resultados\/acoes-4\/adequacao-do-sistema-tarifario\/\">Sistema Tarif\u00e1rio: Rural &#8211; Amarela Convencional*<\/a><\/p>\n<p style=\"text-align: center;\">N\u00famero de<strong>\u00a0<\/strong>instala\u00e7\u00e3o:\u00a04561130-1<\/p>\n<p style=\"text-align: center;\">&#8211;<\/p>\n<p style=\"text-align: center;\"><strong>Hist\u00f3rico de consumo:<\/strong><\/p>\n<p><a href=\"https:\/\/wp.ufpel.edu.br\/proben\/files\/2026\/01\/FazendaPalma2_2025.png\"><img loading=\"lazy\" decoding=\"async\" class=\"alignnone size-full wp-image-29353\" src=\"https:\/\/wp.ufpel.edu.br\/proben\/files\/2026\/01\/FazendaPalma2_2025.png\" alt=\"\" width=\"1160\" height=\"512\" srcset=\"https:\/\/wp.ufpel.edu.br\/proben\/files\/2026\/01\/FazendaPalma2_2025.png 1160w, https:\/\/wp.ufpel.edu.br\/proben\/files\/2026\/01\/FazendaPalma2_2025-400x177.png 400w, https:\/\/wp.ufpel.edu.br\/proben\/files\/2026\/01\/FazendaPalma2_2025-1024x452.png 1024w, https:\/\/wp.ufpel.edu.br\/proben\/files\/2026\/01\/FazendaPalma2_2025-768x339.png 768w, https:\/\/wp.ufpel.edu.br\/proben\/files\/2026\/01\/FazendaPalma2_2025-600x265.png 600w\" sizes=\"auto, (max-width: 1160px) 100vw, 1160px\" \/><\/a><\/p>\n<p>&nbsp;<\/p>\n<p style=\"text-align: center;\"><strong>Consumo nos \u00faltimos 12 meses:<\/strong><\/p>\n<p><a href=\"https:\/\/wp.ufpel.edu.br\/proben\/files\/2026\/01\/FazendaPalma2_2026_JAN.png\"><img loading=\"lazy\" decoding=\"async\" class=\"alignnone size-full wp-image-29354\" src=\"https:\/\/wp.ufpel.edu.br\/proben\/files\/2026\/01\/FazendaPalma2_2026_JAN.png\" alt=\"\" width=\"1187\" height=\"504\" srcset=\"https:\/\/wp.ufpel.edu.br\/proben\/files\/2026\/01\/FazendaPalma2_2026_JAN.png 1187w, https:\/\/wp.ufpel.edu.br\/proben\/files\/2026\/01\/FazendaPalma2_2026_JAN-400x170.png 400w, https:\/\/wp.ufpel.edu.br\/proben\/files\/2026\/01\/FazendaPalma2_2026_JAN-1024x435.png 1024w, https:\/\/wp.ufpel.edu.br\/proben\/files\/2026\/01\/FazendaPalma2_2026_JAN-768x326.png 768w, https:\/\/wp.ufpel.edu.br\/proben\/files\/2026\/01\/FazendaPalma2_2026_JAN-600x255.png 600w\" sizes=\"auto, (max-width: 1187px) 100vw, 1187px\" \/><\/a><\/p>\n<p>&nbsp;<\/p>\n<p style=\"text-align: center;\"><a href=\"https:\/\/wp.ufpel.edu.br\/proben\/files\/2026\/01\/FAZENDA-DA-PALMA_2026JAN.xlsx\">Fazenda da Palma 2\u00a0<\/a>&#8211; tabela para download<\/p>\n<p style=\"text-align: center;\">*\u00a0<a href=\"https:\/\/wp.ufpel.edu.br\/proben\/acoes-e-resultados\/adequacao-do-sistema-tarifario\/\">clique aqui\u00a0para entender como fazemos a\u00a0adequa\u00e7\u00e3o do sistema \u00a0tarif\u00e1rio<\/a><\/p>\n","protected":false},"excerpt":{"rendered":"<p>Fazenda da Palma 2 Fonte: UFPEL Estr BR 116, n\u00b011455\u00a0&#8211; \u00a0Cap\u00e3o do Le\u00e3o Sistema Tarif\u00e1rio: Rural &#8211; Amarela Convencional* N\u00famero de\u00a0instala\u00e7\u00e3o:\u00a04561130-1 &#8211; Hist\u00f3rico de consumo: &nbsp; Consumo nos \u00faltimos 12 meses: &nbsp; Fazenda da Palma 2\u00a0&#8211; tabela para download *\u00a0clique aqui\u00a0para entender como fazemos a\u00a0adequa\u00e7\u00e3o do sistema \u00a0tarif\u00e1rio<\/p>\n","protected":false},"author":303,"featured_media":0,"parent":1056,"menu_order":0,"comment_status":"closed","ping_status":"closed","template":"","meta":{"footnotes":""},"class_list":["post-462","page","type-page","status-publish","hentry"],"jetpack_sharing_enabled":true,"_links":{"self":[{"href":"https:\/\/wp.ufpel.edu.br\/proben\/wp-json\/wp\/v2\/pages\/462","targetHints":{"allow":["GET"]}}],"collection":[{"href":"https:\/\/wp.ufpel.edu.br\/proben\/wp-json\/wp\/v2\/pages"}],"about":[{"href":"https:\/\/wp.ufpel.edu.br\/proben\/wp-json\/wp\/v2\/types\/page"}],"author":[{"embeddable":true,"href":"https:\/\/wp.ufpel.edu.br\/proben\/wp-json\/wp\/v2\/users\/303"}],"replies":[{"embeddable":true,"href":"https:\/\/wp.ufpel.edu.br\/proben\/wp-json\/wp\/v2\/comments?post=462"}],"version-history":[{"count":4,"href":"https:\/\/wp.ufpel.edu.br\/proben\/wp-json\/wp\/v2\/pages\/462\/revisions"}],"predecessor-version":[{"id":29355,"href":"https:\/\/wp.ufpel.edu.br\/proben\/wp-json\/wp\/v2\/pages\/462\/revisions\/29355"}],"up":[{"embeddable":true,"href":"https:\/\/wp.ufpel.edu.br\/proben\/wp-json\/wp\/v2\/pages\/1056"}],"wp:attachment":[{"href":"https:\/\/wp.ufpel.edu.br\/proben\/wp-json\/wp\/v2\/media?parent=462"}],"curies":[{"name":"wp","href":"https:\/\/api.w.org\/{rel}","templated":true}]}}