{"id":447,"date":"2013-09-11T13:23:35","date_gmt":"2013-09-11T16:23:35","guid":{"rendered":"https:\/\/wp.ufpel.edu.br\/proben\/?page_id=447"},"modified":"2026-01-20T16:46:27","modified_gmt":"2026-01-20T19:46:27","slug":"faculdade-de-direito","status":"publish","type":"page","link":"https:\/\/wp.ufpel.edu.br\/proben\/proben-educacao\/transparencia-de-contas-3\/campi\/faculdade-de-direito\/","title":{"rendered":"Faculdade de Direito"},"content":{"rendered":"<p style=\"text-align: center;\"><strong>Faculdade de Direito\u00a0<\/strong><\/p>\n<p style=\"text-align: center;\"><img loading=\"lazy\" decoding=\"async\" class=\"aligncenter wp-image-12418\" src=\"https:\/\/wp.ufpel.edu.br\/proben\/files\/2019\/03\/fachada-7.jpg\" alt=\"\" width=\"563\" height=\"374\" srcset=\"https:\/\/wp.ufpel.edu.br\/proben\/files\/2019\/03\/fachada-7.jpg 1626w, https:\/\/wp.ufpel.edu.br\/proben\/files\/2019\/03\/fachada-7-400x266.jpg 400w, https:\/\/wp.ufpel.edu.br\/proben\/files\/2019\/03\/fachada-7-768x510.jpg 768w, https:\/\/wp.ufpel.edu.br\/proben\/files\/2019\/03\/fachada-7-1024x680.jpg 1024w\" sizes=\"auto, (max-width: 563px) 100vw, 563px\" \/><span style=\"font-size: 8pt;\">Fonte: UFPel<\/span><\/p>\n<p style=\"text-align: center;\"><em>Pra\u00e7a Conselheiro Maciel, n\u00b0855<\/em><\/p>\n<p style=\"text-align: center;\"><em>Utilizado por alunos e funcion\u00e1rios do curso de Direito;<\/em><\/p>\n<p style=\"text-align: center;\"><a href=\"https:\/\/wp.ufpel.edu.br\/proben\/acoes-e-resultados\/acoes-4\/adequacao-do-sistema-tarifario\/\">Sistema Tarif\u00e1rio: Baixa Tens\u00e3o*<\/a><\/p>\n<p style=\"text-align: center;\">N\u00famero de<strong>\u00a0<\/strong>instala\u00e7\u00e3o:\u00a02467512-1<\/p>\n<p style=\"text-align: center;\">&#8211;<\/p>\n<p style=\"text-align: center;\"><strong>Hist\u00f3rico de consumo:<\/strong><\/p>\n<p><a href=\"https:\/\/wp.ufpel.edu.br\/proben\/files\/2026\/01\/Direito_2025.png\"><img loading=\"lazy\" decoding=\"async\" class=\"size-full wp-image-29334 aligncenter\" src=\"https:\/\/wp.ufpel.edu.br\/proben\/files\/2026\/01\/Direito_2025.png\" alt=\"\" width=\"1035\" height=\"482\" srcset=\"https:\/\/wp.ufpel.edu.br\/proben\/files\/2026\/01\/Direito_2025.png 1035w, https:\/\/wp.ufpel.edu.br\/proben\/files\/2026\/01\/Direito_2025-400x186.png 400w, https:\/\/wp.ufpel.edu.br\/proben\/files\/2026\/01\/Direito_2025-1024x477.png 1024w, https:\/\/wp.ufpel.edu.br\/proben\/files\/2026\/01\/Direito_2025-768x358.png 768w, https:\/\/wp.ufpel.edu.br\/proben\/files\/2026\/01\/Direito_2025-600x279.png 600w\" sizes=\"auto, (max-width: 1035px) 100vw, 1035px\" \/><\/a><\/p>\n<p style=\"text-align: center;\">&#8211;<\/p>\n<p style=\"text-align: center;\"><strong>Consumo dos \u00faltimos 12 meses:<\/strong><\/p>\n<p><a href=\"https:\/\/wp.ufpel.edu.br\/proben\/files\/2026\/01\/direito_2026_JAN.png\"><img loading=\"lazy\" decoding=\"async\" class=\"size-full wp-image-29335 aligncenter\" src=\"https:\/\/wp.ufpel.edu.br\/proben\/files\/2026\/01\/direito_2026_JAN.png\" alt=\"\" width=\"1112\" height=\"486\" srcset=\"https:\/\/wp.ufpel.edu.br\/proben\/files\/2026\/01\/direito_2026_JAN.png 1112w, https:\/\/wp.ufpel.edu.br\/proben\/files\/2026\/01\/direito_2026_JAN-400x175.png 400w, https:\/\/wp.ufpel.edu.br\/proben\/files\/2026\/01\/direito_2026_JAN-1024x448.png 1024w, https:\/\/wp.ufpel.edu.br\/proben\/files\/2026\/01\/direito_2026_JAN-768x336.png 768w, https:\/\/wp.ufpel.edu.br\/proben\/files\/2026\/01\/direito_2026_JAN-600x262.png 600w\" sizes=\"auto, (max-width: 1112px) 100vw, 1112px\" \/><\/a><\/p>\n<p>&nbsp;<\/p>\n<p>&nbsp;<\/p>\n<p style=\"text-align: center;\"><a href=\"https:\/\/wp.ufpel.edu.br\/proben\/files\/2026\/01\/Direito_2026_JAN.xlsx\">Direito <\/a>&#8211; tabela para download<\/p>\n<p style=\"text-align: center;\">*\u00a0<a href=\"https:\/\/wp.ufpel.edu.br\/proben\/acoes-4\/adequacao-do-sistema-tarifario\/\">clique aqui para entender como fazemos a\u00a0adequa\u00e7\u00e3o do sistema \u00a0tarif\u00e1rio<\/a><\/p>\n","protected":false},"excerpt":{"rendered":"<p>Faculdade de Direito\u00a0 Fonte: UFPel Pra\u00e7a Conselheiro Maciel, n\u00b0855 Utilizado por alunos e funcion\u00e1rios do curso de Direito; Sistema Tarif\u00e1rio: Baixa Tens\u00e3o* N\u00famero de\u00a0instala\u00e7\u00e3o:\u00a02467512-1 &#8211; Hist\u00f3rico de consumo: &#8211; Consumo dos \u00faltimos 12 meses: &nbsp; &nbsp; Direito &#8211; tabela para download *\u00a0clique aqui para entender como fazemos a\u00a0adequa\u00e7\u00e3o do sistema \u00a0tarif\u00e1rio<\/p>\n","protected":false},"author":303,"featured_media":0,"parent":27014,"menu_order":0,"comment_status":"closed","ping_status":"closed","template":"","meta":{"footnotes":""},"class_list":["post-447","page","type-page","status-publish","hentry"],"jetpack_sharing_enabled":true,"_links":{"self":[{"href":"https:\/\/wp.ufpel.edu.br\/proben\/wp-json\/wp\/v2\/pages\/447","targetHints":{"allow":["GET"]}}],"collection":[{"href":"https:\/\/wp.ufpel.edu.br\/proben\/wp-json\/wp\/v2\/pages"}],"about":[{"href":"https:\/\/wp.ufpel.edu.br\/proben\/wp-json\/wp\/v2\/types\/page"}],"author":[{"embeddable":true,"href":"https:\/\/wp.ufpel.edu.br\/proben\/wp-json\/wp\/v2\/users\/303"}],"replies":[{"embeddable":true,"href":"https:\/\/wp.ufpel.edu.br\/proben\/wp-json\/wp\/v2\/comments?post=447"}],"version-history":[{"count":4,"href":"https:\/\/wp.ufpel.edu.br\/proben\/wp-json\/wp\/v2\/pages\/447\/revisions"}],"predecessor-version":[{"id":29337,"href":"https:\/\/wp.ufpel.edu.br\/proben\/wp-json\/wp\/v2\/pages\/447\/revisions\/29337"}],"up":[{"embeddable":true,"href":"https:\/\/wp.ufpel.edu.br\/proben\/wp-json\/wp\/v2\/pages\/27014"}],"wp:attachment":[{"href":"https:\/\/wp.ufpel.edu.br\/proben\/wp-json\/wp\/v2\/media?parent=447"}],"curies":[{"name":"wp","href":"https:\/\/api.w.org\/{rel}","templated":true}]}}