{"id":4447,"date":"2015-02-11T10:54:42","date_gmt":"2015-02-11T12:54:42","guid":{"rendered":"https:\/\/wp.ufpel.edu.br\/proben\/?page_id=4447"},"modified":"2026-01-31T14:24:41","modified_gmt":"2026-01-31T17:24:41","slug":"mercosul","status":"publish","type":"page","link":"https:\/\/wp.ufpel.edu.br\/proben\/proben-educacao\/transparencia-de-contas-3\/mercosul\/","title":{"rendered":"CIM &#8211; Centro de Integra\u00e7\u00e3o do Mercosul (1)"},"content":{"rendered":"<p style=\"text-align: center;\"><strong>CIM &#8211; Centro de Integra\u00e7\u00e3o do Mercosul (1)<\/strong><\/p>\n<p style=\"text-align: center;\"><img loading=\"lazy\" decoding=\"async\" class=\"aligncenter wp-image-12367\" src=\"https:\/\/wp.ufpel.edu.br\/proben\/files\/2019\/03\/14949113-1-1.jpg\" alt=\"\" width=\"561\" height=\"397\" srcset=\"https:\/\/wp.ufpel.edu.br\/proben\/files\/2019\/03\/14949113-1-1.jpg 1293w, https:\/\/wp.ufpel.edu.br\/proben\/files\/2019\/03\/14949113-1-1-400x283.jpg 400w, https:\/\/wp.ufpel.edu.br\/proben\/files\/2019\/03\/14949113-1-1-768x543.jpg 768w, https:\/\/wp.ufpel.edu.br\/proben\/files\/2019\/03\/14949113-1-1-1024x724.jpg 1024w\" sizes=\"auto, (max-width: 561px) 100vw, 561px\" \/> <span style=\"font-size: 8pt;\">Fonte: Google<\/span><\/p>\n<p style=\"text-align: center;\"><em>Rua Lobo da Costa, n\u00b01218<\/em><\/p>\n<p style=\"text-align: center;\"><em>Usu\u00e1rios;<\/em><\/p>\n<p style=\"text-align: center;\"><a href=\"https:\/\/wp.ufpel.edu.br\/proben\/acoes-4\/adequacao-do-sistema-tarifario\/\"><span style=\"color: #092749;\">\u00a0Sistema Tarif\u00e1rio: Baixa Tens\u00e3o<\/span><\/a>*<\/p>\n<p style=\"text-align: center;\">N\u00famero de<strong>\u00a0<\/strong>instala\u00e7\u00e3o:\u00a02442063-8<\/p>\n<p style=\"text-align: center;\">&#8211;<\/p>\n<p style=\"text-align: center;\"><strong>Hist\u00f3rico de consumo:<\/strong><\/p>\n<p><a href=\"https:\/\/wp.ufpel.edu.br\/proben\/files\/2026\/01\/imagem_2026-01-31_142221685.png\"><img loading=\"lazy\" decoding=\"async\" class=\"alignnone wp-image-29505 size-full\" src=\"https:\/\/wp.ufpel.edu.br\/proben\/files\/2026\/01\/imagem_2026-01-31_142221685.png\" alt=\"\" width=\"879\" height=\"509\" srcset=\"https:\/\/wp.ufpel.edu.br\/proben\/files\/2026\/01\/imagem_2026-01-31_142221685.png 879w, https:\/\/wp.ufpel.edu.br\/proben\/files\/2026\/01\/imagem_2026-01-31_142221685-400x232.png 400w, https:\/\/wp.ufpel.edu.br\/proben\/files\/2026\/01\/imagem_2026-01-31_142221685-768x445.png 768w, https:\/\/wp.ufpel.edu.br\/proben\/files\/2026\/01\/imagem_2026-01-31_142221685-518x300.png 518w\" sizes=\"auto, (max-width: 879px) 100vw, 879px\" \/><\/a><\/p>\n<p style=\"text-align: center;\"><a href=\"http:\/\/www.ufpel.edu.br\/faurb\/labcee\/site\/adm_\/content\/home\/arquivos\/Mercosul__FINAL_2014---.xlsx\">\u00a0<\/a><\/p>\n<p style=\"text-align: center;\"><strong>Consumo nos \u00faltimos 12 meses:<\/strong><\/p>\n<p><a href=\"https:\/\/wp.ufpel.edu.br\/proben\/files\/2026\/01\/imagem_2026-01-31_142245963.png\"><img loading=\"lazy\" decoding=\"async\" class=\"alignnone wp-image-29506 size-full\" src=\"https:\/\/wp.ufpel.edu.br\/proben\/files\/2026\/01\/imagem_2026-01-31_142245963.png\" alt=\"\" width=\"1021\" height=\"465\" srcset=\"https:\/\/wp.ufpel.edu.br\/proben\/files\/2026\/01\/imagem_2026-01-31_142245963.png 1021w, https:\/\/wp.ufpel.edu.br\/proben\/files\/2026\/01\/imagem_2026-01-31_142245963-400x182.png 400w, https:\/\/wp.ufpel.edu.br\/proben\/files\/2026\/01\/imagem_2026-01-31_142245963-768x350.png 768w, https:\/\/wp.ufpel.edu.br\/proben\/files\/2026\/01\/imagem_2026-01-31_142245963-600x273.png 600w\" sizes=\"auto, (max-width: 1021px) 100vw, 1021px\" \/><\/a><\/p>\n<p>&nbsp;<\/p>\n<p style=\"text-align: center;\"><a href=\"https:\/\/wp.ufpel.edu.br\/proben\/files\/2026\/01\/CImercosul1_dez_2025.xlsx\"><span style=\"color: #092749;\">CIM Mercosul 1 <\/span><\/a>\u2013 Tabela para Download<\/p>\n<p style=\"text-align: center;\">*\u00a0<a href=\"https:\/\/wp.ufpel.edu.br\/proben\/acoes-4\/adequacao-do-sistema-tarifario\/\">clique aqui para entender como fazemos a\u00a0adequa\u00e7\u00e3o do sistema \u00a0tarif\u00e1rio<\/a><\/p>\n","protected":false},"excerpt":{"rendered":"<p>CIM &#8211; Centro de Integra\u00e7\u00e3o do Mercosul (1) Fonte: Google Rua Lobo da Costa, n\u00b01218 Usu\u00e1rios; \u00a0Sistema Tarif\u00e1rio: Baixa Tens\u00e3o* N\u00famero de\u00a0instala\u00e7\u00e3o:\u00a02442063-8 &#8211; Hist\u00f3rico de consumo: \u00a0 Consumo nos \u00faltimos 12 meses: &nbsp; CIM Mercosul 1 \u2013 Tabela para Download *\u00a0clique aqui para entender como fazemos a\u00a0adequa\u00e7\u00e3o do sistema \u00a0tarif\u00e1rio<\/p>\n","protected":false},"author":303,"featured_media":0,"parent":1056,"menu_order":0,"comment_status":"closed","ping_status":"closed","template":"","meta":{"footnotes":""},"class_list":["post-4447","page","type-page","status-publish","hentry"],"jetpack_sharing_enabled":true,"_links":{"self":[{"href":"https:\/\/wp.ufpel.edu.br\/proben\/wp-json\/wp\/v2\/pages\/4447","targetHints":{"allow":["GET"]}}],"collection":[{"href":"https:\/\/wp.ufpel.edu.br\/proben\/wp-json\/wp\/v2\/pages"}],"about":[{"href":"https:\/\/wp.ufpel.edu.br\/proben\/wp-json\/wp\/v2\/types\/page"}],"author":[{"embeddable":true,"href":"https:\/\/wp.ufpel.edu.br\/proben\/wp-json\/wp\/v2\/users\/303"}],"replies":[{"embeddable":true,"href":"https:\/\/wp.ufpel.edu.br\/proben\/wp-json\/wp\/v2\/comments?post=4447"}],"version-history":[{"count":3,"href":"https:\/\/wp.ufpel.edu.br\/proben\/wp-json\/wp\/v2\/pages\/4447\/revisions"}],"predecessor-version":[{"id":29508,"href":"https:\/\/wp.ufpel.edu.br\/proben\/wp-json\/wp\/v2\/pages\/4447\/revisions\/29508"}],"up":[{"embeddable":true,"href":"https:\/\/wp.ufpel.edu.br\/proben\/wp-json\/wp\/v2\/pages\/1056"}],"wp:attachment":[{"href":"https:\/\/wp.ufpel.edu.br\/proben\/wp-json\/wp\/v2\/media?parent=4447"}],"curies":[{"name":"wp","href":"https:\/\/api.w.org\/{rel}","templated":true}]}}