{"id":4438,"date":"2015-02-11T10:49:36","date_gmt":"2015-02-11T12:49:36","guid":{"rendered":"https:\/\/wp.ufpel.edu.br\/proben\/?page_id=4438"},"modified":"2026-01-20T16:55:37","modified_gmt":"2026-01-20T19:55:37","slug":"centro-de-artes-2","status":"publish","type":"page","link":"https:\/\/wp.ufpel.edu.br\/proben\/proben-educacao\/transparencia-de-contas-3\/centro-de-artes-2\/","title":{"rendered":"Centro de Artes &#8211; Bloco 2"},"content":{"rendered":"<p style=\"text-align: center;\"><strong>Centro de Artes &#8211; Bloco 2<\/strong><\/p>\n<p><img loading=\"lazy\" decoding=\"async\" class=\"aligncenter wp-image-12455\" src=\"https:\/\/wp.ufpel.edu.br\/proben\/files\/2019\/03\/fachada-19.jpg\" alt=\"\" width=\"556\" height=\"360\" srcset=\"https:\/\/wp.ufpel.edu.br\/proben\/files\/2019\/03\/fachada-19.jpg 1103w, https:\/\/wp.ufpel.edu.br\/proben\/files\/2019\/03\/fachada-19-400x259.jpg 400w, https:\/\/wp.ufpel.edu.br\/proben\/files\/2019\/03\/fachada-19-768x497.jpg 768w, https:\/\/wp.ufpel.edu.br\/proben\/files\/2019\/03\/fachada-19-1024x663.jpg 1024w\" sizes=\"auto, (max-width: 556px) 100vw, 556px\" \/><\/p>\n<p style=\"text-align: center;\"><span style=\"font-size: 8pt;\">Fonte: Google<\/span><\/p>\n<p style=\"text-align: center;\">Rua \u00c1lvaro Chaves, n\u00b065<\/p>\n<p style=\"text-align: center;\">6717808-1<\/p>\n<p style=\"text-align: center;\"><em>Utilizado por todos os alunos;<\/em><\/p>\n<p style=\"text-align: center;\"><a href=\"https:\/\/wp.ufpel.edu.br\/proben\/acoes-4\/adequacao-do-sistema-tarifario\/\"><span style=\"color: #092749;\">\u00a0Sistema Tarif\u00e1rio:\u00a0Alta Tens\u00e3o<\/span><\/a>*<\/p>\n<p style=\"text-align: center;\">N\u00famero de<strong>\u00a0<\/strong>instala\u00e7\u00e3o:\u00a06717808-1 (<i>alta tens\u00e3o)<\/i><\/p>\n<p style=\"text-align: center;\">&#8211;<\/p>\n<p style=\"text-align: center;\"><strong>Hist\u00f3rico do consumo:<\/strong><\/p>\n<p><a href=\"https:\/\/wp.ufpel.edu.br\/proben\/files\/2026\/01\/CENTRO-DAS-ARTES_2025.png\"><img loading=\"lazy\" decoding=\"async\" class=\"size-full wp-image-29357 aligncenter\" src=\"https:\/\/wp.ufpel.edu.br\/proben\/files\/2026\/01\/CENTRO-DAS-ARTES_2025.png\" alt=\"\" width=\"743\" height=\"470\" srcset=\"https:\/\/wp.ufpel.edu.br\/proben\/files\/2026\/01\/CENTRO-DAS-ARTES_2025.png 743w, https:\/\/wp.ufpel.edu.br\/proben\/files\/2026\/01\/CENTRO-DAS-ARTES_2025-400x253.png 400w, https:\/\/wp.ufpel.edu.br\/proben\/files\/2026\/01\/CENTRO-DAS-ARTES_2025-474x300.png 474w\" sizes=\"auto, (max-width: 743px) 100vw, 743px\" \/><\/a><\/p>\n<p style=\"text-align: center;\">&#8211;<\/p>\n<p style=\"text-align: center;\"><strong>Consumo nos \u00faltimos 12 meses:<\/strong><\/p>\n<p><a href=\"https:\/\/wp.ufpel.edu.br\/proben\/files\/2026\/01\/Centro-das-Artes-2_2026_JAN.png\"><img loading=\"lazy\" decoding=\"async\" class=\"alignnone size-full wp-image-29356\" src=\"https:\/\/wp.ufpel.edu.br\/proben\/files\/2026\/01\/Centro-das-Artes-2_2026_JAN.png\" alt=\"\" width=\"1032\" height=\"428\" srcset=\"https:\/\/wp.ufpel.edu.br\/proben\/files\/2026\/01\/Centro-das-Artes-2_2026_JAN.png 1032w, https:\/\/wp.ufpel.edu.br\/proben\/files\/2026\/01\/Centro-das-Artes-2_2026_JAN-400x166.png 400w, https:\/\/wp.ufpel.edu.br\/proben\/files\/2026\/01\/Centro-das-Artes-2_2026_JAN-1024x425.png 1024w, https:\/\/wp.ufpel.edu.br\/proben\/files\/2026\/01\/Centro-das-Artes-2_2026_JAN-768x319.png 768w, https:\/\/wp.ufpel.edu.br\/proben\/files\/2026\/01\/Centro-das-Artes-2_2026_JAN-600x249.png 600w\" sizes=\"auto, (max-width: 1032px) 100vw, 1032px\" \/><\/a><\/p>\n<p>&nbsp;<\/p>\n<p style=\"text-align: center;\"><a href=\"https:\/\/wp.ufpel.edu.br\/proben\/files\/2026\/01\/centrodeartesbloco2_2026_JAN.xlsx\">Centro de Artes<\/a>\u00a0&#8211; Tabela para Download<\/p>\n<p style=\"text-align: center;\">*\u00a0<a href=\"https:\/\/wp.ufpel.edu.br\/proben\/acoes-4\/adequacao-do-sistema-tarifario\/\">clique aqui para entender como fazemos a\u00a0adequa\u00e7\u00e3o do sistema \u00a0tarif\u00e1rio<\/a><\/p>\n","protected":false},"excerpt":{"rendered":"<p>Centro de Artes &#8211; Bloco 2 Fonte: Google Rua \u00c1lvaro Chaves, n\u00b065 6717808-1 Utilizado por todos os alunos; \u00a0Sistema Tarif\u00e1rio:\u00a0Alta Tens\u00e3o* N\u00famero de\u00a0instala\u00e7\u00e3o:\u00a06717808-1 (alta tens\u00e3o) &#8211; Hist\u00f3rico do consumo: &#8211; Consumo nos \u00faltimos 12 meses: &nbsp; Centro de Artes\u00a0&#8211; Tabela para Download *\u00a0clique aqui para entender como fazemos a\u00a0adequa\u00e7\u00e3o do sistema \u00a0tarif\u00e1rio<\/p>\n","protected":false},"author":303,"featured_media":0,"parent":1056,"menu_order":0,"comment_status":"closed","ping_status":"closed","template":"","meta":{"footnotes":""},"class_list":["post-4438","page","type-page","status-publish","hentry"],"jetpack_sharing_enabled":true,"_links":{"self":[{"href":"https:\/\/wp.ufpel.edu.br\/proben\/wp-json\/wp\/v2\/pages\/4438","targetHints":{"allow":["GET"]}}],"collection":[{"href":"https:\/\/wp.ufpel.edu.br\/proben\/wp-json\/wp\/v2\/pages"}],"about":[{"href":"https:\/\/wp.ufpel.edu.br\/proben\/wp-json\/wp\/v2\/types\/page"}],"author":[{"embeddable":true,"href":"https:\/\/wp.ufpel.edu.br\/proben\/wp-json\/wp\/v2\/users\/303"}],"replies":[{"embeddable":true,"href":"https:\/\/wp.ufpel.edu.br\/proben\/wp-json\/wp\/v2\/comments?post=4438"}],"version-history":[{"count":4,"href":"https:\/\/wp.ufpel.edu.br\/proben\/wp-json\/wp\/v2\/pages\/4438\/revisions"}],"predecessor-version":[{"id":29359,"href":"https:\/\/wp.ufpel.edu.br\/proben\/wp-json\/wp\/v2\/pages\/4438\/revisions\/29359"}],"up":[{"embeddable":true,"href":"https:\/\/wp.ufpel.edu.br\/proben\/wp-json\/wp\/v2\/pages\/1056"}],"wp:attachment":[{"href":"https:\/\/wp.ufpel.edu.br\/proben\/wp-json\/wp\/v2\/media?parent=4438"}],"curies":[{"name":"wp","href":"https:\/\/api.w.org\/{rel}","templated":true}]}}