{"id":440,"date":"2013-09-11T13:12:29","date_gmt":"2013-09-11T16:12:29","guid":{"rendered":"https:\/\/wp.ufpel.edu.br\/proben\/?page_id=440"},"modified":"2026-01-18T20:58:10","modified_gmt":"2026-01-18T23:58:10","slug":"escola-de-belas-artes","status":"publish","type":"page","link":"https:\/\/wp.ufpel.edu.br\/proben\/proben-educacao\/transparencia-de-contas-3\/escola-de-belas-artes\/","title":{"rendered":"ICH &#8211; Campus L\u00c2MINA"},"content":{"rendered":"<p style=\"text-align: center;\">ICH &#8211; Campus L\u00c2MINA<\/p>\n<p><img loading=\"lazy\" decoding=\"async\" class=\"aligncenter size-full wp-image-12911\" src=\"https:\/\/wp.ufpel.edu.br\/proben\/files\/2019\/04\/ICH-\u2013-Campus-L\u00c2MINA.png\" alt=\"\" width=\"1586\" height=\"808\" srcset=\"https:\/\/wp.ufpel.edu.br\/proben\/files\/2019\/04\/ICH-\u2013-Campus-L\u00c2MINA.png 1586w, https:\/\/wp.ufpel.edu.br\/proben\/files\/2019\/04\/ICH-\u2013-Campus-L\u00c2MINA-400x204.png 400w, https:\/\/wp.ufpel.edu.br\/proben\/files\/2019\/04\/ICH-\u2013-Campus-L\u00c2MINA-768x391.png 768w, https:\/\/wp.ufpel.edu.br\/proben\/files\/2019\/04\/ICH-\u2013-Campus-L\u00c2MINA-1024x522.png 1024w\" sizes=\"auto, (max-width: 1586px) 100vw, 1586px\" \/><\/p>\n<p style=\"text-align: center;\">Fonte: Google<\/p>\n<p style=\"text-align: center;\">Rua Bar\u00e3o de Santa Tecla, n\u00b0408<\/p>\n<p style=\"text-align: center;\"><a href=\"https:\/\/wp.ufpel.edu.br\/proben\/acoes-e-resultados\/adequacao-do-sistema-tarifario\/\">\u00a0Sistema Tarif\u00e1rio: Baixa Tens\u00e3o*<\/a><\/p>\n<p style=\"text-align: center;\">N\u00famero de<strong>\u00a0<\/strong>instala\u00e7\u00e3o:\u00a02467340-4<\/p>\n<p style=\"text-align: center;\">&#8211;<\/p>\n<p style=\"text-align: center;\"><strong>Hist\u00f3rico de consumo:<\/strong><\/p>\n<p><a href=\"https:\/\/wp.ufpel.edu.br\/proben\/files\/2026\/01\/ICH-CAMPUS-LAMINA_2025.png\"><img loading=\"lazy\" decoding=\"async\" class=\"size-full wp-image-29123 aligncenter\" src=\"https:\/\/wp.ufpel.edu.br\/proben\/files\/2026\/01\/ICH-CAMPUS-LAMINA_2025.png\" alt=\"\" width=\"802\" height=\"429\" srcset=\"https:\/\/wp.ufpel.edu.br\/proben\/files\/2026\/01\/ICH-CAMPUS-LAMINA_2025.png 802w, https:\/\/wp.ufpel.edu.br\/proben\/files\/2026\/01\/ICH-CAMPUS-LAMINA_2025-400x214.png 400w, https:\/\/wp.ufpel.edu.br\/proben\/files\/2026\/01\/ICH-CAMPUS-LAMINA_2025-768x411.png 768w, https:\/\/wp.ufpel.edu.br\/proben\/files\/2026\/01\/ICH-CAMPUS-LAMINA_2025-561x300.png 561w\" sizes=\"auto, (max-width: 802px) 100vw, 802px\" \/><\/a><\/p>\n<p>&nbsp;<\/p>\n<p style=\"text-align: center;\"><strong>Consumo nos \u00faltimos 12 meses :<\/strong><\/p>\n<p><a href=\"https:\/\/wp.ufpel.edu.br\/proben\/files\/2026\/01\/ICH-CAMPUS-LAMINA_JANEIRO-26.png\"><img loading=\"lazy\" decoding=\"async\" class=\"size-full wp-image-29125 aligncenter\" src=\"https:\/\/wp.ufpel.edu.br\/proben\/files\/2026\/01\/ICH-CAMPUS-LAMINA_JANEIRO-26.png\" alt=\"\" width=\"782\" height=\"378\" srcset=\"https:\/\/wp.ufpel.edu.br\/proben\/files\/2026\/01\/ICH-CAMPUS-LAMINA_JANEIRO-26.png 782w, https:\/\/wp.ufpel.edu.br\/proben\/files\/2026\/01\/ICH-CAMPUS-LAMINA_JANEIRO-26-400x193.png 400w, https:\/\/wp.ufpel.edu.br\/proben\/files\/2026\/01\/ICH-CAMPUS-LAMINA_JANEIRO-26-768x371.png 768w, https:\/\/wp.ufpel.edu.br\/proben\/files\/2026\/01\/ICH-CAMPUS-LAMINA_JANEIRO-26-600x290.png 600w\" sizes=\"auto, (max-width: 782px) 100vw, 782px\" \/><\/a><\/p>\n<p style=\"text-align: center;\"><a href=\"https:\/\/wp.ufpel.edu.br\/proben\/files\/2026\/01\/ICH-CAMPUS-LAMINA_JANEIRO-26.xlsx\">ICH &#8211; Campus L\u00c2MINA <\/a>&#8211; tabela para download<\/p>\n<p style=\"text-align: center;\"><span style=\"color: #2c2b2b;\">*\u00a0<\/span><a style=\"color: #092749;\" href=\"https:\/\/wp.ufpel.edu.br\/proben\/files\/2019\/04\/ICH-LAMINA.xlsx\">clique aqui para entender como fazemos a\u00a0adequa\u00e7\u00e3o do sistema \u00a0tarif\u00e1rio<\/a><\/p>\n<p>&nbsp;<\/p>\n","protected":false},"excerpt":{"rendered":"<p>ICH &#8211; Campus L\u00c2MINA Fonte: Google Rua Bar\u00e3o de Santa Tecla, n\u00b0408 \u00a0Sistema Tarif\u00e1rio: Baixa Tens\u00e3o* N\u00famero de\u00a0instala\u00e7\u00e3o:\u00a02467340-4 &#8211; Hist\u00f3rico de consumo: &nbsp; Consumo nos \u00faltimos 12 meses : ICH &#8211; Campus L\u00c2MINA &#8211; tabela para download *\u00a0clique aqui para entender como fazemos a\u00a0adequa\u00e7\u00e3o do sistema \u00a0tarif\u00e1rio &nbsp;<\/p>\n","protected":false},"author":303,"featured_media":0,"parent":1056,"menu_order":0,"comment_status":"closed","ping_status":"closed","template":"","meta":{"footnotes":""},"class_list":["post-440","page","type-page","status-publish","hentry"],"jetpack_sharing_enabled":true,"_links":{"self":[{"href":"https:\/\/wp.ufpel.edu.br\/proben\/wp-json\/wp\/v2\/pages\/440","targetHints":{"allow":["GET"]}}],"collection":[{"href":"https:\/\/wp.ufpel.edu.br\/proben\/wp-json\/wp\/v2\/pages"}],"about":[{"href":"https:\/\/wp.ufpel.edu.br\/proben\/wp-json\/wp\/v2\/types\/page"}],"author":[{"embeddable":true,"href":"https:\/\/wp.ufpel.edu.br\/proben\/wp-json\/wp\/v2\/users\/303"}],"replies":[{"embeddable":true,"href":"https:\/\/wp.ufpel.edu.br\/proben\/wp-json\/wp\/v2\/comments?post=440"}],"version-history":[{"count":4,"href":"https:\/\/wp.ufpel.edu.br\/proben\/wp-json\/wp\/v2\/pages\/440\/revisions"}],"predecessor-version":[{"id":29127,"href":"https:\/\/wp.ufpel.edu.br\/proben\/wp-json\/wp\/v2\/pages\/440\/revisions\/29127"}],"up":[{"embeddable":true,"href":"https:\/\/wp.ufpel.edu.br\/proben\/wp-json\/wp\/v2\/pages\/1056"}],"wp:attachment":[{"href":"https:\/\/wp.ufpel.edu.br\/proben\/wp-json\/wp\/v2\/media?parent=440"}],"curies":[{"name":"wp","href":"https:\/\/api.w.org\/{rel}","templated":true}]}}