{"id":431,"date":"2013-09-11T13:02:09","date_gmt":"2013-09-11T16:02:09","guid":{"rendered":"https:\/\/wp.ufpel.edu.br\/proben\/?page_id=431"},"modified":"2026-01-20T18:18:56","modified_gmt":"2026-01-20T21:18:56","slug":"centro-de-engenharias","status":"publish","type":"page","link":"https:\/\/wp.ufpel.edu.br\/proben\/proben-educacao\/transparencia-de-contas-3\/centro-de-engenharias\/","title":{"rendered":"Curso de Gest\u00e3o Ambiental"},"content":{"rendered":"<p style=\"text-align: center;\"><strong>Curso de Gest\u00e3o Ambiental<\/strong><\/p>\n<p><a href=\"https:\/\/wp.ufpel.edu.br\/proben\/files\/2026\/01\/Fachada-CursoGestaoAmbiental.jpeg\"><img loading=\"lazy\" decoding=\"async\" class=\"wp-image-29462 aligncenter\" src=\"https:\/\/wp.ufpel.edu.br\/proben\/files\/2026\/01\/Fachada-CursoGestaoAmbiental.jpeg\" alt=\"\" width=\"837\" height=\"627\" srcset=\"https:\/\/wp.ufpel.edu.br\/proben\/files\/2026\/01\/Fachada-CursoGestaoAmbiental.jpeg 1280w, https:\/\/wp.ufpel.edu.br\/proben\/files\/2026\/01\/Fachada-CursoGestaoAmbiental-400x300.jpeg 400w, https:\/\/wp.ufpel.edu.br\/proben\/files\/2026\/01\/Fachada-CursoGestaoAmbiental-1024x768.jpeg 1024w, https:\/\/wp.ufpel.edu.br\/proben\/files\/2026\/01\/Fachada-CursoGestaoAmbiental-768x576.jpeg 768w\" sizes=\"auto, (max-width: 837px) 100vw, 837px\" \/><\/a><\/p>\n<p style=\"text-align: center;\"><span style=\"font-size: 8pt;\">Fonte: Google<\/span><\/p>\n<p style=\"text-align: center;\"><em> RUA LOBO DA COSTA, n\u00ba 587<\/em><i>;<\/i><\/p>\n<p style=\"text-align: center;\"><a href=\"https:\/\/wp.ufpel.edu.br\/proben\/acoes-e-resultados\/acoes-4\/adequacao-do-sistema-tarifario\/\">\u00a0Sistema Tarif\u00e1rio: Baixa Tens\u00e3o*\u00a0<\/a><\/p>\n<p style=\"text-align: center;\">N\u00famero de<strong>\u00a0<\/strong>instala\u00e7\u00e3o: 3822301-5<\/p>\n<p style=\"text-align: center;\">&#8211;<\/p>\n<p style=\"text-align: center;\"><strong>Hist\u00f3rico de consumo: <\/strong><em>Por se tratar de uma unidade recentemente inaugurada, ainda n\u00e3o h\u00e1 dados suficientes para a apresenta\u00e7\u00e3o do hist\u00f3rico de consumo.<\/em><\/p>\n<p style=\"text-align: center;\">&#8211;<\/p>\n<p style=\"text-align: center;\"><strong>Consumo dos \u00faltimos 12 meses:<\/strong><\/p>\n<p><a href=\"https:\/\/wp.ufpel.edu.br\/proben\/files\/2026\/01\/Curso-GestaoAmbiental_2026_JAN.png\"><img loading=\"lazy\" decoding=\"async\" class=\"alignnone size-full wp-image-29463\" src=\"https:\/\/wp.ufpel.edu.br\/proben\/files\/2026\/01\/Curso-GestaoAmbiental_2026_JAN.png\" alt=\"\" width=\"1071\" height=\"483\" srcset=\"https:\/\/wp.ufpel.edu.br\/proben\/files\/2026\/01\/Curso-GestaoAmbiental_2026_JAN.png 1071w, https:\/\/wp.ufpel.edu.br\/proben\/files\/2026\/01\/Curso-GestaoAmbiental_2026_JAN-400x180.png 400w, https:\/\/wp.ufpel.edu.br\/proben\/files\/2026\/01\/Curso-GestaoAmbiental_2026_JAN-1024x462.png 1024w, https:\/\/wp.ufpel.edu.br\/proben\/files\/2026\/01\/Curso-GestaoAmbiental_2026_JAN-768x346.png 768w, https:\/\/wp.ufpel.edu.br\/proben\/files\/2026\/01\/Curso-GestaoAmbiental_2026_JAN-600x271.png 600w\" sizes=\"auto, (max-width: 1071px) 100vw, 1071px\" \/><\/a><\/p>\n<p>&nbsp;<\/p>\n<p style=\"text-align: center;\"><strong><a href=\"https:\/\/wp.ufpel.edu.br\/proben\/files\/2026\/01\/Curso-GestaoAmbiental_2026_JAN.xlsx\">Curso de Gest\u00e3o Ambiental<\/a>&#8211; <\/strong>\u00a0Tabela para Download<\/p>\n<p style=\"text-align: center;\">*\u00a0<a href=\"https:\/\/wp.ufpel.edu.br\/proben\/acoes-4\/adequacao-do-sistema-tarifario\/\">clique aqui para entender como fazemos a\u00a0adequa\u00e7\u00e3o do sistema \u00a0tarif\u00e1rio<\/a><\/p>\n","protected":false},"excerpt":{"rendered":"<p>Curso de Gest\u00e3o Ambiental Fonte: Google RUA LOBO DA COSTA, n\u00ba 587; \u00a0Sistema Tarif\u00e1rio: Baixa Tens\u00e3o*\u00a0 N\u00famero de\u00a0instala\u00e7\u00e3o: 3822301-5 &#8211; Hist\u00f3rico de consumo: Por se tratar de uma unidade recentemente inaugurada, ainda n\u00e3o h\u00e1 dados suficientes para a apresenta\u00e7\u00e3o do hist\u00f3rico de consumo. &#8211; Consumo dos \u00faltimos 12 meses: &nbsp; Curso de Gest\u00e3o Ambiental&#8211; \u00a0Tabela&#8230; <\/p>\n<div class=\"link-more\"><a href=\"https:\/\/wp.ufpel.edu.br\/proben\/proben-educacao\/transparencia-de-contas-3\/centro-de-engenharias\/\">Leia mais<\/a><\/div>\n","protected":false},"author":303,"featured_media":0,"parent":1056,"menu_order":0,"comment_status":"closed","ping_status":"closed","template":"","meta":{"footnotes":""},"class_list":["post-431","page","type-page","status-publish","hentry"],"jetpack_sharing_enabled":true,"_links":{"self":[{"href":"https:\/\/wp.ufpel.edu.br\/proben\/wp-json\/wp\/v2\/pages\/431","targetHints":{"allow":["GET"]}}],"collection":[{"href":"https:\/\/wp.ufpel.edu.br\/proben\/wp-json\/wp\/v2\/pages"}],"about":[{"href":"https:\/\/wp.ufpel.edu.br\/proben\/wp-json\/wp\/v2\/types\/page"}],"author":[{"embeddable":true,"href":"https:\/\/wp.ufpel.edu.br\/proben\/wp-json\/wp\/v2\/users\/303"}],"replies":[{"embeddable":true,"href":"https:\/\/wp.ufpel.edu.br\/proben\/wp-json\/wp\/v2\/comments?post=431"}],"version-history":[{"count":3,"href":"https:\/\/wp.ufpel.edu.br\/proben\/wp-json\/wp\/v2\/pages\/431\/revisions"}],"predecessor-version":[{"id":29465,"href":"https:\/\/wp.ufpel.edu.br\/proben\/wp-json\/wp\/v2\/pages\/431\/revisions\/29465"}],"up":[{"embeddable":true,"href":"https:\/\/wp.ufpel.edu.br\/proben\/wp-json\/wp\/v2\/pages\/1056"}],"wp:attachment":[{"href":"https:\/\/wp.ufpel.edu.br\/proben\/wp-json\/wp\/v2\/media?parent=431"}],"curies":[{"name":"wp","href":"https:\/\/api.w.org\/{rel}","templated":true}]}}