{"id":424,"date":"2013-09-11T12:28:14","date_gmt":"2013-09-11T15:28:14","guid":{"rendered":"https:\/\/wp.ufpel.edu.br\/proben\/?page_id=424"},"modified":"2026-01-20T16:50:17","modified_gmt":"2026-01-20T19:50:17","slug":"fcd-siocon","status":"publish","type":"page","link":"https:\/\/wp.ufpel.edu.br\/proben\/proben-educacao\/transparencia-de-contas-3\/fcd-siocon\/","title":{"rendered":"Faculdade de Direito &#8211; Servi\u00e7o de Assist\u00eancia Judici\u00e1ria"},"content":{"rendered":"<p style=\"text-align: center;\"><strong>Faculdade de Direito &#8211; Servi\u00e7o de Assist\u00eancia Judici\u00e1ria<img loading=\"lazy\" decoding=\"async\" class=\"aligncenter wp-image-14431\" src=\"https:\/\/wp.ufpel.edu.br\/proben\/files\/2019\/09\/Capturar.jpg\" alt=\"\" width=\"460\" height=\"363\" srcset=\"https:\/\/wp.ufpel.edu.br\/proben\/files\/2019\/09\/Capturar.jpg 879w, https:\/\/wp.ufpel.edu.br\/proben\/files\/2019\/09\/Capturar-400x316.jpg 400w, https:\/\/wp.ufpel.edu.br\/proben\/files\/2019\/09\/Capturar-768x606.jpg 768w\" sizes=\"auto, (max-width: 460px) 100vw, 460px\" \/><\/strong><\/p>\n<p style=\"text-align: center;\">Rua Felix da Cunha, n\u00b0363<\/p>\n<p style=\"text-align: center;\"><a href=\"https:\/\/wp.ufpel.edu.br\/proben\/acoes-e-resultados\/acoes-4\/adequacao-do-sistema-tarifario\/\">\u00a0Sistema Tarif\u00e1rio: Baixa Tens\u00e3o*<\/a><\/p>\n<p style=\"text-align: center;\">N\u00famero de<strong>\u00a0<\/strong>instala\u00e7\u00e3o:\u00a02466580-1<\/p>\n<p style=\"text-align: center;\">&#8211;<\/p>\n<p style=\"text-align: center;\"><strong>Hist\u00f3rico de consumo:<\/strong><\/p>\n<p><a href=\"https:\/\/wp.ufpel.edu.br\/proben\/files\/2026\/01\/faculdade-de-direito-servico-de-assistencia_2025.png\"><img loading=\"lazy\" decoding=\"async\" class=\"alignnone size-full wp-image-29346\" src=\"https:\/\/wp.ufpel.edu.br\/proben\/files\/2026\/01\/faculdade-de-direito-servico-de-assistencia_2025.png\" alt=\"\" width=\"1022\" height=\"511\" srcset=\"https:\/\/wp.ufpel.edu.br\/proben\/files\/2026\/01\/faculdade-de-direito-servico-de-assistencia_2025.png 1022w, https:\/\/wp.ufpel.edu.br\/proben\/files\/2026\/01\/faculdade-de-direito-servico-de-assistencia_2025-400x200.png 400w, https:\/\/wp.ufpel.edu.br\/proben\/files\/2026\/01\/faculdade-de-direito-servico-de-assistencia_2025-768x384.png 768w, https:\/\/wp.ufpel.edu.br\/proben\/files\/2026\/01\/faculdade-de-direito-servico-de-assistencia_2025-600x300.png 600w\" sizes=\"auto, (max-width: 1022px) 100vw, 1022px\" \/><\/a><\/p>\n<p style=\"text-align: center;\">&#8211;<\/p>\n<p style=\"text-align: center;\"><strong>Consumo dos \u00faltimos 12 meses:<\/strong><\/p>\n<p><a href=\"https:\/\/wp.ufpel.edu.br\/proben\/files\/2026\/01\/faculdade-de-direito-servico-de-assistencia_2026_JAN.png\"><img loading=\"lazy\" decoding=\"async\" class=\"alignnone size-full wp-image-29344\" src=\"https:\/\/wp.ufpel.edu.br\/proben\/files\/2026\/01\/faculdade-de-direito-servico-de-assistencia_2026_JAN.png\" alt=\"\" width=\"945\" height=\"597\" srcset=\"https:\/\/wp.ufpel.edu.br\/proben\/files\/2026\/01\/faculdade-de-direito-servico-de-assistencia_2026_JAN.png 945w, https:\/\/wp.ufpel.edu.br\/proben\/files\/2026\/01\/faculdade-de-direito-servico-de-assistencia_2026_JAN-400x253.png 400w, https:\/\/wp.ufpel.edu.br\/proben\/files\/2026\/01\/faculdade-de-direito-servico-de-assistencia_2026_JAN-768x485.png 768w, https:\/\/wp.ufpel.edu.br\/proben\/files\/2026\/01\/faculdade-de-direito-servico-de-assistencia_2026_JAN-475x300.png 475w\" sizes=\"auto, (max-width: 945px) 100vw, 945px\" \/><\/a><\/p>\n<p>&nbsp;<\/p>\n<p>&nbsp;<\/p>\n<p style=\"text-align: center;\"><a href=\"https:\/\/wp.ufpel.edu.br\/proben\/files\/2026\/01\/FACULDADE-DE-DIREITO-SERVICO-DE-ASSISTENCIA-JUDICIARIA_2026_JAN.xlsx\">Faculdade de Direito-Servi\u00e7o de Assist\u00eancia Judici\u00e1ria<\/a>\u00a0&#8211; tabela para download<\/p>\n<p style=\"text-align: center;\">*<a href=\"https:\/\/wp.ufpel.edu.br\/proben\/acoes-e-resultados\/adequacao-do-sistema-tarifario\/\"> clique aqui para entender como fazemos a\u00a0adequa\u00e7\u00e3o do sistema \u00a0tarif\u00e1rio<\/a><\/p>\n","protected":false},"excerpt":{"rendered":"<p>Faculdade de Direito &#8211; Servi\u00e7o de Assist\u00eancia Judici\u00e1ria Rua Felix da Cunha, n\u00b0363 \u00a0Sistema Tarif\u00e1rio: Baixa Tens\u00e3o* N\u00famero de\u00a0instala\u00e7\u00e3o:\u00a02466580-1 &#8211; Hist\u00f3rico de consumo: &#8211; Consumo dos \u00faltimos 12 meses: &nbsp; &nbsp; Faculdade de Direito-Servi\u00e7o de Assist\u00eancia Judici\u00e1ria\u00a0&#8211; tabela para download * clique aqui para entender como fazemos a\u00a0adequa\u00e7\u00e3o do sistema \u00a0tarif\u00e1rio<\/p>\n","protected":false},"author":303,"featured_media":0,"parent":1056,"menu_order":0,"comment_status":"closed","ping_status":"closed","template":"","meta":{"footnotes":""},"class_list":["post-424","page","type-page","status-publish","hentry"],"jetpack_sharing_enabled":true,"_links":{"self":[{"href":"https:\/\/wp.ufpel.edu.br\/proben\/wp-json\/wp\/v2\/pages\/424","targetHints":{"allow":["GET"]}}],"collection":[{"href":"https:\/\/wp.ufpel.edu.br\/proben\/wp-json\/wp\/v2\/pages"}],"about":[{"href":"https:\/\/wp.ufpel.edu.br\/proben\/wp-json\/wp\/v2\/types\/page"}],"author":[{"embeddable":true,"href":"https:\/\/wp.ufpel.edu.br\/proben\/wp-json\/wp\/v2\/users\/303"}],"replies":[{"embeddable":true,"href":"https:\/\/wp.ufpel.edu.br\/proben\/wp-json\/wp\/v2\/comments?post=424"}],"version-history":[{"count":4,"href":"https:\/\/wp.ufpel.edu.br\/proben\/wp-json\/wp\/v2\/pages\/424\/revisions"}],"predecessor-version":[{"id":29347,"href":"https:\/\/wp.ufpel.edu.br\/proben\/wp-json\/wp\/v2\/pages\/424\/revisions\/29347"}],"up":[{"embeddable":true,"href":"https:\/\/wp.ufpel.edu.br\/proben\/wp-json\/wp\/v2\/pages\/1056"}],"wp:attachment":[{"href":"https:\/\/wp.ufpel.edu.br\/proben\/wp-json\/wp\/v2\/media?parent=424"}],"curies":[{"name":"wp","href":"https:\/\/api.w.org\/{rel}","templated":true}]}}