{"id":411,"date":"2013-09-11T11:28:25","date_gmt":"2013-09-11T14:28:25","guid":{"rendered":"https:\/\/wp.ufpel.edu.br\/proben\/?page_id=411"},"modified":"2026-01-31T14:35:23","modified_gmt":"2026-01-31T17:35:23","slug":"campus-capao-do-leao","status":"publish","type":"page","link":"https:\/\/wp.ufpel.edu.br\/proben\/proben-educacao\/transparencia-de-contas-3\/campi\/campus-capao-do-leao\/","title":{"rendered":"Campus Cap\u00e3o do Le\u00e3o"},"content":{"rendered":"<p style=\"text-align: center;\"><strong>Campus Cap\u00e3o do Le\u00e3o\u00a0<\/strong><\/p>\n<p><img loading=\"lazy\" decoding=\"async\" class=\"aligncenter wp-image-12437\" src=\"https:\/\/wp.ufpel.edu.br\/proben\/files\/2019\/03\/fachada-13.jpg\" alt=\"\" width=\"674\" height=\"379\" srcset=\"https:\/\/wp.ufpel.edu.br\/proben\/files\/2019\/03\/fachada-13.jpg 1182w, https:\/\/wp.ufpel.edu.br\/proben\/files\/2019\/03\/fachada-13-400x225.jpg 400w, https:\/\/wp.ufpel.edu.br\/proben\/files\/2019\/03\/fachada-13-768x432.jpg 768w, https:\/\/wp.ufpel.edu.br\/proben\/files\/2019\/03\/fachada-13-1024x576.jpg 1024w\" sizes=\"auto, (max-width: 674px) 100vw, 674px\" \/><\/p>\n<p style=\"text-align: center;\"><span style=\"font-size: 8pt;\">Fonte: Google<\/span><\/p>\n<p style=\"text-align: center;\">Av. Eliseu Maciel, n\u00b05001<\/p>\n<p style=\"text-align: center;\"><em>Utilizado por todos os alunos e servidores, principalmente os cursos de\u00a0<\/em><\/p>\n<p style=\"text-align: center;\"><em>\u00a0 Agronomia, Veterin\u00e1ria, Biologia, Biotecnologia,Zootecnia, Nutri\u00e7\u00e3o,Qu\u00edmicas, (&#8230;)<\/em><\/p>\n<p style=\"text-align: center;\"><a href=\"https:\/\/wp.ufpel.edu.br\/proben\/acoes-e-resultados\/acoes-4\/adequacao-do-sistema-tarifario\/\">\u00a0Sistema Tarif\u00e1rio:\u00a0Horossazonal\u00a0Verde &#8211; Rural*<\/a><\/p>\n<p style=\"text-align: center;\">N\u00famero de<strong>\u00a0<\/strong>instala\u00e7\u00e3o:\u00a02080024-0 (<i>alta tens\u00e3o)<\/i><\/p>\n<p style=\"text-align: center;\">&#8211;<\/p>\n<p style=\"text-align: center;\"><strong>Hist\u00f3rico\u00a0de consumo:<\/strong><\/p>\n<p><a href=\"https:\/\/wp.ufpel.edu.br\/proben\/files\/2026\/01\/imagem_2026-01-31_143422213.png\"><img loading=\"lazy\" decoding=\"async\" class=\"alignnone wp-image-29524 size-full\" src=\"https:\/\/wp.ufpel.edu.br\/proben\/files\/2026\/01\/imagem_2026-01-31_143422213.png\" alt=\"\" width=\"1296\" height=\"445\" srcset=\"https:\/\/wp.ufpel.edu.br\/proben\/files\/2026\/01\/imagem_2026-01-31_143422213.png 1296w, https:\/\/wp.ufpel.edu.br\/proben\/files\/2026\/01\/imagem_2026-01-31_143422213-400x137.png 400w, https:\/\/wp.ufpel.edu.br\/proben\/files\/2026\/01\/imagem_2026-01-31_143422213-1024x352.png 1024w, https:\/\/wp.ufpel.edu.br\/proben\/files\/2026\/01\/imagem_2026-01-31_143422213-768x264.png 768w, https:\/\/wp.ufpel.edu.br\/proben\/files\/2026\/01\/imagem_2026-01-31_143422213-600x206.png 600w\" sizes=\"auto, (max-width: 1296px) 100vw, 1296px\" \/><\/a><\/p>\n<p style=\"text-align: center;\">&#8211;<\/p>\n<p style=\"text-align: center;\"><strong>Consumo nos \u00faltimos 12 meses:<\/strong><\/p>\n<p><a href=\"https:\/\/wp.ufpel.edu.br\/proben\/files\/2026\/01\/imagem_2026-01-31_143442015.png\"><img loading=\"lazy\" decoding=\"async\" class=\"alignnone wp-image-29525 size-full\" src=\"https:\/\/wp.ufpel.edu.br\/proben\/files\/2026\/01\/imagem_2026-01-31_143442015.png\" alt=\"\" width=\"1052\" height=\"433\" srcset=\"https:\/\/wp.ufpel.edu.br\/proben\/files\/2026\/01\/imagem_2026-01-31_143442015.png 1052w, https:\/\/wp.ufpel.edu.br\/proben\/files\/2026\/01\/imagem_2026-01-31_143442015-400x165.png 400w, https:\/\/wp.ufpel.edu.br\/proben\/files\/2026\/01\/imagem_2026-01-31_143442015-1024x421.png 1024w, https:\/\/wp.ufpel.edu.br\/proben\/files\/2026\/01\/imagem_2026-01-31_143442015-768x316.png 768w, https:\/\/wp.ufpel.edu.br\/proben\/files\/2026\/01\/imagem_2026-01-31_143442015-600x247.png 600w\" sizes=\"auto, (max-width: 1052px) 100vw, 1052px\" \/><\/a><\/p>\n<p>&nbsp;<\/p>\n<p>&nbsp;<\/p>\n<p style=\"text-align: center;\"><a href=\"https:\/\/wp.ufpel.edu.br\/proben\/files\/2026\/01\/capao_dez_2025.xlsx\">Cap\u00e3o do Le\u00e3o<\/a>\u00a0&#8211; tabela para download<\/p>\n<p style=\"text-align: center;\">*\u00a0<a href=\"https:\/\/wp.ufpel.edu.br\/proben\/acoes-4\/adequacao-do-sistema-tarifario\/\">clique aqui\u00a0para entender como fazemos a\u00a0adequa\u00e7\u00e3o do sistema \u00a0tarif\u00e1rio<\/a><\/p>\n<p>&nbsp;<\/p>\n","protected":false},"excerpt":{"rendered":"<p>Campus Cap\u00e3o do Le\u00e3o\u00a0 Fonte: Google Av. Eliseu Maciel, n\u00b05001 Utilizado por todos os alunos e servidores, principalmente os cursos de\u00a0 \u00a0 Agronomia, Veterin\u00e1ria, Biologia, Biotecnologia,Zootecnia, Nutri\u00e7\u00e3o,Qu\u00edmicas, (&#8230;) \u00a0Sistema Tarif\u00e1rio:\u00a0Horossazonal\u00a0Verde &#8211; Rural* N\u00famero de\u00a0instala\u00e7\u00e3o:\u00a02080024-0 (alta tens\u00e3o) &#8211; Hist\u00f3rico\u00a0de consumo: &#8211; Consumo nos \u00faltimos 12 meses: &nbsp; &nbsp; Cap\u00e3o do Le\u00e3o\u00a0&#8211; tabela para download *\u00a0clique aqui\u00a0para&#8230; <\/p>\n<div class=\"link-more\"><a href=\"https:\/\/wp.ufpel.edu.br\/proben\/proben-educacao\/transparencia-de-contas-3\/campi\/campus-capao-do-leao\/\">Leia mais<\/a><\/div>\n","protected":false},"author":303,"featured_media":0,"parent":27014,"menu_order":0,"comment_status":"closed","ping_status":"closed","template":"","meta":{"footnotes":""},"class_list":["post-411","page","type-page","status-publish","hentry"],"jetpack_sharing_enabled":true,"_links":{"self":[{"href":"https:\/\/wp.ufpel.edu.br\/proben\/wp-json\/wp\/v2\/pages\/411","targetHints":{"allow":["GET"]}}],"collection":[{"href":"https:\/\/wp.ufpel.edu.br\/proben\/wp-json\/wp\/v2\/pages"}],"about":[{"href":"https:\/\/wp.ufpel.edu.br\/proben\/wp-json\/wp\/v2\/types\/page"}],"author":[{"embeddable":true,"href":"https:\/\/wp.ufpel.edu.br\/proben\/wp-json\/wp\/v2\/users\/303"}],"replies":[{"embeddable":true,"href":"https:\/\/wp.ufpel.edu.br\/proben\/wp-json\/wp\/v2\/comments?post=411"}],"version-history":[{"count":4,"href":"https:\/\/wp.ufpel.edu.br\/proben\/wp-json\/wp\/v2\/pages\/411\/revisions"}],"predecessor-version":[{"id":29527,"href":"https:\/\/wp.ufpel.edu.br\/proben\/wp-json\/wp\/v2\/pages\/411\/revisions\/29527"}],"up":[{"embeddable":true,"href":"https:\/\/wp.ufpel.edu.br\/proben\/wp-json\/wp\/v2\/pages\/27014"}],"wp:attachment":[{"href":"https:\/\/wp.ufpel.edu.br\/proben\/wp-json\/wp\/v2\/media?parent=411"}],"curies":[{"name":"wp","href":"https:\/\/api.w.org\/{rel}","templated":true}]}}