{"id":3419,"date":"2014-05-21T09:56:30","date_gmt":"2014-05-21T12:56:30","guid":{"rendered":"https:\/\/wp.ufpel.edu.br\/proben\/?page_id=3419"},"modified":"2022-06-08T00:20:24","modified_gmt":"2022-06-08T03:20:24","slug":"resultados-do-programa","status":"publish","type":"page","link":"https:\/\/wp.ufpel.edu.br\/proben\/acoes-e-resultados\/resultados-do-programa\/","title":{"rendered":"Resultados do programa"},"content":{"rendered":"<h3 style=\"text-align: center;\">Resultados<\/h3>\n<p>&nbsp;<\/p>\n<p>De setembro de 2006 \u00e0 abril o de 2022 (16 anos) obteve-se a economia de <strong>R$ <b>10milh\u00f5es de reais<\/b><\/strong> (<span style=\"font-weight: 400;\">R$ 54.979,03\/m\u00eas<\/span>), como podemos ver no gr\u00e1fico:<\/p>\n<p><img loading=\"lazy\" decoding=\"async\" class=\"size-full wp-image-19315 alignleft\" src=\"https:\/\/wp.ufpel.edu.br\/proben\/files\/2022\/06\/graficoresultados.png\" alt=\"\" width=\"455\" height=\"227\" srcset=\"https:\/\/wp.ufpel.edu.br\/proben\/files\/2022\/06\/graficoresultados.png 455w, https:\/\/wp.ufpel.edu.br\/proben\/files\/2022\/06\/graficoresultados-400x200.png 400w\" sizes=\"auto, (max-width: 455px) 100vw, 455px\" \/><\/p>\n<p>&nbsp;<\/p>\n<p>&nbsp;<\/p>\n<p>&nbsp;<\/p>\n<p>&nbsp;<\/p>\n<p>&nbsp;<\/p>\n<p>&nbsp;<\/p>\n<p>&nbsp;<\/p>\n<p><span style=\"font-weight: 400;\">Com a altera\u00e7\u00e3o da modalidade tarif\u00e1ria de \u00f3rg\u00e3o P\u00fablico para Rural, obtemos\u00a0a economia de<\/span><b> 35,04%<\/b><span style=\"font-weight: 400;\"> entre janeiro de 2014 at\u00e9 abril de 2022, totalizando <\/span><b>R$ 6.225.677,08<\/b><span style=\"font-weight: 400;\">, como podemos verificar na tabela abaixo:<\/span><\/p>\n<p><img loading=\"lazy\" decoding=\"async\" class=\"aligncenter size-full wp-image-19314\" src=\"https:\/\/wp.ufpel.edu.br\/proben\/files\/2022\/06\/tabela-impacto-financeiro.png\" alt=\"\" width=\"810\" height=\"400\" srcset=\"https:\/\/wp.ufpel.edu.br\/proben\/files\/2022\/06\/tabela-impacto-financeiro.png 810w, https:\/\/wp.ufpel.edu.br\/proben\/files\/2022\/06\/tabela-impacto-financeiro-400x198.png 400w, https:\/\/wp.ufpel.edu.br\/proben\/files\/2022\/06\/tabela-impacto-financeiro-768x379.png 768w\" sizes=\"auto, (max-width: 810px) 100vw, 810px\" \/><\/p>\n<p>&nbsp;<\/p>\n<p><span style=\"font-weight: 400;\">No gr\u00e1fico abaixo, consegue-se ter uma melhor visualiza\u00e7\u00e3o entre as diferen\u00e7as de valores que deveriam ser pagos caso n\u00e3o houvesse a revis\u00e3o de contrato e os valores que est\u00e3o sendo pagos atualmente ap\u00f3s a revis\u00e3o do mesmo<\/span><\/p>\n<p><img loading=\"lazy\" decoding=\"async\" class=\"aligncenter size-full wp-image-19313\" src=\"https:\/\/wp.ufpel.edu.br\/proben\/files\/2022\/06\/grafico-orgaopublicoErural.png\" alt=\"\" width=\"591\" height=\"348\" srcset=\"https:\/\/wp.ufpel.edu.br\/proben\/files\/2022\/06\/grafico-orgaopublicoErural.png 591w, https:\/\/wp.ufpel.edu.br\/proben\/files\/2022\/06\/grafico-orgaopublicoErural-400x236.png 400w\" sizes=\"auto, (max-width: 591px) 100vw, 591px\" \/><\/p>\n<p>&nbsp;<\/p>\n<p style=\"text-align: left;\">Podemos observar a diferen\u00e7a de valores nas contas, dado principalmente pela altera\u00e7\u00e3o de valor do ICMS:<\/p>\n<p><img loading=\"lazy\" decoding=\"async\" class=\" wp-image-10089 aligncenter\" src=\"https:\/\/wp.ufpel.edu.br\/proben\/files\/2018\/09\/CONTA.png\" alt=\"\" width=\"592\" height=\"272\" srcset=\"https:\/\/wp.ufpel.edu.br\/proben\/files\/2018\/09\/CONTA.png 689w, https:\/\/wp.ufpel.edu.br\/proben\/files\/2018\/09\/CONTA-400x184.png 400w\" sizes=\"auto, (max-width: 592px) 100vw, 592px\" \/><\/p>\n<p><span style=\"font-weight: 400;\">Quanto a eficientiza\u00e7\u00e3o do <\/span><b>Sistema de Ilumina\u00e7\u00e3o<\/b><span style=\"font-weight: 400;\">, temos a aplica\u00e7\u00e3o\u00a0na\u00a0Sala 213. O \u00a0sistema antigo era composto pelos itens abaixo:<\/span><\/p>\n<ul>\n<li style=\"font-weight: 400;\" aria-level=\"1\"><span style=\"font-weight: 400;\">6 Lumin\u00e1rias com 3 l\u00e2mpadas fluorescentes de 40 W e reatores eletromagn\u00e9ticos (perdas de 44 W\/lumin\u00e1ria)<\/span><\/li>\n<li style=\"font-weight: 400;\" aria-level=\"1\"><span style=\"font-weight: 400;\">Pt = 984 watts<\/span><\/li>\n<li style=\"font-weight: 400;\" aria-level=\"1\"><span style=\"font-weight: 400;\">E = 292 lux<\/span><\/li>\n<li style=\"font-weight: 400;\" aria-level=\"1\"><span style=\"font-weight: 400;\">(1\/3 l\u00e2mpadas queimadas)<\/span><\/li>\n<\/ul>\n<p><span style=\"font-weight: 400;\">Ap\u00f3s a eficientiza\u00e7\u00e3o do sistema a Sala 213 passou a ter:<\/span><\/p>\n<ul>\n<li style=\"font-weight: 400;\" aria-level=\"1\"><span style=\"font-weight: 400;\">6 Lumin\u00e1rias com 2 l\u00e2mpadas fluorescentes de 32 W e reatores eletr\u00f4nicos (perdas de 2 W\/lumin\u00e1ria)<\/span><\/li>\n<li style=\"font-weight: 400;\" aria-level=\"1\"><span style=\"font-weight: 400;\">Pt = 396 watts (984)<\/span><\/li>\n<li style=\"font-weight: 400;\" aria-level=\"1\"><span style=\"font-weight: 400;\">E = 548 lux (290)<\/span><\/li>\n<\/ul>\n<p><img loading=\"lazy\" decoding=\"async\" class=\"size-full wp-image-10093 aligncenter\" src=\"https:\/\/wp.ufpel.edu.br\/proben\/files\/2018\/09\/RETROF.png\" alt=\"\" width=\"691\" height=\"267\" srcset=\"https:\/\/wp.ufpel.edu.br\/proben\/files\/2018\/09\/RETROF.png 691w, https:\/\/wp.ufpel.edu.br\/proben\/files\/2018\/09\/RETROF-400x155.png 400w\" sizes=\"auto, (max-width: 691px) 100vw, 691px\" \/><\/p>\n<p>Com isso, \u00a0foi poss\u00edvel diminuir o consumo \u00a0aumentando a ilumina\u00e7\u00e3o, tornando sistema mais econ\u00f4mico e de maior conforto para os estudantes:<\/p>\n<ul>\n<li>87% <b>mais<\/b>\u00a0ilumina\u00e7\u00e3o<\/li>\n<li>59% <b>\u00a0menos\u00a0<\/b>consumo<\/li>\n<\/ul>\n<p>&nbsp;<\/p>\n<p>Quanto a\u00a0eficientiza\u00e7\u00e3o do <strong>Sistema de Condicionamento<\/strong>, foi desenvolvida uma planilha para c\u00e1lculo com a finalidade de orientar o dimensionamento do ar condicionado a ser instalado, atrav\u00e9s do c\u00e1lculo de carga t\u00e9rmica dos ambientes. Esta planilha se encontra no aba <em>Downloads<\/em>, clique <a href=\"https:\/\/wp.ufpel.edu.br\/proben\/download\/\">aqui <\/a>para o direcionamento.<\/p>\n<p>&nbsp;<\/p>\n<p>&nbsp;<\/p>\n<p>&nbsp;<\/p>\n","protected":false},"excerpt":{"rendered":"<p>Resultados &nbsp; De setembro de 2006 \u00e0 abril o de 2022 (16 anos) obteve-se a economia de R$ 10milh\u00f5es de reais (R$ 54.979,03\/m\u00eas), como podemos ver no gr\u00e1fico: &nbsp; &nbsp; &nbsp; &nbsp; &nbsp; &nbsp; &nbsp; Com a altera\u00e7\u00e3o da modalidade tarif\u00e1ria de \u00f3rg\u00e3o P\u00fablico para Rural, obtemos\u00a0a economia de 35,04% entre janeiro de 2014 at\u00e9&#8230; <\/p>\n<div class=\"link-more\"><a href=\"https:\/\/wp.ufpel.edu.br\/proben\/acoes-e-resultados\/resultados-do-programa\/\">Leia mais<\/a><\/div>\n","protected":false},"author":303,"featured_media":0,"parent":3682,"menu_order":0,"comment_status":"closed","ping_status":"closed","template":"","meta":{"footnotes":""},"class_list":["post-3419","page","type-page","status-publish","hentry"],"jetpack_sharing_enabled":true,"_links":{"self":[{"href":"https:\/\/wp.ufpel.edu.br\/proben\/wp-json\/wp\/v2\/pages\/3419","targetHints":{"allow":["GET"]}}],"collection":[{"href":"https:\/\/wp.ufpel.edu.br\/proben\/wp-json\/wp\/v2\/pages"}],"about":[{"href":"https:\/\/wp.ufpel.edu.br\/proben\/wp-json\/wp\/v2\/types\/page"}],"author":[{"embeddable":true,"href":"https:\/\/wp.ufpel.edu.br\/proben\/wp-json\/wp\/v2\/users\/303"}],"replies":[{"embeddable":true,"href":"https:\/\/wp.ufpel.edu.br\/proben\/wp-json\/wp\/v2\/comments?post=3419"}],"version-history":[{"count":34,"href":"https:\/\/wp.ufpel.edu.br\/proben\/wp-json\/wp\/v2\/pages\/3419\/revisions"}],"predecessor-version":[{"id":19316,"href":"https:\/\/wp.ufpel.edu.br\/proben\/wp-json\/wp\/v2\/pages\/3419\/revisions\/19316"}],"up":[{"embeddable":true,"href":"https:\/\/wp.ufpel.edu.br\/proben\/wp-json\/wp\/v2\/pages\/3682"}],"wp:attachment":[{"href":"https:\/\/wp.ufpel.edu.br\/proben\/wp-json\/wp\/v2\/media?parent=3419"}],"curies":[{"name":"wp","href":"https:\/\/api.w.org\/{rel}","templated":true}]}}