{"id":3404,"date":"2014-05-21T08:48:23","date_gmt":"2014-05-21T11:48:23","guid":{"rendered":"https:\/\/wp.ufpel.edu.br\/proben\/?page_id=3404"},"modified":"2022-06-01T21:34:46","modified_gmt":"2022-06-02T00:34:46","slug":"regulamento-proben","status":"publish","type":"page","link":"https:\/\/wp.ufpel.edu.br\/proben\/proben-educacao\/regulamento-proben\/","title":{"rendered":"Regulamento PROBEN"},"content":{"rendered":"<p style=\"text-align: center;\">UNIVERSIDADE FEDERAL DE PELOTAS<\/p>\n<p style=\"text-align: center;\">PROGRAMA DE BOM USO ENERG\u00c9TICO (PROBEN)<\/p>\n<p style=\"text-align: center;\"><strong>\u00a0<\/strong><strong>PROBEN EDUCA\u00c7\u00c3O<\/strong><\/p>\n<p style=\"text-align: center;\">REGULAMENTO<\/p>\n<p>&nbsp;<\/p>\n<h4 style=\"text-align: center;\">CAP\u00cdTULO I<\/h4>\n<p style=\"text-align: center;\"><span style=\"text-decoration: underline;\">Da Conceitua\u00e7\u00e3o e dos Objetivos<\/span><\/p>\n<p style=\"text-align: justify;\"><strong>Art. 1\u00b0-<\/strong> O PROBEN- Programa de Bom Uso Energ\u00e9tico \u00e9 um programa institucional da Universidade Federal de Pelotas subordinado diretamente ao Gabinete do Reitor, atrav\u00e9s de Comiss\u00e3o de Uso Racional de Energia (CURE), tendo suas a\u00e7\u00f5es coordenadas pelo Laborat\u00f3rio de Conforto e Efici\u00eancia Energ\u00e9tica (LABCEE) da Faculdade de Arquitetura e Urbanismo (FAUrb), conforme Resolu\u00e7\u00e3o N\u00ba 03, de 13 de Dezembro de 2011.<\/p>\n<p style=\"text-align: justify;\"><strong>Art. 2\u00b0-<\/strong> O programa de conscientiza\u00e7\u00e3o e orienta\u00e7\u00e3o da Comunidade Universit\u00e1ria (Endomarketing) est\u00e1 alinhado com o objetivo geral do PROBEN de implementar o bom uso da energia el\u00e9trica no \u00e2mbito da UFPel, atrav\u00e9s da educa\u00e7\u00e3o do usu\u00e1rio.<\/p>\n<p><strong>Art. 3\u00b0-<\/strong> S\u00e3o objetivos do PROBEN EDUCA\u00c7\u00c3O:<\/p>\n<p><strong>\u00a7 1\u00b0-<\/strong> Constitui objetivo geral: promover o uso racional da energia el\u00e9trica no \u00e2mbito da UFPel, tratando-a com responsabilidade e sem desperd\u00edcios.<\/p>\n<p><strong>\u00a7 2\u00b0-<\/strong> Constituem objetivos espec\u00edficos:<\/p>\n<p style=\"text-align: justify;\"><strong>I-\u00a0<\/strong>Promover a divulga\u00e7\u00e3o de informa\u00e7\u00f5es e a conscientiza\u00e7\u00e3o de servidores t\u00e9cnicos administrativos, docentes, discentes, colaboradores, fornecedores e demais pessoas que interajam com a Institui\u00e7\u00e3o.<\/p>\n<p><strong>II-<\/strong>Promover a participa\u00e7\u00e3o da comunidade interna da UFPel no PROBEN EDUCA\u00c7\u00c3O.<\/p>\n<p><strong>III-<\/strong>Promover a participa\u00e7\u00e3o financeira nos recursos provenientes da economia de energia.<\/p>\n<p>&nbsp;<\/p>\n<h4 style=\"text-align: center;\">CAP\u00cdTULO II<\/h4>\n<p style=\"text-align: center;\"><span style=\"text-decoration: underline;\">Das Atividades Desenvolvidas<\/span><\/p>\n<p style=\"text-align: justify;\"><strong>Art. 3\u00b0-<\/strong> As atividades do PROBEN EDUCA\u00c7\u00c3O dever\u00e3o estar em conson\u00e2ncia com os objetivos do PROBEN e com as diretrizes gerais da CURE e da Administra\u00e7\u00e3o Superior da UFPel.<\/p>\n<p><strong>\u00a7 \u00danico \u2013<\/strong> Constituem-se atividades do PROBEN EDUCA\u00c7\u00c3O:<\/p>\n<p style=\"text-align: justify;\"><strong>I-<\/strong> Elabora\u00e7\u00e3o de cartazes, folders, outdoors e manuten\u00e7\u00e3o do <em>website<\/em> para divulga\u00e7\u00e3o das a\u00e7\u00f5es e informa\u00e7\u00f5es \u00e0 Comunidade Universit\u00e1ria.<\/p>\n<p><strong>II-<\/strong>Realiza\u00e7\u00e3o de palestras e divulga\u00e7\u00e3o em eventos da UFPel.<\/p>\n<p style=\"text-align: justify;\"><strong>III-<\/strong>Informar diretamente a comunidade acad\u00eamica, servidores, docentes e administradores quanto \u00e0s medidas para redu\u00e7\u00e3o do desperd\u00edcio de energia el\u00e9trica na UFPel.<\/p>\n<p style=\"text-align: justify;\"><strong>IV-<\/strong>Calcular e divulgar o consumo de energia e a eventual participa\u00e7\u00e3o financeira nos recursos economizados em cada ponto de consumo de energia da UFPel.<\/p>\n<p>&nbsp;<\/p>\n<h4 style=\"text-align: center;\">CAP\u00cdTULO III<\/h4>\n<p style=\"text-align: center;\"><span style=\"text-decoration: underline;\">Da Participa\u00e7\u00e3o nos Recursos Financeiros Economizados<\/span><\/p>\n<p style=\"text-align: justify;\"><strong>Art. 4\u00b0-<\/strong> Parte dos recursos financeiros economizados pela redu\u00e7\u00e3o real do consumo de energia (kWh) ser\u00e1 creditada como bonifica\u00e7\u00e3o no exerc\u00edcio financeiro do ano seguinte, na UGR da Unidade ou, na aus\u00eancia de UGR, como recursos a serem investidos pela Administra\u00e7\u00e3o Superior da UFPel, conforme necessidades levantadas junto \u00e0 comunidade em quest\u00e3o.<\/p>\n<p style=\"text-align: justify;\"><strong>Art. 5\u00b0-<\/strong> A varia\u00e7\u00e3o do consumo anual de energia (kWh) ser\u00e1 calculada tendo como refer\u00eancia o ano de 2013 e cada ano ser\u00e1 considerado como tendo in\u00edcio em 01 de janeiro e fim em 31 de dezembro, independente do ano letivo.<\/p>\n<p style=\"text-align: justify;\"><strong>Art. 6\u00b0-<\/strong> O aumento do consumo anual de energia (kWh) n\u00e3o ser\u00e1 penalizado, por\u00e9m ser\u00e1 computado no hist\u00f3rico do ponto de consumo e ser\u00e1 descontado nas eventuais bonifica\u00e7\u00f5es futuras.<\/p>\n<p style=\"text-align: justify;\"><strong>Art. 7\u00b0-<\/strong> O percentual de bonifica\u00e7\u00e3o da economia ser\u00e1 escalonado e crescente conforme o percentual economizado, segundo a tabela abaixo:<\/p>\n<p style=\"text-align: center;\"><strong>Tabela de cr\u00e9ditos<\/strong><\/p>\n<p><img loading=\"lazy\" decoding=\"async\" class=\"aligncenter size-full wp-image-14834\" src=\"https:\/\/wp.ufpel.edu.br\/proben\/files\/2019\/10\/tabela-de-creditos.png\" alt=\"\" width=\"565\" height=\"192\" srcset=\"https:\/\/wp.ufpel.edu.br\/proben\/files\/2019\/10\/tabela-de-creditos.png 565w, https:\/\/wp.ufpel.edu.br\/proben\/files\/2019\/10\/tabela-de-creditos-400x136.png 400w\" sizes=\"auto, (max-width: 565px) 100vw, 565px\" \/><\/p>\n<p style=\"text-align: center;\">\n<p style=\"text-align: justify;\"><strong>Art. 8\u00b0-<\/strong> A expans\u00e3o da infraestrutura (equipamentos, \u00e1rea constru\u00edda, etc) ou amplia\u00e7\u00e3o do per\u00edodo de uso e ocupa\u00e7\u00e3o, que possam gerar acr\u00e9scimo de consumo de energia, deve ser informada \u00e0 Comiss\u00e3o de Uso Racional de Energia (CURE) para que possa haver uma inspe\u00e7\u00e3o local e o referencial de consumo possa ser redefinido.<\/p>\n<p style=\"text-align: justify;\"><strong>Art. 9\u00b0-<\/strong> A redu\u00e7\u00e3o do consumo de energia ocasionada por medidas de melhorias das instala\u00e7\u00f5es (<em>retrofit<\/em>) promovidas com iniciativa e\/ou recursos do PROBEN n\u00e3o ser\u00e1 computada na redu\u00e7\u00e3o do consumo de energia, sendo estabelecido um novo referencial de consumo em fun\u00e7\u00e3o das medidas adotadas.<\/p>\n<p style=\"text-align: justify;\"><strong>\u00a7 \u00danico \u2013<\/strong> Caso as melhorias tenham sido promovidas e custeadas com recursos da Unidade, estas poder\u00e3o contar como redu\u00e7\u00e3o no computo geral da mesma.<\/p>\n<h4 style=\"text-align: center;\">CAP\u00cdTULO IV<\/h4>\n<p style=\"text-align: center;\"><span style=\"text-decoration: underline;\">Do Uso Compartilhado de Pontos de Medi\u00e7\u00e3o e do Espa\u00e7o F\u00edsico<\/span><\/p>\n<p style=\"text-align: justify;\"><strong>Art. 10\u00b0-<\/strong> As Unidades que compartilham mesmo medidor de energia ir\u00e3o compartilhar o b\u00f4nus e o \u00f4nus da economia ou da n\u00e3o economia de energia durante o per\u00edodo.<\/p>\n<p><strong>Art. 11\u00b0-<\/strong> A divis\u00e3o da bonifica\u00e7\u00e3o entre Unidades que compartilham mesmo medidor de energia ser\u00e1 proporcional \u00e0 \u00e1rea f\u00edsica.<\/p>\n<p><strong>\u00a7 \u00danico-<\/strong> O crit\u00e9rio da divis\u00e3o da bonifica\u00e7\u00e3o por \u00e1rea f\u00edsica deixar\u00e1 de ser adotado quando:<\/p>\n<p style=\"text-align: justify;\"><strong>I-<\/strong> For identificado o consumo de cada Unidade atrav\u00e9s da instala\u00e7\u00e3o tempor\u00e1ria de equipamentos de medi\u00e7\u00e3o, monitorados ou acompanhados por t\u00e9cnicos do LABCEE.<\/p>\n<p><strong>II-<\/strong>For instalado medidor extra, pr\u00f3prio da UFPel.<\/p>\n<p style=\"text-align: justify;\"><strong>III-<\/strong>For adotada qualquer outra medida, aprovada pela CURE, que possibilite o c\u00e1lculo ou uma estimativa mais precisa do consumo de energia do que a adotada neste Art. 11\u00b0.<\/p>\n<p style=\"text-align: justify;\"><strong>Art. 12\u00b0-<\/strong> O espa\u00e7o f\u00edsico emprestado para outras Unidades poder\u00e1 ter o consumo de energia descontado da cedente e acrescido na demandante, quando devidamente registrado no N\u00facleo de Gest\u00e3o de Espa\u00e7o (NGE).<\/p>\n<p style=\"text-align: justify;\"><strong>Art. 13\u00b0-<\/strong> O consumo de energia do espa\u00e7o f\u00edsico emprestado ser\u00e1 estimado pelo tempo de uso, equipamentos e sistemas de condicionamento e de ilumina\u00e7\u00e3o instalados.<\/p>\n<p style=\"text-align: justify;\"><strong>\u00a7 1\u00b0-<\/strong> Cabe \u00e0 Unidade cedente, com termo de ci\u00eancia da demandante, informar ao NGE o per\u00edodo e os equipamentos e sistemas existentes no espa\u00e7o f\u00edsico, a cada semestre.<\/p>\n<p><strong>\u00a7 2\u00b0-<\/strong> Cabe ao LABCEE averiguar a precis\u00e3o das informa\u00e7\u00f5es prestadas ao NGE.<\/p>\n<p style=\"text-align: justify;\"><strong>\u00a7 3\u00b0-<\/strong> O consumo de energia do espa\u00e7o f\u00edsico emprestado deixar\u00e1 de ser estimado quando forem adotadas qualquer uma das medidas do Art.11\u00b0, \u00a7 \u00danico.<\/p>\n<p style=\"text-align: justify;\"><strong>Art. 14\u00b0-<\/strong> O espa\u00e7o f\u00edsico constantemente compartilhado entre Unidades que dividem o mesmo medidor de energia ter\u00e1 uso acompanhado pelo NGE, que fornecer\u00e1 ao LABCEE a integraliza\u00e7\u00e3o de \u00e1rea ocupada a cada hora (m<sup>2<\/sup>.h) do semestre pelas diferentes Unidades.<\/p>\n<p style=\"text-align: justify;\"><strong>\u00a7 1\u00b0-<\/strong> Com a pot\u00eancia instalada na \u00e1rea de cada ambiente compartilhado (W\/m<sup>2<\/sup>) e a \u00e1rea ocupada a cada hora (m<sup>2<\/sup>.h), ser\u00e1 calculado o percentual de participa\u00e7\u00e3o de cada Unidade no consumo geral e, consequentemente, a distribui\u00e7\u00e3o de bonifica\u00e7\u00f5es por redu\u00e7\u00e3o de consumo.<\/p>\n<p><strong>\u00a7 2\u00b0-<\/strong> Incluem-se neste Artigo as Unidades Administrativas, as \u00e1reas administrativas e de laborat\u00f3rios de Unidades Acad\u00eamicas.<\/p>\n<p><strong>\u00a7 3\u00b0-<\/strong> Cabe ao PROBEN averiguar os dados de pot\u00eancia instalada de cada ambiente compartilhado.<\/p>\n<p>&nbsp;<\/p>\n<h4 style=\"text-align: center;\">CAP\u00cdTULO V<\/h4>\n<p style=\"text-align: center;\"><span style=\"text-decoration: underline;\">Da \u00a0Gest\u00e3o da Efici\u00eancia Energ\u00e9tica nas Unidades<\/span><\/p>\n<p style=\"text-align: justify;\"><strong>Art. 15\u00b0-<\/strong> Todas as Unidades, independente se Acad\u00eamicas, Administrativas ou \u00d3rg\u00e3os Suplementares, ser\u00e3o estimuladas a participar do Proben Educa\u00e7\u00e3o.<\/p>\n<p style=\"text-align: justify;\"><strong>Art. 16\u00b0-<\/strong> Cada Unidade participante do Proben Educa\u00e7\u00e3o dever\u00e1 ter um Gestor de Efici\u00eancia Energ\u00e9tica (Titular e Suplente) designado pelo Diretor, ou equivalente.<\/p>\n<p style=\"text-align: justify;\"><strong>Art. 17\u00b0-<\/strong> Podem ocupar a posi\u00e7\u00e3o de Gestores, docentes e t\u00e9cnicos administrativos, escolhidos a crit\u00e9rio do Diretor ou equivalente, sendo preferencial algu\u00e9m com lideran\u00e7a e afinidade ou interesse pela Efici\u00eancia Energ\u00e9tica.<\/p>\n<p><strong>Art. 18\u00b0-<\/strong> S\u00e3o atribui\u00e7\u00f5es do Gestor de Efici\u00eancia Energ\u00e9tica (Titular e Suplente):<\/p>\n<p><strong>I-\u00a0<\/strong>Acompanhar os resultados do Proben Educa\u00e7\u00e3o no que se refere ao consumo de energia de sua Unidade.<\/p>\n<p><strong>II-\u00a0<\/strong>Colaborar com as a\u00e7\u00f5es do Proben no \u00e2mbito da sua Unidade.<\/p>\n<p><strong>III-<\/strong>Informar ao Proben sobre poss\u00edveis causas de altera\u00e7\u00e3o significativa de consumo de energia.<\/p>\n<p><strong>IV-\u00a0<\/strong>Assessorar o Diretor da Unidade, ou equivalente, no que se refere ao uso racional de energia.<\/p>\n<p><strong>V-<\/strong>Promover e incentivar o uso racional de \u00e1gua e energia no \u00e2mbito de sua Unidade.<\/p>\n<p>&nbsp;<\/p>\n<h4 style=\"text-align: center;\">CAP\u00cdTULO VI<\/h4>\n<p style=\"text-align: center;\"><span style=\"text-decoration: underline;\">Das Premia\u00e7\u00f5es<\/span><\/p>\n<p style=\"text-align: justify;\"><strong>Art. 19\u00b0-<\/strong> Al\u00e9m da participa\u00e7\u00e3o financeira, as Unidades\/Pontos de Consumo que anualmente se destacarem na redu\u00e7\u00e3o de consumo de energia receber\u00e3o como pr\u00eamio um percentual de participa\u00e7\u00e3o no total dos recursos economizados pela UFPel, descontados os valores transferidos atrav\u00e9s da participa\u00e7\u00e3o financeira da economia, conforme Cap\u00edtulo III.<\/p>\n<p><strong>\u00a7 1\u00b0-<\/strong> Ser\u00e3o utilizados, para efeito de c\u00e1lculo dos valores, at\u00e9 duas casas decimais.<\/p>\n<p><strong>\u00a7 2\u00b0-<\/strong> Para efeito de desempate, ser\u00e3o consideradas quantas casas decimais forem necess\u00e1rias.<\/p>\n<p><strong>Art. 20\u00b0-<\/strong> A premia\u00e7\u00e3o ser\u00e1 dada \u00e0s unidades com os maiores percentuais de redu\u00e7\u00e3o de consumo de energia el\u00e9trica.<\/p>\n<p><strong>Art. 21\u00b0-<\/strong> Os maiores percentuais de redu\u00e7\u00e3o de consumo de energia el\u00e9trica ser\u00e3o identificados conforme preconizado no Art. 5\u00b0.<\/p>\n<p style=\"text-align: justify;\"><strong>\u00a7 1\u00b0-<\/strong> Anualmente as cinco (05) Unidades\/Pontos de Consumo que mais reduzirem o consumo de energia, com rela\u00e7\u00e3o ao ano de 2013, ter\u00e3o direito a ratear 15% do montante (l\u00edquido) dos recursos anualmente economizados pela UFPel, descontados os valores transferidos via participa\u00e7\u00e3o atrav\u00e9s da participa\u00e7\u00e3o financeira da economia, conforme Cap\u00edtulo III.<\/p>\n<p><strong>\u00a7 2\u00b0-<\/strong> O rateio do pr\u00eamio de 15% se dar\u00e1 conforme a tabela de classifica\u00e7\u00e3o abaixo:<\/p>\n<p>&nbsp;<\/p>\n<p style=\"text-align: center;\"><strong>Tabela de premia\u00e7\u00e3o<\/strong><\/p>\n<p><img loading=\"lazy\" decoding=\"async\" class=\"aligncenter size-full wp-image-14835\" src=\"https:\/\/wp.ufpel.edu.br\/proben\/files\/2019\/10\/tabela-premia\u00e7\u00e3o.png\" alt=\"\" width=\"327\" height=\"214\" \/><\/p>\n<h4 style=\"text-align: center;\">CAP\u00cdTULO VII<\/h4>\n<p style=\"text-align: center;\"><span style=\"text-decoration: underline;\">Das Disposi\u00e7\u00f5es Gerais e Transit\u00f3rias<\/span><\/p>\n<p><strong>Art. 22\u00b0-<\/strong> Este regulamento entrar\u00e1 em vigor a partir da data de sua homologa\u00e7\u00e3o.<\/p>\n<p><strong>Art. 23\u00b0-<\/strong> Os casos omissos ser\u00e3o resolvidos pela Comiss\u00e3o de Uso Racional de Energia (CURE).<\/p>\n","protected":false},"excerpt":{"rendered":"<p>UNIVERSIDADE FEDERAL DE PELOTAS PROGRAMA DE BOM USO ENERG\u00c9TICO (PROBEN) \u00a0PROBEN EDUCA\u00c7\u00c3O REGULAMENTO &nbsp; CAP\u00cdTULO I Da Conceitua\u00e7\u00e3o e dos Objetivos Art. 1\u00b0- O PROBEN- Programa de Bom Uso Energ\u00e9tico \u00e9 um programa institucional da Universidade Federal de Pelotas subordinado diretamente ao Gabinete do Reitor, atrav\u00e9s de Comiss\u00e3o de Uso Racional de Energia (CURE), tendo&#8230; <\/p>\n<div class=\"link-more\"><a href=\"https:\/\/wp.ufpel.edu.br\/proben\/proben-educacao\/regulamento-proben\/\">Leia mais<\/a><\/div>\n","protected":false},"author":303,"featured_media":0,"parent":3491,"menu_order":2,"comment_status":"closed","ping_status":"closed","template":"","meta":{"footnotes":""},"class_list":["post-3404","page","type-page","status-publish","hentry"],"jetpack_sharing_enabled":true,"_links":{"self":[{"href":"https:\/\/wp.ufpel.edu.br\/proben\/wp-json\/wp\/v2\/pages\/3404","targetHints":{"allow":["GET"]}}],"collection":[{"href":"https:\/\/wp.ufpel.edu.br\/proben\/wp-json\/wp\/v2\/pages"}],"about":[{"href":"https:\/\/wp.ufpel.edu.br\/proben\/wp-json\/wp\/v2\/types\/page"}],"author":[{"embeddable":true,"href":"https:\/\/wp.ufpel.edu.br\/proben\/wp-json\/wp\/v2\/users\/303"}],"replies":[{"embeddable":true,"href":"https:\/\/wp.ufpel.edu.br\/proben\/wp-json\/wp\/v2\/comments?post=3404"}],"version-history":[{"count":22,"href":"https:\/\/wp.ufpel.edu.br\/proben\/wp-json\/wp\/v2\/pages\/3404\/revisions"}],"predecessor-version":[{"id":19166,"href":"https:\/\/wp.ufpel.edu.br\/proben\/wp-json\/wp\/v2\/pages\/3404\/revisions\/19166"}],"up":[{"embeddable":true,"href":"https:\/\/wp.ufpel.edu.br\/proben\/wp-json\/wp\/v2\/pages\/3491"}],"wp:attachment":[{"href":"https:\/\/wp.ufpel.edu.br\/proben\/wp-json\/wp\/v2\/media?parent=3404"}],"curies":[{"name":"wp","href":"https:\/\/api.w.org\/{rel}","templated":true}]}}