{"id":286,"date":"2013-09-05T17:38:11","date_gmt":"2013-09-05T20:38:11","guid":{"rendered":"https:\/\/wp.ufpel.edu.br\/proben\/?page_id=286"},"modified":"2022-07-18T15:17:29","modified_gmt":"2022-07-18T18:17:29","slug":"acoes-4","status":"publish","type":"page","link":"https:\/\/wp.ufpel.edu.br\/proben\/acoes-e-resultados\/acoes-4\/","title":{"rendered":"A\u00e7\u00f5es do Programa"},"content":{"rendered":"<h3><b>\u00a0<\/b><\/h3>\n<p>1. Organiza\u00e7\u00e3o das informa\u00e7\u00f5es dispon\u00edveis e caracteriza\u00e7\u00e3o do perfil de consumo de energia el\u00e9trica da UFPel:<\/p>\n<p>&nbsp;<\/p>\n<ul>\n<li>Avalia\u00e7\u00e3o de constantes das contas (121 pontos de consumo)<\/li>\n<li><span style=\"font-weight: 400;\">Permite analisar o consumo, fator de pot\u00eancia e demanda das instala\u00e7\u00f5es<\/span><\/li>\n<li>Permite analisar a efici\u00eancia das interven\u00e7\u00f5es<\/li>\n<\/ul>\n<p>&nbsp;<\/p>\n<p>2. Implanta\u00e7\u00e3o de um programa de conscientiza\u00e7\u00e3o e orienta\u00e7\u00e3o da comunidade universit\u00e1ria &#8211; PROBEN:<\/p>\n<p>&nbsp;<\/p>\n<ul>\n<li>Bolsistas remunerados<\/li>\n<li>Premia\u00e7\u00e3o para as unidades que, percentualmente, mais economizem, buscando motivar toda a institui\u00e7\u00e3o<\/li>\n<\/ul>\n<p>&nbsp;<\/p>\n<p>3. Revis\u00e3o dos contratos de energia (demanda e estrutura tarif\u00e1ria) de m\u00e9dia (Grupo A) e baixa (Grupo B) tens\u00e3o:<\/p>\n<p>&nbsp;<\/p>\n<ul>\n<li>An\u00e1lise m\u00ednima de 12 meses<\/li>\n<li>Grupo A \u2013 mais barata \u2013 contrato de demanda\/paga excesso \u2013 op\u00e7\u00e3o de Tarifa<\/li>\n<li>Grupo B \u2013 mais cara \u2013 paga somente o que consome<\/li>\n<li><span style=\"font-weight: 400;\">Set\/2006 a\u00a0 Abril\/2022 economia de R$ <\/span><b>3.410.861,84<\/b><span style=\"font-weight: 400;\">.<\/span><\/li>\n<\/ul>\n<p><span style=\"font-weight: 400;\">4. Altera\u00e7\u00e3o da modalidade tarif\u00e1ria:\u00a0<\/span><\/p>\n<ul>\n<li style=\"font-weight: 400;\" aria-level=\"1\"><span style=\"font-weight: 400;\">\u00d3rg\u00e3o P\u00fablico para Rural<\/span><\/li>\n<li style=\"font-weight: 400;\" aria-level=\"1\"><span style=\"font-weight: 400;\">Jan\/2014 \u00e0 Abril\/2022 economia de <\/span><b>R$ 6.225.677,08.<img loading=\"lazy\" decoding=\"async\" class=\"aligncenter size-full wp-image-18971\" src=\"https:\/\/wp.ufpel.edu.br\/proben\/files\/2022\/05\/Captura-de-tela-2022-05-16-102932.png\" alt=\"\" width=\"487\" height=\"298\" srcset=\"https:\/\/wp.ufpel.edu.br\/proben\/files\/2022\/05\/Captura-de-tela-2022-05-16-102932.png 487w, https:\/\/wp.ufpel.edu.br\/proben\/files\/2022\/05\/Captura-de-tela-2022-05-16-102932-400x245.png 400w\" sizes=\"auto, (max-width: 487px) 100vw, 487px\" \/><\/b><\/li>\n<\/ul>\n<p>5. Corre\u00e7\u00e3o do fator de pot\u00eancia, eliminado desperd\u00edcios com componentes reativas de pot\u00eancia:<\/p>\n<ul>\n<li>Taxa quando o fator de pot\u00eancia menor do que 0,92<\/li>\n<li>Dimensionamento e instala\u00e7\u00e3o de banco de capacitores<\/li>\n<li>Investimento de R$ 5.147,90 (material e m\u00e3o-de-obra)<\/li>\n<li><span style=\"font-weight: 400;\">Setembro\/2006 a Abril\/2022 economia de <\/span><b>R$ 521.052,24.<\/b><span style=\"font-weight: 400;\">\u00a0<\/span><\/li>\n<\/ul>\n<p>7.<span style=\"font-weight: 400;\">\u00a0Desenvolvimento de softwares:<\/span><\/p>\n<p><span style=\"font-weight: 400;\">\u00a0 \u00a0 \u00a0 \u00a0a.Simulador de Contratos de Energia (SiCE)<img loading=\"lazy\" decoding=\"async\" class=\"aligncenter wp-image-18972\" src=\"https:\/\/wp.ufpel.edu.br\/proben\/files\/2022\/05\/sice.png\" alt=\"\" width=\"276\" height=\"152\" srcset=\"https:\/\/wp.ufpel.edu.br\/proben\/files\/2022\/05\/sice.png 559w, https:\/\/wp.ufpel.edu.br\/proben\/files\/2022\/05\/sice-400x220.png 400w\" sizes=\"auto, (max-width: 276px) 100vw, 276px\" \/><\/span><\/p>\n<ul>\n<li style=\"font-weight: 400;\" aria-level=\"1\"><span style=\"font-weight: 400;\">Manter e gerenciar os hist\u00f3ricos de consumos e demandas para instala\u00e7\u00f5es de M\u00e9dia Tens\u00e3o;<\/span><\/li>\n<li style=\"font-weight: 400;\" aria-level=\"1\"><span style=\"font-weight: 400;\">Analisar os comportamentos energ\u00e9ticos e verificar quais s\u00e3o os melhores enquadramentos tarif\u00e1rios para cada instala\u00e7\u00e3o;<\/span><\/li>\n<li style=\"font-weight: 400;\" aria-level=\"1\"><span style=\"font-weight: 400;\">Possibilitar an\u00e1lises de custos a partir do hist\u00f3rico anual da instala\u00e7\u00e3o permitindo a utiliza\u00e7\u00e3o de novos valores ou estimativas para o rec\u00e1lculo dos custos por tarifa.<\/span><\/li>\n<\/ul>\n<p><span style=\"font-weight: 400;\">\u00a0 \u00a0 \u00a0 \u00a0b.Sistema de An\u00e1lise de Demanda (SiAD):\u00a0<\/span><\/p>\n<ul>\n<li style=\"font-weight: 400;\" aria-level=\"1\"><span style=\"font-weight: 400;\">Trata-se de um software que analisa arquivos denominados \u201cmem\u00f3ria de massa\u201d e arquivos exportados de um analisador de energia. A mem\u00f3ria de massa \u00e9 um arquivo que cont\u00e9m o hist\u00f3rico de faturamento de energia el\u00e9trica de uma determinada instala\u00e7\u00e3o durante aproximadamente um m\u00eas com o intervalo de 15 em 15 minutos no dia, fornecido pela concession\u00e1ria de energia el\u00e9trica.<img loading=\"lazy\" decoding=\"async\" class=\"aligncenter size-full wp-image-18974\" src=\"https:\/\/wp.ufpel.edu.br\/proben\/files\/2022\/05\/MemoriadeMassa.png\" alt=\"\" width=\"458\" height=\"273\" srcset=\"https:\/\/wp.ufpel.edu.br\/proben\/files\/2022\/05\/MemoriadeMassa.png 458w, https:\/\/wp.ufpel.edu.br\/proben\/files\/2022\/05\/MemoriadeMassa-400x238.png 400w\" sizes=\"auto, (max-width: 458px) 100vw, 458px\" \/><\/span><\/li>\n<\/ul>\n<p><img loading=\"lazy\" decoding=\"async\" class=\"aligncenter size-full wp-image-18973\" src=\"https:\/\/wp.ufpel.edu.br\/proben\/files\/2022\/05\/Analisador-de-demanda.png\" alt=\"\" width=\"652\" height=\"296\" srcset=\"https:\/\/wp.ufpel.edu.br\/proben\/files\/2022\/05\/Analisador-de-demanda.png 652w, https:\/\/wp.ufpel.edu.br\/proben\/files\/2022\/05\/Analisador-de-demanda-400x182.png 400w\" sizes=\"auto, (max-width: 652px) 100vw, 652px\" \/><\/p>\n<ul>\n<li style=\"font-weight: 400;\" aria-level=\"1\"><span style=\"font-weight: 400;\">O Analisador de Energia permite realizar medi\u00e7\u00f5es pontuais na instala\u00e7\u00e3o el\u00e9trica da unidade consumidora, de modo que o usu\u00e1rio possa analisar as demandas de energia el\u00e9trica, ativa e reativa de sua instala\u00e7\u00e3o.<\/span><img loading=\"lazy\" decoding=\"async\" class=\"aligncenter size-full wp-image-18986\" src=\"https:\/\/wp.ufpel.edu.br\/proben\/files\/2022\/05\/analisador-de-demanda2.png\" alt=\"\" width=\"460\" height=\"466\" srcset=\"https:\/\/wp.ufpel.edu.br\/proben\/files\/2022\/05\/analisador-de-demanda2.png 460w, https:\/\/wp.ufpel.edu.br\/proben\/files\/2022\/05\/analisador-de-demanda2-395x400.png 395w\" sizes=\"auto, (max-width: 460px) 100vw, 460px\" \/><\/li>\n<li aria-level=\"1\"><span style=\"font-weight: 400;\">Contando com \u00a0gr\u00e1ficos de demandas m\u00e9dias por dia da semana e os intervalos de ocorr\u00eancia de m\u00e1ximo consumo de energia ativa e reativa, \u00e9 poss\u00edvel verificar o comportamento da unidade consumidora e realizar uma gest\u00e3o adequada, bem como simula\u00e7\u00f5es para corre\u00e7\u00e3o de fator de pot\u00eancia e mudan\u00e7as de modalidades tarif\u00e1rias.<\/span><\/li>\n<\/ul>\n<p><img loading=\"lazy\" decoding=\"async\" class=\"aligncenter size-full wp-image-18987\" src=\"https:\/\/wp.ufpel.edu.br\/proben\/files\/2022\/05\/siad.png\" alt=\"\" width=\"663\" height=\"353\" srcset=\"https:\/\/wp.ufpel.edu.br\/proben\/files\/2022\/05\/siad.png 663w, https:\/\/wp.ufpel.edu.br\/proben\/files\/2022\/05\/siad-400x213.png 400w\" sizes=\"auto, (max-width: 663px) 100vw, 663px\" \/><\/p>\n<ul>\n<li><span style=\"font-weight: 400;\">O SiAD prov\u00e9m uma quantidade interessante de informa\u00e7\u00f5es que s\u00e3o indispens\u00e1veis, por exemplo, para o c\u00e1lculo de bancos de capacitores para a compensa\u00e7\u00e3o de energia reativa e para a tomada de decis\u00e3o sobre o tipo de modalidade tarif\u00e1ria a ser contratada.\u00a0<\/span><\/li>\n<\/ul>\n<p>7. Eficientiza\u00e7\u00e3o do sistema do de ilumina\u00e7\u00e3o:<\/p>\n<ul>\n<li>Retrofit no CCS II<\/li>\n<li>Economia de R$ 13.200,00\/ano<\/li>\n<li>Projeto executado em maio\/08<\/li>\n<li>Recursos de ordem de R$ 80.000,00, n\u00e3o s\u00e3o reembols\u00e1veis, obtidos junto a CEEE<\/li>\n<\/ul>\n<p><span style=\"font-weight: 400;\">8. Implanta\u00e7\u00e3o de projetos contemplando o uso de fontes alternativas de energia<\/span><\/p>\n<ul>\n<li style=\"font-weight: 400;\" aria-level=\"1\"><span style=\"font-weight: 400;\">Aprova\u00e7\u00e3o de projeto de retrofit do sistema de ilumina\u00e7\u00e3o e gera\u00e7\u00e3o fotovoltaica junto \u00e0 concession\u00e1ria de energia (PEE CEEE-D 001\/2018)<\/span><\/li>\n<\/ul>\n<p><span style=\"font-weight: 400;\"><img loading=\"lazy\" decoding=\"async\" class=\"wp-image-18988 alignleft\" src=\"https:\/\/wp.ufpel.edu.br\/proben\/files\/2022\/05\/energiafotovoltaica-faurb.png\" alt=\"\" width=\"240\" height=\"202\" \/> <img loading=\"lazy\" decoding=\"async\" class=\"size-full wp-image-18989 alignleft\" src=\"https:\/\/wp.ufpel.edu.br\/proben\/files\/2022\/05\/investimento-total.png\" alt=\"\" width=\"275\" height=\"141\" \/><\/span><\/p>\n<p>&nbsp;<\/p>\n<p>&nbsp;<\/p>\n<p>&nbsp;<\/p>\n<p>&nbsp;<\/p>\n<p>&nbsp;<\/p>\n<p>&nbsp;<\/p>\n<p><span style=\"font-weight: 400;\">Aprova\u00e7\u00e3o de projeto (R$ 265 mil) no Or\u00e7amento Participativo da UFPel 2020 para instala\u00e7\u00e3o de gera\u00e7\u00e3o fotovoltaica no CEHUS.\u00a0<\/span><\/p>\n<p>&nbsp;<\/p>\n<p><span style=\"font-weight: 400;\">9.Refinamento das estrat\u00e9gias: sensores de presen\u00e7a e ilumin\u00e2ncia<\/span><\/p>\n<ul>\n<li style=\"font-weight: 400;\" aria-level=\"1\"><span style=\"font-weight: 400;\">Aprova\u00e7\u00e3o de projeto (R$ 10 mil) no Or\u00e7amento Participativo UFPEL\u00a0 para implanta\u00e7\u00e3o de sensores de presen\u00e7a e ilumin\u00e2ncia nas circula\u00e7\u00f5es do Campus Anglo.<\/span><\/li>\n<li aria-level=\"1\"><\/li>\n<\/ul>\n<p>10. Eficientiza\u00e7\u00e3o do sistema de condicionamento de ar:<\/p>\n<ul>\n<li>Orienta\u00e7\u00e3o para aquisi\u00e7\u00e3o de novos equipamentos (Selo Procel)<\/li>\n<li>C\u00e1lculo de carga t\u00e9rmica dos ambientes para aquisi\u00e7\u00e3o do condicionador adequado<\/li>\n<\/ul>\n<p>&nbsp;<\/p>\n<p>11. Orienta\u00e7\u00e3o na elabora\u00e7\u00e3o de novos projetos arquitet\u00f4nicos e reformas:<\/p>\n<ul>\n<li>Cursos de Consultores em Efici\u00eancia Energ\u00e9tica (RTQ-C e RTQ-R), com chancela da ELETROBR\u00c1S<\/li>\n<li>Curso Simula\u00e7\u00e3o Energ\u00e9tica de Edifica\u00e7\u00f5es: Introdu\u00e7\u00e3o ao Energy Plus + E2AC<\/li>\n<li>Capacita\u00e7\u00e3o dos alunos de gradua\u00e7\u00e3o no E2-Ilumina\u00e7\u00e3o<\/li>\n<li>Aquisi\u00e7\u00e3o da interface DesignBuilder para o Energy Plus<\/li>\n<li>Elabora\u00e7\u00e3o de diretrizes para aquisi\u00e7\u00e3o de motores e equipamentos de ilumina\u00e7\u00e3o e climatiza\u00e7\u00e3o<\/li>\n<\/ul>\n<p><b>O que est\u00e1 em desenvolvimento:<\/b><\/p>\n<p><span style=\"font-weight: 400;\"><strong>\u00a0 \u00a0 \u00a0 \u00a0 \u00a01.Campus Anglo<\/strong>\u00a0<\/span><\/p>\n<p><span style=\"font-weight: 400;\">Instala\u00e7\u00e3o de sensores de presen\u00e7a nos corredores e banheiros.<\/span><\/p>\n<p><strong>\u00a0 \u00a0 \u00a0 \u00a0 \u00a02. CEHUS \u2013 Biblioteca<\/strong><\/p>\n<p><span style=\"font-weight: 400;\">Instala\u00e7\u00e3o de interruptores individualizados nas salas de estudo da Biblioteca;<\/span><\/p>\n<p><span style=\"font-weight: 400;\">Instala\u00e7\u00e3o de sensores de presen\u00e7a nos corredores do acervo da Biblioteca;<\/span><\/p>\n<p><span style=\"font-weight: 400;\">Instala\u00e7\u00e3o de sensores de presen\u00e7a nos corredores da p\u00f3s-gradua\u00e7\u00e3o.<\/span><\/p>\n<p><strong>\u00a0 \u00a0 \u00a0 \u00a0 \u00a03. Faculdade de Direito<\/strong><\/p>\n<p><span style=\"font-weight: 400;\">Projeto para eficientiza\u00e7\u00e3o do sistema de ilumina\u00e7\u00e3o e dos condicionadores de ar.<\/span><\/p>\n<p><strong>\u00a0 \u00a0 \u00a0 \u00a0 \u00a04. Adesivos<\/strong><\/p>\n<p>O Proben est\u00e1 fazendo um programa de coloca\u00e7\u00e3o de adesivos nos equipamento que s\u00e3o adquiridos\u00a0 atrav\u00e9s dos cr\u00e9ditos e pr\u00eamios de economia de energia do Proben Educa\u00e7\u00e3o. No ano de 2018 a premia\u00e7\u00e3o teve em primeiro lugar a unidade do curso de hotelaria -Grande Hotel, com 60,6% de economia de energia, segundo lugar com a Faculdade de Arquitetura e Urbanismo e o Centro de Artes &#8211; Bloco 1 com 20,2% e em terceiro ALM- Eclusa do Canal S\u00e3o Gon\u00e7alo com 17,7% de economia.<\/p>\n<p>A coloca\u00e7\u00e3o desses adesivos \u00e9 uma estrat\u00e9gia de marketing importante para que a comunidade identifique e reconhe\u00e7a os benef\u00edcios que reduzir e utilizar a energia de forma consciente pode trazer para o bem de todos, al\u00e9m de economizar energia, ajudando o meio ambiente, tamb\u00e9m faz com que o dinheiro que seria destinado para as contas de energia possa ser utilizado em investimentos para as unidades de consumo. O objetivo \u00e9 criar um sentimento de pertencimento entre todos da universidade, buscando mudan\u00e7as de h\u00e1bitos em rela\u00e7\u00e3o ao uso de energia para gerar um consumo consciente difundindo o conhecimento.<img loading=\"lazy\" decoding=\"async\" class=\"aligncenter size-full wp-image-19626\" src=\"https:\/\/wp.ufpel.edu.br\/proben\/files\/2022\/07\/adesivos.png\" alt=\"\" width=\"1293\" height=\"434\" srcset=\"https:\/\/wp.ufpel.edu.br\/proben\/files\/2022\/07\/adesivos.png 1293w, https:\/\/wp.ufpel.edu.br\/proben\/files\/2022\/07\/adesivos-400x134.png 400w, https:\/\/wp.ufpel.edu.br\/proben\/files\/2022\/07\/adesivos-1024x344.png 1024w, https:\/\/wp.ufpel.edu.br\/proben\/files\/2022\/07\/adesivos-768x258.png 768w\" sizes=\"auto, (max-width: 1293px) 100vw, 1293px\" \/><\/p>\n<p style=\"text-align: center;\">Ilustra\u00e7\u00e3o dos adesivos<\/p>\n<p>&nbsp;<\/p>\n<p><b>O que ser\u00e1 feito:<\/b><\/p>\n<ol>\n<li><span style=\"font-weight: 400;\"> Diagn\u00f3stico de funcionamento de motores el\u00e9tricos<\/span><\/li>\n<li><span style=\"font-weight: 400;\"> Refinamento das estrat\u00e9gias: sensores de presen\u00e7a e ilumin\u00e2ncia; pinturas; m\u00e1ximo aproveitamento de ilumina\u00e7\u00e3o natural (altera\u00e7\u00e3o de <\/span><i><span style=\"font-weight: 400;\">layout<\/span><\/i><span style=\"font-weight: 400;\">, projeto, reforma); utiliza\u00e7\u00e3o de sistemas de controle e automa\u00e7\u00e3o; revis\u00e3o dos sistemas de abastecimento de \u00e1gua; substitui\u00e7\u00e3o de equipamentos; etc.<\/span><\/li>\n<li><span style=\"font-weight: 400;\"> Busca permanente de recursos e financiamentos para eficientiza\u00e7\u00e3o.<\/span><\/li>\n<\/ol>\n","protected":false},"excerpt":{"rendered":"<p>\u00a0 1. Organiza\u00e7\u00e3o das informa\u00e7\u00f5es dispon\u00edveis e caracteriza\u00e7\u00e3o do perfil de consumo de energia el\u00e9trica da UFPel: &nbsp; Avalia\u00e7\u00e3o de constantes das contas (121 pontos de consumo) Permite analisar o consumo, fator de pot\u00eancia e demanda das instala\u00e7\u00f5es Permite analisar a efici\u00eancia das interven\u00e7\u00f5es &nbsp; 2. Implanta\u00e7\u00e3o de um programa de conscientiza\u00e7\u00e3o e orienta\u00e7\u00e3o da&#8230; <\/p>\n<div class=\"link-more\"><a href=\"https:\/\/wp.ufpel.edu.br\/proben\/acoes-e-resultados\/acoes-4\/\">Leia mais<\/a><\/div>\n","protected":false},"author":303,"featured_media":0,"parent":3682,"menu_order":0,"comment_status":"closed","ping_status":"closed","template":"","meta":{"footnotes":""},"class_list":["post-286","page","type-page","status-publish","hentry"],"jetpack_sharing_enabled":true,"_links":{"self":[{"href":"https:\/\/wp.ufpel.edu.br\/proben\/wp-json\/wp\/v2\/pages\/286","targetHints":{"allow":["GET"]}}],"collection":[{"href":"https:\/\/wp.ufpel.edu.br\/proben\/wp-json\/wp\/v2\/pages"}],"about":[{"href":"https:\/\/wp.ufpel.edu.br\/proben\/wp-json\/wp\/v2\/types\/page"}],"author":[{"embeddable":true,"href":"https:\/\/wp.ufpel.edu.br\/proben\/wp-json\/wp\/v2\/users\/303"}],"replies":[{"embeddable":true,"href":"https:\/\/wp.ufpel.edu.br\/proben\/wp-json\/wp\/v2\/comments?post=286"}],"version-history":[{"count":58,"href":"https:\/\/wp.ufpel.edu.br\/proben\/wp-json\/wp\/v2\/pages\/286\/revisions"}],"predecessor-version":[{"id":19627,"href":"https:\/\/wp.ufpel.edu.br\/proben\/wp-json\/wp\/v2\/pages\/286\/revisions\/19627"}],"up":[{"embeddable":true,"href":"https:\/\/wp.ufpel.edu.br\/proben\/wp-json\/wp\/v2\/pages\/3682"}],"wp:attachment":[{"href":"https:\/\/wp.ufpel.edu.br\/proben\/wp-json\/wp\/v2\/media?parent=286"}],"curies":[{"name":"wp","href":"https:\/\/api.w.org\/{rel}","templated":true}]}}